{"id":10548,"date":"2022-08-07T17:13:50","date_gmt":"2022-08-07T15:13:50","guid":{"rendered":"https:\/\/www.libellud.com\/?page_id=10548"},"modified":"2022-08-18T17:59:45","modified_gmt":"2022-08-18T15:59:45","slug":"dixit-puzzles","status":"publish","type":"page","link":"https:\/\/www.libellud.com\/en\/dixit-puzzles\/","title":{"rendered":"Puzzles Dixit"},"content":{"rendered":"\n\n\tA picture is worth a thousand&#8230;pieces!<br \/>\n\n\t<p>Discover Dixit illustrations in a whole new form, thanks to our<strong> jigsaw puzzle collection<\/strong>!<\/p>\n<p>Since 2008, more than <strong>1000 <em>Dixit Cards<\/em><\/strong> were created, with the author Jean-Louis Roubira and 12 exceptional artists for illustrations.<\/p>\n<p>To honor this legacy and for all the<em> Dixit<\/em> Lovers, we created a range of <strong>jigsaw puzzles of 500 pieces and 1000 pieces.\u00a0<\/strong><\/p>\n<p>Enjoy a <strong>moment of relaxation<\/strong> thanks to Marie Cardouat and Marina Coudray artworks, while completing your collection of <strong><em>Dixit<\/em> cards<\/strong> with <strong>exclusive cards<\/strong> linked to each puzzle.<\/p>\n<p>&nbsp;<\/p>\n\t\t\t\t<img loading=\"lazy\" decoding=\"async\" src=\"https:\/\/cdn.svc.asmodee.net\/production-libellud\/uploads\/2022\/08\/1_PUZZLE_COMPLETERANGE_EN-1.jpg\" alt=\"1_PUZZLE_COMPLETERANGE_EN\" itemprop=\"image\" height=\"2000\" width=\"2000\" title=\"1_PUZZLE_COMPLETERANGE_EN\" onerror=\"this.style.display='none'\"  \/>\n\t<p>500 Pieces range<\/p>\n<p>Our beautiful <strong>500 pieces jigsaw puzzles<\/strong> use illustrations from the games <strong><em>Dixit, Dixit Que<\/em><em>st<\/em><\/strong> and<em><strong> Dixit Revelations<\/strong><\/em>, by Marie Cardouat and Marina Coudray. We carefully selected the illustrations to match the activity of the puzzle. When assembled, our Dixit <strong>500 pieces jigsaw puzzles<\/strong> will find their place in your decoration thanks to their standard dimensions, of 340 x 480 mm, allowing for easy framing.<\/p>\n\t\t\t\t<img loading=\"lazy\" decoding=\"async\" src=\"https:\/\/cdn.svc.asmodee.net\/production-libellud\/uploads\/2022\/08\/DIXIT-PUZZLE_PACKSHOT_CARDS_4_Adventure_LD-2-261x300.png\" alt=\"Boite Puzzle Dixit Adventure. Image avec dragon et montgolfiere, accompagn\u00e9 de la carte exclusive du puzzle\" itemprop=\"image\" height=\"300\" width=\"261\" title=\"DIXIT PUZZLE_PACKSHOT_CARDS_4_Adventure_LD\" onerror=\"this.style.display='none'\"  \/>\n\t\t\t<a href=\"https:\/\/cdn.svc.asmodee.net\/production-libellud\/uploads\/2022\/08\/BANQUE_IMAGE_ADVENTURE.zip\" target=\"_blank\" role=\"button\" rel=\"noopener\">\n\t\t\t\t\t\t\tImage Bank\n\t\t\t\t\t<\/a>\n\t<p>ADVENTURE<\/p>\n<p>Illustration : Marie Cardouat<\/p>\n\t\t\t\t<img loading=\"lazy\" decoding=\"async\" src=\"https:\/\/cdn.svc.asmodee.net\/production-libellud\/uploads\/2022\/08\/DIXIT-PUZZLE_PACKSHOT_CARDS_1_Detours_LD-261x300.png\" alt=\"DIXIT PUZZLE_PACKSHOT_CARDS_1_Detours_LD\" itemprop=\"image\" height=\"300\" width=\"261\" title=\"DIXIT PUZZLE_PACKSHOT_CARDS_1_Detours_LD\" onerror=\"this.style.display='none'\"  \/>\n\t\t\t<a href=\"https:\/\/cdn.svc.asmodee.net\/production-libellud\/uploads\/2022\/08\/BANQUE_IMAGE_DETOURS.zip\" target=\"_blank\" role=\"button\" rel=\"noopener\">\n\t\t\t\t\t\t\tImage Bank\n\t\t\t\t\t<\/a>\n\t<p>DETOURS<\/p>\n<p>Illustrations : Marie Cardouat<\/p>\n\t\t\t\t<img loading=\"lazy\" decoding=\"async\" src=\"https:\/\/cdn.svc.asmodee.net\/production-libellud\/uploads\/2022\/08\/DIXIT-PUZZLE_PACKSHOT_CARDS_3_Richness_LD-1-240x300.png\" alt=\"DIXIT PUZZLE_PACKSHOT_CARDS_3_Richness_LD\" itemprop=\"image\" height=\"300\" width=\"240\" title=\"DIXIT PUZZLE_PACKSHOT_CARDS_3_Richness_LD\" onerror=\"this.style.display='none'\"  \/>\n\t\t\t<a href=\"https:\/\/cdn.svc.asmodee.net\/production-libellud\/uploads\/2022\/08\/BANQUE_IMAGE_RICHNESS.zip\" target=\"_blank\" role=\"button\" rel=\"noopener\">\n\t\t\t\t\t\t\tImage Bank\n\t\t\t\t\t<\/a>\n\t<p>RICHNESS<\/p>\n<p>Illustrations : Marie Cardouat<\/p>\n\t\t\t\t<img loading=\"lazy\" decoding=\"async\" src=\"https:\/\/cdn.svc.asmodee.net\/production-libellud\/uploads\/2022\/08\/DIXIT-PUZZLE_PACKSHOT_CARDS_2_Resonance_LD-1-240x300.png\" alt=\"DIXIT PUZZLE_PACKSHOT_CARDS_2_Resonance_LD\" itemprop=\"image\" height=\"300\" width=\"240\" title=\"DIXIT PUZZLE_PACKSHOT_CARDS_2_Resonance_LD\" onerror=\"this.style.display='none'\"  \/>\n\t\t\t<a href=\"https:\/\/cdn.svc.asmodee.net\/production-libellud\/uploads\/2022\/08\/BANQUE_IMAGE_RESONANCE.zip\" target=\"_blank\" role=\"button\" rel=\"noopener\">\n\t\t\t\t\t\t\tImage Bank\n\t\t\t\t\t<\/a>\n\t<p>RESONANCE<\/p>\n<p>Illustrations : Marrie Cardouat<\/p>\n\t\t\t\t<img loading=\"lazy\" decoding=\"async\" src=\"https:\/\/cdn.svc.asmodee.net\/production-libellud\/uploads\/2022\/08\/DIXIT-PUZZLE_PACKSHOT_CARDS_5_Escape_LD-261x300.png\" alt=\"DIXIT PUZZLE_PACKSHOT_CARDS_5_Escape_LD\" itemprop=\"image\" height=\"300\" width=\"261\" title=\"DIXIT PUZZLE_PACKSHOT_CARDS_5_Escape_LD\" onerror=\"this.style.display='none'\"  \/>\n\t\t\t<a href=\"https:\/\/cdn.svc.asmodee.net\/production-libellud\/uploads\/2022\/08\/BANQUE_IMAGE_ESCAPE.zip\" target=\"_blank\" role=\"button\" rel=\"noopener\">\n\t\t\t\t\t\t\tImage Bank\n\t\t\t\t\t<\/a>\n\t<p>ESCAPE<\/p>\n<p>Illustration : Marina Coudray<\/p>\n\t\t\t\t<img loading=\"lazy\" decoding=\"async\" src=\"https:\/\/cdn.svc.asmodee.net\/production-libellud\/uploads\/2022\/08\/3a_PUZZLE_RANGE500_SIZE-1024x1024.jpg\" alt=\"3a_PUZZLE_RANGE500_SIZE\" itemprop=\"image\" height=\"768\" width=\"768\" title=\"3a_PUZZLE_RANGE500_SIZE\" onerror=\"this.style.display='none'\"  \/>\n\t\t\t\t<img loading=\"lazy\" decoding=\"async\" src=\"https:\/\/cdn.svc.asmodee.net\/production-libellud\/uploads\/2022\/08\/DIXIT-PUZZLE_PACKSHOT_CARDS_6_Family_LD-1-240x300.png\" alt=\"DIXIT PUZZLE_PACKSHOT_CARDS_6_Family_LD\" itemprop=\"image\" height=\"300\" width=\"240\" title=\"DIXIT PUZZLE_PACKSHOT_CARDS_6_Family_LD\" onerror=\"this.style.display='none'\"  \/>\n\t\t\t<a href=\"https:\/\/cdn.svc.asmodee.net\/production-libellud\/uploads\/2022\/08\/BANQUE_IMAGE_FAMILY.zip\" target=\"_blank\" role=\"button\" rel=\"noopener\">\n\t\t\t\t\t\t\tImage Bank\n\t\t\t\t\t<\/a>\n\t<p>FAMILY<\/p>\n<p>Illustrations : Marina Coudray<\/p>\n\t\t\t\t<img loading=\"lazy\" decoding=\"async\" src=\"https:\/\/cdn.svc.asmodee.net\/production-libellud\/uploads\/2022\/08\/DIXIT-PUZZLE_ALL_500_FR-LD-1024x373.png\" alt=\"DIXIT PUZZLE_ALL_500_FR-LD\" itemprop=\"image\" height=\"280\" width=\"768\" title=\"DIXIT PUZZLE_ALL_500_FR-LD\" onerror=\"this.style.display='none'\"  \/>\n\t\t\t\t\t\t\t\t\t<img loading=\"lazy\" decoding=\"async\" src=\"https:\/\/cdn.svc.asmodee.net\/production-libellud\/uploads\/2022\/08\/PUZZLE_lifestyle-P1000408-scaled.jpg\" alt=\"PUZZLE_lifestyle-P1000408\" itemprop=\"image\" height=\"2048\" width=\"1536\" title=\"PUZZLE_lifestyle-P1000408\" onerror=\"this.style.display='none'\"  \/>\n\t\t\t\t\t\t\t\t\t<img loading=\"lazy\" decoding=\"async\" src=\"https:\/\/cdn.svc.asmodee.net\/production-libellud\/uploads\/2022\/08\/PUZZLE_lifestyle-P1000347-scaled.jpg\" alt=\"PUZZLE_lifestyle-P1000347\" itemprop=\"image\" height=\"2048\" width=\"1536\" title=\"PUZZLE_lifestyle-P1000347\" onerror=\"this.style.display='none'\"  \/>\n\t\t\t\t\t\t\t\t\t<img loading=\"lazy\" decoding=\"async\" src=\"https:\/\/cdn.svc.asmodee.net\/production-libellud\/uploads\/2022\/08\/PUZZLE_lifestyle-P1000312-scaled.jpg\" alt=\"PUZZLE_lifestyle-P1000312\" itemprop=\"image\" height=\"2048\" width=\"1536\" title=\"PUZZLE_lifestyle-P1000312\" onerror=\"this.style.display='none'\"  \/>\n\t\t\t\t\t\t\t\t\t<img loading=\"lazy\" decoding=\"async\" src=\"https:\/\/cdn.svc.asmodee.net\/production-libellud\/uploads\/2022\/08\/PUZZLE_lifestyle-P1000062-scaled.jpg\" alt=\"PUZZLE_lifestyle-P1000062\" itemprop=\"image\" height=\"2048\" width=\"1536\" title=\"PUZZLE_lifestyle-P1000062\" onerror=\"this.style.display='none'\"  \/>\n\t1000 Pieces range<br \/>\n\n<p>Rise to the challenge with our <strong>jigsaw<\/strong> <strong>puzzles 1000 pieces<\/strong> for adults,with the illustrations of the games <em><strong>Dixit, Dixit Odyssey, Dixit Quest<\/strong><\/em> and <em><strong>Dixit Revelations<\/strong><\/em>, by Marie Cardouat and Marina Coudray.Once finished, our Dixit 1000 pieces jigsaw puzzles will find their place in your decoration thanks to their standard dimensions, of 480 x 680 mm, allowing for easy framing.<\/p>\n\t\t\t\t<img loading=\"lazy\" decoding=\"async\" src=\"https:\/\/cdn.svc.asmodee.net\/production-libellud\/uploads\/2022\/08\/DIXIT-PUZZLE_PACKSHOT_CARDS_7_Blue-Mishmash_LD-240x300.png\" alt=\"DIXIT PUZZLE_PACKSHOT_CARDS_7_Blue Mishmash_LD\" itemprop=\"image\" height=\"300\" width=\"240\" title=\"DIXIT PUZZLE_PACKSHOT_CARDS_7_Blue Mishmash_LD\" onerror=\"this.style.display='none'\"  \/>\n\t\t\t<a href=\"https:\/\/cdn.svc.asmodee.net\/production-libellud\/uploads\/2022\/08\/BANQUE_IMAGE_BLUE-MISHMASH.zip\" target=\"_blank\" role=\"button\" rel=\"noopener\">\n\t\t\t\t\t\t\tImage Bank\n\t\t\t\t\t<\/a>\n\tBLUE MISHMASH<br \/>\n\n<p>Illustration : Marie Cardouat<\/p>\n\t\t\t\t<img loading=\"lazy\" decoding=\"async\" src=\"https:\/\/cdn.svc.asmodee.net\/production-libellud\/uploads\/2022\/08\/DIXIT-PUZZLE_PACKSHOT_CARDS_8_Red-Mishmash_LD-240x300.png\" alt=\"DIXIT PUZZLE_PACKSHOT_CARDS_8_Red Mishmash_LD\" itemprop=\"image\" height=\"300\" width=\"240\" title=\"DIXIT PUZZLE_PACKSHOT_CARDS_8_Red Mishmash_LD\" onerror=\"this.style.display='none'\"  \/>\n\t\t\t<a href=\"https:\/\/cdn.svc.asmodee.net\/production-libellud\/uploads\/2022\/08\/BANQUE_IMAGE_ED-MISHMASH.zip\" target=\"_blank\" role=\"button\" rel=\"noopener\">\n\t\t\t\t\t\t\tImage Bank\n\t\t\t\t\t<\/a>\n\t<p>RED MISHMASH<\/p>\n<p>Illustrations : Marie Cardouat<\/p>\n\t\t\t\t<img loading=\"lazy\" decoding=\"async\" src=\"https:\/\/cdn.svc.asmodee.net\/production-libellud\/uploads\/2022\/08\/DIXIT-PUZZLE_PACKSHOT_CARDS_9_Mermaid_LD-240x300.png\" alt=\"DIXIT PUZZLE_PACKSHOT_CARDS_9_Mermaid_LD\" itemprop=\"image\" height=\"300\" width=\"240\" title=\"DIXIT PUZZLE_PACKSHOT_CARDS_9_Mermaid_LD\" onerror=\"this.style.display='none'\"  \/>\n\t\t\t<a href=\"https:\/\/cdn.svc.asmodee.net\/production-libellud\/uploads\/2022\/08\/BANQUE_IMAGE_MERMAID-IN-LOVE.zip\" target=\"_blank\" role=\"button\" rel=\"noopener\">\n\t\t\t\t\t\t\tImage Bank\n\t\t\t\t\t<\/a>\n\tMERMAID IN LOVE<br \/>\n\n<p>Illustrations : Marina Coudray<\/p>\n\t\t\t\t<img loading=\"lazy\" decoding=\"async\" src=\"https:\/\/cdn.svc.asmodee.net\/production-libellud\/uploads\/2022\/08\/DIXIT-PUZZLE_PACKSHOT_CARDS_10_Point-of-view_LD-240x300.png\" alt=\"DIXIT PUZZLE_PACKSHOT_CARDS_10_Point of view_LD\" itemprop=\"image\" height=\"300\" width=\"240\" title=\"DIXIT PUZZLE_PACKSHOT_CARDS_10_Point of view_LD\" onerror=\"this.style.display='none'\"  \/>\n\t\t\t<a href=\"https:\/\/cdn.svc.asmodee.net\/production-libellud\/uploads\/2022\/08\/BANQUE_IMAGE_POINT-OF-VIEW.zip\" target=\"_blank\" role=\"button\" rel=\"noopener\">\n\t\t\t\t\t\t\tImage Bank\n\t\t\t\t\t<\/a>\n\tPOINT OF VIEW<br \/>\n\n<p>Illustration : Marina Coudray<\/p>\n\t\t\t\t<img loading=\"lazy\" decoding=\"async\" src=\"https:\/\/cdn.svc.asmodee.net\/production-libellud\/uploads\/2022\/08\/DIXIT-PUZZLE_PACKSHOT_CARDS_13_Telekinesis_LD-240x300.png\" alt=\"DIXIT PUZZLE_PACKSHOT_CARDS_13_Telekinesis_LD\" itemprop=\"image\" height=\"300\" width=\"240\" title=\"DIXIT PUZZLE_PACKSHOT_CARDS_13_Telekinesis_LD\" onerror=\"this.style.display='none'\"  \/>\n\t\t\t<a href=\"https:\/\/cdn.svc.asmodee.net\/production-libellud\/uploads\/2022\/08\/BANQUE_IMAGE_TELEKINESIS.zip\" target=\"_blank\" role=\"button\" rel=\"noopener\">\n\t\t\t\t\t\t\tImage Bank\n\t\t\t\t\t<\/a>\n\tTELEKINESIS<br \/>\n\n<p>Illustrations : Marina Coudray<\/p>\n\t\t\t\t<img loading=\"lazy\" decoding=\"async\" src=\"https:\/\/cdn.svc.asmodee.net\/production-libellud\/uploads\/2022\/08\/DIXIT-PUZZLE_PACKSHOT_CARDS_11_Deliveries_LD-240x300.png\" alt=\"DIXIT PUZZLE_PACKSHOT_CARDS_11_Deliveries_LD\" itemprop=\"image\" height=\"300\" width=\"240\" title=\"DIXIT PUZZLE_PACKSHOT_CARDS_11_Deliveries_LD\" onerror=\"this.style.display='none'\"  \/>\n\t\t\t<a href=\"https:\/\/cdn.svc.asmodee.net\/production-libellud\/uploads\/2022\/08\/BANQUE_IMAGE_DELIVERIES.zip\" target=\"_blank\" role=\"button\" rel=\"noopener\">\n\t\t\t\t\t\t\tImage Bank\n\t\t\t\t\t<\/a>\n\t<p>DELIVERIES<\/p>\n<p>Illustrations : Marina Coudray<\/p>\n\t\t\t\t<img loading=\"lazy\" decoding=\"async\" src=\"https:\/\/cdn.svc.asmodee.net\/production-libellud\/uploads\/2022\/08\/DIXIT-PUZZLE_PACKSHOT_CARDS_14_Chameleon-night_LD-240x300.png\" alt=\"DIXIT PUZZLE_PACKSHOT_CARDS_14_Chameleon night_LD\" itemprop=\"image\" height=\"300\" width=\"240\" title=\"DIXIT PUZZLE_PACKSHOT_CARDS_14_Chameleon night_LD\" onerror=\"this.style.display='none'\"  \/>\n\t\t\t<a href=\"https:\/\/cdn.svc.asmodee.net\/production-libellud\/uploads\/2022\/08\/BANQUE_IMAGE_CHAMELEON-NIGHT.zip\" target=\"_blank\" role=\"button\" rel=\"noopener\">\n\t\t\t\t\t\t\tImage Bank\n\t\t\t\t\t<\/a>\n\tCHAMELEON NIGHT<br \/>\n\n<p>Illustrations : Marina Coudray<\/p>\n\t\t\t\t<img loading=\"lazy\" decoding=\"async\" src=\"https:\/\/cdn.svc.asmodee.net\/production-libellud\/uploads\/2022\/08\/DIXIT-PUZZLE_PACKSHOT_CARDS_12_Queen-of-owls_LD-240x300.png\" alt=\"DIXIT PUZZLE_PACKSHOT_CARDS_12_Queen of owls_LD\" itemprop=\"image\" height=\"300\" width=\"240\" title=\"DIXIT PUZZLE_PACKSHOT_CARDS_12_Queen of owls_LD\" onerror=\"this.style.display='none'\"  \/>\n\t\t\t<a href=\"https:\/\/cdn.svc.asmodee.net\/production-libellud\/uploads\/2022\/08\/BANQUE_IMAGE_QUEEN-OF-OWLS.zip\" target=\"_blank\" role=\"button\" rel=\"noopener\">\n\t\t\t\t\t\t\tImage Bank\n\t\t\t\t\t<\/a>\n\tQUEEN OF OWLS<br \/>\n\n<p>Illustrations : Marina Coudray<\/p>\n\t\t\t\t<img loading=\"lazy\" decoding=\"async\" src=\"https:\/\/cdn.svc.asmodee.net\/production-libellud\/uploads\/2022\/08\/3_PUZZLE_RANGE1000_SIZE-1024x1024.jpg\" alt=\"3_PUZZLE_RANGE1000_SIZE\" itemprop=\"image\" height=\"768\" width=\"768\" title=\"3_PUZZLE_RANGE1000_SIZE\" onerror=\"this.style.display='none'\"  \/>\n\t\t\t\t<img loading=\"lazy\" decoding=\"async\" src=\"https:\/\/cdn.svc.asmodee.net\/production-libellud\/uploads\/2022\/08\/DIXIT-PUZZLE_ALL_1000_LD.png\" alt=\"DIXIT PUZZLE_ALL_1000_LD\" itemprop=\"image\" height=\"809\" width=\"3671\" title=\"DIXIT PUZZLE_ALL_1000_LD\" onerror=\"this.style.display='none'\"  \/>\n\t\t\t\t\t\t\t\t\t<img loading=\"lazy\" decoding=\"async\" src=\"https:\/\/cdn.svc.asmodee.net\/production-libellud\/uploads\/2022\/08\/DIXIT-GAMME-PACKSHOT-V2-ORIENTATION-2-DIXIT-DEVANT-1024x616.png\" alt=\"DIXIT GAMME PACKSHOT V2 ORIENTATION 2 DIXIT DEVANT\" itemprop=\"image\" height=\"462\" width=\"768\" title=\"DIXIT GAMME PACKSHOT V2 ORIENTATION 2 DIXIT DEVANT\" onerror=\"this.style.display='none'\"  \/>\n\tBe amazed by the <em>Dixit Universe<\/em> <br \/>\n\n<p>Thanks to 3 different base games &#8211; Dixit, Dixit Odyssey and Stella &#8211; Dixit Universe &#8211; and to 9 expansion packs all compatible with the base games, you&#8217;ll discover your friends from a new perspective and share a true social experience, all while having fun.<\/p>\n<p>In each of those game boxes, expansions included, you&#8217;ll find 84 large and unique illustrated cards. Shuffle them to create new dream worlds conducive to image interpretation and to the development of your imagination.<\/p>\n\t\t\t<a href=\"https:\/\/www.libellud.com\/univers-dixit\/\" target=\"_blank\" role=\"button\" rel=\"noopener\">\n\t\t\t\t\t\t\tDiscover the Dixit Universe\n\t\t\t\t\t<\/a>\n\t\t\t\t\t\t\t\t\t<img loading=\"lazy\" decoding=\"async\" src=\"https:\/\/cdn.svc.asmodee.net\/production-libellud\/uploads\/2022\/08\/DIXITPUZZLE_BANNIERE_FACEBOOK_BOX_EN.png\" alt=\"DIXITPUZZLE_BANNIERE_FACEBOOK_BOX_EN\" itemprop=\"image\" height=\"765\" width=\"2048\" title=\"DIXITPUZZLE_BANNIERE_FACEBOOK_BOX_EN\" onerror=\"this.style.display='none'\"  \/>\n\n","protected":false},"excerpt":{"rendered":"<p>A picture is worth a thousand&#8230;pieces! Discover Dixit illustrations in a whole new form, thanks to our jigsaw puzzle collection! Since 2008, more than 1000 Dixit Cards were created, with the author Jean-Louis Roubira and 12 exceptional artists for illustrations. To honor this legacy and for all the Dixit Lovers, we created a range of [&hellip;]<\/p>\n","protected":false},"author":3,"featured_media":0,"parent":0,"menu_order":0,"comment_status":"closed","ping_status":"closed","template":"","meta":{"_acf_changed":false,"footnotes":""},"class_list":["post-10548","page","type-page","status-publish","hentry"],"acf":[],"yoast_head":"<!-- This site is optimized with the Yoast SEO plugin v26.9 - https:\/\/yoast.com\/product\/yoast-seo-wordpress\/ -->\n<title>Puzzles Dixit - Libellud<\/title>\n<meta name=\"robots\" content=\"index, follow, max-snippet:-1, max-image-preview:large, max-video-preview:-1\" \/>\n<link rel=\"canonical\" href=\"https:\/\/www.libellud.com\/en\/dixit-puzzles\/\" \/>\n<meta property=\"og:locale\" content=\"en_US\" \/>\n<meta property=\"og:type\" content=\"article\" \/>\n<meta property=\"og:title\" content=\"Puzzles Dixit - Libellud\" \/>\n<meta property=\"og:description\" content=\"A picture is worth a thousand&#8230;pieces! Discover Dixit illustrations in a whole new form, thanks to our jigsaw puzzle collection! Since 2008, more than 1000 Dixit Cards were created, with the author Jean-Louis Roubira and 12 exceptional artists for illustrations. To honor this legacy and for all the Dixit Lovers, we created a range of [&hellip;]\" \/>\n<meta property=\"og:url\" content=\"https:\/\/www.libellud.com\/en\/dixit-puzzles\/\" \/>\n<meta property=\"og:site_name\" content=\"Libellud\" \/>\n<meta property=\"article:modified_time\" content=\"2022-08-18T15:59:45+00:00\" \/>\n<meta property=\"og:image\" content=\"https:\/\/cdn.svc.asmodee.net\/production-libellud\/uploads\/2022\/08\/1_PUZZLE_COMPLETERANGE_EN-1.jpg\" \/>\n<meta name=\"twitter:card\" content=\"summary_large_image\" \/>\n<meta name=\"twitter:label1\" content=\"Est. reading time\" \/>\n\t<meta name=\"twitter:data1\" content=\"2 minutes\" \/>\n<script type=\"application\/ld+json\" class=\"yoast-schema-graph\">{\"@context\":\"https:\/\/schema.org\",\"@graph\":[{\"@type\":\"WebPage\",\"@id\":\"https:\/\/www.libellud.com\/en\/dixit-puzzles\/\",\"url\":\"https:\/\/www.libellud.com\/en\/dixit-puzzles\/\",\"name\":\"Puzzles Dixit - Libellud\",\"isPartOf\":{\"@id\":\"https:\/\/www.libellud.com\/#website\"},\"primaryImageOfPage\":{\"@id\":\"https:\/\/www.libellud.com\/en\/dixit-puzzles\/#primaryimage\"},\"image\":{\"@id\":\"https:\/\/www.libellud.com\/en\/dixit-puzzles\/#primaryimage\"},\"thumbnailUrl\":\"https:\/\/cdn.svc.asmodee.net\/production-libellud\/uploads\/2022\/08\/1_PUZZLE_COMPLETERANGE_EN-1.jpg\",\"datePublished\":\"2022-08-07T15:13:50+00:00\",\"dateModified\":\"2022-08-18T15:59:45+00:00\",\"breadcrumb\":{\"@id\":\"https:\/\/www.libellud.com\/en\/dixit-puzzles\/#breadcrumb\"},\"inLanguage\":\"en-US\",\"potentialAction\":[{\"@type\":\"ReadAction\",\"target\":[\"https:\/\/www.libellud.com\/en\/dixit-puzzles\/\"]}]},{\"@type\":\"ImageObject\",\"inLanguage\":\"en-US\",\"@id\":\"https:\/\/www.libellud.com\/en\/dixit-puzzles\/#primaryimage\",\"url\":\"https:\/\/cdn.svc.asmodee.net\/production-libellud\/uploads\/2022\/08\/1_PUZZLE_COMPLETERANGE_EN-1.jpg\",\"contentUrl\":\"https:\/\/cdn.svc.asmodee.net\/production-libellud\/uploads\/2022\/08\/1_PUZZLE_COMPLETERANGE_EN-1.jpg\"},{\"@type\":\"BreadcrumbList\",\"@id\":\"https:\/\/www.libellud.com\/en\/dixit-puzzles\/#breadcrumb\",\"itemListElement\":[{\"@type\":\"ListItem\",\"position\":1,\"name\":\"Home\",\"item\":\"https:\/\/www.libellud.com\/en\/\"},{\"@type\":\"ListItem\",\"position\":2,\"name\":\"Puzzles Dixit\"}]},{\"@type\":\"WebSite\",\"@id\":\"https:\/\/www.libellud.com\/#website\",\"url\":\"https:\/\/www.libellud.com\/\",\"name\":\"Libellud\",\"description\":\"\u00c9diteur de jeux de soci\u00e9t\u00e9 depuis 2008\",\"potentialAction\":[{\"@type\":\"SearchAction\",\"target\":{\"@type\":\"EntryPoint\",\"urlTemplate\":\"https:\/\/www.libellud.com\/?s={search_term_string}\"},\"query-input\":{\"@type\":\"PropertyValueSpecification\",\"valueRequired\":true,\"valueName\":\"search_term_string\"}}],\"inLanguage\":\"en-US\"}]}<\/script>\n<!-- \/ Yoast SEO plugin. -->","yoast_head_json":{"title":"Puzzles Dixit - Libellud","robots":{"index":"index","follow":"follow","max-snippet":"max-snippet:-1","max-image-preview":"max-image-preview:large","max-video-preview":"max-video-preview:-1"},"canonical":"https:\/\/www.libellud.com\/en\/dixit-puzzles\/","og_locale":"en_US","og_type":"article","og_title":"Puzzles Dixit - Libellud","og_description":"A picture is worth a thousand&#8230;pieces! Discover Dixit illustrations in a whole new form, thanks to our jigsaw puzzle collection! Since 2008, more than 1000 Dixit Cards were created, with the author Jean-Louis Roubira and 12 exceptional artists for illustrations. To honor this legacy and for all the Dixit Lovers, we created a range of [&hellip;]","og_url":"https:\/\/www.libellud.com\/en\/dixit-puzzles\/","og_site_name":"Libellud","article_modified_time":"2022-08-18T15:59:45+00:00","og_image":[{"url":"https:\/\/cdn.svc.asmodee.net\/production-libellud\/uploads\/2022\/08\/1_PUZZLE_COMPLETERANGE_EN-1.jpg","type":"","width":"","height":""}],"twitter_card":"summary_large_image","twitter_misc":{"Est. reading time":"2 minutes"},"schema":{"@context":"https:\/\/schema.org","@graph":[{"@type":"WebPage","@id":"https:\/\/www.libellud.com\/en\/dixit-puzzles\/","url":"https:\/\/www.libellud.com\/en\/dixit-puzzles\/","name":"Puzzles Dixit - Libellud","isPartOf":{"@id":"https:\/\/www.libellud.com\/#website"},"primaryImageOfPage":{"@id":"https:\/\/www.libellud.com\/en\/dixit-puzzles\/#primaryimage"},"image":{"@id":"https:\/\/www.libellud.com\/en\/dixit-puzzles\/#primaryimage"},"thumbnailUrl":"https:\/\/cdn.svc.asmodee.net\/production-libellud\/uploads\/2022\/08\/1_PUZZLE_COMPLETERANGE_EN-1.jpg","datePublished":"2022-08-07T15:13:50+00:00","dateModified":"2022-08-18T15:59:45+00:00","breadcrumb":{"@id":"https:\/\/www.libellud.com\/en\/dixit-puzzles\/#breadcrumb"},"inLanguage":"en-US","potentialAction":[{"@type":"ReadAction","target":["https:\/\/www.libellud.com\/en\/dixit-puzzles\/"]}]},{"@type":"ImageObject","inLanguage":"en-US","@id":"https:\/\/www.libellud.com\/en\/dixit-puzzles\/#primaryimage","url":"https:\/\/cdn.svc.asmodee.net\/production-libellud\/uploads\/2022\/08\/1_PUZZLE_COMPLETERANGE_EN-1.jpg","contentUrl":"https:\/\/cdn.svc.asmodee.net\/production-libellud\/uploads\/2022\/08\/1_PUZZLE_COMPLETERANGE_EN-1.jpg"},{"@type":"BreadcrumbList","@id":"https:\/\/www.libellud.com\/en\/dixit-puzzles\/#breadcrumb","itemListElement":[{"@type":"ListItem","position":1,"name":"Home","item":"https:\/\/www.libellud.com\/en\/"},{"@type":"ListItem","position":2,"name":"Puzzles Dixit"}]},{"@type":"WebSite","@id":"https:\/\/www.libellud.com\/#website","url":"https:\/\/www.libellud.com\/","name":"Libellud","description":"\u00c9diteur de jeux de soci\u00e9t\u00e9 depuis 2008","potentialAction":[{"@type":"SearchAction","target":{"@type":"EntryPoint","urlTemplate":"https:\/\/www.libellud.com\/?s={search_term_string}"},"query-input":{"@type":"PropertyValueSpecification","valueRequired":true,"valueName":"search_term_string"}}],"inLanguage":"en-US"}]}},"_links":{"self":[{"href":"https:\/\/www.libellud.com\/en\/wp-json\/wp\/v2\/pages\/10548","targetHints":{"allow":["GET"]}}],"collection":[{"href":"https:\/\/www.libellud.com\/en\/wp-json\/wp\/v2\/pages"}],"about":[{"href":"https:\/\/www.libellud.com\/en\/wp-json\/wp\/v2\/types\/page"}],"author":[{"embeddable":true,"href":"https:\/\/www.libellud.com\/en\/wp-json\/wp\/v2\/users\/3"}],"replies":[{"embeddable":true,"href":"https:\/\/www.libellud.com\/en\/wp-json\/wp\/v2\/comments?post=10548"}],"version-history":[{"count":8,"href":"https:\/\/www.libellud.com\/en\/wp-json\/wp\/v2\/pages\/10548\/revisions"}],"predecessor-version":[{"id":10737,"href":"https:\/\/www.libellud.com\/en\/wp-json\/wp\/v2\/pages\/10548\/revisions\/10737"}],"wp:attachment":[{"href":"https:\/\/www.libellud.com\/en\/wp-json\/wp\/v2\/media?parent=10548"}],"curies":[{"name":"wp","href":"https:\/\/api.w.org\/{rel}","templated":true}]}}