{"id":10626,"date":"2022-08-08T11:25:12","date_gmt":"2022-08-08T09:25:12","guid":{"rendered":"https:\/\/www.libellud.com\/?page_id=10626"},"modified":"2023-05-24T10:13:23","modified_gmt":"2023-05-24T08:13:23","slug":"mysterium-kids","status":"publish","type":"page","link":"https:\/\/www.libellud.com\/en\/resources\/mysterium-kids\/","title":{"rendered":"Mysterium Kids : Captain Echo&#8217;s Treasure Resources"},"content":{"rendered":"\r\n<p>Image Bank<\/p>\r\n<p>Download the game&#8217;s visuels such as the box, cover, logo, back of bowes as weel as various pre-selected elements to illustrate your items.<\/p>\r\n<p><a role=\"button\" href=\"https:\/\/cdn.svc.asmodee.net\/production-libellud\/uploads\/2022\/08\/IMAGE_BANK_EN_MYSTKIDS.zip\" target=\"_blank\" rel=\"noopener\"> Download <\/a><\/p>\r\n<p>Rules<\/p>\r\n<p>Download the Rules of the game in PDF format.<\/p>\r\n<p><a role=\"button\" href=\"https:\/\/cdn.svc.asmodee.net\/production-libellud\/uploads\/2022\/08\/MYSTKIDS_RULES_EN_LD.pdf\" target=\"_blank\" rel=\"noopener\"> Download Rulesbook <\/a> <a id=\"fl-accordion--label-0\" tabindex=\"0\" href=\"#\" aria-controls=\"fl-accordion--panel-0\">Card Panel <\/a> <a id=\"fl-accordion--icon-0\" tabindex=\"0\" href=\"#\" aria-controls=\"fl-accordion--panel-0\"><i>Expand<\/i><\/a><\/p>\r\n<p><a href=\"https:\/\/cdn.svc.asmodee.net\/production-libellud\/uploads\/2022\/12\/MYSTKIDS_OVERVIEW.pdf\">Card panel<\/a><\/p>\r\n<p>&nbsp;<\/p>\r\n<p>&nbsp;<\/p>\r\n<p>&nbsp;<\/p>\r\n<p><a id=\"fl-accordion--label-0\" tabindex=\"0\" href=\"#\" aria-controls=\"fl-accordion--panel-0\">Colouring<\/a> <a id=\"fl-accordion--icon-0\" tabindex=\"0\" href=\"#\" aria-controls=\"fl-accordion--panel-0\"><i>Expand<\/i><\/a><\/p>\r\n<p><a href=\"https:\/\/cdn.svc.asmodee.net\/production-libellud\/uploads\/2022\/07\/MYSTKIDS_Coloriage_Cpt_Bouh.jpg\">Captain Echo &#8211; jpg<\/a><\/p>\r\n<p><a href=\"https:\/\/cdn.svc.asmodee.net\/production-libellud\/uploads\/2022\/07\/MYSTKIDS_Coloriage_Cpt_Bouh.pdf\">Capitain Echo &#8211; Pdf<\/a><\/p>\r\n<p><a href=\"https:\/\/cdn.svc.asmodee.net\/production-libellud\/uploads\/2022\/08\/MYSTKIDS_COLORIAGE_SOURIS.png\">Mouse n Cheese &#8211; Jpg<\/a><\/p>\r\n<p><a href=\"https:\/\/cdn.svc.asmodee.net\/production-libellud\/uploads\/2022\/08\/MYSTKIDS_Coloriage_Souris.pdf\">Mouse n Cheese &#8211; pdf<\/a><\/p>\r\n<p><a href=\"https:\/\/cdn.svc.asmodee.net\/production-libellud\/uploads\/2022\/08\/MYSTKIDS_Coloriage_Train.pdf\">Locomotive &#8211; Pdf<\/a><\/p>\r\n<p><a href=\"https:\/\/cdn.svc.asmodee.net\/production-libellud\/uploads\/2022\/08\/MYSTKIDS_COLORIAGE_FUSEE.png\">Rocket &#8211; jpg<\/a><\/p>\r\n<p><a href=\"https:\/\/cdn.svc.asmodee.net\/production-libellud\/uploads\/2022\/08\/MYSTKIDS_Coloriage_Fusee.pdf\">Rocket &#8211; Pdf<\/a><\/p>\r\n<p><a href=\"https:\/\/cdn.svc.asmodee.net\/production-libellud\/uploads\/2022\/08\/MYSTKIDS_COLORIAGE_ROBOT.png\">Robot &#8211; jpg<\/a><\/p>\r\n<p><a href=\"https:\/\/cdn.svc.asmodee.net\/production-libellud\/uploads\/2022\/08\/MYSTKIDS_Coloriage_Robot.pdf\">Robot &#8211; pdf<\/a><\/p>\r\n","protected":false},"excerpt":{"rendered":"<p>Image Bank Download the game&#8217;s visuels such as the box, cover, logo, back of bowes as weel as various pre-selected elements to illustrate your items. Download Rules Download the Rules of the game in PDF format. Download Rulesbook Card Panel Expand Card panel &nbsp; &nbsp; &nbsp; Colouring Expand Captain Echo &#8211; jpg Capitain Echo &#8211; [&hellip;]<\/p>\n","protected":false},"author":3,"featured_media":0,"parent":9615,"menu_order":0,"comment_status":"closed","ping_status":"closed","template":"","meta":{"_acf_changed":false,"footnotes":""},"class_list":["post-10626","page","type-page","status-publish","hentry"],"acf":[],"yoast_head":"<!-- This site is optimized with the Yoast SEO plugin v26.9 - https:\/\/yoast.com\/product\/yoast-seo-wordpress\/ -->\n<title>Mysterium Kids : Captain Echo&#039;s Treasure Resources - Libellud<\/title>\n<meta name=\"robots\" content=\"index, follow, max-snippet:-1, max-image-preview:large, max-video-preview:-1\" \/>\n<link rel=\"canonical\" href=\"https:\/\/www.libellud.com\/ressources\/mysterium-kids\/\" \/>\n<meta property=\"og:locale\" content=\"en_US\" \/>\n<meta property=\"og:type\" content=\"article\" \/>\n<meta property=\"og:title\" content=\"Mysterium Kids : Captain Echo&#039;s Treasure Resources - Libellud\" \/>\n<meta property=\"og:description\" content=\"Image Bank Download the game&#8217;s visuels such as the box, cover, logo, back of bowes as weel as various pre-selected elements to illustrate your items. Download Rules Download the Rules of the game in PDF format. Download Rulesbook Card Panel Expand Card panel &nbsp; &nbsp; &nbsp; Colouring Expand Captain Echo &#8211; jpg Capitain Echo &#8211; [&hellip;]\" \/>\n<meta property=\"og:url\" content=\"https:\/\/www.libellud.com\/ressources\/mysterium-kids\/\" \/>\n<meta property=\"og:site_name\" content=\"Libellud\" \/>\n<meta property=\"article:modified_time\" content=\"2023-05-24T08:13:23+00:00\" \/>\n<meta name=\"twitter:card\" content=\"summary_large_image\" \/>\n<meta name=\"twitter:label1\" content=\"Est. reading time\" \/>\n\t<meta name=\"twitter:data1\" content=\"1 minute\" \/>\n<script type=\"application\/ld+json\" class=\"yoast-schema-graph\">{\"@context\":\"https:\/\/schema.org\",\"@graph\":[{\"@type\":\"WebPage\",\"@id\":\"https:\/\/www.libellud.com\/ressources\/mysterium-kids\/\",\"url\":\"https:\/\/www.libellud.com\/ressources\/mysterium-kids\/\",\"name\":\"Mysterium Kids : Captain Echo's Treasure Resources - Libellud\",\"isPartOf\":{\"@id\":\"https:\/\/www.libellud.com\/#website\"},\"datePublished\":\"2022-08-08T09:25:12+00:00\",\"dateModified\":\"2023-05-24T08:13:23+00:00\",\"breadcrumb\":{\"@id\":\"https:\/\/www.libellud.com\/ressources\/mysterium-kids\/#breadcrumb\"},\"inLanguage\":\"en-US\",\"potentialAction\":[{\"@type\":\"ReadAction\",\"target\":[\"https:\/\/www.libellud.com\/ressources\/mysterium-kids\/\"]}]},{\"@type\":\"BreadcrumbList\",\"@id\":\"https:\/\/www.libellud.com\/ressources\/mysterium-kids\/#breadcrumb\",\"itemListElement\":[{\"@type\":\"ListItem\",\"position\":1,\"name\":\"Home\",\"item\":\"https:\/\/www.libellud.com\/en\/\"},{\"@type\":\"ListItem\",\"position\":2,\"name\":\"Resources\",\"item\":\"https:\/\/www.libellud.com\/en\/resources\/\"},{\"@type\":\"ListItem\",\"position\":3,\"name\":\"Mysterium Kids : Captain Echo&rsquo;s Treasure Resources\"}]},{\"@type\":\"WebSite\",\"@id\":\"https:\/\/www.libellud.com\/#website\",\"url\":\"https:\/\/www.libellud.com\/\",\"name\":\"Libellud\",\"description\":\"\u00c9diteur de jeux de soci\u00e9t\u00e9 depuis 2008\",\"potentialAction\":[{\"@type\":\"SearchAction\",\"target\":{\"@type\":\"EntryPoint\",\"urlTemplate\":\"https:\/\/www.libellud.com\/?s={search_term_string}\"},\"query-input\":{\"@type\":\"PropertyValueSpecification\",\"valueRequired\":true,\"valueName\":\"search_term_string\"}}],\"inLanguage\":\"en-US\"}]}<\/script>\n<!-- \/ Yoast SEO plugin. -->","yoast_head_json":{"title":"Mysterium Kids : Captain Echo's Treasure Resources - Libellud","robots":{"index":"index","follow":"follow","max-snippet":"max-snippet:-1","max-image-preview":"max-image-preview:large","max-video-preview":"max-video-preview:-1"},"canonical":"https:\/\/www.libellud.com\/ressources\/mysterium-kids\/","og_locale":"en_US","og_type":"article","og_title":"Mysterium Kids : Captain Echo's Treasure Resources - Libellud","og_description":"Image Bank Download the game&#8217;s visuels such as the box, cover, logo, back of bowes as weel as various pre-selected elements to illustrate your items. Download Rules Download the Rules of the game in PDF format. Download Rulesbook Card Panel Expand Card panel &nbsp; &nbsp; &nbsp; Colouring Expand Captain Echo &#8211; jpg Capitain Echo &#8211; [&hellip;]","og_url":"https:\/\/www.libellud.com\/ressources\/mysterium-kids\/","og_site_name":"Libellud","article_modified_time":"2023-05-24T08:13:23+00:00","twitter_card":"summary_large_image","twitter_misc":{"Est. reading time":"1 minute"},"schema":{"@context":"https:\/\/schema.org","@graph":[{"@type":"WebPage","@id":"https:\/\/www.libellud.com\/ressources\/mysterium-kids\/","url":"https:\/\/www.libellud.com\/ressources\/mysterium-kids\/","name":"Mysterium Kids : Captain Echo's Treasure Resources - Libellud","isPartOf":{"@id":"https:\/\/www.libellud.com\/#website"},"datePublished":"2022-08-08T09:25:12+00:00","dateModified":"2023-05-24T08:13:23+00:00","breadcrumb":{"@id":"https:\/\/www.libellud.com\/ressources\/mysterium-kids\/#breadcrumb"},"inLanguage":"en-US","potentialAction":[{"@type":"ReadAction","target":["https:\/\/www.libellud.com\/ressources\/mysterium-kids\/"]}]},{"@type":"BreadcrumbList","@id":"https:\/\/www.libellud.com\/ressources\/mysterium-kids\/#breadcrumb","itemListElement":[{"@type":"ListItem","position":1,"name":"Home","item":"https:\/\/www.libellud.com\/en\/"},{"@type":"ListItem","position":2,"name":"Resources","item":"https:\/\/www.libellud.com\/en\/resources\/"},{"@type":"ListItem","position":3,"name":"Mysterium Kids : Captain Echo&rsquo;s Treasure Resources"}]},{"@type":"WebSite","@id":"https:\/\/www.libellud.com\/#website","url":"https:\/\/www.libellud.com\/","name":"Libellud","description":"\u00c9diteur de jeux de soci\u00e9t\u00e9 depuis 2008","potentialAction":[{"@type":"SearchAction","target":{"@type":"EntryPoint","urlTemplate":"https:\/\/www.libellud.com\/?s={search_term_string}"},"query-input":{"@type":"PropertyValueSpecification","valueRequired":true,"valueName":"search_term_string"}}],"inLanguage":"en-US"}]}},"_links":{"self":[{"href":"https:\/\/www.libellud.com\/en\/wp-json\/wp\/v2\/pages\/10626","targetHints":{"allow":["GET"]}}],"collection":[{"href":"https:\/\/www.libellud.com\/en\/wp-json\/wp\/v2\/pages"}],"about":[{"href":"https:\/\/www.libellud.com\/en\/wp-json\/wp\/v2\/types\/page"}],"author":[{"embeddable":true,"href":"https:\/\/www.libellud.com\/en\/wp-json\/wp\/v2\/users\/3"}],"replies":[{"embeddable":true,"href":"https:\/\/www.libellud.com\/en\/wp-json\/wp\/v2\/comments?post=10626"}],"version-history":[{"count":9,"href":"https:\/\/www.libellud.com\/en\/wp-json\/wp\/v2\/pages\/10626\/revisions"}],"predecessor-version":[{"id":11598,"href":"https:\/\/www.libellud.com\/en\/wp-json\/wp\/v2\/pages\/10626\/revisions\/11598"}],"up":[{"embeddable":true,"href":"https:\/\/www.libellud.com\/en\/wp-json\/wp\/v2\/pages\/9615"}],"wp:attachment":[{"href":"https:\/\/www.libellud.com\/en\/wp-json\/wp\/v2\/media?parent=10626"}],"curies":[{"name":"wp","href":"https:\/\/api.w.org\/{rel}","templated":true}]}}