{"id":10631,"date":"2022-08-08T11:31:26","date_gmt":"2022-08-08T09:31:26","guid":{"rendered":"https:\/\/www.libellud.com\/?page_id=10631"},"modified":"2023-08-07T18:11:58","modified_gmt":"2023-08-07T16:11:58","slug":"mysterium-kids","status":"publish","type":"page","link":"https:\/\/www.libellud.com\/en\/our-games\/mysterium-kids\/","title":{"rendered":"Mysterium Kids: Captain Echo&#8217;s Treasure"},"content":{"rendered":"\n\n\t<p><strong>Will you be able to find the treasure?<\/strong><\/p>\n<p>Legend has it that the old mansion on the outskirts of the city is home to a fabulous treasure! Hoping to find it, you decide to spend the night there.<\/p>\n<p>You are about to give up when the ghost of Captain Echo appears to help you find his treasure. He isn&#8217;t much of a talker, but he plays a mean tambourine, and he&#8217;s going to use it to tell you which rooms to search in!<\/p>\n<p><strong>Mysterium Kids: Captain Echo&#8217;s<\/strong> Tresor is a <strong>cooperative game<\/strong> specially designed for kids. It helps develop children&#8217;s concentration and imagination. In turn, play as the ghost or as treasure seekers and try to find in team which illustrated card corresponds to the location of the treasure, all while guided by the tambourine&#8217;s sounds only!\u00a0<\/p>\n\t<p><strong>Designers:<\/strong> Antonin Boccara &amp; Yves Hirschfeld<\/p>\n<p><strong>Artist:<\/strong> Olivier Danchin<\/p>\n<p><strong>Release:<\/strong> October 2022<\/p>\n\t\t\t\t<img loading=\"lazy\" decoding=\"async\" src=\"https:\/\/cdn.svc.asmodee.net\/production-libellud\/uploads\/2022\/08\/MYSTKIDS_INFOS_HORIZONTAL_LD-300x77.png\" alt=\"MYSTKIDS_INFOS_HORIZONTAL_LD\" itemprop=\"image\" height=\"77\" width=\"300\" title=\"MYSTKIDS_INFOS_HORIZONTAL_LD\" onerror=\"this.style.display='none'\"  \/>\n\t\t\t\t<img loading=\"lazy\" decoding=\"async\" src=\"https:\/\/cdn.svc.asmodee.net\/production-libellud\/uploads\/2022\/08\/MYSTKIDS_RIGHT_BOX_FR_LD-260x300.png\" alt=\"MYSTKIDS_RIGHT_BOX_FR_LD\" itemprop=\"image\" height=\"300\" width=\"260\" title=\"MYSTKIDS_RIGHT_BOX_FR_LD\" onerror=\"this.style.display='none'\"  \/>\n\t\t\t\t<img loading=\"lazy\" decoding=\"async\" src=\"https:\/\/cdn.svc.asmodee.net\/production-libellud\/uploads\/2023\/08\/MicrosoftTeams-image-300x270.png\" alt=\"MicrosoftTeams-image\" itemprop=\"image\" height=\"270\" width=\"300\" title=\"MicrosoftTeams-image\" onerror=\"this.style.display='none'\"  \/>\n\t<p><strong>Winner of the Kinderspiel des Jahres 2023<\/strong><\/p>\n\t<strong>Games rules<br \/>\nin few steps<\/strong>\n\t\t\t\t<img loading=\"lazy\" decoding=\"async\" src=\"https:\/\/cdn.svc.asmodee.net\/production-libellud\/uploads\/2022\/11\/MYSTKIDS_ROW2_Picture1.png\" alt=\"MYSTKIDS_ROW2_Picture1\" itemprop=\"image\" height=\"300\" width=\"300\" title=\"MYSTKIDS_ROW2_Picture1\" onerror=\"this.style.display='none'\"  \/>\n\t\t\t\t<img loading=\"lazy\" decoding=\"async\" src=\"https:\/\/cdn.svc.asmodee.net\/production-libellud\/uploads\/2022\/11\/MYSTKIDS_ROW2_Picture2.png\" alt=\"MYSTKIDS_ROW2_Picture2\" itemprop=\"image\" height=\"300\" width=\"300\" title=\"MYSTKIDS_ROW2_Picture2\" onerror=\"this.style.display='none'\"  \/>\n\t\t\t\t<img loading=\"lazy\" decoding=\"async\" src=\"https:\/\/cdn.svc.asmodee.net\/production-libellud\/uploads\/2022\/11\/MYSTKIDS_ROW2_Picture3.png\" alt=\"MYSTKIDS_ROW2_Picture3\" itemprop=\"image\" height=\"300\" width=\"300\" title=\"MYSTKIDS_ROW2_Picture3\" onerror=\"this.style.display='none'\"  \/>\n\t\t\t<a href=\"https:\/\/cdn.svc.asmodee.net\/production-libellud\/uploads\/2022\/08\/MYSTKIDS_RULES_EN_LD.pdf\" target=\"_blank\" rel=\"noopener\">\n\t\t\t\t\t\t\tDownload rules\n\t\t\t\t\t<\/a>\n\t<p>Resources<\/p>\n<p>Continue the Mysterium Kids: Captain Echo&#8217;s Treasure adventure with our dowloadable contents including games rules, image bank, wallpapers, exclusive files and more by clicking below:<\/p>\n\t\t\t\t<a href=\"https:\/\/cdn.svc.asmodee.net\/production-libellud\/uploads\/2022\/08\/MYSTKIDS_RULES_EN_LD.pdf\" target=\"_blank\" rel=\"noopener\" itemprop=\"url\">\n\t\t\t\t<img loading=\"lazy\" decoding=\"async\" src=\"https:\/\/cdn.svc.asmodee.net\/production-libellud\/uploads\/2022\/03\/icones_regles-1-150x150.png\" alt=\"R\u00e8gles du jeu\" itemprop=\"image\" height=\"150\" width=\"150\" title=\"icones_regles\" onerror=\"this.style.display='none'\"  \/>\n\t\t\t\t<\/a>\n\t\t\t\t<a href=\"https:\/\/cdn.svc.asmodee.net\/production-libellud\/uploads\/2022\/08\/IMAGE_BANK_EN_MYSTKIDS.zip\" target=\"_blank\" rel=\"noopener\" itemprop=\"url\">\n\t\t\t\t<img loading=\"lazy\" decoding=\"async\" src=\"https:\/\/cdn.svc.asmodee.net\/production-libellud\/uploads\/2022\/03\/icone_elementsjeu-1-150x150.png\" alt=\"Banque d'images\" itemprop=\"image\" height=\"150\" width=\"150\" title=\"icone_elementsjeu\" onerror=\"this.style.display='none'\"  \/>\n\t\t\t\t<\/a>\n\t\t\t<a href=\"https:\/\/www.libellud.com\/en\/resources\/mysterium-kids\/\" target=\"_blank\" rel=\"noopener\">\n\t\t\t\t\t\t\tAll Resources\n\t\t\t\t\t<\/a>\n\tFind out more about Mysterium Kids: Captain Echo&#8217;s Treasure!<br \/>\n\n<p>Feel free to check our latest articles about Mysterium Kids: Captain Echo&#8217;s Treasure!<\/p>\n<p>Interviews, exclusive news and contests regularly appear in our <a href=\"https:\/\/www.libellud.com\/en\/our-news\/\">News Section<\/a>! <\/p>\n\n","protected":false},"excerpt":{"rendered":"<p>Will you be able to find the treasure? Legend has it that the old mansion on the outskirts of the city is home to a fabulous treasure! Hoping to find it, you decide to spend the night there. You are about to give up when the ghost of Captain Echo appears to help you find [&hellip;]<\/p>\n","protected":false},"author":3,"featured_media":0,"parent":9610,"menu_order":0,"comment_status":"closed","ping_status":"closed","template":"","meta":{"_acf_changed":false,"footnotes":""},"class_list":["post-10631","page","type-page","status-publish","hentry"],"acf":[],"yoast_head":"<!-- This site is optimized with the Yoast SEO plugin v26.9 - https:\/\/yoast.com\/product\/yoast-seo-wordpress\/ -->\n<title>Mysterium Kids: Captain Echo&#039;s Treasure - Libellud<\/title>\n<meta name=\"robots\" content=\"index, follow, max-snippet:-1, max-image-preview:large, max-video-preview:-1\" \/>\n<link rel=\"canonical\" href=\"https:\/\/www.libellud.com\/en\/our-games\/mysterium-kids\/\" \/>\n<meta property=\"og:locale\" content=\"en_US\" \/>\n<meta property=\"og:type\" content=\"article\" \/>\n<meta property=\"og:title\" content=\"Mysterium Kids: Captain Echo&#039;s Treasure - Libellud\" \/>\n<meta property=\"og:description\" content=\"Will you be able to find the treasure? Legend has it that the old mansion on the outskirts of the city is home to a fabulous treasure! Hoping to find it, you decide to spend the night there. You are about to give up when the ghost of Captain Echo appears to help you find [&hellip;]\" \/>\n<meta property=\"og:url\" content=\"https:\/\/www.libellud.com\/en\/our-games\/mysterium-kids\/\" \/>\n<meta property=\"og:site_name\" content=\"Libellud\" \/>\n<meta property=\"article:modified_time\" content=\"2023-08-07T16:11:58+00:00\" \/>\n<meta property=\"og:image\" content=\"https:\/\/cdn.svc.asmodee.net\/production-libellud\/uploads\/2022\/08\/MYSTKIDS_INFOS_HORIZONTAL_LD-300x77.png\" \/>\n<meta name=\"twitter:card\" content=\"summary_large_image\" \/>\n<meta name=\"twitter:label1\" content=\"Est. reading time\" \/>\n\t<meta name=\"twitter:data1\" content=\"3 minutes\" \/>\n<script type=\"application\/ld+json\" class=\"yoast-schema-graph\">{\"@context\":\"https:\/\/schema.org\",\"@graph\":[{\"@type\":\"WebPage\",\"@id\":\"https:\/\/www.libellud.com\/en\/our-games\/mysterium-kids\/\",\"url\":\"https:\/\/www.libellud.com\/en\/our-games\/mysterium-kids\/\",\"name\":\"Mysterium Kids: Captain Echo's Treasure - Libellud\",\"isPartOf\":{\"@id\":\"https:\/\/www.libellud.com\/#website\"},\"primaryImageOfPage\":{\"@id\":\"https:\/\/www.libellud.com\/en\/our-games\/mysterium-kids\/#primaryimage\"},\"image\":{\"@id\":\"https:\/\/www.libellud.com\/en\/our-games\/mysterium-kids\/#primaryimage\"},\"thumbnailUrl\":\"https:\/\/cdn.svc.asmodee.net\/production-libellud\/uploads\/2022\/08\/MYSTKIDS_INFOS_HORIZONTAL_LD-300x77.png\",\"datePublished\":\"2022-08-08T09:31:26+00:00\",\"dateModified\":\"2023-08-07T16:11:58+00:00\",\"breadcrumb\":{\"@id\":\"https:\/\/www.libellud.com\/en\/our-games\/mysterium-kids\/#breadcrumb\"},\"inLanguage\":\"en-US\",\"potentialAction\":[{\"@type\":\"ReadAction\",\"target\":[\"https:\/\/www.libellud.com\/en\/our-games\/mysterium-kids\/\"]}]},{\"@type\":\"ImageObject\",\"inLanguage\":\"en-US\",\"@id\":\"https:\/\/www.libellud.com\/en\/our-games\/mysterium-kids\/#primaryimage\",\"url\":\"https:\/\/cdn.svc.asmodee.net\/production-libellud\/uploads\/2022\/08\/MYSTKIDS_INFOS_HORIZONTAL_LD-300x77.png\",\"contentUrl\":\"https:\/\/cdn.svc.asmodee.net\/production-libellud\/uploads\/2022\/08\/MYSTKIDS_INFOS_HORIZONTAL_LD-300x77.png\"},{\"@type\":\"BreadcrumbList\",\"@id\":\"https:\/\/www.libellud.com\/en\/our-games\/mysterium-kids\/#breadcrumb\",\"itemListElement\":[{\"@type\":\"ListItem\",\"position\":1,\"name\":\"Home\",\"item\":\"https:\/\/www.libellud.com\/en\/\"},{\"@type\":\"ListItem\",\"position\":2,\"name\":\"Our Games\",\"item\":\"https:\/\/www.libellud.com\/en\/our-games\/\"},{\"@type\":\"ListItem\",\"position\":3,\"name\":\"Mysterium Kids: Captain Echo&#8217;s Treasure\"}]},{\"@type\":\"WebSite\",\"@id\":\"https:\/\/www.libellud.com\/#website\",\"url\":\"https:\/\/www.libellud.com\/\",\"name\":\"Libellud\",\"description\":\"\u00c9diteur de jeux de soci\u00e9t\u00e9 depuis 2008\",\"potentialAction\":[{\"@type\":\"SearchAction\",\"target\":{\"@type\":\"EntryPoint\",\"urlTemplate\":\"https:\/\/www.libellud.com\/?s={search_term_string}\"},\"query-input\":{\"@type\":\"PropertyValueSpecification\",\"valueRequired\":true,\"valueName\":\"search_term_string\"}}],\"inLanguage\":\"en-US\"}]}<\/script>\n<!-- \/ Yoast SEO plugin. -->","yoast_head_json":{"title":"Mysterium Kids: Captain Echo's Treasure - Libellud","robots":{"index":"index","follow":"follow","max-snippet":"max-snippet:-1","max-image-preview":"max-image-preview:large","max-video-preview":"max-video-preview:-1"},"canonical":"https:\/\/www.libellud.com\/en\/our-games\/mysterium-kids\/","og_locale":"en_US","og_type":"article","og_title":"Mysterium Kids: Captain Echo's Treasure - Libellud","og_description":"Will you be able to find the treasure? Legend has it that the old mansion on the outskirts of the city is home to a fabulous treasure! Hoping to find it, you decide to spend the night there. You are about to give up when the ghost of Captain Echo appears to help you find [&hellip;]","og_url":"https:\/\/www.libellud.com\/en\/our-games\/mysterium-kids\/","og_site_name":"Libellud","article_modified_time":"2023-08-07T16:11:58+00:00","og_image":[{"url":"https:\/\/cdn.svc.asmodee.net\/production-libellud\/uploads\/2022\/08\/MYSTKIDS_INFOS_HORIZONTAL_LD-300x77.png","type":"","width":"","height":""}],"twitter_card":"summary_large_image","twitter_misc":{"Est. reading time":"3 minutes"},"schema":{"@context":"https:\/\/schema.org","@graph":[{"@type":"WebPage","@id":"https:\/\/www.libellud.com\/en\/our-games\/mysterium-kids\/","url":"https:\/\/www.libellud.com\/en\/our-games\/mysterium-kids\/","name":"Mysterium Kids: Captain Echo's Treasure - Libellud","isPartOf":{"@id":"https:\/\/www.libellud.com\/#website"},"primaryImageOfPage":{"@id":"https:\/\/www.libellud.com\/en\/our-games\/mysterium-kids\/#primaryimage"},"image":{"@id":"https:\/\/www.libellud.com\/en\/our-games\/mysterium-kids\/#primaryimage"},"thumbnailUrl":"https:\/\/cdn.svc.asmodee.net\/production-libellud\/uploads\/2022\/08\/MYSTKIDS_INFOS_HORIZONTAL_LD-300x77.png","datePublished":"2022-08-08T09:31:26+00:00","dateModified":"2023-08-07T16:11:58+00:00","breadcrumb":{"@id":"https:\/\/www.libellud.com\/en\/our-games\/mysterium-kids\/#breadcrumb"},"inLanguage":"en-US","potentialAction":[{"@type":"ReadAction","target":["https:\/\/www.libellud.com\/en\/our-games\/mysterium-kids\/"]}]},{"@type":"ImageObject","inLanguage":"en-US","@id":"https:\/\/www.libellud.com\/en\/our-games\/mysterium-kids\/#primaryimage","url":"https:\/\/cdn.svc.asmodee.net\/production-libellud\/uploads\/2022\/08\/MYSTKIDS_INFOS_HORIZONTAL_LD-300x77.png","contentUrl":"https:\/\/cdn.svc.asmodee.net\/production-libellud\/uploads\/2022\/08\/MYSTKIDS_INFOS_HORIZONTAL_LD-300x77.png"},{"@type":"BreadcrumbList","@id":"https:\/\/www.libellud.com\/en\/our-games\/mysterium-kids\/#breadcrumb","itemListElement":[{"@type":"ListItem","position":1,"name":"Home","item":"https:\/\/www.libellud.com\/en\/"},{"@type":"ListItem","position":2,"name":"Our Games","item":"https:\/\/www.libellud.com\/en\/our-games\/"},{"@type":"ListItem","position":3,"name":"Mysterium Kids: Captain Echo&#8217;s Treasure"}]},{"@type":"WebSite","@id":"https:\/\/www.libellud.com\/#website","url":"https:\/\/www.libellud.com\/","name":"Libellud","description":"\u00c9diteur de jeux de soci\u00e9t\u00e9 depuis 2008","potentialAction":[{"@type":"SearchAction","target":{"@type":"EntryPoint","urlTemplate":"https:\/\/www.libellud.com\/?s={search_term_string}"},"query-input":{"@type":"PropertyValueSpecification","valueRequired":true,"valueName":"search_term_string"}}],"inLanguage":"en-US"}]}},"_links":{"self":[{"href":"https:\/\/www.libellud.com\/en\/wp-json\/wp\/v2\/pages\/10631","targetHints":{"allow":["GET"]}}],"collection":[{"href":"https:\/\/www.libellud.com\/en\/wp-json\/wp\/v2\/pages"}],"about":[{"href":"https:\/\/www.libellud.com\/en\/wp-json\/wp\/v2\/types\/page"}],"author":[{"embeddable":true,"href":"https:\/\/www.libellud.com\/en\/wp-json\/wp\/v2\/users\/3"}],"replies":[{"embeddable":true,"href":"https:\/\/www.libellud.com\/en\/wp-json\/wp\/v2\/comments?post=10631"}],"version-history":[{"count":16,"href":"https:\/\/www.libellud.com\/en\/wp-json\/wp\/v2\/pages\/10631\/revisions"}],"predecessor-version":[{"id":11908,"href":"https:\/\/www.libellud.com\/en\/wp-json\/wp\/v2\/pages\/10631\/revisions\/11908"}],"up":[{"embeddable":true,"href":"https:\/\/www.libellud.com\/en\/wp-json\/wp\/v2\/pages\/9610"}],"wp:attachment":[{"href":"https:\/\/www.libellud.com\/en\/wp-json\/wp\/v2\/media?parent=10631"}],"curies":[{"name":"wp","href":"https:\/\/api.w.org\/{rel}","templated":true}]}}