{"id":11743,"date":"2023-08-02T10:58:48","date_gmt":"2023-08-02T08:58:48","guid":{"rendered":"https:\/\/www.libellud.com\/?page_id=11743"},"modified":"2023-12-20T16:03:34","modified_gmt":"2023-12-20T14:03:34","slug":"dixit-disney","status":"publish","type":"page","link":"https:\/\/www.libellud.com\/en\/our-games\/dixit-disney\/","title":{"rendered":"Dixit &#8211; Disney Edition"},"content":{"rendered":"\n\n\t<p><strong>Dixit, the Modern Classic, Meets the Disney Universe!<\/strong><\/p>\n<p>Discover another way to play <em>Dixit<\/em> with <em>Dixit Disney<\/em>, the image interpretation game.<\/p>\n\t<p><em>Dixit Disney<\/em> is a simple and lighthearted game of storytelling, interpretation, and guesswork. Players will be challenged and delighted as they reveal a series of cards featuring gorgeous Disney-themed images. Their connection: an enigmatic statement centered on one of the revealed cards. Find the correct image and score points. With 84 new cards based on iconic Disney &amp; Pixar films, from Steamboat Willie to Turning Red, <em>Dixit Disney<\/em> will captivate players.<\/p>\n<p><strong>Designer :<\/strong> Jean-Louis Roubira<\/p>\n<p><strong>Artist :<\/strong> Natalie Dombois<\/p>\n<p><strong>Release :<\/strong> September 2023<\/p>\n\t\t\t\t<img loading=\"lazy\" decoding=\"async\" src=\"https:\/\/cdn.svc.asmodee.net\/production-libellud\/uploads\/2022\/02\/image2-300x44.png\" alt=\"image2\" itemprop=\"image\" height=\"44\" width=\"300\" title=\"image2\" onerror=\"this.style.display='none'\"  \/>\n\t\t\t\t<img loading=\"lazy\" decoding=\"async\" src=\"https:\/\/cdn.svc.asmodee.net\/production-libellud\/uploads\/2023\/05\/DIXIT_DISNEY_TOP_BOX_EN-1.png\" alt=\"DIXIT_DISNEY_TOP_BOX_EN\" itemprop=\"image\" height=\"818\" width=\"818\" title=\"DIXIT_DISNEY_TOP_BOX_EN\" onerror=\"this.style.display='none'\"  \/>\n\t<iframe loading=\"lazy\" width=\"560\" height=\"315\" src=\"https:\/\/www.youtube.com\/embed\/eJQDBiMnEs0\" title=\"YouTube video player\" frameborder=\"0\" allow=\"accelerometer; autoplay; clipboard-write; encrypted-media; gyroscope; picture-in-picture; web-share\" allowfullscreen><\/iframe>\n\t<strong>Dixit Disney games rules<br \/>\nin few steps<\/strong>\n\t\t\t<a href=\"https:\/\/cdn.svc.asmodee.net\/production-libellud\/uploads\/2023\/07\/DIXIT_DISNEY_RULES_EN_HD-1.pdf\" target=\"_self\" rel=\"noopener\">\n\t\t\t\t\t\t\tDownload rules\n\t\t\t\t\t<\/a>\n\t\t\t\t<img loading=\"lazy\" decoding=\"async\" src=\"https:\/\/cdn.svc.asmodee.net\/production-libellud\/uploads\/2023\/07\/Wide-Shots_Dixit-Disney-Edition_Photography_16.jpg\" alt=\"Wide Shots_Dixit Disney Edition_Photography_16\" itemprop=\"image\" height=\"1080\" width=\"1619\" title=\"Wide Shots_Dixit Disney Edition_Photography_16\" onerror=\"this.style.display='none'\"  \/>\n\tWhen it&#8217;s your turn, embody the <strong>storyteller<\/strong>.<br \/>\nPick a card from your hand (hide it from the other players), and <strong>announce a theme<\/strong> that the illustration inspires you.\n\t\t\t\t<img loading=\"lazy\" decoding=\"async\" src=\"https:\/\/cdn.svc.asmodee.net\/production-libellud\/uploads\/2023\/07\/Wide-Shots_Dixit-Disney-Edition_Photography_18.jpg\" alt=\"Wide Shots_Dixit Disney Edition_Photography_18\" itemprop=\"image\" height=\"1080\" width=\"1619\" title=\"Wide Shots_Dixit Disney Edition_Photography_18\" onerror=\"this.style.display='none'\"  \/>\n\t<p>The other players choose a card from their hands that <strong>makes them think of that theme.<\/strong><\/p>\n\t\t\t\t<img loading=\"lazy\" decoding=\"async\" src=\"https:\/\/cdn.svc.asmodee.net\/production-libellud\/uploads\/2023\/07\/Wide-Shots_Dixit-Disney-Edition_Photography_23.jpg\" alt=\"Wide Shots_Dixit Disney Edition_Photography_23\" itemprop=\"image\" height=\"1080\" width=\"1619\" title=\"Wide Shots_Dixit Disney Edition_Photography_23\" onerror=\"this.style.display='none'\"  \/>\n\t<p>Cards are shuffled and revealed: players <strong>take a vote<\/strong> to find your card.<\/p>\n\t\t\t\t<img loading=\"lazy\" decoding=\"async\" src=\"https:\/\/cdn.svc.asmodee.net\/production-libellud\/uploads\/2023\/07\/Wide-Shots_Dixit-Disney-Edition_Photography_8.jpg\" alt=\"Wide Shots_Dixit Disney Edition_Photography_8\" itemprop=\"image\" height=\"1080\" width=\"1619\" title=\"Wide Shots_Dixit Disney Edition_Photography_8\" onerror=\"this.style.display='none'\"  \/>\n\t<p>You <strong>score points<\/strong> if some of the players, yet not all of them, find your card! Your chosen theme should neither be too obvious, nor too evasive.<\/p>\n\t\t\t\t<img loading=\"lazy\" decoding=\"async\" src=\"https:\/\/cdn.svc.asmodee.net\/production-libellud\/uploads\/2023\/05\/DIXIT_DISNEY_BoxPackshot_R_EN_LD.png\" alt=\"DIXIT_DISNEY_Box+Packshot_R_EN_LD\" itemprop=\"image\" height=\"770\" width=\"1023\" title=\"DIXIT_DISNEY_Box+Packshot_R_EN_LD\" onerror=\"this.style.display='none'\"  \/>\n\t<p><strong>Dixit Universe<\/strong><\/p>\n<p><em>Dixit<\/em> is an enchanting card game created by game designer, Jean-Louis Roubira. Featuring stunning, ethereal illustrations by artist Marie Cardouat, Dixit immerses players in a world of imagination and storytelling. With over a dozen awards, including the 2010 Spiel des Jahres, and the 2009 As d&#8217;Or, Dixit invites you to discover 84 dreamlike illustrations and share your interpretations with other players. Accessible and elegant, Dixit is a perfect game to play with family and friends as you explore your creativity get to know your loved ones from a whole new perspective.<\/p>\n\t\t\t<a href=\"https:\/\/www.libellud.com\/en\/our-games\/dixit-universe\/\" target=\"_self\" rel=\"noopener\">\n\t\t\t\t\t\t\tDiscover more\n\t\t\t\t\t<\/a>\n\t\t\t\t<img loading=\"lazy\" decoding=\"async\" src=\"https:\/\/cdn.svc.asmodee.net\/production-libellud\/uploads\/2023\/05\/MicrosoftTeams-image-6.png\" alt=\"MicrosoftTeams-image (6)\" itemprop=\"image\" height=\"2066\" width=\"1518\" title=\"MicrosoftTeams-image (6)\" onerror=\"this.style.display='none'\"  \/>\n\t<p>Resources<\/p>\nContinue the <em>Dixit Disney<\/em> adventure with our downloadable contents including game rules, image<br \/>\nbanks, wallpapers, exclusive files and more, by clicking below:\n\t\t\t<a href=\"https:\/\/www.libellud.com\/en\/resources\/dixit-disney\/\" target=\"_self\" rel=\"noopener\">\n\t\t\t\t\t\t\tDiscover more\n\t\t\t\t\t<\/a>\n\t<p>Learn more about Dixit<\/p>\n<p>Feel free to check our latest articles about the Dixit game! Interviews, exclusive news and contests regularly appear in the <a href=\"https:\/\/www.libellud.com\/en\/our-news\/\">News section<\/a>!<\/p>\n<p>&nbsp;<\/p>\n\n","protected":false},"excerpt":{"rendered":"<p>Dixit, the Modern Classic, Meets the Disney Universe! Discover another way to play Dixit with Dixit Disney, the image interpretation game. Dixit Disney is a simple and lighthearted game of storytelling, interpretation, and guesswork. Players will be challenged and delighted as they reveal a series of cards featuring gorgeous Disney-themed images. Their connection: an enigmatic [&hellip;]<\/p>\n","protected":false},"author":10,"featured_media":0,"parent":9610,"menu_order":0,"comment_status":"closed","ping_status":"closed","template":"","meta":{"_acf_changed":false,"footnotes":""},"class_list":["post-11743","page","type-page","status-publish","hentry"],"acf":[],"yoast_head":"<!-- This site is optimized with the Yoast SEO plugin v26.9 - https:\/\/yoast.com\/product\/yoast-seo-wordpress\/ -->\n<title>Dixit - Disney Edition - Libellud<\/title>\n<meta name=\"robots\" content=\"index, follow, max-snippet:-1, max-image-preview:large, max-video-preview:-1\" \/>\n<link rel=\"canonical\" href=\"https:\/\/www.libellud.com\/en\/our-games\/dixit-disney\/\" \/>\n<meta property=\"og:locale\" content=\"en_US\" \/>\n<meta property=\"og:type\" content=\"article\" \/>\n<meta property=\"og:title\" content=\"Dixit - Disney Edition - Libellud\" \/>\n<meta property=\"og:description\" content=\"Dixit, the Modern Classic, Meets the Disney Universe! Discover another way to play Dixit with Dixit Disney, the image interpretation game. Dixit Disney is a simple and lighthearted game of storytelling, interpretation, and guesswork. Players will be challenged and delighted as they reveal a series of cards featuring gorgeous Disney-themed images. Their connection: an enigmatic [&hellip;]\" \/>\n<meta property=\"og:url\" content=\"https:\/\/www.libellud.com\/en\/our-games\/dixit-disney\/\" \/>\n<meta property=\"og:site_name\" content=\"Libellud\" \/>\n<meta property=\"article:modified_time\" content=\"2023-12-20T14:03:34+00:00\" \/>\n<meta property=\"og:image\" content=\"https:\/\/cdn.svc.asmodee.net\/production-libellud\/uploads\/2022\/02\/image2-300x44.png\" \/>\n<meta name=\"twitter:card\" content=\"summary_large_image\" \/>\n<meta name=\"twitter:label1\" content=\"Est. reading time\" \/>\n\t<meta name=\"twitter:data1\" content=\"4 minutes\" \/>\n<script type=\"application\/ld+json\" class=\"yoast-schema-graph\">{\"@context\":\"https:\/\/schema.org\",\"@graph\":[{\"@type\":\"WebPage\",\"@id\":\"https:\/\/www.libellud.com\/en\/our-games\/dixit-disney\/\",\"url\":\"https:\/\/www.libellud.com\/en\/our-games\/dixit-disney\/\",\"name\":\"Dixit - Disney Edition - Libellud\",\"isPartOf\":{\"@id\":\"https:\/\/www.libellud.com\/#website\"},\"primaryImageOfPage\":{\"@id\":\"https:\/\/www.libellud.com\/en\/our-games\/dixit-disney\/#primaryimage\"},\"image\":{\"@id\":\"https:\/\/www.libellud.com\/en\/our-games\/dixit-disney\/#primaryimage\"},\"thumbnailUrl\":\"https:\/\/cdn.svc.asmodee.net\/production-libellud\/uploads\/2022\/02\/image2-300x44.png\",\"datePublished\":\"2023-08-02T08:58:48+00:00\",\"dateModified\":\"2023-12-20T14:03:34+00:00\",\"breadcrumb\":{\"@id\":\"https:\/\/www.libellud.com\/en\/our-games\/dixit-disney\/#breadcrumb\"},\"inLanguage\":\"en-US\",\"potentialAction\":[{\"@type\":\"ReadAction\",\"target\":[\"https:\/\/www.libellud.com\/en\/our-games\/dixit-disney\/\"]}]},{\"@type\":\"ImageObject\",\"inLanguage\":\"en-US\",\"@id\":\"https:\/\/www.libellud.com\/en\/our-games\/dixit-disney\/#primaryimage\",\"url\":\"https:\/\/cdn.svc.asmodee.net\/production-libellud\/uploads\/2022\/02\/image2-300x44.png\",\"contentUrl\":\"https:\/\/cdn.svc.asmodee.net\/production-libellud\/uploads\/2022\/02\/image2-300x44.png\"},{\"@type\":\"BreadcrumbList\",\"@id\":\"https:\/\/www.libellud.com\/en\/our-games\/dixit-disney\/#breadcrumb\",\"itemListElement\":[{\"@type\":\"ListItem\",\"position\":1,\"name\":\"Home\",\"item\":\"https:\/\/www.libellud.com\/en\/\"},{\"@type\":\"ListItem\",\"position\":2,\"name\":\"Our Games\",\"item\":\"https:\/\/www.libellud.com\/en\/our-games\/\"},{\"@type\":\"ListItem\",\"position\":3,\"name\":\"Dixit - Disney Edition\"}]},{\"@type\":\"WebSite\",\"@id\":\"https:\/\/www.libellud.com\/#website\",\"url\":\"https:\/\/www.libellud.com\/\",\"name\":\"Libellud\",\"description\":\"\u00c9diteur de jeux de soci\u00e9t\u00e9 depuis 2008\",\"potentialAction\":[{\"@type\":\"SearchAction\",\"target\":{\"@type\":\"EntryPoint\",\"urlTemplate\":\"https:\/\/www.libellud.com\/?s={search_term_string}\"},\"query-input\":{\"@type\":\"PropertyValueSpecification\",\"valueRequired\":true,\"valueName\":\"search_term_string\"}}],\"inLanguage\":\"en-US\"}]}<\/script>\n<!-- \/ Yoast SEO plugin. -->","yoast_head_json":{"title":"Dixit - Disney Edition - Libellud","robots":{"index":"index","follow":"follow","max-snippet":"max-snippet:-1","max-image-preview":"max-image-preview:large","max-video-preview":"max-video-preview:-1"},"canonical":"https:\/\/www.libellud.com\/en\/our-games\/dixit-disney\/","og_locale":"en_US","og_type":"article","og_title":"Dixit - Disney Edition - Libellud","og_description":"Dixit, the Modern Classic, Meets the Disney Universe! Discover another way to play Dixit with Dixit Disney, the image interpretation game. Dixit Disney is a simple and lighthearted game of storytelling, interpretation, and guesswork. Players will be challenged and delighted as they reveal a series of cards featuring gorgeous Disney-themed images. Their connection: an enigmatic [&hellip;]","og_url":"https:\/\/www.libellud.com\/en\/our-games\/dixit-disney\/","og_site_name":"Libellud","article_modified_time":"2023-12-20T14:03:34+00:00","og_image":[{"url":"https:\/\/cdn.svc.asmodee.net\/production-libellud\/uploads\/2022\/02\/image2-300x44.png","type":"","width":"","height":""}],"twitter_card":"summary_large_image","twitter_misc":{"Est. reading time":"4 minutes"},"schema":{"@context":"https:\/\/schema.org","@graph":[{"@type":"WebPage","@id":"https:\/\/www.libellud.com\/en\/our-games\/dixit-disney\/","url":"https:\/\/www.libellud.com\/en\/our-games\/dixit-disney\/","name":"Dixit - Disney Edition - Libellud","isPartOf":{"@id":"https:\/\/www.libellud.com\/#website"},"primaryImageOfPage":{"@id":"https:\/\/www.libellud.com\/en\/our-games\/dixit-disney\/#primaryimage"},"image":{"@id":"https:\/\/www.libellud.com\/en\/our-games\/dixit-disney\/#primaryimage"},"thumbnailUrl":"https:\/\/cdn.svc.asmodee.net\/production-libellud\/uploads\/2022\/02\/image2-300x44.png","datePublished":"2023-08-02T08:58:48+00:00","dateModified":"2023-12-20T14:03:34+00:00","breadcrumb":{"@id":"https:\/\/www.libellud.com\/en\/our-games\/dixit-disney\/#breadcrumb"},"inLanguage":"en-US","potentialAction":[{"@type":"ReadAction","target":["https:\/\/www.libellud.com\/en\/our-games\/dixit-disney\/"]}]},{"@type":"ImageObject","inLanguage":"en-US","@id":"https:\/\/www.libellud.com\/en\/our-games\/dixit-disney\/#primaryimage","url":"https:\/\/cdn.svc.asmodee.net\/production-libellud\/uploads\/2022\/02\/image2-300x44.png","contentUrl":"https:\/\/cdn.svc.asmodee.net\/production-libellud\/uploads\/2022\/02\/image2-300x44.png"},{"@type":"BreadcrumbList","@id":"https:\/\/www.libellud.com\/en\/our-games\/dixit-disney\/#breadcrumb","itemListElement":[{"@type":"ListItem","position":1,"name":"Home","item":"https:\/\/www.libellud.com\/en\/"},{"@type":"ListItem","position":2,"name":"Our Games","item":"https:\/\/www.libellud.com\/en\/our-games\/"},{"@type":"ListItem","position":3,"name":"Dixit - Disney Edition"}]},{"@type":"WebSite","@id":"https:\/\/www.libellud.com\/#website","url":"https:\/\/www.libellud.com\/","name":"Libellud","description":"\u00c9diteur de jeux de soci\u00e9t\u00e9 depuis 2008","potentialAction":[{"@type":"SearchAction","target":{"@type":"EntryPoint","urlTemplate":"https:\/\/www.libellud.com\/?s={search_term_string}"},"query-input":{"@type":"PropertyValueSpecification","valueRequired":true,"valueName":"search_term_string"}}],"inLanguage":"en-US"}]}},"_links":{"self":[{"href":"https:\/\/www.libellud.com\/en\/wp-json\/wp\/v2\/pages\/11743","targetHints":{"allow":["GET"]}}],"collection":[{"href":"https:\/\/www.libellud.com\/en\/wp-json\/wp\/v2\/pages"}],"about":[{"href":"https:\/\/www.libellud.com\/en\/wp-json\/wp\/v2\/types\/page"}],"author":[{"embeddable":true,"href":"https:\/\/www.libellud.com\/en\/wp-json\/wp\/v2\/users\/10"}],"replies":[{"embeddable":true,"href":"https:\/\/www.libellud.com\/en\/wp-json\/wp\/v2\/comments?post=11743"}],"version-history":[{"count":32,"href":"https:\/\/www.libellud.com\/en\/wp-json\/wp\/v2\/pages\/11743\/revisions"}],"predecessor-version":[{"id":12042,"href":"https:\/\/www.libellud.com\/en\/wp-json\/wp\/v2\/pages\/11743\/revisions\/12042"}],"up":[{"embeddable":true,"href":"https:\/\/www.libellud.com\/en\/wp-json\/wp\/v2\/pages\/9610"}],"wp:attachment":[{"href":"https:\/\/www.libellud.com\/en\/wp-json\/wp\/v2\/media?parent=11743"}],"curies":[{"name":"wp","href":"https:\/\/api.w.org\/{rel}","templated":true}]}}