{"id":12038,"date":"2023-12-20T15:59:51","date_gmt":"2023-12-20T13:59:51","guid":{"rendered":"https:\/\/www.libellud.com\/?page_id=12038"},"modified":"2023-12-20T16:02:09","modified_gmt":"2023-12-20T14:02:09","slug":"dixit-disney","status":"publish","type":"page","link":"https:\/\/www.libellud.com\/en\/resources\/dixit-disney\/","title":{"rendered":"Dixit Disney Resources"},"content":{"rendered":"\r\n<p>Images bank<\/p>\r\n<p>Download the game&#8217;s visuals such as the box, cover, logo, back of boxes as well as various pre-selected elements to illustrate your items.<\/p>\r\n<p><a href=\"https:\/\/cdn.svc.asmodee.net\/production-libellud\/uploads\/2023\/08\/US-UK-HD.zip\" target=\"_self\" rel=\"noopener\" download=\"\"> T\u00e9l\u00e9charger <\/a><\/p>\r\n<p>Rules<\/p>\r\n<p>Download the Rules of the Game in PDF format.<\/p>\r\n<p><a href=\"https:\/\/cdn.svc.asmodee.net\/production-libellud\/uploads\/2023\/07\/DIXIT_DISNEY_RULES_EN_HD-1.pdf\" target=\"_blank\" rel=\"noopener\"> T\u00e9l\u00e9charger <\/a> <a id=\"fl-accordion--label-0\" tabindex=\"0\" aria-controls=\"fl-accordion--panel-0\"><\/a>Disney cards <a id=\"fl-accordion--icon-0\" tabindex=\"-1\" href=\"#\" aria-controls=\"fl-accordion--panel-0\"><i>Expand<\/i><\/a><\/p>\r\n<p><a href=\"https:\/\/cdn.svc.asmodee.net\/production-libellud\/uploads\/2023\/12\/DIXIT_DISNEY_OVERVIEW_2_2_HD.pdf\">Disney cards reference<\/a><\/p>\r\n","protected":false},"excerpt":{"rendered":"<p>Images bank Download the game&#8217;s visuals such as the box, cover, logo, back of boxes as well as various pre-selected elements to illustrate your items. T\u00e9l\u00e9charger Rules Download the Rules of the Game in PDF format. T\u00e9l\u00e9charger Disney cards Expand Disney cards reference<\/p>\n","protected":false},"author":10,"featured_media":0,"parent":9615,"menu_order":0,"comment_status":"closed","ping_status":"closed","template":"","meta":{"_acf_changed":false,"footnotes":""},"class_list":["post-12038","page","type-page","status-publish","hentry"],"acf":[],"yoast_head":"<!-- This site is optimized with the Yoast SEO plugin v26.9 - https:\/\/yoast.com\/product\/yoast-seo-wordpress\/ -->\n<title>Dixit Disney Resources - Libellud<\/title>\n<meta name=\"robots\" content=\"index, follow, max-snippet:-1, max-image-preview:large, max-video-preview:-1\" \/>\n<link rel=\"canonical\" href=\"https:\/\/www.libellud.com\/en\/resources\/dixit-disney\/\" \/>\n<meta property=\"og:locale\" content=\"en_US\" \/>\n<meta property=\"og:type\" content=\"article\" \/>\n<meta property=\"og:title\" content=\"Dixit Disney Resources - Libellud\" \/>\n<meta property=\"og:description\" content=\"Images bank Download the game&#8217;s visuals such as the box, cover, logo, back of boxes as well as various pre-selected elements to illustrate your items. T\u00e9l\u00e9charger Rules Download the Rules of the Game in PDF format. T\u00e9l\u00e9charger Disney cards Expand Disney cards reference\" \/>\n<meta property=\"og:url\" content=\"https:\/\/www.libellud.com\/en\/resources\/dixit-disney\/\" \/>\n<meta property=\"og:site_name\" content=\"Libellud\" \/>\n<meta property=\"article:modified_time\" content=\"2023-12-20T14:02:09+00:00\" \/>\n<meta name=\"twitter:card\" content=\"summary_large_image\" \/>\n<meta name=\"twitter:label1\" content=\"Est. reading time\" \/>\n\t<meta name=\"twitter:data1\" content=\"1 minute\" \/>\n<script type=\"application\/ld+json\" class=\"yoast-schema-graph\">{\"@context\":\"https:\/\/schema.org\",\"@graph\":[{\"@type\":\"WebPage\",\"@id\":\"https:\/\/www.libellud.com\/en\/resources\/dixit-disney\/\",\"url\":\"https:\/\/www.libellud.com\/en\/resources\/dixit-disney\/\",\"name\":\"Dixit Disney Resources - Libellud\",\"isPartOf\":{\"@id\":\"https:\/\/www.libellud.com\/#website\"},\"datePublished\":\"2023-12-20T13:59:51+00:00\",\"dateModified\":\"2023-12-20T14:02:09+00:00\",\"breadcrumb\":{\"@id\":\"https:\/\/www.libellud.com\/en\/resources\/dixit-disney\/#breadcrumb\"},\"inLanguage\":\"en-US\",\"potentialAction\":[{\"@type\":\"ReadAction\",\"target\":[\"https:\/\/www.libellud.com\/en\/resources\/dixit-disney\/\"]}]},{\"@type\":\"BreadcrumbList\",\"@id\":\"https:\/\/www.libellud.com\/en\/resources\/dixit-disney\/#breadcrumb\",\"itemListElement\":[{\"@type\":\"ListItem\",\"position\":1,\"name\":\"Home\",\"item\":\"https:\/\/www.libellud.com\/en\/\"},{\"@type\":\"ListItem\",\"position\":2,\"name\":\"Resources\",\"item\":\"https:\/\/www.libellud.com\/en\/resources\/\"},{\"@type\":\"ListItem\",\"position\":3,\"name\":\"Dixit Disney Resources\"}]},{\"@type\":\"WebSite\",\"@id\":\"https:\/\/www.libellud.com\/#website\",\"url\":\"https:\/\/www.libellud.com\/\",\"name\":\"Libellud\",\"description\":\"\u00c9diteur de jeux de soci\u00e9t\u00e9 depuis 2008\",\"potentialAction\":[{\"@type\":\"SearchAction\",\"target\":{\"@type\":\"EntryPoint\",\"urlTemplate\":\"https:\/\/www.libellud.com\/?s={search_term_string}\"},\"query-input\":{\"@type\":\"PropertyValueSpecification\",\"valueRequired\":true,\"valueName\":\"search_term_string\"}}],\"inLanguage\":\"en-US\"}]}<\/script>\n<!-- \/ Yoast SEO plugin. -->","yoast_head_json":{"title":"Dixit Disney Resources - Libellud","robots":{"index":"index","follow":"follow","max-snippet":"max-snippet:-1","max-image-preview":"max-image-preview:large","max-video-preview":"max-video-preview:-1"},"canonical":"https:\/\/www.libellud.com\/en\/resources\/dixit-disney\/","og_locale":"en_US","og_type":"article","og_title":"Dixit Disney Resources - Libellud","og_description":"Images bank Download the game&#8217;s visuals such as the box, cover, logo, back of boxes as well as various pre-selected elements to illustrate your items. T\u00e9l\u00e9charger Rules Download the Rules of the Game in PDF format. T\u00e9l\u00e9charger Disney cards Expand Disney cards reference","og_url":"https:\/\/www.libellud.com\/en\/resources\/dixit-disney\/","og_site_name":"Libellud","article_modified_time":"2023-12-20T14:02:09+00:00","twitter_card":"summary_large_image","twitter_misc":{"Est. reading time":"1 minute"},"schema":{"@context":"https:\/\/schema.org","@graph":[{"@type":"WebPage","@id":"https:\/\/www.libellud.com\/en\/resources\/dixit-disney\/","url":"https:\/\/www.libellud.com\/en\/resources\/dixit-disney\/","name":"Dixit Disney Resources - Libellud","isPartOf":{"@id":"https:\/\/www.libellud.com\/#website"},"datePublished":"2023-12-20T13:59:51+00:00","dateModified":"2023-12-20T14:02:09+00:00","breadcrumb":{"@id":"https:\/\/www.libellud.com\/en\/resources\/dixit-disney\/#breadcrumb"},"inLanguage":"en-US","potentialAction":[{"@type":"ReadAction","target":["https:\/\/www.libellud.com\/en\/resources\/dixit-disney\/"]}]},{"@type":"BreadcrumbList","@id":"https:\/\/www.libellud.com\/en\/resources\/dixit-disney\/#breadcrumb","itemListElement":[{"@type":"ListItem","position":1,"name":"Home","item":"https:\/\/www.libellud.com\/en\/"},{"@type":"ListItem","position":2,"name":"Resources","item":"https:\/\/www.libellud.com\/en\/resources\/"},{"@type":"ListItem","position":3,"name":"Dixit Disney Resources"}]},{"@type":"WebSite","@id":"https:\/\/www.libellud.com\/#website","url":"https:\/\/www.libellud.com\/","name":"Libellud","description":"\u00c9diteur de jeux de soci\u00e9t\u00e9 depuis 2008","potentialAction":[{"@type":"SearchAction","target":{"@type":"EntryPoint","urlTemplate":"https:\/\/www.libellud.com\/?s={search_term_string}"},"query-input":{"@type":"PropertyValueSpecification","valueRequired":true,"valueName":"search_term_string"}}],"inLanguage":"en-US"}]}},"_links":{"self":[{"href":"https:\/\/www.libellud.com\/en\/wp-json\/wp\/v2\/pages\/12038","targetHints":{"allow":["GET"]}}],"collection":[{"href":"https:\/\/www.libellud.com\/en\/wp-json\/wp\/v2\/pages"}],"about":[{"href":"https:\/\/www.libellud.com\/en\/wp-json\/wp\/v2\/types\/page"}],"author":[{"embeddable":true,"href":"https:\/\/www.libellud.com\/en\/wp-json\/wp\/v2\/users\/10"}],"replies":[{"embeddable":true,"href":"https:\/\/www.libellud.com\/en\/wp-json\/wp\/v2\/comments?post=12038"}],"version-history":[{"count":3,"href":"https:\/\/www.libellud.com\/en\/wp-json\/wp\/v2\/pages\/12038\/revisions"}],"predecessor-version":[{"id":12041,"href":"https:\/\/www.libellud.com\/en\/wp-json\/wp\/v2\/pages\/12038\/revisions\/12041"}],"up":[{"embeddable":true,"href":"https:\/\/www.libellud.com\/en\/wp-json\/wp\/v2\/pages\/9615"}],"wp:attachment":[{"href":"https:\/\/www.libellud.com\/en\/wp-json\/wp\/v2\/media?parent=12038"}],"curies":[{"name":"wp","href":"https:\/\/api.w.org\/{rel}","templated":true}]}}