{"id":12282,"date":"2024-03-26T18:50:35","date_gmt":"2024-03-26T16:50:35","guid":{"rendered":"https:\/\/www.libellud.com\/?page_id=12282"},"modified":"2024-12-10T16:44:33","modified_gmt":"2024-12-10T14:44:33","slug":"harmonies","status":"publish","type":"page","link":"https:\/\/www.libellud.com\/en\/our-games\/harmonies\/","title":{"rendered":"Harmonies"},"content":{"rendered":"\n\n\t<p><strong>All the tactics lie in nature, it&#8217;s up to you to reveal yours!\u00a0<\/strong><\/p>\n<p>In this new board game designed by Johan Benvenuto and illustrated by Ma\u00ebva Da Silva, combine reflection, strategy, and creativity with involvement and the joy of creating your most beautiful landscape to welcome animals.<\/p>\n<p>Harmonies is more than a game; it&#8217;s an invitation to build, explore, and dream.<\/p>\n<p><strong>At the heart of the game\u00a0<\/strong><\/p>\n<p>Harmonies captivates with its mechanics: 3D landscape creation, tile placement, and pattern development. Each decision impacts the ecosystem you create, offering a deep and satisfying gaming experience. The game includes a solo mode, adding the spirits of nature to the game&#8217;s animal cards.\u00a0<\/p>\n<p><strong>Designer<\/strong>: Johan Benvenuto\u00a0<\/p>\n<p><strong>Artwork<\/strong>: Ma\u00ebva Da Silva<\/p>\n<p><strong>Release<\/strong>: April 2024<\/p>\n\t\t\t\t<img loading=\"lazy\" decoding=\"async\" src=\"https:\/\/cdn.svc.asmodee.net\/production-libellud\/uploads\/2024\/03\/BOX_RIGHT_HARMONIES_491x539.png\" alt=\"BOX_RIGHT_HARMONIES_491x539\" itemprop=\"image\" height=\"539\" width=\"491\" title=\"BOX_RIGHT_HARMONIES_491x539\" onerror=\"this.style.display='none'\"  \/>\n\t\t\t\t<img loading=\"lazy\" decoding=\"async\" src=\"https:\/\/cdn.svc.asmodee.net\/production-libellud\/uploads\/2024\/03\/ADN-HARMONIES_824_122.png\" alt=\"ADN-HARMONIES_824_122\" itemprop=\"image\" height=\"122\" width=\"824\" title=\"ADN-HARMONIES_824_122\" onerror=\"this.style.display='none'\"  \/>\n\t<iframe loading=\"lazy\" width=\"560\" height=\"315\" src=\"https:\/\/www.youtube.com\/embed\/8tnOAFMw_jQ?si=1gZX1WJpEqeRRrgY\" title=\"YouTube video player\" frameborder=\"0\" allow=\"accelerometer; autoplay; clipboard-write; encrypted-media; gyroscope; picture-in-picture; web-share\" referrerpolicy=\"strict-origin-when-cross-origin\" allowfullscreen><\/iframe>\n\t<strong>Harmonies rules of the game<br \/>\nin few steps<\/strong>\n\t\t\t<a href=\"https:\/\/cdn.svc.asmodee.net\/production-libellud\/uploads\/2024\/12\/HARMONIES_Rules_EN.pdf\" target=\"_self\" rel=\"noopener\">\n\t\t\t\t\t\t\tDownload the rules\n\t\t\t\t\t<\/a>\n\t\t\t\t<img loading=\"lazy\" decoding=\"async\" src=\"https:\/\/cdn.svc.asmodee.net\/production-libellud\/uploads\/2024\/03\/09.png\" alt=\"09\" itemprop=\"image\" height=\"667\" width=\"1000\" title=\"09\" onerror=\"this.style.display='none'\"  \/>\n<p><strong>Choose<\/strong> and <strong>place<\/strong> the various features that will <strong>form your Landscape.<\/strong><\/p>\n\t\t\t\t<img loading=\"lazy\" decoding=\"async\" src=\"https:\/\/cdn.svc.asmodee.net\/production-libellud\/uploads\/2024\/03\/08.png\" alt=\"08\" itemprop=\"image\" height=\"667\" width=\"1000\" title=\"08\" onerror=\"this.style.display='none'\"  \/>\n<p><strong>Attract Animals<\/strong> who can settle in your Landscape with their required Habitats.<\/p>\n\t\t\t\t<img loading=\"lazy\" decoding=\"async\" src=\"https:\/\/cdn.svc.asmodee.net\/production-libellud\/uploads\/2024\/03\/19.png\" alt=\"19\" itemprop=\"image\" height=\"667\" width=\"1000\" title=\"19\" onerror=\"this.style.display='none'\"  \/>\n\t<p><strong>Create your Landscape<\/strong> and <strong>place as many animals<\/strong> as you can.<\/p>\n\t<p><strong>Resources<\/strong><\/p>\n<p>Continue the Harmonies adventure with our downloadable contents including game rules, image banks, wallpapers, exclusive files and more, by clicking below:<\/p>\n\t\t\t\t<a href=\"https:\/\/cdn.svc.asmodee.net\/production-libellud\/uploads\/2024\/12\/HARMONIES_Rules_EN.pdf\" target=\"_self\" itemprop=\"url\" rel=\"noopener\">\n\t\t\t\t<img loading=\"lazy\" decoding=\"async\" src=\"https:\/\/cdn.svc.asmodee.net\/production-libellud\/uploads\/2022\/03\/icones_regles-1-150x150.png\" alt=\"Game rules\" itemprop=\"image\" height=\"150\" width=\"150\" title=\"icones_regles\" onerror=\"this.style.display='none'\"  \/>\n\t\t\t\t<\/a>\n\t\tGame rules\n\t\t\t\t<a href=\"https:\/\/cdn.svc.asmodee.net\/production-libellud\/uploads\/2024\/03\/PRESSKIT_HARMONIES_EN-LITE.zip\" target=\"_self\" itemprop=\"url\" rel=\"noopener\">\n\t\t\t\t<img loading=\"lazy\" decoding=\"async\" src=\"https:\/\/cdn.svc.asmodee.net\/production-libellud\/uploads\/2022\/03\/icone_elementsjeu-1-150x150.png\" alt=\"Image collection\" itemprop=\"image\" height=\"150\" width=\"150\" title=\"icone_elementsjeu\" onerror=\"this.style.display='none'\"  \/>\n\t\t\t\t<\/a>\n\t\tImage collection\n\t\t\t<a href=\"https:\/\/www.libellud.com\/en\/resources\/harmonies\/\" target=\"_self\" rel=\"noopener\">\n\t\t\t\t\t\t\tAll ressources\n\t\t\t\t\t<\/a>\n\t\t\t\t<a href=\"https:\/\/www.hobbynext.com\/offer\/harmonies-natures-spirit-card-and-4-transparent-pawns\/\" target=\"_blank\" rel=\"noopener\" itemprop=\"url\">\n\t\t\t\t<img loading=\"lazy\" decoding=\"async\" src=\"https:\/\/cdn.svc.asmodee.net\/production-libellud\/uploads\/2024\/04\/HARMONIES_HOBBYNEXT_fb.jpg\" alt=\"HARMONIES_HOBBYNEXT_fb\" itemprop=\"image\" height=\"630\" width=\"1200\" title=\"HARMONIES_HOBBYNEXT_fb\" onerror=\"this.style.display='none'\"  \/>\n\t\t\t\t<\/a>\n\t\t\t\t<img loading=\"lazy\" decoding=\"async\" src=\"https:\/\/cdn.svc.asmodee.net\/production-libellud\/uploads\/2024\/03\/HARMONIES_Goodie_all_adjusted.png\" alt=\"HARMONIES_Goodie_all_adjusted\" itemprop=\"image\" height=\"2116\" width=\"2260\" title=\"HARMONIES_Goodie_all_adjusted\" onerror=\"this.style.display='none'\"  \/>\n\t<p>&nbsp;<\/p>\n<p>&nbsp;<\/p>\n<p>With this Nature&#8217;s Spirit, you <strong>earn 2 points for each Animal cube connected to your Nature&#8217;s Spirit cube.<\/strong><\/p>\n<p>In the example opposite, this card earns you 12 points. In solo mode, this card is worth 0 Sun.<\/p>\n<p>The pack also includes 4 exclusive Nature&#8217;s Spirit pawns. Use them instead of the Nature&#8217;s Spirit cubes initially included in your game.<\/p>\n\t\t\t\t<img loading=\"lazy\" decoding=\"async\" src=\"https:\/\/cdn.svc.asmodee.net\/production-libellud\/uploads\/2024\/03\/22.png\" alt=\"22\" itemprop=\"image\" height=\"1000\" width=\"1500\" title=\"22\" onerror=\"this.style.display='none'\"  \/>\n\t\t\t\t<img loading=\"lazy\" decoding=\"async\" src=\"https:\/\/cdn.svc.asmodee.net\/production-libellud\/uploads\/2024\/03\/Harmonies_3_cover.png\" alt=\"Harmonies_3_cover\" itemprop=\"image\" height=\"1000\" width=\"1500\" title=\"Harmonies_3_cover\" onerror=\"this.style.display='none'\"  \/>\n\t\t\t\t<img loading=\"lazy\" decoding=\"async\" src=\"https:\/\/cdn.svc.asmodee.net\/production-libellud\/uploads\/2024\/03\/reshoot_01.png\" alt=\"reshoot_01\" itemprop=\"image\" height=\"1000\" width=\"1500\" title=\"reshoot_01\" onerror=\"this.style.display='none'\"  \/>\n\t\t\t\t<img loading=\"lazy\" decoding=\"async\" src=\"https:\/\/cdn.svc.asmodee.net\/production-libellud\/uploads\/2024\/03\/Harmonies_01.png\" alt=\"Harmonies_01\" itemprop=\"image\" height=\"1000\" width=\"1500\" title=\"Harmonies_01\" onerror=\"this.style.display='none'\"  \/>\n\n","protected":false},"excerpt":{"rendered":"<p>All the tactics lie in nature, it&#8217;s up to you to reveal yours!\u00a0 In this new board game designed by Johan Benvenuto and illustrated by Ma\u00ebva Da Silva, combine reflection, strategy, and creativity with involvement and the joy of creating your most beautiful landscape to welcome animals. Harmonies is more than a game; it&#8217;s an [&hellip;]<\/p>\n","protected":false},"author":10,"featured_media":12074,"parent":9610,"menu_order":0,"comment_status":"closed","ping_status":"closed","template":"","meta":{"_acf_changed":false,"footnotes":""},"class_list":["post-12282","page","type-page","status-publish","has-post-thumbnail","hentry"],"acf":[],"yoast_head":"<!-- This site is optimized with the Yoast SEO plugin v26.9 - https:\/\/yoast.com\/product\/yoast-seo-wordpress\/ -->\n<title>Harmonies - Libellud<\/title>\n<meta name=\"robots\" content=\"index, follow, max-snippet:-1, max-image-preview:large, max-video-preview:-1\" \/>\n<link rel=\"canonical\" href=\"https:\/\/www.libellud.com\/en\/our-games\/harmonies\/\" \/>\n<meta property=\"og:locale\" content=\"en_US\" \/>\n<meta property=\"og:type\" content=\"article\" \/>\n<meta property=\"og:title\" content=\"Harmonies - Libellud\" \/>\n<meta property=\"og:description\" content=\"All the tactics lie in nature, it&#8217;s up to you to reveal yours!\u00a0 In this new board game designed by Johan Benvenuto and illustrated by Ma\u00ebva Da Silva, combine reflection, strategy, and creativity with involvement and the joy of creating your most beautiful landscape to welcome animals. Harmonies is more than a game; it&#8217;s an [&hellip;]\" \/>\n<meta property=\"og:url\" content=\"https:\/\/www.libellud.com\/en\/our-games\/harmonies\/\" \/>\n<meta property=\"og:site_name\" content=\"Libellud\" \/>\n<meta property=\"article:modified_time\" content=\"2024-12-10T14:44:33+00:00\" \/>\n<meta property=\"og:image\" content=\"https:\/\/cdn.svc.asmodee.net\/production-libellud\/uploads\/2024\/02\/HARMONIES_BOX_COM_L-965x1024.png\" \/>\n\t<meta property=\"og:image:width\" content=\"965\" \/>\n\t<meta property=\"og:image:height\" content=\"1024\" \/>\n\t<meta property=\"og:image:type\" content=\"image\/png\" \/>\n<meta name=\"twitter:card\" content=\"summary_large_image\" \/>\n<meta name=\"twitter:label1\" content=\"Est. reading time\" \/>\n\t<meta name=\"twitter:data1\" content=\"4 minutes\" \/>\n<script type=\"application\/ld+json\" class=\"yoast-schema-graph\">{\"@context\":\"https:\/\/schema.org\",\"@graph\":[{\"@type\":\"WebPage\",\"@id\":\"https:\/\/www.libellud.com\/en\/our-games\/harmonies\/\",\"url\":\"https:\/\/www.libellud.com\/en\/our-games\/harmonies\/\",\"name\":\"Harmonies - Libellud\",\"isPartOf\":{\"@id\":\"https:\/\/www.libellud.com\/#website\"},\"primaryImageOfPage\":{\"@id\":\"https:\/\/www.libellud.com\/en\/our-games\/harmonies\/#primaryimage\"},\"image\":{\"@id\":\"https:\/\/www.libellud.com\/en\/our-games\/harmonies\/#primaryimage\"},\"thumbnailUrl\":\"https:\/\/cdn.svc.asmodee.net\/production-libellud\/uploads\/image-converter\/2024\/02\/HARMONIES_BOX_COM_L.webp\",\"datePublished\":\"2024-03-26T16:50:35+00:00\",\"dateModified\":\"2024-12-10T14:44:33+00:00\",\"breadcrumb\":{\"@id\":\"https:\/\/www.libellud.com\/en\/our-games\/harmonies\/#breadcrumb\"},\"inLanguage\":\"en-US\",\"potentialAction\":[{\"@type\":\"ReadAction\",\"target\":[\"https:\/\/www.libellud.com\/en\/our-games\/harmonies\/\"]}]},{\"@type\":\"ImageObject\",\"inLanguage\":\"en-US\",\"@id\":\"https:\/\/www.libellud.com\/en\/our-games\/harmonies\/#primaryimage\",\"url\":\"https:\/\/cdn.svc.asmodee.net\/production-libellud\/uploads\/image-converter\/2024\/02\/HARMONIES_BOX_COM_L.webp\",\"contentUrl\":\"https:\/\/cdn.svc.asmodee.net\/production-libellud\/uploads\/image-converter\/2024\/02\/HARMONIES_BOX_COM_L.webp\",\"width\":2171,\"height\":2303},{\"@type\":\"BreadcrumbList\",\"@id\":\"https:\/\/www.libellud.com\/en\/our-games\/harmonies\/#breadcrumb\",\"itemListElement\":[{\"@type\":\"ListItem\",\"position\":1,\"name\":\"Home\",\"item\":\"https:\/\/www.libellud.com\/en\/\"},{\"@type\":\"ListItem\",\"position\":2,\"name\":\"Our Games\",\"item\":\"https:\/\/www.libellud.com\/en\/our-games\/\"},{\"@type\":\"ListItem\",\"position\":3,\"name\":\"Harmonies\"}]},{\"@type\":\"WebSite\",\"@id\":\"https:\/\/www.libellud.com\/#website\",\"url\":\"https:\/\/www.libellud.com\/\",\"name\":\"Libellud\",\"description\":\"\u00c9diteur de jeux de soci\u00e9t\u00e9 depuis 2008\",\"potentialAction\":[{\"@type\":\"SearchAction\",\"target\":{\"@type\":\"EntryPoint\",\"urlTemplate\":\"https:\/\/www.libellud.com\/?s={search_term_string}\"},\"query-input\":{\"@type\":\"PropertyValueSpecification\",\"valueRequired\":true,\"valueName\":\"search_term_string\"}}],\"inLanguage\":\"en-US\"}]}<\/script>\n<!-- \/ Yoast SEO plugin. -->","yoast_head_json":{"title":"Harmonies - Libellud","robots":{"index":"index","follow":"follow","max-snippet":"max-snippet:-1","max-image-preview":"max-image-preview:large","max-video-preview":"max-video-preview:-1"},"canonical":"https:\/\/www.libellud.com\/en\/our-games\/harmonies\/","og_locale":"en_US","og_type":"article","og_title":"Harmonies - Libellud","og_description":"All the tactics lie in nature, it&#8217;s up to you to reveal yours!\u00a0 In this new board game designed by Johan Benvenuto and illustrated by Ma\u00ebva Da Silva, combine reflection, strategy, and creativity with involvement and the joy of creating your most beautiful landscape to welcome animals. Harmonies is more than a game; it&#8217;s an [&hellip;]","og_url":"https:\/\/www.libellud.com\/en\/our-games\/harmonies\/","og_site_name":"Libellud","article_modified_time":"2024-12-10T14:44:33+00:00","og_image":[{"width":965,"height":1024,"url":"https:\/\/cdn.svc.asmodee.net\/production-libellud\/uploads\/2024\/02\/HARMONIES_BOX_COM_L-965x1024.png","type":"image\/png"}],"twitter_card":"summary_large_image","twitter_misc":{"Est. reading time":"4 minutes"},"schema":{"@context":"https:\/\/schema.org","@graph":[{"@type":"WebPage","@id":"https:\/\/www.libellud.com\/en\/our-games\/harmonies\/","url":"https:\/\/www.libellud.com\/en\/our-games\/harmonies\/","name":"Harmonies - Libellud","isPartOf":{"@id":"https:\/\/www.libellud.com\/#website"},"primaryImageOfPage":{"@id":"https:\/\/www.libellud.com\/en\/our-games\/harmonies\/#primaryimage"},"image":{"@id":"https:\/\/www.libellud.com\/en\/our-games\/harmonies\/#primaryimage"},"thumbnailUrl":"https:\/\/cdn.svc.asmodee.net\/production-libellud\/uploads\/image-converter\/2024\/02\/HARMONIES_BOX_COM_L.webp","datePublished":"2024-03-26T16:50:35+00:00","dateModified":"2024-12-10T14:44:33+00:00","breadcrumb":{"@id":"https:\/\/www.libellud.com\/en\/our-games\/harmonies\/#breadcrumb"},"inLanguage":"en-US","potentialAction":[{"@type":"ReadAction","target":["https:\/\/www.libellud.com\/en\/our-games\/harmonies\/"]}]},{"@type":"ImageObject","inLanguage":"en-US","@id":"https:\/\/www.libellud.com\/en\/our-games\/harmonies\/#primaryimage","url":"https:\/\/cdn.svc.asmodee.net\/production-libellud\/uploads\/image-converter\/2024\/02\/HARMONIES_BOX_COM_L.webp","contentUrl":"https:\/\/cdn.svc.asmodee.net\/production-libellud\/uploads\/image-converter\/2024\/02\/HARMONIES_BOX_COM_L.webp","width":2171,"height":2303},{"@type":"BreadcrumbList","@id":"https:\/\/www.libellud.com\/en\/our-games\/harmonies\/#breadcrumb","itemListElement":[{"@type":"ListItem","position":1,"name":"Home","item":"https:\/\/www.libellud.com\/en\/"},{"@type":"ListItem","position":2,"name":"Our Games","item":"https:\/\/www.libellud.com\/en\/our-games\/"},{"@type":"ListItem","position":3,"name":"Harmonies"}]},{"@type":"WebSite","@id":"https:\/\/www.libellud.com\/#website","url":"https:\/\/www.libellud.com\/","name":"Libellud","description":"\u00c9diteur de jeux de soci\u00e9t\u00e9 depuis 2008","potentialAction":[{"@type":"SearchAction","target":{"@type":"EntryPoint","urlTemplate":"https:\/\/www.libellud.com\/?s={search_term_string}"},"query-input":{"@type":"PropertyValueSpecification","valueRequired":true,"valueName":"search_term_string"}}],"inLanguage":"en-US"}]}},"_links":{"self":[{"href":"https:\/\/www.libellud.com\/en\/wp-json\/wp\/v2\/pages\/12282","targetHints":{"allow":["GET"]}}],"collection":[{"href":"https:\/\/www.libellud.com\/en\/wp-json\/wp\/v2\/pages"}],"about":[{"href":"https:\/\/www.libellud.com\/en\/wp-json\/wp\/v2\/types\/page"}],"author":[{"embeddable":true,"href":"https:\/\/www.libellud.com\/en\/wp-json\/wp\/v2\/users\/10"}],"replies":[{"embeddable":true,"href":"https:\/\/www.libellud.com\/en\/wp-json\/wp\/v2\/comments?post=12282"}],"version-history":[{"count":26,"href":"https:\/\/www.libellud.com\/en\/wp-json\/wp\/v2\/pages\/12282\/revisions"}],"predecessor-version":[{"id":12826,"href":"https:\/\/www.libellud.com\/en\/wp-json\/wp\/v2\/pages\/12282\/revisions\/12826"}],"up":[{"embeddable":true,"href":"https:\/\/www.libellud.com\/en\/wp-json\/wp\/v2\/pages\/9610"}],"wp:featuredmedia":[{"embeddable":true,"href":"https:\/\/www.libellud.com\/en\/wp-json\/wp\/v2\/media\/12074"}],"wp:attachment":[{"href":"https:\/\/www.libellud.com\/en\/wp-json\/wp\/v2\/media?parent=12282"}],"curies":[{"name":"wp","href":"https:\/\/api.w.org\/{rel}","templated":true}]}}