{"id":12329,"date":"2024-03-27T22:12:09","date_gmt":"2024-03-27T20:12:09","guid":{"rendered":"https:\/\/www.libellud.com\/?page_id=12329"},"modified":"2026-04-14T16:50:53","modified_gmt":"2026-04-14T14:50:53","slug":"harmonies","status":"publish","type":"page","link":"https:\/\/www.libellud.com\/en\/resources\/harmonies\/","title":{"rendered":"Harmonies Resources"},"content":{"rendered":"\n\n\tImage Bank<br \/>\n\n<p>Download the game&#8217;s visuals such as the box, cover, logo, back of boxes as well as various pre-selected elements to illustrate your items.<\/p>\n\t\t\t<a href=\"https:\/\/cdn.svc.asmodee.net\/production-libellud\/uploads\/2024\/03\/PRESSKIT_HARMONIES_EN-LITE.zip\"  target=\"_self\"  download>\n\t\t\t\t\t\t\tDownload\n\t\t\t\t\t<\/a>\n\t<p>Rules<\/p>\n<p>Download the Rules of the Game booklet in PDF format.<\/p>\n\t\t\t<a href=\"https:\/\/cdn.svc.asmodee.net\/production-libellud\/uploads\/2024\/12\/HARMONIES_Rules_EN.pdf\"  target=\"_blank\" rel=\"noopener\"    rel=\"noopener\">\n\t\t\t\t\t\t\tDownload\n\t\t\t\t\t<\/a>\n\t<p>Scoresheet pad<\/p>\n<p>Download and print scoresheets.<\/p>\n\t\t\t<a href=\"https:\/\/cdn.svc.asmodee.net\/production-libellud\/uploads\/2024\/05\/HARMONIES_fiches-de-score_A4.pdf\"  target=\"_blank\" rel=\"noopener\"    rel=\"noopener\">\n\t\t\t\t\t\t\tDownload\n\t\t\t\t\t<\/a>\n\t\t\t\t\t<a role=\"heading\" aria-level=\"2\" tabindex=\"-1\"  id=\"fl-accordion--label-0\">All Videos Rules<\/a>\n\t\t\t\t\t\t\t\t\t\t\t<button type=\"button\" id=\"fl-accordion--icon-0\" aria-expanded=\"true\" aria-controls=\"fl-accordion--panel-0\"><i>Collapse<\/i><\/button>\n\t\t\t\t\t<ul>\n<li><a href=\"https:\/\/www.libellud.com\/how-to-play-videos\/francais\/\">Fran\u00e7ais<\/a><\/li>\n<li><a href=\"https:\/\/www.libellud.com\/how-to-play-videos\/english\/\">Anglais<\/a><\/li>\n<li><a href=\"https:\/\/www.libellud.com\/how-to-play-videos\/german\/\">Deutsch<\/a><\/li>\n<li><a href=\"https:\/\/www.libellud.com\/how-to-play-videos\/italiano\/\">Italiano<\/a><\/li>\n<\/ul>\n\t\t\t\t\t<a role=\"heading\" aria-level=\"2\" tabindex=\"-1\"  id=\"fl-accordion--label-0\">Images Bank Harmonies<\/a>\n\t\t\t\t\t\t\t\t\t\t\t<button type=\"button\" id=\"fl-accordion--icon-0\" aria-expanded=\"false\" aria-controls=\"fl-accordion--panel-0\"><i>Expand<\/i><\/button>\n\t\t\t\t\t<p><a href=\"https:\/\/cdn.svc.asmodee.net\/production-libellud\/uploads\/2024\/03\/HARMONIES_CARDS_70x120_FINAL_PRINT_FRONT_V4.jpg\">Parrot<\/a><\/p>\n<p><a href=\"https:\/\/cdn.svc.asmodee.net\/production-libellud\/uploads\/2024\/03\/HARMONIES_CARDS_70x120_FINAL_PRINT_FRONT_V42.jpg\">Penguin<\/a><\/p>\n<p><a href=\"https:\/\/cdn.svc.asmodee.net\/production-libellud\/uploads\/2024\/03\/HARMONIES_CARDS_70x120_FINAL_PRINT_FRONT_V44.jpg\">Crow<\/a><\/p>\n<p><a href=\"https:\/\/cdn.svc.asmodee.net\/production-libellud\/uploads\/2024\/03\/HARMONIES_CARDS_70x120_FINAL_PRINT_FRONT_V43.jpg\">Fennec<\/a><\/p>\n\t\t\t\t\t<a role=\"heading\" aria-level=\"2\" tabindex=\"-1\"  id=\"fl-accordion--label-0\">Wallpapers<\/a>\n\t\t\t\t\t\t\t\t\t\t\t<button type=\"button\" id=\"fl-accordion--icon-0\" aria-expanded=\"false\" aria-controls=\"fl-accordion--panel-0\"><i>Expand<\/i><\/button>\n\t\t\t\t\t<p><a href=\"https:\/\/cdn.svc.asmodee.net\/production-libellud\/uploads\/2024\/04\/HARMONIES_HOBBYNEXT_fb.jpg\">Lion &#8211; Desktop<\/a><\/p>\n<p><a href=\"https:\/\/cdn.svc.asmodee.net\/production-libellud\/uploads\/2024\/04\/TELEPHONE_LION.jpg\">Lion &#8211; Mobile phone<\/a><\/p>\n<p><a href=\"https:\/\/cdn.svc.asmodee.net\/production-libellud\/uploads\/2024\/04\/DESKTOP_Ecureuil.jpg\">Squirrel &#8211; Desktop<\/a><\/p>\n<p><a href=\"https:\/\/cdn.svc.asmodee.net\/production-libellud\/uploads\/2024\/04\/TELEPHONE_ecureuil.jpg\">Squirrel &#8211; Mobile phone<\/a><\/p>\n<p><a href=\"https:\/\/cdn.svc.asmodee.net\/production-libellud\/uploads\/2024\/04\/DESKTOP_LIBELLULE.jpg\">Dragonfly &#8211; Desktop<\/a><\/p>\n<p><a href=\"https:\/\/cdn.svc.asmodee.net\/production-libellud\/uploads\/2024\/04\/TELEPHONE_LIBELLULE.jpg\">Dragonfly &#8211; Mobile phone<\/a><\/p>\n\n","protected":false},"excerpt":{"rendered":"<p>Image Bank Download the game&#8217;s visuals such as the box, cover, logo, back of boxes as well as various pre-selected elements to illustrate your items. Download Rules Download the Rules of the Game booklet in PDF format. Download Scoresheet pad Download and print scoresheets. Download All Videos Rules Collapse Fran\u00e7ais Anglais Deutsch Italiano Images Bank [&hellip;]<\/p>\n","protected":false},"author":10,"featured_media":0,"parent":9615,"menu_order":0,"comment_status":"closed","ping_status":"closed","template":"","meta":{"_acf_changed":false,"footnotes":""},"class_list":["post-12329","page","type-page","status-publish","hentry"],"acf":[],"yoast_head":"<!-- This site is optimized with the Yoast SEO plugin v27.4 - https:\/\/yoast.com\/product\/yoast-seo-wordpress\/ -->\n<title>Harmonies Resources - Libellud<\/title>\n<meta name=\"robots\" content=\"index, follow, max-snippet:-1, max-image-preview:large, max-video-preview:-1\" \/>\n<link rel=\"canonical\" href=\"https:\/\/www.libellud.com\/en\/resources\/harmonies\/\" \/>\n<meta property=\"og:locale\" content=\"en_US\" \/>\n<meta property=\"og:type\" content=\"article\" \/>\n<meta property=\"og:title\" content=\"Harmonies Resources - Libellud\" \/>\n<meta property=\"og:description\" content=\"Image Bank Download the game&#8217;s visuals such as the box, cover, logo, back of boxes as well as various pre-selected elements to illustrate your items. Download Rules Download the Rules of the Game booklet in PDF format. Download Scoresheet pad Download and print scoresheets. Download All Videos Rules Collapse Fran\u00e7ais Anglais Deutsch Italiano Images Bank [&hellip;]\" \/>\n<meta property=\"og:url\" content=\"https:\/\/www.libellud.com\/en\/resources\/harmonies\/\" \/>\n<meta property=\"og:site_name\" content=\"Libellud\" \/>\n<meta property=\"article:modified_time\" content=\"2026-04-14T14:50:53+00:00\" \/>\n<meta name=\"twitter:card\" content=\"summary_large_image\" \/>\n<meta name=\"twitter:label1\" content=\"Est. reading time\" \/>\n\t<meta name=\"twitter:data1\" content=\"1 minute\" \/>\n<script type=\"application\/ld+json\" class=\"yoast-schema-graph\">{\"@context\":\"https:\\\/\\\/schema.org\",\"@graph\":[{\"@type\":\"WebPage\",\"@id\":\"https:\\\/\\\/www.libellud.com\\\/en\\\/resources\\\/harmonies\\\/\",\"url\":\"https:\\\/\\\/www.libellud.com\\\/en\\\/resources\\\/harmonies\\\/\",\"name\":\"Harmonies Resources - Libellud\",\"isPartOf\":{\"@id\":\"https:\\\/\\\/www.libellud.com\\\/#website\"},\"datePublished\":\"2024-03-27T20:12:09+00:00\",\"dateModified\":\"2026-04-14T14:50:53+00:00\",\"breadcrumb\":{\"@id\":\"https:\\\/\\\/www.libellud.com\\\/en\\\/resources\\\/harmonies\\\/#breadcrumb\"},\"inLanguage\":\"en-US\",\"potentialAction\":[{\"@type\":\"ReadAction\",\"target\":[\"https:\\\/\\\/www.libellud.com\\\/en\\\/resources\\\/harmonies\\\/\"]}]},{\"@type\":\"BreadcrumbList\",\"@id\":\"https:\\\/\\\/www.libellud.com\\\/en\\\/resources\\\/harmonies\\\/#breadcrumb\",\"itemListElement\":[{\"@type\":\"ListItem\",\"position\":1,\"name\":\"Home\",\"item\":\"https:\\\/\\\/www.libellud.com\\\/en\\\/\"},{\"@type\":\"ListItem\",\"position\":2,\"name\":\"Resources\",\"item\":\"https:\\\/\\\/www.libellud.com\\\/en\\\/resources\\\/\"},{\"@type\":\"ListItem\",\"position\":3,\"name\":\"Harmonies Resources\"}]},{\"@type\":\"WebSite\",\"@id\":\"https:\\\/\\\/www.libellud.com\\\/#website\",\"url\":\"https:\\\/\\\/www.libellud.com\\\/\",\"name\":\"Libellud\",\"description\":\"\u00c9diteur de jeux de soci\u00e9t\u00e9 depuis 2008\",\"potentialAction\":[{\"@type\":\"SearchAction\",\"target\":{\"@type\":\"EntryPoint\",\"urlTemplate\":\"https:\\\/\\\/www.libellud.com\\\/?s={search_term_string}\"},\"query-input\":{\"@type\":\"PropertyValueSpecification\",\"valueRequired\":true,\"valueName\":\"search_term_string\"}}],\"inLanguage\":\"en-US\"}]}<\/script>\n<!-- \/ Yoast SEO plugin. -->","yoast_head_json":{"title":"Harmonies Resources - Libellud","robots":{"index":"index","follow":"follow","max-snippet":"max-snippet:-1","max-image-preview":"max-image-preview:large","max-video-preview":"max-video-preview:-1"},"canonical":"https:\/\/www.libellud.com\/en\/resources\/harmonies\/","og_locale":"en_US","og_type":"article","og_title":"Harmonies Resources - Libellud","og_description":"Image Bank Download the game&#8217;s visuals such as the box, cover, logo, back of boxes as well as various pre-selected elements to illustrate your items. Download Rules Download the Rules of the Game booklet in PDF format. Download Scoresheet pad Download and print scoresheets. Download All Videos Rules Collapse Fran\u00e7ais Anglais Deutsch Italiano Images Bank [&hellip;]","og_url":"https:\/\/www.libellud.com\/en\/resources\/harmonies\/","og_site_name":"Libellud","article_modified_time":"2026-04-14T14:50:53+00:00","twitter_card":"summary_large_image","twitter_misc":{"Est. reading time":"1 minute"},"schema":{"@context":"https:\/\/schema.org","@graph":[{"@type":"WebPage","@id":"https:\/\/www.libellud.com\/en\/resources\/harmonies\/","url":"https:\/\/www.libellud.com\/en\/resources\/harmonies\/","name":"Harmonies Resources - Libellud","isPartOf":{"@id":"https:\/\/www.libellud.com\/#website"},"datePublished":"2024-03-27T20:12:09+00:00","dateModified":"2026-04-14T14:50:53+00:00","breadcrumb":{"@id":"https:\/\/www.libellud.com\/en\/resources\/harmonies\/#breadcrumb"},"inLanguage":"en-US","potentialAction":[{"@type":"ReadAction","target":["https:\/\/www.libellud.com\/en\/resources\/harmonies\/"]}]},{"@type":"BreadcrumbList","@id":"https:\/\/www.libellud.com\/en\/resources\/harmonies\/#breadcrumb","itemListElement":[{"@type":"ListItem","position":1,"name":"Home","item":"https:\/\/www.libellud.com\/en\/"},{"@type":"ListItem","position":2,"name":"Resources","item":"https:\/\/www.libellud.com\/en\/resources\/"},{"@type":"ListItem","position":3,"name":"Harmonies Resources"}]},{"@type":"WebSite","@id":"https:\/\/www.libellud.com\/#website","url":"https:\/\/www.libellud.com\/","name":"Libellud","description":"\u00c9diteur de jeux de soci\u00e9t\u00e9 depuis 2008","potentialAction":[{"@type":"SearchAction","target":{"@type":"EntryPoint","urlTemplate":"https:\/\/www.libellud.com\/?s={search_term_string}"},"query-input":{"@type":"PropertyValueSpecification","valueRequired":true,"valueName":"search_term_string"}}],"inLanguage":"en-US"}]}},"_links":{"self":[{"href":"https:\/\/www.libellud.com\/en\/wp-json\/wp\/v2\/pages\/12329","targetHints":{"allow":["GET"]}}],"collection":[{"href":"https:\/\/www.libellud.com\/en\/wp-json\/wp\/v2\/pages"}],"about":[{"href":"https:\/\/www.libellud.com\/en\/wp-json\/wp\/v2\/types\/page"}],"author":[{"embeddable":true,"href":"https:\/\/www.libellud.com\/en\/wp-json\/wp\/v2\/users\/10"}],"replies":[{"embeddable":true,"href":"https:\/\/www.libellud.com\/en\/wp-json\/wp\/v2\/comments?post=12329"}],"version-history":[{"count":12,"href":"https:\/\/www.libellud.com\/en\/wp-json\/wp\/v2\/pages\/12329\/revisions"}],"predecessor-version":[{"id":13523,"href":"https:\/\/www.libellud.com\/en\/wp-json\/wp\/v2\/pages\/12329\/revisions\/13523"}],"up":[{"embeddable":true,"href":"https:\/\/www.libellud.com\/en\/wp-json\/wp\/v2\/pages\/9615"}],"wp:attachment":[{"href":"https:\/\/www.libellud.com\/en\/wp-json\/wp\/v2\/media?parent=12329"}],"curies":[{"name":"wp","href":"https:\/\/api.w.org\/{rel}","templated":true}]}}