{"id":12601,"date":"2024-05-28T14:24:48","date_gmt":"2024-05-28T12:24:48","guid":{"rendered":"https:\/\/www.libellud.com\/?page_id=12601"},"modified":"2024-07-08T17:51:17","modified_gmt":"2024-07-08T15:51:17","slug":"dixit-odyssey","status":"publish","type":"page","link":"https:\/\/www.libellud.com\/en\/our-games\/dixit-odyssey\/","title":{"rendered":"Dixit Odyssey"},"content":{"rendered":"\n\n\t<p>A picture is worth a thousand words.<\/p>\n\nDiscover another way to play games with <em>Dixit Odyssey<\/em>, the image<strong> interpretation game.<\/strong>\n<p><em>Dixit<\/em> is an enchanting card game inviting you to let your imagination run wild. Discover 84 dreamlike illustrations on text-free large cards, and interpret those mysterious images.<\/p>\n\nAccessible and family oriented, <em>Dixit Odyssey<\/em> is the <strong>perfect game<\/strong> to play with family or friends and get to know your peers from another perspective.\n\n<em>Dixit Odyssey<\/em> offers <strong>84 special illustrated cards<\/strong> and allows up to 12 players, thus guaranteeing an <strong>ideal family game.<\/strong>\n<p>&nbsp;<\/p>\n<p><strong>Design:<\/strong> Jean-Louis Roubira<\/p>\n<p><strong>Artist:<\/strong> Marie Cardouat &amp; Pier\u00f4<\/p>\n<p><strong>Releases:<\/strong> First edition (February 2011)\/ Second one (June 2024)<\/p>\n\t\t\t\t<img loading=\"lazy\" decoding=\"async\" src=\"https:\/\/cdn.svc.asmodee.net\/production-libellud\/uploads\/2024\/04\/ADN_DIXIT-ODYSSEY-REFRESH.png\" alt=\"ADN_DIXIT ODYSSEY REFRESH\" itemprop=\"image\" height=\"122\" width=\"824\" title=\"ADN_DIXIT ODYSSEY REFRESH\" onerror=\"this.style.display='none'\"  \/>\n\t\t\t\t<img loading=\"lazy\" decoding=\"async\" src=\"https:\/\/cdn.svc.asmodee.net\/production-libellud\/uploads\/2024\/04\/DIXIT-ODYSSEY-REFRESH_RIGHT-FR.png\" alt=\"DIXIT ODYSSEY REFRESH_RIGHT-FR\" itemprop=\"image\" height=\"2006\" width=\"1820\" title=\"DIXIT ODYSSEY REFRESH_RIGHT-FR\" onerror=\"this.style.display='none'\"  \/>\n\t<p><iframe loading=\"lazy\" width=\"560\" height=\"315\" src=\"https:\/\/www.youtube.com\/embed\/cMIOI39iZAw?si=qzVeVNEXsraldCVJ\" title=\"YouTube video player\" frameborder=\"0\" allow=\"accelerometer; autoplay; clipboard-write; encrypted-media; gyroscope; picture-in-picture; web-share\" referrerpolicy=\"strict-origin-when-cross-origin\" allowfullscreen><\/iframe><\/p>\n\t<strong>The games rules of Dixit Odyssey<br \/>\nin few steps<br \/>\n<\/strong>\n\t\t\t<a href=\"https:\/\/cdn.svc.asmodee.net\/production-libellud\/uploads\/2022\/03\/DIXIT_REFRESH_RULES_US-UK-AU_BD.pdf\" target=\"_self\" rel=\"noopener\">\n\t\t\t\t\t\t\tDownload Rules\n\t\t\t\t\t<\/a>\n\t\t\t\t<img loading=\"lazy\" decoding=\"async\" src=\"https:\/\/cdn.svc.asmodee.net\/production-libellud\/uploads\/2022\/03\/DSC00741-scaled.jpg\" alt=\"DSC00741\" itemprop=\"image\" height=\"2048\" width=\"2048\" title=\"DSC00741\" onerror=\"this.style.display='none'\"  \/>\n\t<p>When it&#8217;s your turn as the storyteller, secretly pick a card from your hand and state the theme that its illustration inspires you<\/p>\n\t\t\t\t<img loading=\"lazy\" decoding=\"async\" src=\"https:\/\/cdn.svc.asmodee.net\/production-libellud\/uploads\/2022\/03\/DSC00715-scaled.jpg\" alt=\"DSC00715\" itemprop=\"image\" height=\"2048\" width=\"2048\" title=\"DSC00715\" onerror=\"this.style.display='none'\"  \/>\n\t<p>Other players choose secretly a card from their hand that corresponds in their opinion to the theme.<\/p>\n\t\t\t\t<img loading=\"lazy\" decoding=\"async\" src=\"https:\/\/cdn.svc.asmodee.net\/production-libellud\/uploads\/2022\/03\/DSC00914-scaled.jpg\" alt=\"DSC00914\" itemprop=\"image\" height=\"2011\" width=\"2048\" title=\"DSC00914\" onerror=\"this.style.display='none'\"  \/>\n\t<p>Cards are shuffled and then placed face-up: other players vote to decide which cards is your initial card.<\/p>\n\t\t\t\t<img loading=\"lazy\" decoding=\"async\" src=\"https:\/\/cdn.svc.asmodee.net\/production-libellud\/uploads\/2022\/03\/DSC00802-scaled.jpg\" alt=\"DSC00802\" itemprop=\"image\" height=\"2048\" width=\"2048\" title=\"DSC00802\" onerror=\"this.style.display='none'\"  \/>\n\t<p>You score points if some players, yet not all of them, find your card! Your theme should be neither too obvious nor too evasive.<\/p>\n\t\t\t\t<img loading=\"lazy\" decoding=\"async\" src=\"https:\/\/cdn.svc.asmodee.net\/production-libellud\/uploads\/2024\/04\/BOX-SPREAD_1049x711.png\" alt=\"BOX SPREAD_1049x711\" itemprop=\"image\" height=\"711\" width=\"1049\" title=\"BOX SPREAD_1049x711\" onerror=\"this.style.display='none'\"  \/>\n\t<p><strong>Expansions<\/strong><\/p>\n<p>Each <em>Dixit<\/em> expansion pack offers<strong> 84 new large size illustrated cards<\/strong> that correspond to the artist&#8217;s universe. Click on the expansions to discover the range of cards they include and to learn more about their illustrators. Use each <strong>expansion pack<\/strong> individually or combine them for a different <strong>game experience<\/strong> each time.<\/p>\n\t\t\t<a href=\"https:\/\/www.libellud.com\/en\/our-games\/dixit-expansions\/\" target=\"_self\" rel=\"noopener\">\n\t\t\t\t\t\t\tDiscover more\n\t\t\t\t\t<\/a>\n\t<p>Resources<\/p>\nContinue the <em>Dixit Odyssey<\/em> adventure with our <strong>downloadable contents<\/strong> including <strong>game rules<\/strong>, <strong>image<\/strong><br \/>\n<strong>banks<\/strong>, wallpapers, exclusive files and more, by clicking below:\n\t\t\t<a href=\"https:\/\/www.libellud.com\/en\/resources\/dixit-odyssey\/\" target=\"_self\" rel=\"noopener\">\n\t\t\t\t\t\t\tDiscover more\n\t\t\t\t\t<\/a>\n\tLearn more about Dixit Odyssey<br \/>\n\n<p>Feel free to check our latest articles about the <em>Dixit Odyssey<\/em> game! Interviews, exclusive news and contests regularly appear in the <a href=\"https:\/\/www.libellud.com\/en\/our-news\/\">News section<\/a>!<\/p>\n<p>&nbsp;<\/p>\n\n","protected":false},"excerpt":{"rendered":"<p>A picture is worth a thousand words. Discover another way to play games with Dixit Odyssey, the image interpretation game. Dixit is an enchanting card game inviting you to let your imagination run wild. Discover 84 dreamlike illustrations on text-free large cards, and interpret those mysterious images. Accessible and family oriented, Dixit Odyssey is the [&hellip;]<\/p>\n","protected":false},"author":10,"featured_media":12451,"parent":9610,"menu_order":0,"comment_status":"closed","ping_status":"closed","template":"","meta":{"_acf_changed":false,"footnotes":""},"class_list":["post-12601","page","type-page","status-publish","has-post-thumbnail","hentry"],"acf":[],"yoast_head":"<!-- This site is optimized with the Yoast SEO plugin v26.9 - https:\/\/yoast.com\/product\/yoast-seo-wordpress\/ -->\n<title>Dixit Odyssey - Libellud<\/title>\n<meta name=\"robots\" content=\"index, follow, max-snippet:-1, max-image-preview:large, max-video-preview:-1\" \/>\n<link rel=\"canonical\" href=\"https:\/\/www.libellud.com\/en\/our-games\/dixit-odyssey\/\" \/>\n<meta property=\"og:locale\" content=\"en_US\" \/>\n<meta property=\"og:type\" content=\"article\" \/>\n<meta property=\"og:title\" content=\"Dixit Odyssey - Libellud\" \/>\n<meta property=\"og:description\" content=\"A picture is worth a thousand words. Discover another way to play games with Dixit Odyssey, the image interpretation game. Dixit is an enchanting card game inviting you to let your imagination run wild. Discover 84 dreamlike illustrations on text-free large cards, and interpret those mysterious images. Accessible and family oriented, Dixit Odyssey is the [&hellip;]\" \/>\n<meta property=\"og:url\" content=\"https:\/\/www.libellud.com\/en\/our-games\/dixit-odyssey\/\" \/>\n<meta property=\"og:site_name\" content=\"Libellud\" \/>\n<meta property=\"article:modified_time\" content=\"2024-07-08T15:51:17+00:00\" \/>\n<meta property=\"og:image\" content=\"https:\/\/cdn.svc.asmodee.net\/production-libellud\/uploads\/2024\/04\/DIXIT-ODYSSEY-REFRESH_RIGHT-FR-929x1024.png\" \/>\n\t<meta property=\"og:image:width\" content=\"929\" \/>\n\t<meta property=\"og:image:height\" content=\"1024\" \/>\n\t<meta property=\"og:image:type\" content=\"image\/png\" \/>\n<meta name=\"twitter:card\" content=\"summary_large_image\" \/>\n<meta name=\"twitter:label1\" content=\"Est. reading time\" \/>\n\t<meta name=\"twitter:data1\" content=\"6 minutes\" \/>\n<script type=\"application\/ld+json\" class=\"yoast-schema-graph\">{\"@context\":\"https:\/\/schema.org\",\"@graph\":[{\"@type\":\"WebPage\",\"@id\":\"https:\/\/www.libellud.com\/en\/our-games\/dixit-odyssey\/\",\"url\":\"https:\/\/www.libellud.com\/en\/our-games\/dixit-odyssey\/\",\"name\":\"Dixit Odyssey - Libellud\",\"isPartOf\":{\"@id\":\"https:\/\/www.libellud.com\/#website\"},\"primaryImageOfPage\":{\"@id\":\"https:\/\/www.libellud.com\/en\/our-games\/dixit-odyssey\/#primaryimage\"},\"image\":{\"@id\":\"https:\/\/www.libellud.com\/en\/our-games\/dixit-odyssey\/#primaryimage\"},\"thumbnailUrl\":\"https:\/\/cdn.svc.asmodee.net\/production-libellud\/uploads\/image-converter\/2024\/04\/DIXIT-ODYSSEY-REFRESH_RIGHT-FR.webp\",\"datePublished\":\"2024-05-28T12:24:48+00:00\",\"dateModified\":\"2024-07-08T15:51:17+00:00\",\"breadcrumb\":{\"@id\":\"https:\/\/www.libellud.com\/en\/our-games\/dixit-odyssey\/#breadcrumb\"},\"inLanguage\":\"en-US\",\"potentialAction\":[{\"@type\":\"ReadAction\",\"target\":[\"https:\/\/www.libellud.com\/en\/our-games\/dixit-odyssey\/\"]}]},{\"@type\":\"ImageObject\",\"inLanguage\":\"en-US\",\"@id\":\"https:\/\/www.libellud.com\/en\/our-games\/dixit-odyssey\/#primaryimage\",\"url\":\"https:\/\/cdn.svc.asmodee.net\/production-libellud\/uploads\/image-converter\/2024\/04\/DIXIT-ODYSSEY-REFRESH_RIGHT-FR.webp\",\"contentUrl\":\"https:\/\/cdn.svc.asmodee.net\/production-libellud\/uploads\/image-converter\/2024\/04\/DIXIT-ODYSSEY-REFRESH_RIGHT-FR.webp\",\"width\":1820,\"height\":2006},{\"@type\":\"BreadcrumbList\",\"@id\":\"https:\/\/www.libellud.com\/en\/our-games\/dixit-odyssey\/#breadcrumb\",\"itemListElement\":[{\"@type\":\"ListItem\",\"position\":1,\"name\":\"Home\",\"item\":\"https:\/\/www.libellud.com\/en\/\"},{\"@type\":\"ListItem\",\"position\":2,\"name\":\"Our Games\",\"item\":\"https:\/\/www.libellud.com\/en\/our-games\/\"},{\"@type\":\"ListItem\",\"position\":3,\"name\":\"Dixit Odyssey\"}]},{\"@type\":\"WebSite\",\"@id\":\"https:\/\/www.libellud.com\/#website\",\"url\":\"https:\/\/www.libellud.com\/\",\"name\":\"Libellud\",\"description\":\"\u00c9diteur de jeux de soci\u00e9t\u00e9 depuis 2008\",\"potentialAction\":[{\"@type\":\"SearchAction\",\"target\":{\"@type\":\"EntryPoint\",\"urlTemplate\":\"https:\/\/www.libellud.com\/?s={search_term_string}\"},\"query-input\":{\"@type\":\"PropertyValueSpecification\",\"valueRequired\":true,\"valueName\":\"search_term_string\"}}],\"inLanguage\":\"en-US\"}]}<\/script>\n<!-- \/ Yoast SEO plugin. -->","yoast_head_json":{"title":"Dixit Odyssey - Libellud","robots":{"index":"index","follow":"follow","max-snippet":"max-snippet:-1","max-image-preview":"max-image-preview:large","max-video-preview":"max-video-preview:-1"},"canonical":"https:\/\/www.libellud.com\/en\/our-games\/dixit-odyssey\/","og_locale":"en_US","og_type":"article","og_title":"Dixit Odyssey - Libellud","og_description":"A picture is worth a thousand words. Discover another way to play games with Dixit Odyssey, the image interpretation game. Dixit is an enchanting card game inviting you to let your imagination run wild. Discover 84 dreamlike illustrations on text-free large cards, and interpret those mysterious images. Accessible and family oriented, Dixit Odyssey is the [&hellip;]","og_url":"https:\/\/www.libellud.com\/en\/our-games\/dixit-odyssey\/","og_site_name":"Libellud","article_modified_time":"2024-07-08T15:51:17+00:00","og_image":[{"width":929,"height":1024,"url":"https:\/\/cdn.svc.asmodee.net\/production-libellud\/uploads\/2024\/04\/DIXIT-ODYSSEY-REFRESH_RIGHT-FR-929x1024.png","type":"image\/png"}],"twitter_card":"summary_large_image","twitter_misc":{"Est. reading time":"6 minutes"},"schema":{"@context":"https:\/\/schema.org","@graph":[{"@type":"WebPage","@id":"https:\/\/www.libellud.com\/en\/our-games\/dixit-odyssey\/","url":"https:\/\/www.libellud.com\/en\/our-games\/dixit-odyssey\/","name":"Dixit Odyssey - Libellud","isPartOf":{"@id":"https:\/\/www.libellud.com\/#website"},"primaryImageOfPage":{"@id":"https:\/\/www.libellud.com\/en\/our-games\/dixit-odyssey\/#primaryimage"},"image":{"@id":"https:\/\/www.libellud.com\/en\/our-games\/dixit-odyssey\/#primaryimage"},"thumbnailUrl":"https:\/\/cdn.svc.asmodee.net\/production-libellud\/uploads\/image-converter\/2024\/04\/DIXIT-ODYSSEY-REFRESH_RIGHT-FR.webp","datePublished":"2024-05-28T12:24:48+00:00","dateModified":"2024-07-08T15:51:17+00:00","breadcrumb":{"@id":"https:\/\/www.libellud.com\/en\/our-games\/dixit-odyssey\/#breadcrumb"},"inLanguage":"en-US","potentialAction":[{"@type":"ReadAction","target":["https:\/\/www.libellud.com\/en\/our-games\/dixit-odyssey\/"]}]},{"@type":"ImageObject","inLanguage":"en-US","@id":"https:\/\/www.libellud.com\/en\/our-games\/dixit-odyssey\/#primaryimage","url":"https:\/\/cdn.svc.asmodee.net\/production-libellud\/uploads\/image-converter\/2024\/04\/DIXIT-ODYSSEY-REFRESH_RIGHT-FR.webp","contentUrl":"https:\/\/cdn.svc.asmodee.net\/production-libellud\/uploads\/image-converter\/2024\/04\/DIXIT-ODYSSEY-REFRESH_RIGHT-FR.webp","width":1820,"height":2006},{"@type":"BreadcrumbList","@id":"https:\/\/www.libellud.com\/en\/our-games\/dixit-odyssey\/#breadcrumb","itemListElement":[{"@type":"ListItem","position":1,"name":"Home","item":"https:\/\/www.libellud.com\/en\/"},{"@type":"ListItem","position":2,"name":"Our Games","item":"https:\/\/www.libellud.com\/en\/our-games\/"},{"@type":"ListItem","position":3,"name":"Dixit Odyssey"}]},{"@type":"WebSite","@id":"https:\/\/www.libellud.com\/#website","url":"https:\/\/www.libellud.com\/","name":"Libellud","description":"\u00c9diteur de jeux de soci\u00e9t\u00e9 depuis 2008","potentialAction":[{"@type":"SearchAction","target":{"@type":"EntryPoint","urlTemplate":"https:\/\/www.libellud.com\/?s={search_term_string}"},"query-input":{"@type":"PropertyValueSpecification","valueRequired":true,"valueName":"search_term_string"}}],"inLanguage":"en-US"}]}},"_links":{"self":[{"href":"https:\/\/www.libellud.com\/en\/wp-json\/wp\/v2\/pages\/12601","targetHints":{"allow":["GET"]}}],"collection":[{"href":"https:\/\/www.libellud.com\/en\/wp-json\/wp\/v2\/pages"}],"about":[{"href":"https:\/\/www.libellud.com\/en\/wp-json\/wp\/v2\/types\/page"}],"author":[{"embeddable":true,"href":"https:\/\/www.libellud.com\/en\/wp-json\/wp\/v2\/users\/10"}],"replies":[{"embeddable":true,"href":"https:\/\/www.libellud.com\/en\/wp-json\/wp\/v2\/comments?post=12601"}],"version-history":[{"count":6,"href":"https:\/\/www.libellud.com\/en\/wp-json\/wp\/v2\/pages\/12601\/revisions"}],"predecessor-version":[{"id":12699,"href":"https:\/\/www.libellud.com\/en\/wp-json\/wp\/v2\/pages\/12601\/revisions\/12699"}],"up":[{"embeddable":true,"href":"https:\/\/www.libellud.com\/en\/wp-json\/wp\/v2\/pages\/9610"}],"wp:featuredmedia":[{"embeddable":true,"href":"https:\/\/www.libellud.com\/en\/wp-json\/wp\/v2\/media\/12451"}],"wp:attachment":[{"href":"https:\/\/www.libellud.com\/en\/wp-json\/wp\/v2\/media?parent=12601"}],"curies":[{"name":"wp","href":"https:\/\/api.w.org\/{rel}","templated":true}]}}