{"id":13042,"date":"2025-09-03T17:39:24","date_gmt":"2025-09-03T15:39:24","guid":{"rendered":"https:\/\/www.libellud.com\/?page_id=13042"},"modified":"2025-09-15T10:05:23","modified_gmt":"2025-09-15T08:05:23","slug":"take-time","status":"publish","type":"page","link":"https:\/\/www.libellud.com\/en\/resources\/take-time\/","title":{"rendered":"Take Time Resources"},"content":{"rendered":"\r\n\r\n\tImage Bank<br \/>\r\n\r\n<p>Download the game&#8217;s visuals such as the box, cover, logo, back of boxes as well as various pre-selected elements to illustrate your items.<\/p>\r\n\t\t\t<a href=\"https:\/\/cdn.svc.asmodee.net\/production-libellud\/uploads\/2025\/09\/PRESS-KIT-EN.zip\" download target=\"_self\" rel=\"noopener\">\r\n\t\t\t\t\t\t\tDownload\r\n\t\t\t\t\t<\/a>\r\n\t<p>Rules<\/p>\r\n<p>Download the Rules of the Game booklet in PDF format.<\/p>\r\n\t<h2>All rules<\/h2>\r\n<p><a href=\"https:\/\/cdn.svc.asmodee.net\/production-libellud\/uploads\/2025\/09\/TT_RULES_EN_WEB.pdf\">Anglais | <\/a><a href=\"https:\/\/cdn.svc.asmodee.net\/production-libellud\/uploads\/2025\/09\/TT_RULES_ES_WEB.pdf\">Espa\u00f1ol | <\/a><a href=\"https:\/\/cdn.svc.asmodee.net\/production-libellud\/uploads\/2025\/09\/TT_RULES_IT_WEB.pdf\">Italiano <\/a><\/p>\r\n<p><a href=\"https:\/\/cdn.svc.asmodee.net\/production-libellud\/uploads\/2025\/09\/TT_RULES_NL_WEB.pdf\">Nederlands | <\/a><a href=\"https:\/\/cdn.svc.asmodee.net\/production-libellud\/uploads\/2025\/09\/TT_RULES_DE_WEB.pdf\">Deutsch | <\/a><a href=\"https:\/\/cdn.svc.asmodee.net\/production-libellud\/uploads\/2025\/09\/TT_RULES_JP_WEB.pdf\">\u65e5\u672c\u8a9e<\/a><\/p>\r\n<p><a href=\"https:\/\/cdn.svc.asmodee.net\/production-libellud\/uploads\/2025\/09\/TT_RULES_BR_WEB.pdf\">Brasileiro | <\/a><a href=\"https:\/\/cdn.svc.asmodee.net\/production-libellud\/uploads\/2025\/09\/TT_RULES_CNS_WEB.pdf\">\u4e2d\u56fd\u4eba | <\/a><a href=\"https:\/\/cdn.svc.asmodee.net\/production-libellud\/uploads\/2025\/09\/TT_RULES_CNT_WEB.pdf\">\u4e2d\u570b\u4eba<\/a><\/p>\r\n<p><a href=\"https:\/\/cdn.svc.asmodee.net\/production-libellud\/uploads\/2025\/09\/TT_RULES_CZ_WEB.pdf\">\u010ce\u0161tina | <\/a><a href=\"https:\/\/cdn.svc.asmodee.net\/production-libellud\/uploads\/2025\/09\/TT_RULES_EL_WEB.pdf\">\u0395\u03bb\u03bb\u03b7\u03bd\u03b9\u03ba\u03ac | M<\/a><a href=\"https:\/\/cdn.svc.asmodee.net\/production-libellud\/uploads\/2025\/09\/TT_RULES_HU_WEB.pdf\">agyar<\/a><\/p>\r\n<p><a href=\"https:\/\/cdn.svc.asmodee.net\/production-libellud\/uploads\/2025\/09\/TT_RULES_HR_WEB.pdf\">Hrvatski | <\/a><a href=\"https:\/\/cdn.svc.asmodee.net\/production-libellud\/uploads\/2025\/09\/TT_RULES_PL_WEB.pdf\">Polski | <\/a><a href=\"https:\/\/cdn.svc.asmodee.net\/production-libellud\/uploads\/2025\/09\/TT_RULES_RO_WEB.pdf\">Rom\u00e2n\u0103 | <\/a><a href=\"https:\/\/cdn.svc.asmodee.net\/production-libellud\/uploads\/2025\/09\/TT_RULES_SK_WEB.pdf\">Slovensk\u00fd<\/a><\/p>\r\n\t\t\t\t\t<a href=\"#\" id=\"fl-accordion--label-0\" tabindex=\"0\" aria-controls=\"fl-accordion--panel-0\">BoardgameShot pictures Take Time<\/a>\r\n\t\t\t\t\t\t\t\t\t\t\t<a href=\"#\" id=\"fl-accordion--icon-0\" tabindex=\"-1\"><i>Expand<\/i><\/a>\r\n\t\t\t\t\t<p><a href=\"https:\/\/www.libellud.com\/image-converter?url=https%3A%2F%2Fcdn.svc.asmodee.net%2Fproduction-libellud%2Fuploads%2F2025%2F09%2F02.png&amp;attachment_id=13023\">BoardgameShot 1<\/a><\/p>\r\n<p><a href=\"https:\/\/cdn.svc.asmodee.net\/production-libellud\/uploads\/image-converter\/2025\/09\/14.webp\">BoardgameShot 2<\/a><\/p>\r\n<p><a href=\"https:\/\/cdn.svc.asmodee.net\/production-libellud\/uploads\/image-converter\/2025\/09\/24.webp\">BoardgameShot 3<\/a><\/p>\r\n<p><a href=\"https:\/\/cdn.svc.asmodee.net\/production-libellud\/uploads\/image-converter\/2025\/09\/21.webp\">BoardgameShot 4<\/a><\/p>\r\n<p><a href=\"https:\/\/cdn.svc.asmodee.net\/production-libellud\/uploads\/image-converter\/2025\/09\/18.webp\">BoardgameShot 5<\/a><\/p>\r\n<p><a href=\"https:\/\/www.libellud.com\/image-converter?url=https%3A%2F%2Fcdn.svc.asmodee.net%2Fproduction-libellud%2Fuploads%2F2025%2F09%2F17.png&amp;attachment_id=13006\">BoardgameShot 6<\/a><\/p>\r\n<p><a href=\"https:\/\/www.libellud.com\/image-converter?url=https%3A%2F%2Fcdn.svc.asmodee.net%2Fproduction-libellud%2Fuploads%2F2025%2F09%2F16.png&amp;attachment_id=13004\">BoardgameShot 7<\/a><\/p>\r\n<p><a href=\"https:\/\/www.libellud.com\/image-converter?url=https%3A%2F%2Fcdn.svc.asmodee.net%2Fproduction-libellud%2Fuploads%2F2025%2F09%2F15.png&amp;attachment_id=13002\">BoardgameShot 8<\/a><\/p>\r\n\t\t\t\t\t<a href=\"#\" id=\"fl-accordion--label-0\" tabindex=\"0\" aria-controls=\"fl-accordion--panel-0\">All Video-Rules<\/a>\r\n\t\t\t\t\t\t\t\t\t\t\t<a href=\"#\" id=\"fl-accordion--icon-0\" tabindex=\"-1\"><i>Collapse<\/i><\/a>\r\n\t\t\t\t\t<p><a href=\"https:\/\/www.libellud.com\/how-to-play-videos\/francais\/\">Fran\u00e7ais<\/a><\/p>\r\n<p><a href=\"https:\/\/www.libellud.com\/how-to-play-videos\/english\/\">Anglais<\/a><\/p>\r\n<p><a href=\"https:\/\/www.libellud.com\/how-to-play-videos\/german\/\">Deutsch<\/a><\/p>\r\n<p><a href=\"https:\/\/www.libellud.com\/how-to-play-videos\/italiano\/\">Italiano<\/a><\/p>\r\n\r\n","protected":false},"excerpt":{"rendered":"<p>Image Bank Download the game&#8217;s visuals such as the box, cover, logo, back of boxes as well as various pre-selected elements to illustrate your items. Download Rules Download the Rules of the Game booklet in PDF format. All rules Anglais | Espa\u00f1ol | Italiano Nederlands | Deutsch | \u65e5\u672c\u8a9e Brasileiro | \u4e2d\u56fd\u4eba | \u4e2d\u570b\u4eba \u010ce\u0161tina [&hellip;]<\/p>\n","protected":false},"author":17,"featured_media":12983,"parent":9615,"menu_order":0,"comment_status":"closed","ping_status":"closed","template":"","meta":{"_acf_changed":false,"footnotes":""},"class_list":["post-13042","page","type-page","status-publish","has-post-thumbnail","hentry"],"acf":[],"yoast_head":"<!-- This site is optimized with the Yoast SEO plugin v26.9 - https:\/\/yoast.com\/product\/yoast-seo-wordpress\/ -->\n<title>Take Time Resources - Libellud<\/title>\n<meta name=\"description\" content=\"Find here all the available resources (rulebook, image collection, rules in video...) about the cooperative card game Take Time!\" \/>\n<meta name=\"robots\" content=\"index, follow, max-snippet:-1, max-image-preview:large, max-video-preview:-1\" \/>\n<link rel=\"canonical\" href=\"https:\/\/www.libellud.com\/en\/resources\/take-time\/\" \/>\n<meta property=\"og:locale\" content=\"en_US\" \/>\n<meta property=\"og:type\" content=\"article\" \/>\n<meta property=\"og:title\" content=\"Take Time Resources - Libellud\" \/>\n<meta property=\"og:description\" content=\"Find here all the available resources (rulebook, image collection, rules in video...) about the cooperative card game Take Time!\" \/>\n<meta property=\"og:url\" content=\"https:\/\/www.libellud.com\/en\/resources\/take-time\/\" \/>\n<meta property=\"og:site_name\" content=\"Libellud\" \/>\n<meta property=\"article:modified_time\" content=\"2025-09-15T08:05:23+00:00\" \/>\n<meta property=\"og:image\" content=\"https:\/\/cdn.svc.asmodee.net\/production-libellud\/uploads\/image-converter\/2025\/09\/LIBELLUD_TAKETIME_BOX_LEFT_ML.webp\" \/>\n\t<meta property=\"og:image:width\" content=\"686\" \/>\n\t<meta property=\"og:image:height\" content=\"678\" \/>\n\t<meta property=\"og:image:type\" content=\"image\/png\" \/>\n<meta name=\"twitter:card\" content=\"summary_large_image\" \/>\n<meta name=\"twitter:label1\" content=\"Est. reading time\" \/>\n\t<meta name=\"twitter:data1\" content=\"1 minute\" \/>\n<script type=\"application\/ld+json\" class=\"yoast-schema-graph\">{\"@context\":\"https:\/\/schema.org\",\"@graph\":[{\"@type\":\"WebPage\",\"@id\":\"https:\/\/www.libellud.com\/en\/resources\/take-time\/\",\"url\":\"https:\/\/www.libellud.com\/en\/resources\/take-time\/\",\"name\":\"Take Time Resources - Libellud\",\"isPartOf\":{\"@id\":\"https:\/\/www.libellud.com\/#website\"},\"primaryImageOfPage\":{\"@id\":\"https:\/\/www.libellud.com\/en\/resources\/take-time\/#primaryimage\"},\"image\":{\"@id\":\"https:\/\/www.libellud.com\/en\/resources\/take-time\/#primaryimage\"},\"thumbnailUrl\":\"https:\/\/cdn.svc.asmodee.net\/production-libellud\/uploads\/image-converter\/2025\/09\/LIBELLUD_TAKETIME_BOX_LEFT_ML.webp\",\"datePublished\":\"2025-09-03T15:39:24+00:00\",\"dateModified\":\"2025-09-15T08:05:23+00:00\",\"description\":\"Find here all the available resources (rulebook, image collection, rules in video...) about the cooperative card game Take Time!\",\"breadcrumb\":{\"@id\":\"https:\/\/www.libellud.com\/en\/resources\/take-time\/#breadcrumb\"},\"inLanguage\":\"en-US\",\"potentialAction\":[{\"@type\":\"ReadAction\",\"target\":[\"https:\/\/www.libellud.com\/en\/resources\/take-time\/\"]}]},{\"@type\":\"ImageObject\",\"inLanguage\":\"en-US\",\"@id\":\"https:\/\/www.libellud.com\/en\/resources\/take-time\/#primaryimage\",\"url\":\"https:\/\/cdn.svc.asmodee.net\/production-libellud\/uploads\/image-converter\/2025\/09\/LIBELLUD_TAKETIME_BOX_LEFT_ML.webp\",\"contentUrl\":\"https:\/\/cdn.svc.asmodee.net\/production-libellud\/uploads\/image-converter\/2025\/09\/LIBELLUD_TAKETIME_BOX_LEFT_ML.webp\",\"width\":686,\"height\":678},{\"@type\":\"BreadcrumbList\",\"@id\":\"https:\/\/www.libellud.com\/en\/resources\/take-time\/#breadcrumb\",\"itemListElement\":[{\"@type\":\"ListItem\",\"position\":1,\"name\":\"Home\",\"item\":\"https:\/\/www.libellud.com\/en\/\"},{\"@type\":\"ListItem\",\"position\":2,\"name\":\"Resources\",\"item\":\"https:\/\/www.libellud.com\/en\/resources\/\"},{\"@type\":\"ListItem\",\"position\":3,\"name\":\"Take Time Resources\"}]},{\"@type\":\"WebSite\",\"@id\":\"https:\/\/www.libellud.com\/#website\",\"url\":\"https:\/\/www.libellud.com\/\",\"name\":\"Libellud\",\"description\":\"\u00c9diteur de jeux de soci\u00e9t\u00e9 depuis 2008\",\"potentialAction\":[{\"@type\":\"SearchAction\",\"target\":{\"@type\":\"EntryPoint\",\"urlTemplate\":\"https:\/\/www.libellud.com\/?s={search_term_string}\"},\"query-input\":{\"@type\":\"PropertyValueSpecification\",\"valueRequired\":true,\"valueName\":\"search_term_string\"}}],\"inLanguage\":\"en-US\"}]}<\/script>\n<!-- \/ Yoast SEO plugin. -->","yoast_head_json":{"title":"Take Time Resources - Libellud","description":"Find here all the available resources (rulebook, image collection, rules in video...) about the cooperative card game Take Time!","robots":{"index":"index","follow":"follow","max-snippet":"max-snippet:-1","max-image-preview":"max-image-preview:large","max-video-preview":"max-video-preview:-1"},"canonical":"https:\/\/www.libellud.com\/en\/resources\/take-time\/","og_locale":"en_US","og_type":"article","og_title":"Take Time Resources - Libellud","og_description":"Find here all the available resources (rulebook, image collection, rules in video...) about the cooperative card game Take Time!","og_url":"https:\/\/www.libellud.com\/en\/resources\/take-time\/","og_site_name":"Libellud","article_modified_time":"2025-09-15T08:05:23+00:00","og_image":[{"width":686,"height":678,"url":"https:\/\/cdn.svc.asmodee.net\/production-libellud\/uploads\/image-converter\/2025\/09\/LIBELLUD_TAKETIME_BOX_LEFT_ML.webp","type":"image\/png"}],"twitter_card":"summary_large_image","twitter_misc":{"Est. reading time":"1 minute"},"schema":{"@context":"https:\/\/schema.org","@graph":[{"@type":"WebPage","@id":"https:\/\/www.libellud.com\/en\/resources\/take-time\/","url":"https:\/\/www.libellud.com\/en\/resources\/take-time\/","name":"Take Time Resources - Libellud","isPartOf":{"@id":"https:\/\/www.libellud.com\/#website"},"primaryImageOfPage":{"@id":"https:\/\/www.libellud.com\/en\/resources\/take-time\/#primaryimage"},"image":{"@id":"https:\/\/www.libellud.com\/en\/resources\/take-time\/#primaryimage"},"thumbnailUrl":"https:\/\/cdn.svc.asmodee.net\/production-libellud\/uploads\/image-converter\/2025\/09\/LIBELLUD_TAKETIME_BOX_LEFT_ML.webp","datePublished":"2025-09-03T15:39:24+00:00","dateModified":"2025-09-15T08:05:23+00:00","description":"Find here all the available resources (rulebook, image collection, rules in video...) about the cooperative card game Take Time!","breadcrumb":{"@id":"https:\/\/www.libellud.com\/en\/resources\/take-time\/#breadcrumb"},"inLanguage":"en-US","potentialAction":[{"@type":"ReadAction","target":["https:\/\/www.libellud.com\/en\/resources\/take-time\/"]}]},{"@type":"ImageObject","inLanguage":"en-US","@id":"https:\/\/www.libellud.com\/en\/resources\/take-time\/#primaryimage","url":"https:\/\/cdn.svc.asmodee.net\/production-libellud\/uploads\/image-converter\/2025\/09\/LIBELLUD_TAKETIME_BOX_LEFT_ML.webp","contentUrl":"https:\/\/cdn.svc.asmodee.net\/production-libellud\/uploads\/image-converter\/2025\/09\/LIBELLUD_TAKETIME_BOX_LEFT_ML.webp","width":686,"height":678},{"@type":"BreadcrumbList","@id":"https:\/\/www.libellud.com\/en\/resources\/take-time\/#breadcrumb","itemListElement":[{"@type":"ListItem","position":1,"name":"Home","item":"https:\/\/www.libellud.com\/en\/"},{"@type":"ListItem","position":2,"name":"Resources","item":"https:\/\/www.libellud.com\/en\/resources\/"},{"@type":"ListItem","position":3,"name":"Take Time Resources"}]},{"@type":"WebSite","@id":"https:\/\/www.libellud.com\/#website","url":"https:\/\/www.libellud.com\/","name":"Libellud","description":"\u00c9diteur de jeux de soci\u00e9t\u00e9 depuis 2008","potentialAction":[{"@type":"SearchAction","target":{"@type":"EntryPoint","urlTemplate":"https:\/\/www.libellud.com\/?s={search_term_string}"},"query-input":{"@type":"PropertyValueSpecification","valueRequired":true,"valueName":"search_term_string"}}],"inLanguage":"en-US"}]}},"_links":{"self":[{"href":"https:\/\/www.libellud.com\/en\/wp-json\/wp\/v2\/pages\/13042","targetHints":{"allow":["GET"]}}],"collection":[{"href":"https:\/\/www.libellud.com\/en\/wp-json\/wp\/v2\/pages"}],"about":[{"href":"https:\/\/www.libellud.com\/en\/wp-json\/wp\/v2\/types\/page"}],"author":[{"embeddable":true,"href":"https:\/\/www.libellud.com\/en\/wp-json\/wp\/v2\/users\/17"}],"replies":[{"embeddable":true,"href":"https:\/\/www.libellud.com\/en\/wp-json\/wp\/v2\/comments?post=13042"}],"version-history":[{"count":23,"href":"https:\/\/www.libellud.com\/en\/wp-json\/wp\/v2\/pages\/13042\/revisions"}],"predecessor-version":[{"id":13217,"href":"https:\/\/www.libellud.com\/en\/wp-json\/wp\/v2\/pages\/13042\/revisions\/13217"}],"up":[{"embeddable":true,"href":"https:\/\/www.libellud.com\/en\/wp-json\/wp\/v2\/pages\/9615"}],"wp:featuredmedia":[{"embeddable":true,"href":"https:\/\/www.libellud.com\/en\/wp-json\/wp\/v2\/media\/12983"}],"wp:attachment":[{"href":"https:\/\/www.libellud.com\/en\/wp-json\/wp\/v2\/media?parent=13042"}],"curies":[{"name":"wp","href":"https:\/\/api.w.org\/{rel}","templated":true}]}}