{"id":9199,"date":"2022-03-28T16:43:57","date_gmt":"2022-03-28T14:43:57","guid":{"rendered":"https:\/\/www.libellud.com\/?page_id=9199"},"modified":"2024-07-01T08:11:27","modified_gmt":"2024-07-01T06:11:27","slug":"dice-forge","status":"publish","type":"page","link":"https:\/\/www.libellud.com\/en\/our-games\/dice-forge\/","title":{"rendered":"Dice Forge"},"content":{"rendered":"\n\n\t<p>Congratulations and welcome to our world. Your bravery and wits have allowed you to reach us. However, the adventure has just begun&#8230;<\/p>\n<p>Eager for shows and bored out of their minds, the gods are finally setting up their dream tournament: thrilling trials on their islands, magic dice to tame, a temple especially dedicated to the cause, and an ultimate reward. Only one thing is missing still: a few resourceful heroes to ensure the show.<\/p>\n<p>Dice Forge is a family and strategic game where you can buy new faces for your dice in order to increase their power and to attempt to control fate. Use your resources to collect Trial Cards that will bring you the glory points necessary for winning the game. This combo game, associated with the innovative mechanics of Dice Crafting, will please players of all levels. Good times with family or friends guaranteed.<\/p>\n\t<p><strong>Designer :<\/strong> R\u00e9gis Bonness\u00e9e<\/p>\n<p><strong>Artist :<\/strong> Biboun<\/p>\n\t\t\t\t<img decoding=\"async\" src=\"https:\/\/cdn.svc.asmodee.net\/production-libellud\/uploads\/2022\/03\/DF_INFOS_TECH_HORIZONTALES_WEBSITE-e1649082218873.png\" alt=\"DF_INFOS_TECH_HORIZONTALES_WEBSITE\" itemprop=\"image\" title=\"DF_INFOS_TECH_HORIZONTALES_WEBSITE\" onerror=\"this.style.display='none'\"  \/>\n\t\t\t\t<img loading=\"lazy\" decoding=\"async\" src=\"https:\/\/cdn.svc.asmodee.net\/production-libellud\/uploads\/2022\/03\/DF_box_droit_72dpi.png\" alt=\"DF_box_droit_72dpi\" itemprop=\"image\" height=\"1000\" width=\"866\" title=\"DF_box_droit_72dpi\" onerror=\"this.style.display='none'\"  \/>\n\t<iframe loading=\"lazy\" title=\"Dice Forge Trailer - English\" width=\"768\" height=\"432\" src=\"https:\/\/www.youtube.com\/embed\/LLEBz6i3JLY?feature=oembed\" frameborder=\"0\" allow=\"accelerometer; autoplay; clipboard-write; encrypted-media; gyroscope; picture-in-picture\" allowfullscreen><\/iframe>\n\t<strong>Rules of the Dice Forge game<br \/>\nin few steps<\/strong>\n\t\t\t\t<img loading=\"lazy\" decoding=\"async\" src=\"https:\/\/cdn.svc.asmodee.net\/production-libellud\/uploads\/2022\/03\/DICE-FORGE_visuel_1__1.png\" alt=\"DICE FORGE_visuel_1__1\" itemprop=\"image\" height=\"2362\" width=\"3543\" title=\"DICE FORGE_visuel_1__1\" onerror=\"this.style.display='none'\"  \/>\n\t<p>Throw your dice to collect resources!<\/p>\n\t\t\t\t<img loading=\"lazy\" decoding=\"async\" src=\"https:\/\/cdn.svc.asmodee.net\/production-libellud\/uploads\/2022\/03\/DICE-FORGE_visuel_2D__1.png\" alt=\"DICE FORGE_visuel_2D__1\" itemprop=\"image\" height=\"2362\" width=\"3543\" title=\"DICE FORGE_visuel_2D__1\" onerror=\"this.style.display='none'\"  \/>\n\t<p>Buy new dice faces to upgrade them and attempt to control fate.<\/p>\n<p><strong>\u00a0<\/strong><\/p>\n\t\t\t\t<img loading=\"lazy\" decoding=\"async\" src=\"https:\/\/cdn.svc.asmodee.net\/production-libellud\/uploads\/2022\/03\/DICE-FORGE_visuel_3-scaled.jpg\" alt=\"DICE FORGE_visuel_3\" itemprop=\"image\" height=\"1365\" width=\"2048\" title=\"DICE FORGE_visuel_3\" onerror=\"this.style.display='none'\"  \/>\n\t<p>Face the game&#8217;s trials and try to reach fame and win rewards.<\/p>\n<p><strong>\u00a0<\/strong><\/p>\n\t\t\t<a href=\"#\" target=\"_self\" rel=\"noopener\">\n\t\t\t\t\t\t\tDownload rules\n\t\t\t\t\t<\/a>\n\t<strong>The expansion<br \/>\n<\/strong>\n<p><strong>Dice Forge Rebellion<\/strong><\/p>\n\t\t\t\t<img loading=\"lazy\" decoding=\"async\" src=\"https:\/\/cdn.svc.asmodee.net\/production-libellud\/uploads\/2022\/03\/DF_INFOS_TECH_HORIZONTALES_WEBSITE-300x44.png\" alt=\"DF_INFOS_TECH_HORIZONTALES_WEBSITE\" itemprop=\"image\" height=\"44\" width=\"300\" title=\"DF_INFOS_TECH_HORIZONTALES_WEBSITE\" onerror=\"this.style.display='none'\"  \/>\n\t\t\t\t<img loading=\"lazy\" decoding=\"async\" src=\"https:\/\/cdn.svc.asmodee.net\/production-libellud\/uploads\/2022\/03\/DF_EXT1_BOX_RIGHT-1-158x300.png\" alt=\"DF_EXT1_BOX_RIGHT\" itemprop=\"image\" height=\"300\" width=\"158\" title=\"DF_EXT1_BOX_RIGHT\" onerror=\"this.style.display='none'\"  \/>\n\t<p>Level up your game play with our Dice Forge expansion: Rebellion.<\/p>\n<p>Created to answer the players&#8217; requests expressing a need for more interaction and combinations, this expansion includes new dice faces, 120 new Achievement cards, and two optional modules. The Rebellion expansion can&#8217;t be played without the Dice Forge base box.<\/p>\n\t<p><strong>Designer :<\/strong> R\u00e9gis Bonness\u00e9e<\/p>\n<p><strong>Artist :<\/strong> Biboun<\/p>\n\t\t\t<a href=\"#\" target=\"_self\" rel=\"noopener\">\n\t\t\t\t\t\t\tDiscover the Expansion\n\t\t\t\t\t<\/a>\n\tResources<br \/>\n\n<p>Continue the Dice Forge adventure with our downloadable contents including game rules, image banks, wallpapers, exclusive files and more, by clicking below:<\/p>\n\t\t\t\t<a href=\"https:\/\/cdn.svc.asmodee.net\/production-libellud\/uploads\/2022\/03\/DF_RULES_EN.pdf\" target=\"_self\" itemprop=\"url\" rel=\"noopener\">\n\t\t\t\t<img loading=\"lazy\" decoding=\"async\" src=\"https:\/\/cdn.svc.asmodee.net\/production-libellud\/uploads\/2022\/03\/icones_regles-1-150x150.png\" alt=\"Game rules\" itemprop=\"image\" height=\"150\" width=\"150\" title=\"icones_regles\" onerror=\"this.style.display='none'\"  \/>\n\t\t\t\t<\/a>\n\t\tGame rules\n\t\t\t\t<a href=\"https:\/\/cdn.svc.asmodee.net\/production-libellud\/uploads\/2022\/03\/Banque-images-DF-1.zip\" target=\"_self\" itemprop=\"url\" rel=\"noopener\">\n\t\t\t\t<img loading=\"lazy\" decoding=\"async\" src=\"https:\/\/cdn.svc.asmodee.net\/production-libellud\/uploads\/2022\/03\/icone_elementsjeu-1-150x150.png\" alt=\"Image collection\" itemprop=\"image\" height=\"150\" width=\"150\" title=\"icone_elementsjeu\" onerror=\"this.style.display='none'\"  \/>\n\t\t\t\t<\/a>\n\t\tImage collection\n\t\t\t<a href=\"https:\/\/www.libellud.com\/en\/resources\/dice-forge\/\" target=\"_self\" rel=\"noopener\">\n\t\t\t\t\t\t\tAll Resources\n\t\t\t\t\t<\/a>\n\t<p>Find out more about Dice Forge<\/p>\n<p>Feel free to check our latest articles about the Dice Forge game! Interviews, exclusive news and contests regularly appear in our <a href=\"https:\/\/www.libellud.com\/en\/our-news\/\">News section<\/a>!<\/p>\n<p>&nbsp;<\/p>\n\n","protected":false},"excerpt":{"rendered":"<p>Congratulations and welcome to our world. Your bravery and wits have allowed you to reach us. However, the adventure has just begun&#8230; Eager for shows and bored out of their minds, the gods are finally setting up their dream tournament: thrilling trials on their islands, magic dice to tame, a temple especially dedicated to the [&hellip;]<\/p>\n","protected":false},"author":3,"featured_media":0,"parent":9610,"menu_order":0,"comment_status":"closed","ping_status":"closed","template":"","meta":{"_acf_changed":false,"footnotes":""},"class_list":["post-9199","page","type-page","status-publish","hentry"],"acf":[],"yoast_head":"<!-- This site is optimized with the Yoast SEO plugin v26.9 - https:\/\/yoast.com\/product\/yoast-seo-wordpress\/ -->\n<title>Dice Forge - Libellud<\/title>\n<meta name=\"robots\" content=\"index, follow, max-snippet:-1, max-image-preview:large, max-video-preview:-1\" \/>\n<link rel=\"canonical\" href=\"https:\/\/www.libellud.com\/en\/our-games\/dice-forge\/\" \/>\n<meta property=\"og:locale\" content=\"en_US\" \/>\n<meta property=\"og:type\" content=\"article\" \/>\n<meta property=\"og:title\" content=\"Dice Forge - Libellud\" \/>\n<meta property=\"og:description\" content=\"Congratulations and welcome to our world. Your bravery and wits have allowed you to reach us. However, the adventure has just begun&#8230; Eager for shows and bored out of their minds, the gods are finally setting up their dream tournament: thrilling trials on their islands, magic dice to tame, a temple especially dedicated to the [&hellip;]\" \/>\n<meta property=\"og:url\" content=\"https:\/\/www.libellud.com\/en\/our-games\/dice-forge\/\" \/>\n<meta property=\"og:site_name\" content=\"Libellud\" \/>\n<meta property=\"article:modified_time\" content=\"2024-07-01T06:11:27+00:00\" \/>\n<meta property=\"og:image\" content=\"https:\/\/cdn.svc.asmodee.net\/production-libellud\/uploads\/2022\/03\/DF_INFOS_TECH_HORIZONTALES_WEBSITE.png\" \/>\n<meta name=\"twitter:card\" content=\"summary_large_image\" \/>\n<meta name=\"twitter:label1\" content=\"Est. reading time\" \/>\n\t<meta name=\"twitter:data1\" content=\"6 minutes\" \/>\n<script type=\"application\/ld+json\" class=\"yoast-schema-graph\">{\"@context\":\"https:\/\/schema.org\",\"@graph\":[{\"@type\":\"WebPage\",\"@id\":\"https:\/\/www.libellud.com\/en\/our-games\/dice-forge\/\",\"url\":\"https:\/\/www.libellud.com\/en\/our-games\/dice-forge\/\",\"name\":\"Dice Forge - Libellud\",\"isPartOf\":{\"@id\":\"https:\/\/www.libellud.com\/#website\"},\"primaryImageOfPage\":{\"@id\":\"https:\/\/www.libellud.com\/en\/our-games\/dice-forge\/#primaryimage\"},\"image\":{\"@id\":\"https:\/\/www.libellud.com\/en\/our-games\/dice-forge\/#primaryimage\"},\"thumbnailUrl\":\"https:\/\/cdn.svc.asmodee.net\/production-libellud\/uploads\/2022\/03\/DF_INFOS_TECH_HORIZONTALES_WEBSITE-e1649082218873.png\",\"datePublished\":\"2022-03-28T14:43:57+00:00\",\"dateModified\":\"2024-07-01T06:11:27+00:00\",\"breadcrumb\":{\"@id\":\"https:\/\/www.libellud.com\/en\/our-games\/dice-forge\/#breadcrumb\"},\"inLanguage\":\"en-US\",\"potentialAction\":[{\"@type\":\"ReadAction\",\"target\":[\"https:\/\/www.libellud.com\/en\/our-games\/dice-forge\/\"]}]},{\"@type\":\"ImageObject\",\"inLanguage\":\"en-US\",\"@id\":\"https:\/\/www.libellud.com\/en\/our-games\/dice-forge\/#primaryimage\",\"url\":\"https:\/\/cdn.svc.asmodee.net\/production-libellud\/uploads\/2022\/03\/DF_INFOS_TECH_HORIZONTALES_WEBSITE-e1649082218873.png\",\"contentUrl\":\"https:\/\/cdn.svc.asmodee.net\/production-libellud\/uploads\/2022\/03\/DF_INFOS_TECH_HORIZONTALES_WEBSITE-e1649082218873.png\"},{\"@type\":\"BreadcrumbList\",\"@id\":\"https:\/\/www.libellud.com\/en\/our-games\/dice-forge\/#breadcrumb\",\"itemListElement\":[{\"@type\":\"ListItem\",\"position\":1,\"name\":\"Home\",\"item\":\"https:\/\/www.libellud.com\/en\/\"},{\"@type\":\"ListItem\",\"position\":2,\"name\":\"Our Games\",\"item\":\"https:\/\/www.libellud.com\/en\/our-games\/\"},{\"@type\":\"ListItem\",\"position\":3,\"name\":\"Dice Forge\"}]},{\"@type\":\"WebSite\",\"@id\":\"https:\/\/www.libellud.com\/#website\",\"url\":\"https:\/\/www.libellud.com\/\",\"name\":\"Libellud\",\"description\":\"\u00c9diteur de jeux de soci\u00e9t\u00e9 depuis 2008\",\"potentialAction\":[{\"@type\":\"SearchAction\",\"target\":{\"@type\":\"EntryPoint\",\"urlTemplate\":\"https:\/\/www.libellud.com\/?s={search_term_string}\"},\"query-input\":{\"@type\":\"PropertyValueSpecification\",\"valueRequired\":true,\"valueName\":\"search_term_string\"}}],\"inLanguage\":\"en-US\"}]}<\/script>\n<!-- \/ Yoast SEO plugin. -->","yoast_head_json":{"title":"Dice Forge - Libellud","robots":{"index":"index","follow":"follow","max-snippet":"max-snippet:-1","max-image-preview":"max-image-preview:large","max-video-preview":"max-video-preview:-1"},"canonical":"https:\/\/www.libellud.com\/en\/our-games\/dice-forge\/","og_locale":"en_US","og_type":"article","og_title":"Dice Forge - Libellud","og_description":"Congratulations and welcome to our world. Your bravery and wits have allowed you to reach us. However, the adventure has just begun&#8230; Eager for shows and bored out of their minds, the gods are finally setting up their dream tournament: thrilling trials on their islands, magic dice to tame, a temple especially dedicated to the [&hellip;]","og_url":"https:\/\/www.libellud.com\/en\/our-games\/dice-forge\/","og_site_name":"Libellud","article_modified_time":"2024-07-01T06:11:27+00:00","og_image":[{"url":"https:\/\/cdn.svc.asmodee.net\/production-libellud\/uploads\/2022\/03\/DF_INFOS_TECH_HORIZONTALES_WEBSITE.png","type":"","width":"","height":""}],"twitter_card":"summary_large_image","twitter_misc":{"Est. reading time":"6 minutes"},"schema":{"@context":"https:\/\/schema.org","@graph":[{"@type":"WebPage","@id":"https:\/\/www.libellud.com\/en\/our-games\/dice-forge\/","url":"https:\/\/www.libellud.com\/en\/our-games\/dice-forge\/","name":"Dice Forge - Libellud","isPartOf":{"@id":"https:\/\/www.libellud.com\/#website"},"primaryImageOfPage":{"@id":"https:\/\/www.libellud.com\/en\/our-games\/dice-forge\/#primaryimage"},"image":{"@id":"https:\/\/www.libellud.com\/en\/our-games\/dice-forge\/#primaryimage"},"thumbnailUrl":"https:\/\/cdn.svc.asmodee.net\/production-libellud\/uploads\/2022\/03\/DF_INFOS_TECH_HORIZONTALES_WEBSITE-e1649082218873.png","datePublished":"2022-03-28T14:43:57+00:00","dateModified":"2024-07-01T06:11:27+00:00","breadcrumb":{"@id":"https:\/\/www.libellud.com\/en\/our-games\/dice-forge\/#breadcrumb"},"inLanguage":"en-US","potentialAction":[{"@type":"ReadAction","target":["https:\/\/www.libellud.com\/en\/our-games\/dice-forge\/"]}]},{"@type":"ImageObject","inLanguage":"en-US","@id":"https:\/\/www.libellud.com\/en\/our-games\/dice-forge\/#primaryimage","url":"https:\/\/cdn.svc.asmodee.net\/production-libellud\/uploads\/2022\/03\/DF_INFOS_TECH_HORIZONTALES_WEBSITE-e1649082218873.png","contentUrl":"https:\/\/cdn.svc.asmodee.net\/production-libellud\/uploads\/2022\/03\/DF_INFOS_TECH_HORIZONTALES_WEBSITE-e1649082218873.png"},{"@type":"BreadcrumbList","@id":"https:\/\/www.libellud.com\/en\/our-games\/dice-forge\/#breadcrumb","itemListElement":[{"@type":"ListItem","position":1,"name":"Home","item":"https:\/\/www.libellud.com\/en\/"},{"@type":"ListItem","position":2,"name":"Our Games","item":"https:\/\/www.libellud.com\/en\/our-games\/"},{"@type":"ListItem","position":3,"name":"Dice Forge"}]},{"@type":"WebSite","@id":"https:\/\/www.libellud.com\/#website","url":"https:\/\/www.libellud.com\/","name":"Libellud","description":"\u00c9diteur de jeux de soci\u00e9t\u00e9 depuis 2008","potentialAction":[{"@type":"SearchAction","target":{"@type":"EntryPoint","urlTemplate":"https:\/\/www.libellud.com\/?s={search_term_string}"},"query-input":{"@type":"PropertyValueSpecification","valueRequired":true,"valueName":"search_term_string"}}],"inLanguage":"en-US"}]}},"_links":{"self":[{"href":"https:\/\/www.libellud.com\/en\/wp-json\/wp\/v2\/pages\/9199","targetHints":{"allow":["GET"]}}],"collection":[{"href":"https:\/\/www.libellud.com\/en\/wp-json\/wp\/v2\/pages"}],"about":[{"href":"https:\/\/www.libellud.com\/en\/wp-json\/wp\/v2\/types\/page"}],"author":[{"embeddable":true,"href":"https:\/\/www.libellud.com\/en\/wp-json\/wp\/v2\/users\/3"}],"replies":[{"embeddable":true,"href":"https:\/\/www.libellud.com\/en\/wp-json\/wp\/v2\/comments?post=9199"}],"version-history":[{"count":6,"href":"https:\/\/www.libellud.com\/en\/wp-json\/wp\/v2\/pages\/9199\/revisions"}],"predecessor-version":[{"id":12653,"href":"https:\/\/www.libellud.com\/en\/wp-json\/wp\/v2\/pages\/9199\/revisions\/12653"}],"up":[{"embeddable":true,"href":"https:\/\/www.libellud.com\/en\/wp-json\/wp\/v2\/pages\/9610"}],"wp:attachment":[{"href":"https:\/\/www.libellud.com\/en\/wp-json\/wp\/v2\/media?parent=9199"}],"curies":[{"name":"wp","href":"https:\/\/api.w.org\/{rel}","templated":true}]}}