{"id":9358,"date":"2022-03-31T00:16:43","date_gmt":"2022-03-30T22:16:43","guid":{"rendered":"https:\/\/www.libellud.com\/?page_id=9358"},"modified":"2024-08-19T15:40:54","modified_gmt":"2024-08-19T13:40:54","slug":"dice-forge","status":"publish","type":"page","link":"https:\/\/www.libellud.com\/en\/resources\/dice-forge\/","title":{"rendered":"Dice Forge Resources"},"content":{"rendered":"\n\n\tImage Bank<br \/>\n\n<p>Download the game&#8217;s visuals such as the box, cover, logo, back of boxes as well as various pre-selected elements to illustrate your items.<\/p>\n\t\t\t<a href=\"https:\/\/cdn.svc.asmodee.net\/production-libellud\/uploads\/2023\/08\/Banque-images-Dice-Forge.zip\" download target=\"_self\" rel=\"noopener\">\n\t\t\t\t\t\t\tDownload\n\t\t\t\t\t<\/a>\n\t<p>Rules\u00a0<\/p>\n<p>Download the Rules of the Game booklet in PDF format<\/p>\n\t\t\t<a href=\"https:\/\/cdn.svc.asmodee.net\/production-libellud\/uploads\/2022\/03\/DF_RULES_EN.pdf\" target=\"_blank\" rel=\"noopener\">\n\t\t\t\t\t\t\tDownload rules\n\t\t\t\t\t<\/a>\n\t\t\t\t\t<a href=\"javascript:void(0);\" id=\"fl-accordion--label-0\" tabindex=\"0\" aria-controls=\"fl-accordion--panel-0\">DICE FORGE REBELLION<\/a>\n\t\t\t\t\t\t\t\t\t\t\t<a href=\"#\" id=\"fl-accordion--icon-0\" tabindex=\"-1\" aria-controls=\"fl-accordion--panel-0\"><i>Expand<\/i><\/a>\n\t\t\t\t\t<p><a href=\"https:\/\/cdn.svc.asmodee.net\/production-libellud\/uploads\/2022\/03\/DF_EXT_RULES_EN_HD.pdf\">Rules Dice Forge Rebellion EN<\/a><\/p>\n<p><a href=\"https:\/\/cdn.svc.asmodee.net\/production-libellud\/uploads\/2022\/08\/DF_EXT_RULES_ES_BD.pdf\">Rules Dice Forge Rebellion ES<\/a><\/p>\n<p><a href=\"https:\/\/cdn.svc.asmodee.net\/production-libellud\/uploads\/2022\/08\/DF_EXT_CAT_BD.pdf\">Rules Dice Forge Rebellion CAT<\/a><\/p>\n<p><a href=\"https:\/\/cdn.svc.asmodee.net\/production-libellud\/uploads\/2022\/08\/DF_EXT_RULES_POR_BD.pdf\">Rules Dice Forge Rebellion PORT<\/a><\/p>\n<p><a href=\"https:\/\/cdn.svc.asmodee.net\/production-libellud\/uploads\/2022\/06\/IMAGES-BANK-DF-ext1.zip\">Images Bank Dice Forge Rebellion<\/a><\/p>\n<p>&nbsp;<\/p>\n\t\t\t\t\t<a href=\"javascript:void(0);\" id=\"fl-accordion--label-0\" tabindex=\"0\" aria-controls=\"fl-accordion--panel-0\">Wallpapers &#8211; computer<\/a>\n\t\t\t\t\t\t\t\t\t\t\t<a href=\"#\" id=\"fl-accordion--icon-0\" tabindex=\"-1\" aria-controls=\"fl-accordion--panel-0\"><i>Expand<\/i><\/a>\n\t\t\t\t\t<p><a href=\"https:\/\/cdn.svc.asmodee.net\/production-libellud\/uploads\/2022\/03\/DFEXT1_COMPUTER_SCREEN_1.jpg\">Computer: Titan<\/a><\/p>\n<p><a href=\"https:\/\/cdn.svc.asmodee.net\/production-libellud\/uploads\/2022\/03\/DFEXT1_COMPUTER_SCREEN_2.jpg\">Computer: D\u00e9esse<\/a><\/p>\n\t\t\t\t\t<a href=\"javascript:void(0);\" id=\"fl-accordion--label-0\" tabindex=\"0\" aria-controls=\"fl-accordion--panel-0\">Promo cards Print&#038;Play &#8211; rules<\/a>\n\t\t\t\t\t\t\t\t\t\t\t<a href=\"#\" id=\"fl-accordion--icon-0\" tabindex=\"-1\" aria-controls=\"fl-accordion--panel-0\"><i>Expand<\/i><\/a>\n\t\t\t\t\t<p>Print&amp;Play Promo cards Dice Forge\u00a0 (part 1)<\/p>\n<p><strong>Rules:\u00a0<\/strong><\/p>\n<p><a href=\"https:\/\/cdn.svc.asmodee.net\/production-libellud\/uploads\/2022\/05\/DF-Flyers_carte-promo_EN_BD.pdf\">Promo cards Dice Forge EN<\/a><\/p>\n<p><a href=\"https:\/\/cdn.svc.asmodee.net\/production-libellud\/uploads\/2022\/05\/DF-Flyers_carte-promo_DE_BDsb.pdf\">Promo cards Dice Forge DE<\/a><\/p>\n<p><a href=\"https:\/\/cdn.svc.asmodee.net\/production-libellud\/uploads\/2022\/05\/DF-Flyers_carte-promo_PL_BD.pdf\">Promo cards Dice Forge PL<\/a><\/p>\n<p><a href=\"https:\/\/cdn.svc.asmodee.net\/production-libellud\/uploads\/2022\/05\/DF_DiceTower_Flyers_carte-promo_EN.pdf\">Promo card\u00a0 The Dice Tower<\/a><\/p>\n<p><a href=\"https:\/\/cdn.svc.asmodee.net\/production-libellud\/uploads\/2022\/05\/DF_EXT1_Flyers_carte-promo_EN_BD.pdf\">Promo cards Dice Forge Rebellion EN<\/a><\/p>\n<p><a href=\"https:\/\/cdn.svc.asmodee.net\/production-libellud\/uploads\/2022\/05\/DF_REB_Flyers_carte-promo_DE_BD.pdf\">Promo cards Dice Forge Rebellion DE<\/a><\/p>\n<p><a href=\"https:\/\/cdn.svc.asmodee.net\/production-libellud\/uploads\/2022\/05\/DF_REB_Flyers_carte-promo_ES_BD.pdf\">Promo cards Dice Forge Rebellion ES<\/a><\/p>\n<p>&nbsp;<\/p>\n\t\t\t\t\t<a href=\"javascript:void(0);\" id=\"fl-accordion--label-0\" tabindex=\"0\" aria-controls=\"fl-accordion--panel-0\">Wallpapers Smartphone<\/a>\n\t\t\t\t\t\t\t\t\t\t\t<a href=\"#\" id=\"fl-accordion--icon-0\" tabindex=\"-1\" aria-controls=\"fl-accordion--panel-0\"><i>Expand<\/i><\/a>\n\t\t\t\t\t<p><a href=\"https:\/\/cdn.svc.asmodee.net\/production-libellud\/uploads\/2022\/03\/DFEXT1_SMARTPHONE_SCREEN_1.jpg\">Smartphone: Titan<\/a><\/p>\n<p><a href=\"https:\/\/cdn.svc.asmodee.net\/production-libellud\/uploads\/2022\/03\/DFEXT1_SMARTPHONE_SCREEN_2.jpg\">Smartphone: D\u00e9esse<\/a><\/p>\n<p><a href=\"https:\/\/cdn.svc.asmodee.net\/production-libellud\/uploads\/2022\/03\/DFEXT1_SMARTPHONE_SCREEN_3.jpg\">Smartphone: Dice Forge Rebellion cover<\/a><\/p>\n\t\t\t\t\t<a href=\"javascript:void(0);\" id=\"fl-accordion--label-0\" tabindex=\"0\" aria-controls=\"fl-accordion--panel-0\">Alternative Set-up<\/a>\n\t\t\t\t\t\t\t\t\t\t\t<a href=\"#\" id=\"fl-accordion--icon-0\" tabindex=\"-1\" aria-controls=\"fl-accordion--panel-0\"><i>Expand<\/i><\/a>\n\t\t\t\t\t<p><a href=\"https:\/\/cdn.svc.asmodee.net\/production-libellud\/uploads\/2022\/05\/DF_EXT1_SETUP_CHAOS.jpg\">Chaos<\/a><\/p>\n<p><a href=\"https:\/\/cdn.svc.asmodee.net\/production-libellud\/uploads\/2022\/05\/DF_EXT1_SETUP_ALTERNATIF_FORGE.jpg\">May the Forge be with you<\/a><\/p>\n<p><a href=\"https:\/\/cdn.svc.asmodee.net\/production-libellud\/uploads\/2022\/05\/DF_EXT1_SETUP_ALTERNATIF_ENCORE.jpg\">Again and again and again&#8230;<\/a><\/p>\n<p><a href=\"https:\/\/cdn.svc.asmodee.net\/production-libellud\/uploads\/2022\/05\/DF_EXT1_SETUP_ALTERNATIF_POLYVALENCE.jpg\">Polyvalence<\/a><\/p>\n<p><a href=\"https:\/\/cdn.svc.asmodee.net\/production-libellud\/uploads\/2022\/05\/DF_EXT1_SETUP_ALTERNATIF_DUEL.jpg\">Battle for glory (perfect for 2 players)<\/a><\/p>\n<p><a href=\"https:\/\/cdn.svc.asmodee.net\/production-libellud\/uploads\/2022\/05\/DF_EXT1_CARDS_SETUP_ALTERNATIF_TITAN_ALT.png\">Titans: alternative<\/a><\/p>\n<p><a href=\"https:\/\/cdn.svc.asmodee.net\/production-libellud\/uploads\/2022\/05\/DF_EXT1_SETUP_ALTERNATIF_DEESSE_ALT.jpg\">Goddess: alternative<\/a><\/p>\n<p><a href=\"https:\/\/cdn.svc.asmodee.net\/production-libellud\/uploads\/2022\/05\/DF_TOURNOI_SETUP_2019_1.png\">Tournament 2019 &#8211; Set up 1<\/a><\/p>\n<p><a href=\"https:\/\/cdn.svc.asmodee.net\/production-libellud\/uploads\/2022\/05\/DF_TOURNOI_SETUP_2019_2.png\">Tournament 2019 &#8211; Set up 2<\/a><\/p>\n<p><a href=\"https:\/\/cdn.svc.asmodee.net\/production-libellud\/uploads\/2022\/05\/DF_TOURNOI_SETUP_2019_3.png\">Tournament 2019 &#8211; Set up 3<\/a><\/p>\n<p><a href=\"https:\/\/cdn.svc.asmodee.net\/production-libellud\/uploads\/2022\/05\/DF_SETUP_TOURNOI_2021_CHALLENGEOFTHEGODS.jpg\">Challenge of the Gods 2021<\/a><\/p>\n\t\t\t\t\t<a href=\"javascript:void(0);\" id=\"fl-accordion--label-0\" tabindex=\"0\" aria-controls=\"fl-accordion--panel-0\">Other Resources<\/a>\n\t\t\t\t\t\t\t\t\t\t\t<a href=\"#\" id=\"fl-accordion--icon-0\" tabindex=\"-1\" aria-controls=\"fl-accordion--panel-0\"><i>Expand<\/i><\/a>\n\t\t\t\t\t<p><a href=\"https:\/\/cdn.svc.asmodee.net\/production-libellud\/uploads\/2022\/05\/DF_HERO-AID_EN_HD.pdf\">Hero Aid<\/a><\/p>\n<p>&nbsp;<\/p>\n\n","protected":false},"excerpt":{"rendered":"<p>Image Bank Download the game&#8217;s visuals such as the box, cover, logo, back of boxes as well as various pre-selected elements to illustrate your items. Download Rules\u00a0 Download the Rules of the Game booklet in PDF format Download rules DICE FORGE REBELLION Expand Rules Dice Forge Rebellion EN Rules Dice Forge Rebellion ES Rules Dice [&hellip;]<\/p>\n","protected":false},"author":3,"featured_media":0,"parent":9615,"menu_order":0,"comment_status":"closed","ping_status":"closed","template":"","meta":{"_acf_changed":false,"footnotes":""},"class_list":["post-9358","page","type-page","status-publish","hentry"],"acf":[],"yoast_head":"<!-- This site is optimized with the Yoast SEO plugin v26.9 - https:\/\/yoast.com\/product\/yoast-seo-wordpress\/ -->\n<title>Dice Forge Resources - Libellud<\/title>\n<meta name=\"robots\" content=\"index, follow, max-snippet:-1, max-image-preview:large, max-video-preview:-1\" \/>\n<link rel=\"canonical\" href=\"https:\/\/www.libellud.com\/en\/resources\/dice-forge\/\" \/>\n<meta property=\"og:locale\" content=\"en_US\" \/>\n<meta property=\"og:type\" content=\"article\" \/>\n<meta property=\"og:title\" content=\"Dice Forge Resources - Libellud\" \/>\n<meta property=\"og:description\" content=\"Image Bank Download the game&#8217;s visuals such as the box, cover, logo, back of boxes as well as various pre-selected elements to illustrate your items. Download Rules\u00a0 Download the Rules of the Game booklet in PDF format Download rules DICE FORGE REBELLION Expand Rules Dice Forge Rebellion EN Rules Dice Forge Rebellion ES Rules Dice [&hellip;]\" \/>\n<meta property=\"og:url\" content=\"https:\/\/www.libellud.com\/en\/resources\/dice-forge\/\" \/>\n<meta property=\"og:site_name\" content=\"Libellud\" \/>\n<meta property=\"article:modified_time\" content=\"2024-08-19T13:40:54+00:00\" \/>\n<meta name=\"twitter:card\" content=\"summary_large_image\" \/>\n<meta name=\"twitter:label1\" content=\"Est. reading time\" \/>\n\t<meta name=\"twitter:data1\" content=\"1 minute\" \/>\n<script type=\"application\/ld+json\" class=\"yoast-schema-graph\">{\"@context\":\"https:\/\/schema.org\",\"@graph\":[{\"@type\":\"WebPage\",\"@id\":\"https:\/\/www.libellud.com\/en\/resources\/dice-forge\/\",\"url\":\"https:\/\/www.libellud.com\/en\/resources\/dice-forge\/\",\"name\":\"Dice Forge Resources - Libellud\",\"isPartOf\":{\"@id\":\"https:\/\/www.libellud.com\/#website\"},\"datePublished\":\"2022-03-30T22:16:43+00:00\",\"dateModified\":\"2024-08-19T13:40:54+00:00\",\"breadcrumb\":{\"@id\":\"https:\/\/www.libellud.com\/en\/resources\/dice-forge\/#breadcrumb\"},\"inLanguage\":\"en-US\",\"potentialAction\":[{\"@type\":\"ReadAction\",\"target\":[\"https:\/\/www.libellud.com\/en\/resources\/dice-forge\/\"]}]},{\"@type\":\"BreadcrumbList\",\"@id\":\"https:\/\/www.libellud.com\/en\/resources\/dice-forge\/#breadcrumb\",\"itemListElement\":[{\"@type\":\"ListItem\",\"position\":1,\"name\":\"Home\",\"item\":\"https:\/\/www.libellud.com\/en\/\"},{\"@type\":\"ListItem\",\"position\":2,\"name\":\"Resources\",\"item\":\"https:\/\/www.libellud.com\/en\/resources\/\"},{\"@type\":\"ListItem\",\"position\":3,\"name\":\"Dice Forge Resources\"}]},{\"@type\":\"WebSite\",\"@id\":\"https:\/\/www.libellud.com\/#website\",\"url\":\"https:\/\/www.libellud.com\/\",\"name\":\"Libellud\",\"description\":\"\u00c9diteur de jeux de soci\u00e9t\u00e9 depuis 2008\",\"potentialAction\":[{\"@type\":\"SearchAction\",\"target\":{\"@type\":\"EntryPoint\",\"urlTemplate\":\"https:\/\/www.libellud.com\/?s={search_term_string}\"},\"query-input\":{\"@type\":\"PropertyValueSpecification\",\"valueRequired\":true,\"valueName\":\"search_term_string\"}}],\"inLanguage\":\"en-US\"}]}<\/script>\n<!-- \/ Yoast SEO plugin. -->","yoast_head_json":{"title":"Dice Forge Resources - Libellud","robots":{"index":"index","follow":"follow","max-snippet":"max-snippet:-1","max-image-preview":"max-image-preview:large","max-video-preview":"max-video-preview:-1"},"canonical":"https:\/\/www.libellud.com\/en\/resources\/dice-forge\/","og_locale":"en_US","og_type":"article","og_title":"Dice Forge Resources - Libellud","og_description":"Image Bank Download the game&#8217;s visuals such as the box, cover, logo, back of boxes as well as various pre-selected elements to illustrate your items. Download Rules\u00a0 Download the Rules of the Game booklet in PDF format Download rules DICE FORGE REBELLION Expand Rules Dice Forge Rebellion EN Rules Dice Forge Rebellion ES Rules Dice [&hellip;]","og_url":"https:\/\/www.libellud.com\/en\/resources\/dice-forge\/","og_site_name":"Libellud","article_modified_time":"2024-08-19T13:40:54+00:00","twitter_card":"summary_large_image","twitter_misc":{"Est. reading time":"1 minute"},"schema":{"@context":"https:\/\/schema.org","@graph":[{"@type":"WebPage","@id":"https:\/\/www.libellud.com\/en\/resources\/dice-forge\/","url":"https:\/\/www.libellud.com\/en\/resources\/dice-forge\/","name":"Dice Forge Resources - Libellud","isPartOf":{"@id":"https:\/\/www.libellud.com\/#website"},"datePublished":"2022-03-30T22:16:43+00:00","dateModified":"2024-08-19T13:40:54+00:00","breadcrumb":{"@id":"https:\/\/www.libellud.com\/en\/resources\/dice-forge\/#breadcrumb"},"inLanguage":"en-US","potentialAction":[{"@type":"ReadAction","target":["https:\/\/www.libellud.com\/en\/resources\/dice-forge\/"]}]},{"@type":"BreadcrumbList","@id":"https:\/\/www.libellud.com\/en\/resources\/dice-forge\/#breadcrumb","itemListElement":[{"@type":"ListItem","position":1,"name":"Home","item":"https:\/\/www.libellud.com\/en\/"},{"@type":"ListItem","position":2,"name":"Resources","item":"https:\/\/www.libellud.com\/en\/resources\/"},{"@type":"ListItem","position":3,"name":"Dice Forge Resources"}]},{"@type":"WebSite","@id":"https:\/\/www.libellud.com\/#website","url":"https:\/\/www.libellud.com\/","name":"Libellud","description":"\u00c9diteur de jeux de soci\u00e9t\u00e9 depuis 2008","potentialAction":[{"@type":"SearchAction","target":{"@type":"EntryPoint","urlTemplate":"https:\/\/www.libellud.com\/?s={search_term_string}"},"query-input":{"@type":"PropertyValueSpecification","valueRequired":true,"valueName":"search_term_string"}}],"inLanguage":"en-US"}]}},"_links":{"self":[{"href":"https:\/\/www.libellud.com\/en\/wp-json\/wp\/v2\/pages\/9358","targetHints":{"allow":["GET"]}}],"collection":[{"href":"https:\/\/www.libellud.com\/en\/wp-json\/wp\/v2\/pages"}],"about":[{"href":"https:\/\/www.libellud.com\/en\/wp-json\/wp\/v2\/types\/page"}],"author":[{"embeddable":true,"href":"https:\/\/www.libellud.com\/en\/wp-json\/wp\/v2\/users\/3"}],"replies":[{"embeddable":true,"href":"https:\/\/www.libellud.com\/en\/wp-json\/wp\/v2\/comments?post=9358"}],"version-history":[{"count":14,"href":"https:\/\/www.libellud.com\/en\/wp-json\/wp\/v2\/pages\/9358\/revisions"}],"predecessor-version":[{"id":12750,"href":"https:\/\/www.libellud.com\/en\/wp-json\/wp\/v2\/pages\/9358\/revisions\/12750"}],"up":[{"embeddable":true,"href":"https:\/\/www.libellud.com\/en\/wp-json\/wp\/v2\/pages\/9615"}],"wp:attachment":[{"href":"https:\/\/www.libellud.com\/en\/wp-json\/wp\/v2\/media?parent=9358"}],"curies":[{"name":"wp","href":"https:\/\/api.w.org\/{rel}","templated":true}]}}