{"id":9413,"date":"2022-03-31T11:49:23","date_gmt":"2022-03-31T09:49:23","guid":{"rendered":"https:\/\/www.libellud.com\/?page_id=9413"},"modified":"2022-03-31T12:03:23","modified_gmt":"2022-03-31T10:03:23","slug":"dice-forge-rebellion","status":"publish","type":"page","link":"https:\/\/www.libellud.com\/en\/our-games\/dice-forge-rebellion\/","title":{"rendered":"Expansion Dice Forge : Rebellion"},"content":{"rendered":"\r\n\r\n\t<p>Level up your game play with our Dice Forge expansion: Rebellion.<\/p>\r\n<p>Created to answer the players&#8217; requests expressing a need for more interaction and combinations, this expansion includes new dice faces, 120 new Achievement cards, and two optional modules. The Rebellion expansion can&#8217;t be played without the Dice Forge base box.<\/p>\r\n<p>In the module &#8220;the Labyrinth of the Goddess&#8221;, discover the new rules established by a powerful goddess. She entrusts you with a golem to explore her labyrinth and to amass fabulous rewards. Try to find her to reach fame, yet be careful not to let the other gods down&#8230; !<\/p>\r\nIn the &#8220;Rebellion of the Titans&#8221; module, the tournament is disrupted by the return of the original rulers of the skies. The titans will offer you their power if you turn your back on the gods.<br \/>\r\nThe time for rebellion has come, who will you pledge allegiance to?\r\n\t<p><strong>Designer :<\/strong> R\u00e9gis Bonness\u00e9e<\/p>\r\n<p><strong>Artist :<\/strong> Biboun<\/p>\r\n\t\t\t\t<img loading=\"lazy\" decoding=\"async\" src=\"https:\/\/cdn.svc.asmodee.net\/production-libellud\/uploads\/2022\/03\/DF_INFOS_TECH_HORIZONTALES_WEBSITE-e1649082218873.png\" alt=\"DF_INFOS_TECH_HORIZONTALES_WEBSITE\" itemprop=\"image\" height=\"122\" width=\"824\" title=\"DF_INFOS_TECH_HORIZONTALES_WEBSITE\" onerror=\"this.style.display='none'\"  \/>\r\n\t\t\t\t<img loading=\"lazy\" decoding=\"async\" src=\"https:\/\/cdn.svc.asmodee.net\/production-libellud\/uploads\/2022\/03\/DF_EXT1_BOX_RIGHT-1-158x300.png\" alt=\"DF_EXT1_BOX_RIGHT\" itemprop=\"image\" height=\"300\" width=\"158\" title=\"DF_EXT1_BOX_RIGHT\" onerror=\"this.style.display='none'\"  \/>\r\n\t<p>Resources<\/p>\r\n<p>Continue the Dice Forge adventure with our downloadable contents including game rules, image banks, wallpapers, exclusive files and more, by clicking below:<\/p>\r\n\t\t\t\t<a href=\"https:\/\/cdn.svc.asmodee.net\/production-libellud\/uploads\/2022\/03\/DF_EXT_RULES_EN_HD.pdf\" target=\"_self\" itemprop=\"url\" rel=\"noopener\">\r\n\t\t\t\t<img loading=\"lazy\" decoding=\"async\" src=\"https:\/\/cdn.svc.asmodee.net\/production-libellud\/uploads\/2022\/03\/icones_regles-1-150x150.png\" alt=\"R\u00e8gles du jeu\" itemprop=\"image\" height=\"150\" width=\"150\" title=\"icones_regles\" onerror=\"this.style.display='none'\"  \/>\r\n\t\t\t\t<\/a>\r\n\t\tR\u00e8gles du jeu\r\n\t\t\t\t<a href=\"https:\/\/cdn.svc.asmodee.net\/production-libellud\/uploads\/2022\/03\/Banque-images-DF-2.zip\" target=\"_self\" itemprop=\"url\" rel=\"noopener\">\r\n\t\t\t\t<img loading=\"lazy\" decoding=\"async\" src=\"https:\/\/cdn.svc.asmodee.net\/production-libellud\/uploads\/2022\/03\/icone_elementsjeu-1-150x150.png\" alt=\"Banque d'images\" itemprop=\"image\" height=\"150\" width=\"150\" title=\"icone_elementsjeu\" onerror=\"this.style.display='none'\"  \/>\r\n\t\t\t\t<\/a>\r\n\t\tBanque d&#8217;images\r\n\t\t\t<a href=\"https:\/\/www.libellud.com\/mediatheque-ressources\/ressources-dixit\/\" target=\"_self\" role=\"button\" rel=\"noopener\">\r\n\t\t\t\t\t\t\tAll resources\r\n\t\t\t\t\t<\/a>\r\n\r\n","protected":false},"excerpt":{"rendered":"<p>Level up your game play with our Dice Forge expansion: Rebellion. Created to answer the players&#8217; requests expressing a need for more interaction and combinations, this expansion includes new dice faces, 120 new Achievement cards, and two optional modules. The Rebellion expansion can&#8217;t be played without the Dice Forge base box. In the module &#8220;the [&hellip;]<\/p>\n","protected":false},"author":3,"featured_media":0,"parent":9610,"menu_order":0,"comment_status":"closed","ping_status":"closed","template":"","meta":{"_acf_changed":false,"footnotes":""},"class_list":["post-9413","page","type-page","status-publish","hentry"],"acf":[],"yoast_head":"<!-- This site is optimized with the Yoast SEO plugin v26.9 - https:\/\/yoast.com\/product\/yoast-seo-wordpress\/ -->\n<title>Expansion Dice Forge : Rebellion - Libellud<\/title>\n<meta name=\"robots\" content=\"index, follow, max-snippet:-1, max-image-preview:large, max-video-preview:-1\" \/>\n<link rel=\"canonical\" href=\"https:\/\/www.libellud.com\/en\/our-games\/dice-forge-rebellion\/\" \/>\n<meta property=\"og:locale\" content=\"en_US\" \/>\n<meta property=\"og:type\" content=\"article\" \/>\n<meta property=\"og:title\" content=\"Expansion Dice Forge : Rebellion - Libellud\" \/>\n<meta property=\"og:description\" content=\"Level up your game play with our Dice Forge expansion: Rebellion. Created to answer the players&#8217; requests expressing a need for more interaction and combinations, this expansion includes new dice faces, 120 new Achievement cards, and two optional modules. The Rebellion expansion can&#8217;t be played without the Dice Forge base box. In the module &#8220;the [&hellip;]\" \/>\n<meta property=\"og:url\" content=\"https:\/\/www.libellud.com\/en\/our-games\/dice-forge-rebellion\/\" \/>\n<meta property=\"og:site_name\" content=\"Libellud\" \/>\n<meta property=\"article:modified_time\" content=\"2022-03-31T10:03:23+00:00\" \/>\n<meta property=\"og:image\" content=\"https:\/\/cdn.svc.asmodee.net\/production-libellud\/uploads\/2022\/03\/DF_INFOS_TECH_HORIZONTALES_WEBSITE-e1649082218873.png\" \/>\n<meta name=\"twitter:card\" content=\"summary_large_image\" \/>\n<meta name=\"twitter:label1\" content=\"Est. reading time\" \/>\n\t<meta name=\"twitter:data1\" content=\"1 minute\" \/>\n<script type=\"application\/ld+json\" class=\"yoast-schema-graph\">{\"@context\":\"https:\/\/schema.org\",\"@graph\":[{\"@type\":\"WebPage\",\"@id\":\"https:\/\/www.libellud.com\/en\/our-games\/dice-forge-rebellion\/\",\"url\":\"https:\/\/www.libellud.com\/en\/our-games\/dice-forge-rebellion\/\",\"name\":\"Expansion Dice Forge : Rebellion - Libellud\",\"isPartOf\":{\"@id\":\"https:\/\/www.libellud.com\/#website\"},\"primaryImageOfPage\":{\"@id\":\"https:\/\/www.libellud.com\/en\/our-games\/dice-forge-rebellion\/#primaryimage\"},\"image\":{\"@id\":\"https:\/\/www.libellud.com\/en\/our-games\/dice-forge-rebellion\/#primaryimage\"},\"thumbnailUrl\":\"https:\/\/cdn.svc.asmodee.net\/production-libellud\/uploads\/2022\/03\/DF_INFOS_TECH_HORIZONTALES_WEBSITE-e1649082218873.png\",\"datePublished\":\"2022-03-31T09:49:23+00:00\",\"dateModified\":\"2022-03-31T10:03:23+00:00\",\"breadcrumb\":{\"@id\":\"https:\/\/www.libellud.com\/en\/our-games\/dice-forge-rebellion\/#breadcrumb\"},\"inLanguage\":\"en-US\",\"potentialAction\":[{\"@type\":\"ReadAction\",\"target\":[\"https:\/\/www.libellud.com\/en\/our-games\/dice-forge-rebellion\/\"]}]},{\"@type\":\"ImageObject\",\"inLanguage\":\"en-US\",\"@id\":\"https:\/\/www.libellud.com\/en\/our-games\/dice-forge-rebellion\/#primaryimage\",\"url\":\"https:\/\/cdn.svc.asmodee.net\/production-libellud\/uploads\/2022\/03\/DF_INFOS_TECH_HORIZONTALES_WEBSITE-e1649082218873.png\",\"contentUrl\":\"https:\/\/cdn.svc.asmodee.net\/production-libellud\/uploads\/2022\/03\/DF_INFOS_TECH_HORIZONTALES_WEBSITE-e1649082218873.png\"},{\"@type\":\"BreadcrumbList\",\"@id\":\"https:\/\/www.libellud.com\/en\/our-games\/dice-forge-rebellion\/#breadcrumb\",\"itemListElement\":[{\"@type\":\"ListItem\",\"position\":1,\"name\":\"Home\",\"item\":\"https:\/\/www.libellud.com\/en\/\"},{\"@type\":\"ListItem\",\"position\":2,\"name\":\"Our Games\",\"item\":\"https:\/\/www.libellud.com\/en\/our-games\/\"},{\"@type\":\"ListItem\",\"position\":3,\"name\":\"Expansion Dice Forge : Rebellion\"}]},{\"@type\":\"WebSite\",\"@id\":\"https:\/\/www.libellud.com\/#website\",\"url\":\"https:\/\/www.libellud.com\/\",\"name\":\"Libellud\",\"description\":\"\u00c9diteur de jeux de soci\u00e9t\u00e9 depuis 2008\",\"potentialAction\":[{\"@type\":\"SearchAction\",\"target\":{\"@type\":\"EntryPoint\",\"urlTemplate\":\"https:\/\/www.libellud.com\/?s={search_term_string}\"},\"query-input\":{\"@type\":\"PropertyValueSpecification\",\"valueRequired\":true,\"valueName\":\"search_term_string\"}}],\"inLanguage\":\"en-US\"}]}<\/script>\n<!-- \/ Yoast SEO plugin. -->","yoast_head_json":{"title":"Expansion Dice Forge : Rebellion - Libellud","robots":{"index":"index","follow":"follow","max-snippet":"max-snippet:-1","max-image-preview":"max-image-preview:large","max-video-preview":"max-video-preview:-1"},"canonical":"https:\/\/www.libellud.com\/en\/our-games\/dice-forge-rebellion\/","og_locale":"en_US","og_type":"article","og_title":"Expansion Dice Forge : Rebellion - Libellud","og_description":"Level up your game play with our Dice Forge expansion: Rebellion. Created to answer the players&#8217; requests expressing a need for more interaction and combinations, this expansion includes new dice faces, 120 new Achievement cards, and two optional modules. The Rebellion expansion can&#8217;t be played without the Dice Forge base box. In the module &#8220;the [&hellip;]","og_url":"https:\/\/www.libellud.com\/en\/our-games\/dice-forge-rebellion\/","og_site_name":"Libellud","article_modified_time":"2022-03-31T10:03:23+00:00","og_image":[{"url":"https:\/\/cdn.svc.asmodee.net\/production-libellud\/uploads\/2022\/03\/DF_INFOS_TECH_HORIZONTALES_WEBSITE-e1649082218873.png","type":"","width":"","height":""}],"twitter_card":"summary_large_image","twitter_misc":{"Est. reading time":"1 minute"},"schema":{"@context":"https:\/\/schema.org","@graph":[{"@type":"WebPage","@id":"https:\/\/www.libellud.com\/en\/our-games\/dice-forge-rebellion\/","url":"https:\/\/www.libellud.com\/en\/our-games\/dice-forge-rebellion\/","name":"Expansion Dice Forge : Rebellion - Libellud","isPartOf":{"@id":"https:\/\/www.libellud.com\/#website"},"primaryImageOfPage":{"@id":"https:\/\/www.libellud.com\/en\/our-games\/dice-forge-rebellion\/#primaryimage"},"image":{"@id":"https:\/\/www.libellud.com\/en\/our-games\/dice-forge-rebellion\/#primaryimage"},"thumbnailUrl":"https:\/\/cdn.svc.asmodee.net\/production-libellud\/uploads\/2022\/03\/DF_INFOS_TECH_HORIZONTALES_WEBSITE-e1649082218873.png","datePublished":"2022-03-31T09:49:23+00:00","dateModified":"2022-03-31T10:03:23+00:00","breadcrumb":{"@id":"https:\/\/www.libellud.com\/en\/our-games\/dice-forge-rebellion\/#breadcrumb"},"inLanguage":"en-US","potentialAction":[{"@type":"ReadAction","target":["https:\/\/www.libellud.com\/en\/our-games\/dice-forge-rebellion\/"]}]},{"@type":"ImageObject","inLanguage":"en-US","@id":"https:\/\/www.libellud.com\/en\/our-games\/dice-forge-rebellion\/#primaryimage","url":"https:\/\/cdn.svc.asmodee.net\/production-libellud\/uploads\/2022\/03\/DF_INFOS_TECH_HORIZONTALES_WEBSITE-e1649082218873.png","contentUrl":"https:\/\/cdn.svc.asmodee.net\/production-libellud\/uploads\/2022\/03\/DF_INFOS_TECH_HORIZONTALES_WEBSITE-e1649082218873.png"},{"@type":"BreadcrumbList","@id":"https:\/\/www.libellud.com\/en\/our-games\/dice-forge-rebellion\/#breadcrumb","itemListElement":[{"@type":"ListItem","position":1,"name":"Home","item":"https:\/\/www.libellud.com\/en\/"},{"@type":"ListItem","position":2,"name":"Our Games","item":"https:\/\/www.libellud.com\/en\/our-games\/"},{"@type":"ListItem","position":3,"name":"Expansion Dice Forge : Rebellion"}]},{"@type":"WebSite","@id":"https:\/\/www.libellud.com\/#website","url":"https:\/\/www.libellud.com\/","name":"Libellud","description":"\u00c9diteur de jeux de soci\u00e9t\u00e9 depuis 2008","potentialAction":[{"@type":"SearchAction","target":{"@type":"EntryPoint","urlTemplate":"https:\/\/www.libellud.com\/?s={search_term_string}"},"query-input":{"@type":"PropertyValueSpecification","valueRequired":true,"valueName":"search_term_string"}}],"inLanguage":"en-US"}]}},"_links":{"self":[{"href":"https:\/\/www.libellud.com\/en\/wp-json\/wp\/v2\/pages\/9413","targetHints":{"allow":["GET"]}}],"collection":[{"href":"https:\/\/www.libellud.com\/en\/wp-json\/wp\/v2\/pages"}],"about":[{"href":"https:\/\/www.libellud.com\/en\/wp-json\/wp\/v2\/types\/page"}],"author":[{"embeddable":true,"href":"https:\/\/www.libellud.com\/en\/wp-json\/wp\/v2\/users\/3"}],"replies":[{"embeddable":true,"href":"https:\/\/www.libellud.com\/en\/wp-json\/wp\/v2\/comments?post=9413"}],"version-history":[{"count":5,"href":"https:\/\/www.libellud.com\/en\/wp-json\/wp\/v2\/pages\/9413\/revisions"}],"predecessor-version":[{"id":9419,"href":"https:\/\/www.libellud.com\/en\/wp-json\/wp\/v2\/pages\/9413\/revisions\/9419"}],"up":[{"embeddable":true,"href":"https:\/\/www.libellud.com\/en\/wp-json\/wp\/v2\/pages\/9610"}],"wp:attachment":[{"href":"https:\/\/www.libellud.com\/en\/wp-json\/wp\/v2\/media?parent=9413"}],"curies":[{"name":"wp","href":"https:\/\/api.w.org\/{rel}","templated":true}]}}