{"id":9438,"date":"2022-03-31T14:26:54","date_gmt":"2022-03-31T12:26:54","guid":{"rendered":"https:\/\/www.libellud.com\/?page_id=9438"},"modified":"2025-09-18T09:26:52","modified_gmt":"2025-09-18T07:26:52","slug":"dixit","status":"publish","type":"page","link":"https:\/\/www.libellud.com\/en\/our-games\/dixit\/","title":{"rendered":"Dixit"},"content":{"rendered":"\n\n\t<h3><strong>A picture is worth a thousand words.<\/strong><\/h3>\n<p>Discover another way to play games with <em>Dixit<\/em>, the image interpretation game.<\/p>\n\t<em>Dixit<\/em> is an enchanting card game inviting you to let your imagination run wild. Discover 84 dreamlike illustrations on large text-free cards, and interpret those mysterious images.<br \/>\nAccessible and family-oriented, <em>Dixit<\/em> is the ideal game to play with family or friends and to get to know your peers from another perspective.\n<p><strong>Designer :<\/strong> Jean-Louis Roubira<\/p>\n<p><strong>Artist :<\/strong> Marie Cardouat<\/p>\n<p><strong>Sortie :<\/strong> December 2008<\/p>\n\t\t\t\t<img decoding=\"async\" src=\"https:\/\/www.libellud.com\/image-converter?url=https%3A%2F%2Fcdn.svc.asmodee.net%2Fproduction-libellud%2Fuploads%2F2025%2F09%2FADN_DIXIT.png&#038;attachment_id=13247\" alt=\"ADN_DIXIT\" itemprop=\"image\" title=\"ADN_DIXIT\" onerror=\"this.style.display='none'\"  \/>\n\t\t\t\t<img decoding=\"async\" src=\"https:\/\/cdn.svc.asmodee.net\/production-libellud\/uploads\/2021\/12\/caroussel-boite-dixit-mobile-1.png\" alt=\"caroussel-boite-dixit-mobile\" itemprop=\"image\" title=\"caroussel-boite-dixit-mobile\" onerror=\"this.style.display='none'\"  \/>\n\t<p>Youtube has been blocked because of your cookie preferences.To activate it, you must <a href=\"javascript:Didomi.preferences.show()\">accept the &#8220;Youtube&#8221; cookie<\/a> in the list of partners, or click on the button below to view the video directly on the Youtube site.<\/p><a href=\"https:\/\/www.youtube.com\/watch?v=cMIOI39iZAw\" target=\"_blank\" rel=\"noopener\">Watch the video<\/a>\n\t<strong>Dixit games rules<br \/>\nin few steps<\/strong>\n\t\t\t<a href=\"#\" target=\"_self\" rel=\"noopener\">\n\t\t\t\t\t\t\tDownload rules\n\t\t\t\t\t<\/a>\n\t\t\t\t<img decoding=\"async\" src=\"https:\/\/cdn.svc.asmodee.net\/production-libellud\/uploads\/2022\/03\/DSC00741-scaled.jpg\" alt=\"DSC00741\" itemprop=\"image\" title=\"DSC00741\" onerror=\"this.style.display='none'\"  \/>\n\tWhen it&#8217;s your turn, embody the storyteller.<br \/>\nPick a card from your hand (hide it from the other players), and announce a theme that the illustration inspires you.\n\t\t\t\t<img decoding=\"async\" src=\"https:\/\/cdn.svc.asmodee.net\/production-libellud\/uploads\/2022\/03\/DSC00715-scaled.jpg\" alt=\"DSC00715\" itemprop=\"image\" title=\"DSC00715\" onerror=\"this.style.display='none'\"  \/>\n\t<p>The other players choose a card from their hands that makes them think of that theme.<\/p>\n\t\t\t\t<img decoding=\"async\" src=\"https:\/\/cdn.svc.asmodee.net\/production-libellud\/uploads\/2022\/03\/DSC00914-scaled.jpg\" alt=\"DSC00914\" itemprop=\"image\" title=\"DSC00914\" onerror=\"this.style.display='none'\"  \/>\n\t<p>Cards are shuffled and revealed: players take a vote to find your card.<\/p>\n\t\t\t\t<img decoding=\"async\" src=\"https:\/\/cdn.svc.asmodee.net\/production-libellud\/uploads\/2022\/03\/DSC00802-scaled.jpg\" alt=\"DSC00802\" itemprop=\"image\" title=\"DSC00802\" onerror=\"this.style.display='none'\"  \/>\n\t<p>You score points if some of the players, yet not all of them, find your card! Your chosen theme should neither be too obvious, nor too evasive.<\/p>\n\t\t\t\t<img decoding=\"async\" src=\"https:\/\/cdn.svc.asmodee.net\/production-libellud\/uploads\/2022\/02\/DIXIT-boxpackshot.png\" alt=\"DIXIT-boxpackshot\" itemprop=\"image\" title=\"DIXIT-boxpackshot\" onerror=\"this.style.display='none'\"  \/>\n\t<p><strong>Expansions<\/strong><\/p>\n<p>Each Dixit expansion pack offers 84 new large size illustrated cards in a world of their own. Click on the expansions to discover the range of cards they include and to learn more about their illustrators. Use each expansion pack individually, or combine them for a different game experience each time. Dixit cards can be played with all of the games of the Dixit universe<\/p>\n\t\t\t<a href=\"https:\/\/www.libellud.com\/en\/our-games\/dixit-expansions\/\" target=\"_self\" rel=\"noopener\">\n\t\t\t\t\t\t\tDiscover more\n\t\t\t\t\t<\/a>\n\t<p>Resources<\/p>\nContinue the Dixit adventure with our downloadable contents including game rules, image<br \/>\nbanks, wallpapers, exclusive files and more, by clicking below:\n\t\t\t<a href=\"https:\/\/www.libellud.com\/en\/resources\/dixit\/\" target=\"_self\" rel=\"noopener\">\n\t\t\t\t\t\t\tDiscover more\n\t\t\t\t\t<\/a>\n\t<p>Learn more about Dixit<\/p>\n<p>Feel free to check our latest articles about the Dixit game! Interviews, exclusive news and contests regularly appear in the <a href=\"https:\/\/www.libellud.com\/en\/our-news\/\">News section<\/a>!<\/p>\n<p>&nbsp;<\/p>\n\n","protected":false},"excerpt":{"rendered":"<p>A picture is worth a thousand words. Discover another way to play games with Dixit, the image interpretation game. Dixit is an enchanting card game inviting you to let your imagination run wild. Discover 84 dreamlike illustrations on large text-free cards, and interpret those mysterious images. Accessible and family-oriented, Dixit is the ideal game to [&hellip;]<\/p>\n","protected":false},"author":3,"featured_media":0,"parent":9610,"menu_order":0,"comment_status":"closed","ping_status":"closed","template":"","meta":{"_acf_changed":false,"footnotes":""},"class_list":["post-9438","page","type-page","status-publish","hentry"],"acf":[],"yoast_head":"<!-- This site is optimized with the Yoast SEO plugin v26.9 - https:\/\/yoast.com\/product\/yoast-seo-wordpress\/ -->\n<title>Dixit - Libellud<\/title>\n<meta name=\"robots\" content=\"index, follow, max-snippet:-1, max-image-preview:large, max-video-preview:-1\" \/>\n<link rel=\"canonical\" href=\"https:\/\/www.libellud.com\/en\/our-games\/dixit\/\" \/>\n<meta property=\"og:locale\" content=\"en_US\" \/>\n<meta property=\"og:type\" content=\"article\" \/>\n<meta property=\"og:title\" content=\"Dixit - Libellud\" \/>\n<meta property=\"og:description\" content=\"A picture is worth a thousand words. Discover another way to play games with Dixit, the image interpretation game. Dixit is an enchanting card game inviting you to let your imagination run wild. Discover 84 dreamlike illustrations on large text-free cards, and interpret those mysterious images. Accessible and family-oriented, Dixit is the ideal game to [&hellip;]\" \/>\n<meta property=\"og:url\" content=\"https:\/\/www.libellud.com\/en\/our-games\/dixit\/\" \/>\n<meta property=\"og:site_name\" content=\"Libellud\" \/>\n<meta property=\"article:modified_time\" content=\"2025-09-18T07:26:52+00:00\" \/>\n<meta property=\"og:image\" content=\"https:\/\/www.libellud.com\/image-converter?url=https%3A%2F%2Fcdn.svc.asmodee.net%2Fproduction-libellud%2Fuploads%2F2025%2F09%2FADN_DIXIT.png&#038;attachment_id=13247\" \/>\n<meta name=\"twitter:card\" content=\"summary_large_image\" \/>\n<meta name=\"twitter:label1\" content=\"Est. reading time\" \/>\n\t<meta name=\"twitter:data1\" content=\"3 minutes\" \/>\n<script type=\"application\/ld+json\" class=\"yoast-schema-graph\">{\"@context\":\"https:\/\/schema.org\",\"@graph\":[{\"@type\":\"WebPage\",\"@id\":\"https:\/\/www.libellud.com\/en\/our-games\/dixit\/\",\"url\":\"https:\/\/www.libellud.com\/en\/our-games\/dixit\/\",\"name\":\"Dixit - Libellud\",\"isPartOf\":{\"@id\":\"https:\/\/www.libellud.com\/#website\"},\"primaryImageOfPage\":{\"@id\":\"https:\/\/www.libellud.com\/en\/our-games\/dixit\/#primaryimage\"},\"image\":{\"@id\":\"https:\/\/www.libellud.com\/en\/our-games\/dixit\/#primaryimage\"},\"thumbnailUrl\":\"https:\/\/www.libellud.com\/image-converter?url=https%3A%2F%2Fcdn.svc.asmodee.net%2Fproduction-libellud%2Fuploads%2F2025%2F09%2FADN_DIXIT.png&#038;attachment_id=13247\",\"datePublished\":\"2022-03-31T12:26:54+00:00\",\"dateModified\":\"2025-09-18T07:26:52+00:00\",\"breadcrumb\":{\"@id\":\"https:\/\/www.libellud.com\/en\/our-games\/dixit\/#breadcrumb\"},\"inLanguage\":\"en-US\",\"potentialAction\":[{\"@type\":\"ReadAction\",\"target\":[\"https:\/\/www.libellud.com\/en\/our-games\/dixit\/\"]}]},{\"@type\":\"ImageObject\",\"inLanguage\":\"en-US\",\"@id\":\"https:\/\/www.libellud.com\/en\/our-games\/dixit\/#primaryimage\",\"url\":\"https:\/\/www.libellud.com\/image-converter?url=https%3A%2F%2Fcdn.svc.asmodee.net%2Fproduction-libellud%2Fuploads%2F2025%2F09%2FADN_DIXIT.png&#038;attachment_id=13247\",\"contentUrl\":\"https:\/\/www.libellud.com\/image-converter?url=https%3A%2F%2Fcdn.svc.asmodee.net%2Fproduction-libellud%2Fuploads%2F2025%2F09%2FADN_DIXIT.png&#038;attachment_id=13247\"},{\"@type\":\"BreadcrumbList\",\"@id\":\"https:\/\/www.libellud.com\/en\/our-games\/dixit\/#breadcrumb\",\"itemListElement\":[{\"@type\":\"ListItem\",\"position\":1,\"name\":\"Home\",\"item\":\"https:\/\/www.libellud.com\/en\/\"},{\"@type\":\"ListItem\",\"position\":2,\"name\":\"Our Games\",\"item\":\"https:\/\/www.libellud.com\/en\/our-games\/\"},{\"@type\":\"ListItem\",\"position\":3,\"name\":\"Dixit\"}]},{\"@type\":\"WebSite\",\"@id\":\"https:\/\/www.libellud.com\/#website\",\"url\":\"https:\/\/www.libellud.com\/\",\"name\":\"Libellud\",\"description\":\"\u00c9diteur de jeux de soci\u00e9t\u00e9 depuis 2008\",\"potentialAction\":[{\"@type\":\"SearchAction\",\"target\":{\"@type\":\"EntryPoint\",\"urlTemplate\":\"https:\/\/www.libellud.com\/?s={search_term_string}\"},\"query-input\":{\"@type\":\"PropertyValueSpecification\",\"valueRequired\":true,\"valueName\":\"search_term_string\"}}],\"inLanguage\":\"en-US\"}]}<\/script>\n<!-- \/ Yoast SEO plugin. -->","yoast_head_json":{"title":"Dixit - Libellud","robots":{"index":"index","follow":"follow","max-snippet":"max-snippet:-1","max-image-preview":"max-image-preview:large","max-video-preview":"max-video-preview:-1"},"canonical":"https:\/\/www.libellud.com\/en\/our-games\/dixit\/","og_locale":"en_US","og_type":"article","og_title":"Dixit - Libellud","og_description":"A picture is worth a thousand words. Discover another way to play games with Dixit, the image interpretation game. Dixit is an enchanting card game inviting you to let your imagination run wild. Discover 84 dreamlike illustrations on large text-free cards, and interpret those mysterious images. Accessible and family-oriented, Dixit is the ideal game to [&hellip;]","og_url":"https:\/\/www.libellud.com\/en\/our-games\/dixit\/","og_site_name":"Libellud","article_modified_time":"2025-09-18T07:26:52+00:00","og_image":[{"url":"https:\/\/www.libellud.com\/image-converter?url=https%3A%2F%2Fcdn.svc.asmodee.net%2Fproduction-libellud%2Fuploads%2F2025%2F09%2FADN_DIXIT.png&#038;attachment_id=13247","type":"","width":"","height":""}],"twitter_card":"summary_large_image","twitter_misc":{"Est. reading time":"3 minutes"},"schema":{"@context":"https:\/\/schema.org","@graph":[{"@type":"WebPage","@id":"https:\/\/www.libellud.com\/en\/our-games\/dixit\/","url":"https:\/\/www.libellud.com\/en\/our-games\/dixit\/","name":"Dixit - Libellud","isPartOf":{"@id":"https:\/\/www.libellud.com\/#website"},"primaryImageOfPage":{"@id":"https:\/\/www.libellud.com\/en\/our-games\/dixit\/#primaryimage"},"image":{"@id":"https:\/\/www.libellud.com\/en\/our-games\/dixit\/#primaryimage"},"thumbnailUrl":"https:\/\/www.libellud.com\/image-converter?url=https%3A%2F%2Fcdn.svc.asmodee.net%2Fproduction-libellud%2Fuploads%2F2025%2F09%2FADN_DIXIT.png&#038;attachment_id=13247","datePublished":"2022-03-31T12:26:54+00:00","dateModified":"2025-09-18T07:26:52+00:00","breadcrumb":{"@id":"https:\/\/www.libellud.com\/en\/our-games\/dixit\/#breadcrumb"},"inLanguage":"en-US","potentialAction":[{"@type":"ReadAction","target":["https:\/\/www.libellud.com\/en\/our-games\/dixit\/"]}]},{"@type":"ImageObject","inLanguage":"en-US","@id":"https:\/\/www.libellud.com\/en\/our-games\/dixit\/#primaryimage","url":"https:\/\/www.libellud.com\/image-converter?url=https%3A%2F%2Fcdn.svc.asmodee.net%2Fproduction-libellud%2Fuploads%2F2025%2F09%2FADN_DIXIT.png&#038;attachment_id=13247","contentUrl":"https:\/\/www.libellud.com\/image-converter?url=https%3A%2F%2Fcdn.svc.asmodee.net%2Fproduction-libellud%2Fuploads%2F2025%2F09%2FADN_DIXIT.png&#038;attachment_id=13247"},{"@type":"BreadcrumbList","@id":"https:\/\/www.libellud.com\/en\/our-games\/dixit\/#breadcrumb","itemListElement":[{"@type":"ListItem","position":1,"name":"Home","item":"https:\/\/www.libellud.com\/en\/"},{"@type":"ListItem","position":2,"name":"Our Games","item":"https:\/\/www.libellud.com\/en\/our-games\/"},{"@type":"ListItem","position":3,"name":"Dixit"}]},{"@type":"WebSite","@id":"https:\/\/www.libellud.com\/#website","url":"https:\/\/www.libellud.com\/","name":"Libellud","description":"\u00c9diteur de jeux de soci\u00e9t\u00e9 depuis 2008","potentialAction":[{"@type":"SearchAction","target":{"@type":"EntryPoint","urlTemplate":"https:\/\/www.libellud.com\/?s={search_term_string}"},"query-input":{"@type":"PropertyValueSpecification","valueRequired":true,"valueName":"search_term_string"}}],"inLanguage":"en-US"}]}},"_links":{"self":[{"href":"https:\/\/www.libellud.com\/en\/wp-json\/wp\/v2\/pages\/9438","targetHints":{"allow":["GET"]}}],"collection":[{"href":"https:\/\/www.libellud.com\/en\/wp-json\/wp\/v2\/pages"}],"about":[{"href":"https:\/\/www.libellud.com\/en\/wp-json\/wp\/v2\/types\/page"}],"author":[{"embeddable":true,"href":"https:\/\/www.libellud.com\/en\/wp-json\/wp\/v2\/users\/3"}],"replies":[{"embeddable":true,"href":"https:\/\/www.libellud.com\/en\/wp-json\/wp\/v2\/comments?post=9438"}],"version-history":[{"count":8,"href":"https:\/\/www.libellud.com\/en\/wp-json\/wp\/v2\/pages\/9438\/revisions"}],"predecessor-version":[{"id":13250,"href":"https:\/\/www.libellud.com\/en\/wp-json\/wp\/v2\/pages\/9438\/revisions\/13250"}],"up":[{"embeddable":true,"href":"https:\/\/www.libellud.com\/en\/wp-json\/wp\/v2\/pages\/9610"}],"wp:attachment":[{"href":"https:\/\/www.libellud.com\/en\/wp-json\/wp\/v2\/media?parent=9438"}],"curies":[{"name":"wp","href":"https:\/\/api.w.org\/{rel}","templated":true}]}}