{"id":9455,"date":"2022-03-31T15:17:29","date_gmt":"2022-03-31T13:17:29","guid":{"rendered":"https:\/\/www.libellud.com\/?page_id=9455"},"modified":"2022-04-04T21:47:35","modified_gmt":"2022-04-04T19:47:35","slug":"mysterium-expansions","status":"publish","type":"page","link":"https:\/\/www.libellud.com\/en\/our-games\/mysterium-expansions\/","title":{"rendered":"Mysterium Expansions"},"content":{"rendered":"\n\n\t<p>Explore more possibilities to <strong>solve the Mysterium investigation<\/strong> with the <strong>Mysterium Hidden Signs<\/strong> and the <strong>Mysterium Secret and Lies<\/strong> expansion packs.<\/p>\n<p>Use each <strong>expansion pack<\/strong> individually or combine them to renew your <strong>gaming experience<\/strong> for ever-surprising games. The expansions can&#8217;t be played without the <strong>Mysterium<\/strong> base box.<\/p>\n\t<p><strong>Design:<\/strong> Oleksander Nevskiy &amp; Oleg Sidorenko<\/p>\n<p><strong>Artists:<\/strong> Xavier Collette &amp; M81 Studio\u00a0<\/p>\n<p><strong>Release:<\/strong> June 2016 &amp; August 2017<\/p>\n\t\t\t\t<img decoding=\"async\" src=\"https:\/\/cdn.svc.asmodee.net\/production-libellud\/uploads\/2022\/03\/MYST_INFOS_TECH_HORIZONTALES_BD-300x51.png\" alt=\"\" itemprop=\"image\" onerror=\"this.style.display='none'\"  \/>\n\t\t\t\t<img loading=\"lazy\" decoding=\"async\" src=\"https:\/\/cdn.svc.asmodee.net\/production-libellud\/uploads\/2021\/12\/boite-mysterium-extensions-mobile.png\" alt=\"boite-mysterium-extensions-mobile\" itemprop=\"image\" height=\"380\" width=\"600\" title=\"boite-mysterium-extensions-mobile\" onerror=\"this.style.display='none'\"  \/>\n\t<p>Mysterium : Hidden Signs<\/p>\n\t\t\t\t<img loading=\"lazy\" decoding=\"async\" src=\"https:\/\/cdn.svc.asmodee.net\/production-libellud\/uploads\/2022\/03\/MYST_EXT1_BOX_LEFT_72dpi-1-140x300.png\" alt=\"MYST_EXT1_BOX_LEFT_72dpi\" itemprop=\"image\" height=\"300\" width=\"140\" title=\"MYST_EXT1_BOX_LEFT_72dpi\" onerror=\"this.style.display='none'\"  \/>\n\t<p>In <strong>Mysterium Hidden Signs<\/strong>, 6 Locations and 6 Objects allow you to experience <strong>new game combinations.<\/strong> The ghost will benefit from 42 additional Vision Cards to communicate!<\/p>\n\t\t\t<a href=\"https:\/\/www.libellud.com\/en\/resources\/mysterium\/\" target=\"_self\" role=\"button\" rel=\"noopener\">\n\t\t\t\t\t\t\tResources\n\t\t\t\t\t<\/a>\n\t<p>Mysterium : Secrets and Lies<\/p>\n\t\t\t\t<img loading=\"lazy\" decoding=\"async\" src=\"https:\/\/cdn.svc.asmodee.net\/production-libellud\/uploads\/2022\/03\/MYST_EXT2_BOX_LEFT-1-140x300.png\" alt=\"MYST_EXT2_BOX_LEFT\" itemprop=\"image\" height=\"300\" width=\"140\" title=\"MYST_EXT2_BOX_LEFT\" onerror=\"this.style.display='none'\"  \/>\n\t<p>Discover the <strong>crime&#8217;s motive<\/strong> in the <strong>Mysterium Secrets and Lies expansion<\/strong> which includes <strong>19 Story Cards<\/strong> to replace <strong>Object Cards<\/strong>. Diversify your <strong>Mysterium game experience<\/strong> with new components: 5 suspects, 6 locations, and 6 objects!<\/p>\n\t\t\t<a href=\"https:\/\/www.libellud.com\/en\/resources\/mysterium\/\" target=\"_self\" role=\"button\" rel=\"noopener\">\n\t\t\t\t\t\t\tResources\n\t\t\t\t\t<\/a>\n\t<p>Find out more about Mysterium<\/p>\n<p>Feel free to check our latest articles about Mysterium! Interviews, exclusive news and contests regularly appear in our <a href=\"https:\/\/www.libellud.com\/en\/our-news\/\">News Section<\/a>.<\/p>\n<p>&nbsp;<\/p>\n\n","protected":false},"excerpt":{"rendered":"<p>Explore more possibilities to solve the Mysterium investigation with the Mysterium Hidden Signs and the Mysterium Secret and Lies expansion packs. Use each expansion pack individually or combine them to renew your gaming experience for ever-surprising games. The expansions can&#8217;t be played without the Mysterium base box. Design: Oleksander Nevskiy &amp; Oleg Sidorenko Artists: Xavier [&hellip;]<\/p>\n","protected":false},"author":3,"featured_media":0,"parent":9610,"menu_order":0,"comment_status":"closed","ping_status":"closed","template":"","meta":{"_acf_changed":false,"footnotes":""},"class_list":["post-9455","page","type-page","status-publish","hentry"],"acf":[],"yoast_head":"<!-- This site is optimized with the Yoast SEO plugin v27.4 - https:\/\/yoast.com\/product\/yoast-seo-wordpress\/ -->\n<title>Mysterium Expansions - Libellud<\/title>\n<meta name=\"robots\" content=\"index, follow, max-snippet:-1, max-image-preview:large, max-video-preview:-1\" \/>\n<link rel=\"canonical\" href=\"https:\/\/www.libellud.com\/en\/our-games\/mysterium-expansions\/\" \/>\n<meta property=\"og:locale\" content=\"en_US\" \/>\n<meta property=\"og:type\" content=\"article\" \/>\n<meta property=\"og:title\" content=\"Mysterium Expansions - Libellud\" \/>\n<meta property=\"og:description\" content=\"Explore more possibilities to solve the Mysterium investigation with the Mysterium Hidden Signs and the Mysterium Secret and Lies expansion packs. Use each expansion pack individually or combine them to renew your gaming experience for ever-surprising games. The expansions can&#8217;t be played without the Mysterium base box. Design: Oleksander Nevskiy &amp; Oleg Sidorenko Artists: Xavier [&hellip;]\" \/>\n<meta property=\"og:url\" content=\"https:\/\/www.libellud.com\/en\/our-games\/mysterium-expansions\/\" \/>\n<meta property=\"og:site_name\" content=\"Libellud\" \/>\n<meta property=\"article:modified_time\" content=\"2022-04-04T19:47:35+00:00\" \/>\n<meta property=\"og:image\" content=\"https:\/\/cdn.svc.asmodee.net\/production-libellud\/uploads\/2022\/03\/MYST_INFOS_TECH_HORIZONTALES_BD-300x51.png\" \/>\n<meta name=\"twitter:card\" content=\"summary_large_image\" \/>\n<meta name=\"twitter:label1\" content=\"Est. reading time\" \/>\n\t<meta name=\"twitter:data1\" content=\"1 minute\" \/>\n<script type=\"application\/ld+json\" class=\"yoast-schema-graph\">{\"@context\":\"https:\\\/\\\/schema.org\",\"@graph\":[{\"@type\":\"WebPage\",\"@id\":\"https:\\\/\\\/www.libellud.com\\\/en\\\/our-games\\\/mysterium-expansions\\\/\",\"url\":\"https:\\\/\\\/www.libellud.com\\\/en\\\/our-games\\\/mysterium-expansions\\\/\",\"name\":\"Mysterium Expansions - Libellud\",\"isPartOf\":{\"@id\":\"https:\\\/\\\/www.libellud.com\\\/#website\"},\"primaryImageOfPage\":{\"@id\":\"https:\\\/\\\/www.libellud.com\\\/en\\\/our-games\\\/mysterium-expansions\\\/#primaryimage\"},\"image\":{\"@id\":\"https:\\\/\\\/www.libellud.com\\\/en\\\/our-games\\\/mysterium-expansions\\\/#primaryimage\"},\"thumbnailUrl\":\"https:\\\/\\\/cdn.svc.asmodee.net\\\/production-libellud\\\/uploads\\\/2022\\\/03\\\/MYST_INFOS_TECH_HORIZONTALES_BD-300x51.png\",\"datePublished\":\"2022-03-31T13:17:29+00:00\",\"dateModified\":\"2022-04-04T19:47:35+00:00\",\"breadcrumb\":{\"@id\":\"https:\\\/\\\/www.libellud.com\\\/en\\\/our-games\\\/mysterium-expansions\\\/#breadcrumb\"},\"inLanguage\":\"en-US\",\"potentialAction\":[{\"@type\":\"ReadAction\",\"target\":[\"https:\\\/\\\/www.libellud.com\\\/en\\\/our-games\\\/mysterium-expansions\\\/\"]}]},{\"@type\":\"ImageObject\",\"inLanguage\":\"en-US\",\"@id\":\"https:\\\/\\\/www.libellud.com\\\/en\\\/our-games\\\/mysterium-expansions\\\/#primaryimage\",\"url\":\"https:\\\/\\\/cdn.svc.asmodee.net\\\/production-libellud\\\/uploads\\\/2022\\\/03\\\/MYST_INFOS_TECH_HORIZONTALES_BD-300x51.png\",\"contentUrl\":\"https:\\\/\\\/cdn.svc.asmodee.net\\\/production-libellud\\\/uploads\\\/2022\\\/03\\\/MYST_INFOS_TECH_HORIZONTALES_BD-300x51.png\"},{\"@type\":\"BreadcrumbList\",\"@id\":\"https:\\\/\\\/www.libellud.com\\\/en\\\/our-games\\\/mysterium-expansions\\\/#breadcrumb\",\"itemListElement\":[{\"@type\":\"ListItem\",\"position\":1,\"name\":\"Home\",\"item\":\"https:\\\/\\\/www.libellud.com\\\/en\\\/\"},{\"@type\":\"ListItem\",\"position\":2,\"name\":\"Our Games\",\"item\":\"https:\\\/\\\/www.libellud.com\\\/en\\\/our-games\\\/\"},{\"@type\":\"ListItem\",\"position\":3,\"name\":\"Mysterium Expansions\"}]},{\"@type\":\"WebSite\",\"@id\":\"https:\\\/\\\/www.libellud.com\\\/#website\",\"url\":\"https:\\\/\\\/www.libellud.com\\\/\",\"name\":\"Libellud\",\"description\":\"\u00c9diteur de jeux de soci\u00e9t\u00e9 depuis 2008\",\"potentialAction\":[{\"@type\":\"SearchAction\",\"target\":{\"@type\":\"EntryPoint\",\"urlTemplate\":\"https:\\\/\\\/www.libellud.com\\\/?s={search_term_string}\"},\"query-input\":{\"@type\":\"PropertyValueSpecification\",\"valueRequired\":true,\"valueName\":\"search_term_string\"}}],\"inLanguage\":\"en-US\"}]}<\/script>\n<!-- \/ Yoast SEO plugin. -->","yoast_head_json":{"title":"Mysterium Expansions - Libellud","robots":{"index":"index","follow":"follow","max-snippet":"max-snippet:-1","max-image-preview":"max-image-preview:large","max-video-preview":"max-video-preview:-1"},"canonical":"https:\/\/www.libellud.com\/en\/our-games\/mysterium-expansions\/","og_locale":"en_US","og_type":"article","og_title":"Mysterium Expansions - Libellud","og_description":"Explore more possibilities to solve the Mysterium investigation with the Mysterium Hidden Signs and the Mysterium Secret and Lies expansion packs. Use each expansion pack individually or combine them to renew your gaming experience for ever-surprising games. The expansions can&#8217;t be played without the Mysterium base box. Design: Oleksander Nevskiy &amp; Oleg Sidorenko Artists: Xavier [&hellip;]","og_url":"https:\/\/www.libellud.com\/en\/our-games\/mysterium-expansions\/","og_site_name":"Libellud","article_modified_time":"2022-04-04T19:47:35+00:00","og_image":[{"url":"https:\/\/cdn.svc.asmodee.net\/production-libellud\/uploads\/2022\/03\/MYST_INFOS_TECH_HORIZONTALES_BD-300x51.png","type":"","width":"","height":""}],"twitter_card":"summary_large_image","twitter_misc":{"Est. reading time":"1 minute"},"schema":{"@context":"https:\/\/schema.org","@graph":[{"@type":"WebPage","@id":"https:\/\/www.libellud.com\/en\/our-games\/mysterium-expansions\/","url":"https:\/\/www.libellud.com\/en\/our-games\/mysterium-expansions\/","name":"Mysterium Expansions - Libellud","isPartOf":{"@id":"https:\/\/www.libellud.com\/#website"},"primaryImageOfPage":{"@id":"https:\/\/www.libellud.com\/en\/our-games\/mysterium-expansions\/#primaryimage"},"image":{"@id":"https:\/\/www.libellud.com\/en\/our-games\/mysterium-expansions\/#primaryimage"},"thumbnailUrl":"https:\/\/cdn.svc.asmodee.net\/production-libellud\/uploads\/2022\/03\/MYST_INFOS_TECH_HORIZONTALES_BD-300x51.png","datePublished":"2022-03-31T13:17:29+00:00","dateModified":"2022-04-04T19:47:35+00:00","breadcrumb":{"@id":"https:\/\/www.libellud.com\/en\/our-games\/mysterium-expansions\/#breadcrumb"},"inLanguage":"en-US","potentialAction":[{"@type":"ReadAction","target":["https:\/\/www.libellud.com\/en\/our-games\/mysterium-expansions\/"]}]},{"@type":"ImageObject","inLanguage":"en-US","@id":"https:\/\/www.libellud.com\/en\/our-games\/mysterium-expansions\/#primaryimage","url":"https:\/\/cdn.svc.asmodee.net\/production-libellud\/uploads\/2022\/03\/MYST_INFOS_TECH_HORIZONTALES_BD-300x51.png","contentUrl":"https:\/\/cdn.svc.asmodee.net\/production-libellud\/uploads\/2022\/03\/MYST_INFOS_TECH_HORIZONTALES_BD-300x51.png"},{"@type":"BreadcrumbList","@id":"https:\/\/www.libellud.com\/en\/our-games\/mysterium-expansions\/#breadcrumb","itemListElement":[{"@type":"ListItem","position":1,"name":"Home","item":"https:\/\/www.libellud.com\/en\/"},{"@type":"ListItem","position":2,"name":"Our Games","item":"https:\/\/www.libellud.com\/en\/our-games\/"},{"@type":"ListItem","position":3,"name":"Mysterium Expansions"}]},{"@type":"WebSite","@id":"https:\/\/www.libellud.com\/#website","url":"https:\/\/www.libellud.com\/","name":"Libellud","description":"\u00c9diteur de jeux de soci\u00e9t\u00e9 depuis 2008","potentialAction":[{"@type":"SearchAction","target":{"@type":"EntryPoint","urlTemplate":"https:\/\/www.libellud.com\/?s={search_term_string}"},"query-input":{"@type":"PropertyValueSpecification","valueRequired":true,"valueName":"search_term_string"}}],"inLanguage":"en-US"}]}},"_links":{"self":[{"href":"https:\/\/www.libellud.com\/en\/wp-json\/wp\/v2\/pages\/9455","targetHints":{"allow":["GET"]}}],"collection":[{"href":"https:\/\/www.libellud.com\/en\/wp-json\/wp\/v2\/pages"}],"about":[{"href":"https:\/\/www.libellud.com\/en\/wp-json\/wp\/v2\/types\/page"}],"author":[{"embeddable":true,"href":"https:\/\/www.libellud.com\/en\/wp-json\/wp\/v2\/users\/3"}],"replies":[{"embeddable":true,"href":"https:\/\/www.libellud.com\/en\/wp-json\/wp\/v2\/comments?post=9455"}],"version-history":[{"count":6,"href":"https:\/\/www.libellud.com\/en\/wp-json\/wp\/v2\/pages\/9455\/revisions"}],"predecessor-version":[{"id":9695,"href":"https:\/\/www.libellud.com\/en\/wp-json\/wp\/v2\/pages\/9455\/revisions\/9695"}],"up":[{"embeddable":true,"href":"https:\/\/www.libellud.com\/en\/wp-json\/wp\/v2\/pages\/9610"}],"wp:attachment":[{"href":"https:\/\/www.libellud.com\/en\/wp-json\/wp\/v2\/media?parent=9455"}],"curies":[{"name":"wp","href":"https:\/\/api.w.org\/{rel}","templated":true}]}}