{"id":9464,"date":"2022-03-31T15:37:57","date_gmt":"2022-03-31T13:37:57","guid":{"rendered":"https:\/\/www.libellud.com\/?page_id=9464"},"modified":"2025-11-07T10:42:13","modified_gmt":"2025-11-07T08:42:13","slug":"mysterium","status":"publish","type":"page","link":"https:\/\/www.libellud.com\/en\/our-games\/mysterium\/","title":{"rendered":"Mysterium"},"content":{"rendered":"\n\n\t<p>Will you dare to walk through the gates of the <em>Mysterium<\/em> manor?<\/p>\n<p>The manor is haunted by a ghost. The circumstances of its death are shrouded in mystery. Psychics gather to reconstruct the events of the crime&#8217;s night. They won&#8217;t make it without the ghost&#8217;s help, whose visions are the only clues they have to discover the truth. The clock is ticking: at dawn, the ghost will disappear!<\/p>\n<p><em>Mysterium<\/em> is a <strong>thrilling and innovative immersive board game<\/strong>. It reinvents<strong> investigation games<\/strong> and <strong>cooperative games<\/strong>. Due to its asymmetrical roles, you&#8217;ll have a great deal of fun trying to guess what the other players have on their mind, whether you play a Psychic or the ghost.<\/p>\n<p>Walk in the manor, have a seat, and let your sixth sense guide you.<\/p>\n\t<p><strong>Designers :<\/strong> Oleksander Nevskiy &amp; Oleg Sidorenko<\/p>\n<p><strong>Artists :<\/strong> Xavier Collette &amp; Igor Burlakov<\/p>\n<p><strong>Release :<\/strong> October 2015 \/ New version July 2025<\/p>\n\t\t\t\t<img decoding=\"async\" src=\"https:\/\/www.libellud.com\/image-converter?url=https%3A%2F%2Fcdn.svc.asmodee.net%2Fproduction-libellud%2Fuploads%2F2025%2F06%2FLIB_MYST-REFRESH_ADN.png&#038;attachment_id=12883\" alt=\"LIB_MYST REFRESH_ADN\" itemprop=\"image\" title=\"LIB_MYST REFRESH_ADN\" onerror=\"this.style.display='none'\"  \/>\n\t\t\t\t<img decoding=\"async\" src=\"https:\/\/www.libellud.com\/image-converter?url=https%3A%2F%2Fcdn.svc.asmodee.net%2Fproduction-libellud%2Fuploads%2F2025%2F06%2FLIB_MYST-REFRESH_RIGHT_FR.png&#038;attachment_id=12881\" alt=\"LIB_MYST REFRESH_RIGHT_FR\" itemprop=\"image\" title=\"LIB_MYST REFRESH_RIGHT_FR\" onerror=\"this.style.display='none'\"  \/>\n\t<iframe loading=\"lazy\" width=\"560\" height=\"315\" src=\"https:\/\/www.youtube.com\/embed\/A_oC2gVqX8s?si=5Umm2zwkAfCnU84N\" title=\"YouTube video player\" frameborder=\"0\" allow=\"accelerometer; autoplay; clipboard-write; encrypted-media; gyroscope; picture-in-picture; web-share\" referrerpolicy=\"strict-origin-when-cross-origin\" allowfullscreen><\/iframe>\n\t<strong>The games rules Mysterium<br \/>\nin few steps<\/strong>\n\t\t\t\t<img decoding=\"async\" src=\"https:\/\/www.libellud.com\/image-converter?url=https%3A%2F%2Fcdn.svc.asmodee.net%2Fproduction-libellud%2Fuploads%2F2025%2F06%2FLIB_MYST-REFRESH_VISUEL_1.png&#038;attachment_id=12885\" alt=\"LIB_MYST REFRESH_VISUEL_1\" itemprop=\"image\" title=\"LIB_MYST REFRESH_VISUEL_1\" onerror=\"this.style.display='none'\"  \/>\n\t<p>As a ghost, select the Vision Cards that you&#8217;ll hand over to the Psychics in order to give them clues for their investigations.<\/p>\n\t\t\t\t<img decoding=\"async\" src=\"https:\/\/www.libellud.com\/image-converter?url=https%3A%2F%2Fcdn.svc.asmodee.net%2Fproduction-libellud%2Fuploads%2F2025%2F06%2FLIB_MYST-REFRESH_VISUEL_2.png&#038;attachment_id=12887\" alt=\"LIB_MYST REFRESH_VISUEL_2\" itemprop=\"image\" title=\"LIB_MYST REFRESH_VISUEL_2\" onerror=\"this.style.display='none'\"  \/>\n\t<p>As a Psychic, interpret the Vision Cards you receive. You can talk with other players; however, each Psychic is responsible for his specific investigation. You&#8217;ll have 7 rounds to identify your Suspect, the Crime&#8217;s location, and the Object of the crime.<\/p>\n\t\t\t\t<img decoding=\"async\" src=\"https:\/\/www.libellud.com\/image-converter?url=https%3A%2F%2Fcdn.svc.asmodee.net%2Fproduction-libellud%2Fuploads%2F2025%2F06%2FLIB_MYST-REFRESH_VISUEL_3.png&#038;attachment_id=12889\" alt=\"LIB_MYST REFRESH_VISUEL_3\" itemprop=\"image\" title=\"LIB_MYST REFRESH_VISUEL_3\" onerror=\"this.style.display='none'\"  \/>\n\t<p>Among the potential leads followed by each Psychic, be cooperative to determine the exact circumstances of the ghost&#8217;s death.\u00a0<\/p>\n\t<strong>The games rules Mysterium<br \/>\nin video<\/strong>\n\t<iframe loading=\"lazy\" width=\"560\" height=\"315\" src=\"https:\/\/www.youtube-nocookie.com\/embed\/nYQrmlTd2Uw?si=RBI2NGPc_obvSVb-\" title=\"YouTube video player\" frameborder=\"0\" allow=\"accelerometer; autoplay; clipboard-write; encrypted-media; gyroscope; picture-in-picture; web-share\" referrerpolicy=\"strict-origin-when-cross-origin\" allowfullscreen><\/iframe>\n\t\t\t<a href=\"https:\/\/cdn.svc.asmodee.net\/production-libellud\/uploads\/2025\/11\/MYST_REFRESH_RULES_EN-1.pdf\" target=\"_self\">\n\t\t\t\t\t\t\tDownload rules\n\t\t\t\t\t<\/a>\n\t<p><strong>Expansions<\/strong><\/p>\n<p>Explore more possibilities to solve the Mysterium investigation with the Mysterium Hidden Signs and the Mysterium Secret and Lies expansion packs. Use each expansion pack individually or combine them to renew your gaming experience for ever-surprising games. The expansions can&#8217;t be played without the Mysterium base box.<\/p>\n\t\t\t<a href=\"https:\/\/www.libellud.com\/en\/our-games\/mysterium-expansions\/\" target=\"_self\">\n\t\t\t\t\t\t\tDiscover\n\t\t\t\t\t<\/a>\n\t<p>Playlist Mysterium<\/p>\nFind here Mysterium soundtrack !<br \/>\n\n\t\t<div class=\"wp-playlist wp-audio-playlist wp-playlist-light\">\n\t\t\t<div class=\"wp-playlist-current-item\"><\/div>\n\t\t<audio controls=\"controls\" preload=\"none\" width=\"746\"\n\t\t\t><\/audio>\n\t<div class=\"wp-playlist-next\"><\/div>\n\t<div class=\"wp-playlist-prev\"><\/div>\n\t<noscript>\n\t<ol>\n\t\t<li><a href='https:\/\/cdn.svc.asmodee.net\/production-libellud\/uploads\/2022\/08\/irregular-by-kevin-macleod-from-filmmusic-io.mp3'><img decoding=\"async\" src=\"https:\/\/cdn.svc.asmodee.net\/production-libellud\/uploads\/2022\/08\/irregular-by-kevin-macleod-from-filmmusic-io.mp3\" class=\"attachment-thumbnail size-thumbnail\" alt=\"\" \/><\/a><\/li><li><a href='https:\/\/cdn.svc.asmodee.net\/production-libellud\/uploads\/2022\/08\/Controlled-Chaos.mp3'><img decoding=\"async\" src=\"https:\/\/cdn.svc.asmodee.net\/production-libellud\/uploads\/2022\/08\/Controlled-Chaos.mp3\" class=\"attachment-thumbnail size-thumbnail\" alt=\"\" \/><\/a><\/li><li><a href='https:\/\/cdn.svc.asmodee.net\/production-libellud\/uploads\/2022\/08\/Ghost-Story.mp3'><img decoding=\"async\" src=\"https:\/\/cdn.svc.asmodee.net\/production-libellud\/uploads\/2022\/08\/Ghost-Story.mp3\" class=\"attachment-thumbnail size-thumbnail\" alt=\"\" \/><\/a><\/li><li><a href='https:\/\/cdn.svc.asmodee.net\/production-libellud\/uploads\/2022\/08\/Long-Note-Four.mp3'><img decoding=\"async\" src=\"https:\/\/cdn.svc.asmodee.net\/production-libellud\/uploads\/2022\/08\/Long-Note-Four.mp3\" class=\"attachment-thumbnail size-thumbnail\" alt=\"\" \/><\/a><\/li><li><a href='https:\/\/cdn.svc.asmodee.net\/production-libellud\/uploads\/2022\/08\/Lightless-Dawn.mp3'><img decoding=\"async\" src=\"https:\/\/cdn.svc.asmodee.net\/production-libellud\/uploads\/2022\/08\/Lightless-Dawn.mp3\" class=\"attachment-thumbnail size-thumbnail\" alt=\"\" \/><\/a><\/li>\t<\/ol>\n\t<\/noscript>\n\t<script type=\"application\/json\" class=\"wp-playlist-script\">{\"type\":\"audio\",\"tracklist\":true,\"tracknumbers\":true,\"images\":false,\"artists\":true,\"tracks\":[{\"src\":\"https:\/\/cdn.svc.asmodee.net\/production-libellud\/uploads\/2022\/08\/irregular-by-kevin-macleod-from-filmmusic-io.mp3\",\"type\":\"audio\/mpeg\",\"title\":\"Irregular\",\"caption\":\"\",\"description\":\"\\u003Ci\\u003Eirregular-by-kevin-macleod \\u003C\/i\\u003E par Kevin MacLeod. Date de sortie\\u00a0: 2011. Genre\\u00a0: Modern.\",\"meta\":{\"artist\":\"Kevin MacLeod\",\"album\":\"Royalty Free\",\"genre\":\"Modern\",\"year\":\"2011\",\"length_formatted\":\"10:18\"}},{\"src\":\"https:\/\/cdn.svc.asmodee.net\/production-libellud\/uploads\/2022\/08\/Controlled-Chaos.mp3\",\"type\":\"audio\/mpeg\",\"title\":\"Controlled Chaos\",\"caption\":\"\",\"description\":\"\\u003Ci\\u003EControlled Chaos\\u003C\/i\\u003E tir\\u00e9 de \\u003Ci\\u003ERoyalty Free\\u003C\/i\\u003E par Kevin MacLeod. Date de sortie\\u00a0: 2012. Genre\\u00a0: Soundtrack.\",\"meta\":{\"artist\":\"Kevin MacLeod\",\"album\":\"Royalty Free\",\"genre\":\"Soundtrack\",\"year\":\"2012\",\"length_formatted\":\"5:52\"}},{\"src\":\"https:\/\/cdn.svc.asmodee.net\/production-libellud\/uploads\/2022\/08\/Ghost-Story.mp3\",\"type\":\"audio\/mpeg\",\"title\":\"Ghost Story\",\"caption\":\"\",\"description\":\"\\u003Ci\\u003EGhost Story\\u003C\/i\\u003E tir\\u00e9 de \\u003Ci\\u003ERoyalty Free\\u003C\/i\\u003E par Kevin MacLeod. Date de sortie\\u00a0: 2013. Genre\\u00a0: Horror.\",\"meta\":{\"artist\":\"Kevin MacLeod\",\"album\":\"Royalty Free\",\"genre\":\"Horror\",\"year\":\"2013\",\"length_formatted\":\"5:20\"}},{\"src\":\"https:\/\/cdn.svc.asmodee.net\/production-libellud\/uploads\/2022\/08\/Long-Note-Four.mp3\",\"type\":\"audio\/mpeg\",\"title\":\"Long Note Four\",\"caption\":\"\",\"description\":\"\\u003Ci\\u003ELong Note Four\\u003C\/i\\u003E tir\\u00e9 de \\u003Ci\\u003EScoring: Horror Soundscapes\\u003C\/i\\u003E par Kevin MacLeod. Date de sortie\\u00a0: 2008. Genre\\u00a0: Soundtrack.\",\"meta\":{\"artist\":\"Kevin MacLeod\",\"album\":\"Scoring: Horror Soundscapes\",\"genre\":\"Soundtrack\",\"year\":\"2008\",\"length_formatted\":\"10:00\"}},{\"src\":\"https:\/\/cdn.svc.asmodee.net\/production-libellud\/uploads\/2022\/08\/Lightless-Dawn.mp3\",\"type\":\"audio\/mpeg\",\"title\":\"Lightless Dawn\",\"caption\":\"\",\"description\":\"\\u003Ci\\u003ELightless Dawn\\u003C\/i\\u003E tir\\u00e9 de \\u003Ci\\u003ERoyalty Free\\u003C\/i\\u003E par Kevin MacLeod. Date de sortie\\u00a0: 2009. Genre\\u00a0: Ambient.\",\"meta\":{\"artist\":\"Kevin MacLeod\",\"genre\":\"Ambient\",\"year\":\"2009\",\"length_formatted\":\"6:20\"}}]}<\/script>\n<\/div>\n\t\t\n\t<p>Resources<\/p>\n<p>Continue the Mysterium adventure with our downloadable contents including game rules, image banks, wallpapers, exclusive files and more, by clicking below:<\/p>\n\t\t\t\t<a href=\"https:\/\/cdn.svc.asmodee.net\/production-libellud\/uploads\/2025\/11\/MYST_REFRESH_RULES_EN-1.pdf\"  target=\"_self\" itemprop=\"url\">\n\t\t\t\t<img decoding=\"async\" src=\"https:\/\/cdn.svc.asmodee.net\/production-libellud\/uploads\/image-converter\/2022\/03\/icones_regles-1-150x150.png\" alt=\"Game rules\" itemprop=\"image\" title=\"icones_regles\" onerror=\"this.style.display='none'\"  \/>\n\t\t\t\t<\/a>\n\t\tGame rules\n\t\t\t\t<a href=\"https:\/\/cdn.svc.asmodee.net\/production-libellud\/uploads\/2022\/03\/Banque-images-MYST.zip\"  target=\"_self\" itemprop=\"url\">\n\t\t\t\t<img decoding=\"async\" src=\"https:\/\/cdn.svc.asmodee.net\/production-libellud\/uploads\/2022\/03\/icone_elementsjeu-1-150x150.png\" alt=\"Image collection\" itemprop=\"image\" title=\"icone_elementsjeu\" onerror=\"this.style.display='none'\"  \/>\n\t\t\t\t<\/a>\n\t\tImage collection\n\t\t\t<a href=\"https:\/\/www.libellud.com\/en\/resources\/mysterium\/\" target=\"_self\">\n\t\t\t\t\t\t\tAll resources\n\t\t\t\t\t<\/a>\n\t<p>Find out more about Mysterium<\/p>\n<p>Feel free to check our latest articles about Mysterium!<\/p>\n<p>Interviews, exclusive news and contests regularly appear in our <a href=\"https:\/\/www.libellud.com\/en\/our-news\/\"><u>News Section<\/u><\/a><\/p>\n<p>&nbsp;<\/p>\n\n","protected":false},"excerpt":{"rendered":"<p>Will you dare to walk through the gates of the Mysterium manor? The manor is haunted by a ghost. The circumstances of its death are shrouded in mystery. Psychics gather to reconstruct the events of the crime&#8217;s night. They won&#8217;t make it without the ghost&#8217;s help, whose visions are the only clues they have to [&hellip;]<\/p>\n","protected":false},"author":3,"featured_media":0,"parent":9610,"menu_order":0,"comment_status":"closed","ping_status":"closed","template":"","meta":{"_acf_changed":false,"footnotes":""},"class_list":["post-9464","page","type-page","status-publish","hentry"],"acf":[],"yoast_head":"<!-- This site is optimized with the Yoast SEO plugin v27.4 - https:\/\/yoast.com\/product\/yoast-seo-wordpress\/ -->\n<title>Mysterium - Libellud<\/title>\n<meta name=\"robots\" content=\"index, follow, max-snippet:-1, max-image-preview:large, max-video-preview:-1\" \/>\n<link rel=\"canonical\" href=\"https:\/\/www.libellud.com\/en\/our-games\/mysterium\/\" \/>\n<meta property=\"og:locale\" content=\"en_US\" \/>\n<meta property=\"og:type\" content=\"article\" \/>\n<meta property=\"og:title\" content=\"Mysterium - Libellud\" \/>\n<meta property=\"og:description\" content=\"Will you dare to walk through the gates of the Mysterium manor? The manor is haunted by a ghost. The circumstances of its death are shrouded in mystery. Psychics gather to reconstruct the events of the crime&#8217;s night. They won&#8217;t make it without the ghost&#8217;s help, whose visions are the only clues they have to [&hellip;]\" \/>\n<meta property=\"og:url\" content=\"https:\/\/www.libellud.com\/en\/our-games\/mysterium\/\" \/>\n<meta property=\"og:site_name\" content=\"Libellud\" \/>\n<meta property=\"article:modified_time\" content=\"2025-11-07T08:42:13+00:00\" \/>\n<meta property=\"og:image\" content=\"https:\/\/www.libellud.com\/image-converter?url=https%3A%2F%2Fcdn.svc.asmodee.net%2Fproduction-libellud%2Fuploads%2F2025%2F06%2FLIB_MYST-REFRESH_ADN.png&#038;attachment_id=12883\" \/>\n<meta name=\"twitter:card\" content=\"summary_large_image\" \/>\n<meta name=\"twitter:label1\" content=\"Est. reading time\" \/>\n\t<meta name=\"twitter:data1\" content=\"4 minutes\" \/>\n<script type=\"application\/ld+json\" class=\"yoast-schema-graph\">{\"@context\":\"https:\\\/\\\/schema.org\",\"@graph\":[{\"@type\":\"WebPage\",\"@id\":\"https:\\\/\\\/www.libellud.com\\\/en\\\/our-games\\\/mysterium\\\/\",\"url\":\"https:\\\/\\\/www.libellud.com\\\/en\\\/our-games\\\/mysterium\\\/\",\"name\":\"Mysterium - Libellud\",\"isPartOf\":{\"@id\":\"https:\\\/\\\/www.libellud.com\\\/#website\"},\"primaryImageOfPage\":{\"@id\":\"https:\\\/\\\/www.libellud.com\\\/en\\\/our-games\\\/mysterium\\\/#primaryimage\"},\"image\":{\"@id\":\"https:\\\/\\\/www.libellud.com\\\/en\\\/our-games\\\/mysterium\\\/#primaryimage\"},\"thumbnailUrl\":\"https:\\\/\\\/www.libellud.com\\\/image-converter?url=https%3A%2F%2Fcdn.svc.asmodee.net%2Fproduction-libellud%2Fuploads%2F2025%2F06%2FLIB_MYST-REFRESH_ADN.png&#038;attachment_id=12883\",\"datePublished\":\"2022-03-31T13:37:57+00:00\",\"dateModified\":\"2025-11-07T08:42:13+00:00\",\"breadcrumb\":{\"@id\":\"https:\\\/\\\/www.libellud.com\\\/en\\\/our-games\\\/mysterium\\\/#breadcrumb\"},\"inLanguage\":\"en-US\",\"potentialAction\":[{\"@type\":\"ReadAction\",\"target\":[\"https:\\\/\\\/www.libellud.com\\\/en\\\/our-games\\\/mysterium\\\/\"]}]},{\"@type\":\"ImageObject\",\"inLanguage\":\"en-US\",\"@id\":\"https:\\\/\\\/www.libellud.com\\\/en\\\/our-games\\\/mysterium\\\/#primaryimage\",\"url\":\"https:\\\/\\\/www.libellud.com\\\/image-converter?url=https%3A%2F%2Fcdn.svc.asmodee.net%2Fproduction-libellud%2Fuploads%2F2025%2F06%2FLIB_MYST-REFRESH_ADN.png&#038;attachment_id=12883\",\"contentUrl\":\"https:\\\/\\\/www.libellud.com\\\/image-converter?url=https%3A%2F%2Fcdn.svc.asmodee.net%2Fproduction-libellud%2Fuploads%2F2025%2F06%2FLIB_MYST-REFRESH_ADN.png&#038;attachment_id=12883\"},{\"@type\":\"BreadcrumbList\",\"@id\":\"https:\\\/\\\/www.libellud.com\\\/en\\\/our-games\\\/mysterium\\\/#breadcrumb\",\"itemListElement\":[{\"@type\":\"ListItem\",\"position\":1,\"name\":\"Home\",\"item\":\"https:\\\/\\\/www.libellud.com\\\/en\\\/\"},{\"@type\":\"ListItem\",\"position\":2,\"name\":\"Our Games\",\"item\":\"https:\\\/\\\/www.libellud.com\\\/en\\\/our-games\\\/\"},{\"@type\":\"ListItem\",\"position\":3,\"name\":\"Mysterium\"}]},{\"@type\":\"WebSite\",\"@id\":\"https:\\\/\\\/www.libellud.com\\\/#website\",\"url\":\"https:\\\/\\\/www.libellud.com\\\/\",\"name\":\"Libellud\",\"description\":\"\u00c9diteur de jeux de soci\u00e9t\u00e9 depuis 2008\",\"potentialAction\":[{\"@type\":\"SearchAction\",\"target\":{\"@type\":\"EntryPoint\",\"urlTemplate\":\"https:\\\/\\\/www.libellud.com\\\/?s={search_term_string}\"},\"query-input\":{\"@type\":\"PropertyValueSpecification\",\"valueRequired\":true,\"valueName\":\"search_term_string\"}}],\"inLanguage\":\"en-US\"}]}<\/script>\n<!-- \/ Yoast SEO plugin. -->","yoast_head_json":{"title":"Mysterium - Libellud","robots":{"index":"index","follow":"follow","max-snippet":"max-snippet:-1","max-image-preview":"max-image-preview:large","max-video-preview":"max-video-preview:-1"},"canonical":"https:\/\/www.libellud.com\/en\/our-games\/mysterium\/","og_locale":"en_US","og_type":"article","og_title":"Mysterium - Libellud","og_description":"Will you dare to walk through the gates of the Mysterium manor? The manor is haunted by a ghost. The circumstances of its death are shrouded in mystery. Psychics gather to reconstruct the events of the crime&#8217;s night. They won&#8217;t make it without the ghost&#8217;s help, whose visions are the only clues they have to [&hellip;]","og_url":"https:\/\/www.libellud.com\/en\/our-games\/mysterium\/","og_site_name":"Libellud","article_modified_time":"2025-11-07T08:42:13+00:00","og_image":[{"url":"https:\/\/www.libellud.com\/image-converter?url=https%3A%2F%2Fcdn.svc.asmodee.net%2Fproduction-libellud%2Fuploads%2F2025%2F06%2FLIB_MYST-REFRESH_ADN.png&#038;attachment_id=12883","type":"","width":"","height":""}],"twitter_card":"summary_large_image","twitter_misc":{"Est. reading time":"4 minutes"},"schema":{"@context":"https:\/\/schema.org","@graph":[{"@type":"WebPage","@id":"https:\/\/www.libellud.com\/en\/our-games\/mysterium\/","url":"https:\/\/www.libellud.com\/en\/our-games\/mysterium\/","name":"Mysterium - Libellud","isPartOf":{"@id":"https:\/\/www.libellud.com\/#website"},"primaryImageOfPage":{"@id":"https:\/\/www.libellud.com\/en\/our-games\/mysterium\/#primaryimage"},"image":{"@id":"https:\/\/www.libellud.com\/en\/our-games\/mysterium\/#primaryimage"},"thumbnailUrl":"https:\/\/www.libellud.com\/image-converter?url=https%3A%2F%2Fcdn.svc.asmodee.net%2Fproduction-libellud%2Fuploads%2F2025%2F06%2FLIB_MYST-REFRESH_ADN.png&#038;attachment_id=12883","datePublished":"2022-03-31T13:37:57+00:00","dateModified":"2025-11-07T08:42:13+00:00","breadcrumb":{"@id":"https:\/\/www.libellud.com\/en\/our-games\/mysterium\/#breadcrumb"},"inLanguage":"en-US","potentialAction":[{"@type":"ReadAction","target":["https:\/\/www.libellud.com\/en\/our-games\/mysterium\/"]}]},{"@type":"ImageObject","inLanguage":"en-US","@id":"https:\/\/www.libellud.com\/en\/our-games\/mysterium\/#primaryimage","url":"https:\/\/www.libellud.com\/image-converter?url=https%3A%2F%2Fcdn.svc.asmodee.net%2Fproduction-libellud%2Fuploads%2F2025%2F06%2FLIB_MYST-REFRESH_ADN.png&#038;attachment_id=12883","contentUrl":"https:\/\/www.libellud.com\/image-converter?url=https%3A%2F%2Fcdn.svc.asmodee.net%2Fproduction-libellud%2Fuploads%2F2025%2F06%2FLIB_MYST-REFRESH_ADN.png&#038;attachment_id=12883"},{"@type":"BreadcrumbList","@id":"https:\/\/www.libellud.com\/en\/our-games\/mysterium\/#breadcrumb","itemListElement":[{"@type":"ListItem","position":1,"name":"Home","item":"https:\/\/www.libellud.com\/en\/"},{"@type":"ListItem","position":2,"name":"Our Games","item":"https:\/\/www.libellud.com\/en\/our-games\/"},{"@type":"ListItem","position":3,"name":"Mysterium"}]},{"@type":"WebSite","@id":"https:\/\/www.libellud.com\/#website","url":"https:\/\/www.libellud.com\/","name":"Libellud","description":"\u00c9diteur de jeux de soci\u00e9t\u00e9 depuis 2008","potentialAction":[{"@type":"SearchAction","target":{"@type":"EntryPoint","urlTemplate":"https:\/\/www.libellud.com\/?s={search_term_string}"},"query-input":{"@type":"PropertyValueSpecification","valueRequired":true,"valueName":"search_term_string"}}],"inLanguage":"en-US"}]}},"_links":{"self":[{"href":"https:\/\/www.libellud.com\/en\/wp-json\/wp\/v2\/pages\/9464","targetHints":{"allow":["GET"]}}],"collection":[{"href":"https:\/\/www.libellud.com\/en\/wp-json\/wp\/v2\/pages"}],"about":[{"href":"https:\/\/www.libellud.com\/en\/wp-json\/wp\/v2\/types\/page"}],"author":[{"embeddable":true,"href":"https:\/\/www.libellud.com\/en\/wp-json\/wp\/v2\/users\/3"}],"replies":[{"embeddable":true,"href":"https:\/\/www.libellud.com\/en\/wp-json\/wp\/v2\/comments?post=9464"}],"version-history":[{"count":19,"href":"https:\/\/www.libellud.com\/en\/wp-json\/wp\/v2\/pages\/9464\/revisions"}],"predecessor-version":[{"id":13355,"href":"https:\/\/www.libellud.com\/en\/wp-json\/wp\/v2\/pages\/9464\/revisions\/13355"}],"up":[{"embeddable":true,"href":"https:\/\/www.libellud.com\/en\/wp-json\/wp\/v2\/pages\/9610"}],"wp:attachment":[{"href":"https:\/\/www.libellud.com\/en\/wp-json\/wp\/v2\/media?parent=9464"}],"curies":[{"name":"wp","href":"https:\/\/api.w.org\/{rel}","templated":true}]}}