{"id":9469,"date":"2022-03-31T16:49:15","date_gmt":"2022-03-31T14:49:15","guid":{"rendered":"https:\/\/www.libellud.com\/?page_id=9469"},"modified":"2022-04-04T21:50:43","modified_gmt":"2022-04-04T19:50:43","slug":"obscurio","status":"publish","type":"page","link":"https:\/\/www.libellud.com\/en\/our-games\/obscurio\/","title":{"rendered":"Obscurio"},"content":{"rendered":"\n\n\t<p>You have recovered your magic Grimoire and must now escape this magical library before the sorcerer manages to trap you in there forever. The 6 rooms of this maze-like library are absolutely identical. Only the illusions appearing on the doors can tell them apart. Helped by your Grimoire, will you manage to find the right doors quickly? Nothing is less certain, notably when doubt settles within your group as a traitor serving the sorcerer&#8217;s interests seems to be at work&#8230;<\/p>\n<p><em>Obscurio<\/em> is a <strong>game<\/strong> combining <strong>communication through image<\/strong> with hidden roles, and is based on rich and <strong>high quality materials<\/strong>. The mechanics of this<strong> family game<\/strong> put emphasis on the pictures&#8217; details and favor an atmosphere full of doubts and tension resulting from time management issues and from the presence of a traitor. Swap roles between Grimoire and Magicians for <strong>ever-surprising games!<\/strong><\/p>\n\t<p><strong>Designer:<\/strong> L&#8217;Atelier<\/p>\n<p><strong>Artists:<\/strong> Xavier Collette et Studio M81<\/p>\n<p><strong>Release:<\/strong> October 2019<\/p>\n\t\t\t\t<img loading=\"lazy\" decoding=\"async\" src=\"https:\/\/cdn.svc.asmodee.net\/production-libellud\/uploads\/2022\/03\/OBS_INFOS_TECH_HORIZONTALES.png\" alt=\"OBS_INFOS_TECH_HORIZONTALES\" itemprop=\"image\" height=\"667\" width=\"3611\" title=\"OBS_INFOS_TECH_HORIZONTALES\" onerror=\"this.style.display='none'\"  \/>\n\t\t\t\t<img loading=\"lazy\" decoding=\"async\" src=\"https:\/\/cdn.svc.asmodee.net\/production-libellud\/uploads\/2022\/03\/OBS_BOX_R_72dpi.png\" alt=\"OBS_BOX_R_72dpi\" itemprop=\"image\" height=\"714\" width=\"643\" title=\"OBS_BOX_R_72dpi\" onerror=\"this.style.display='none'\"  \/>\n\t<iframe loading=\"lazy\" title=\"Explore the Library of Obscurio\" width=\"768\" height=\"432\" src=\"https:\/\/www.youtube.com\/embed\/aArcxUg9Jg4?feature=oembed\" frameborder=\"0\" allow=\"accelerometer; autoplay; clipboard-write; encrypted-media; gyroscope; picture-in-picture\" allowfullscreen><\/iframe>\n\t<strong>Rules of the Obscurio game<br \/>\nin few steps<\/strong>\n\t\t\t\t<img loading=\"lazy\" decoding=\"async\" src=\"https:\/\/cdn.svc.asmodee.net\/production-libellud\/uploads\/2022\/03\/OBSCURIO_visuel_1__1.png\" alt=\"OBSCURIO_visuel_1__1\" itemprop=\"image\" height=\"2362\" width=\"3543\" title=\"OBSCURIO_visuel_1__1\" onerror=\"this.style.display='none'\"  \/>\n\t\t\t\t<img loading=\"lazy\" decoding=\"async\" src=\"https:\/\/cdn.svc.asmodee.net\/production-libellud\/uploads\/2022\/03\/OBSCURIO_visuel_2__1.png\" alt=\"OBSCURIO_visuel_2__1\" itemprop=\"image\" height=\"2362\" width=\"3543\" title=\"OBSCURIO_visuel_2__1\" onerror=\"this.style.display='none'\"  \/>\n\t\t\t\t<img loading=\"lazy\" decoding=\"async\" src=\"https:\/\/cdn.svc.asmodee.net\/production-libellud\/uploads\/2022\/03\/OBSCURIO_visuel_3__1-1.png\" alt=\"OBSCURIO_visuel_3__1\" itemprop=\"image\" height=\"2362\" width=\"3543\" title=\"OBSCURIO_visuel_3__1\" onerror=\"this.style.display='none'\"  \/>\n\t\t\t\t<img loading=\"lazy\" decoding=\"async\" src=\"https:\/\/cdn.svc.asmodee.net\/production-libellud\/uploads\/2022\/03\/OBSCURIO_visuel_4-1-scaled.jpg\" alt=\"OBSCURIO_visuel_4\" itemprop=\"image\" height=\"1365\" width=\"2048\" title=\"OBSCURIO_visuel_4\" onerror=\"this.style.display='none'\"  \/>\n\t<p>Through illustrated cards, the Grimoire delivers specific clues to the magicians in order to help them find the exit door of the library, among endless corridors and moving stairs.<\/p>\n\t<p>The traitor secretly chooses images that look nearly alike to spread confusion and mislead the other players.<\/p>\n\t<p>The magicians have to find the 7 right doors if they want to make it out of this library, while working as a team in spite of the traitor hiding within their ranks.<\/p>\n<p><strong>\u00a0<\/strong><\/p>\n\t<p>They must act quickly: the more time passes, the more traps appear, hindering the communication with the Grimoire!<\/p>\n\t\t\t<a href=\"https:\/\/cdn.svc.asmodee.net\/production-libellud\/uploads\/2022\/03\/OBS_RULES_EN_BD.pdf\" target=\"_self\" role=\"button\" rel=\"noopener\">\n\t\t\t\t\t\t\tDownload rules\n\t\t\t\t\t<\/a>\n\t<p>Resources<\/p>\n<p>Continue the <em>Obscurio<\/em> adventure with our <strong>downloadable contents<\/strong> including <strong>game rules<\/strong>,<strong> image banks<\/strong>, wallpapers, exclusive files and more, by clicking below:<\/p>\n\t\t\t\t<a href=\"https:\/\/cdn.svc.asmodee.net\/production-libellud\/uploads\/2022\/03\/OBS_RULES_EN_BD.pdf\" target=\"_self\" itemprop=\"url\" rel=\"noopener\">\n\t\t\t\t<img loading=\"lazy\" decoding=\"async\" src=\"https:\/\/cdn.svc.asmodee.net\/production-libellud\/uploads\/2022\/03\/icones_regles-1-150x150.png\" alt=\"R\u00e8gles du jeu\" itemprop=\"image\" height=\"150\" width=\"150\" title=\"icones_regles\" onerror=\"this.style.display='none'\"  \/>\n\t\t\t\t<\/a>\n\t\tR\u00e8gles du jeu\n\t\t\t\t<a href=\"https:\/\/cdn.svc.asmodee.net\/production-libellud\/uploads\/2022\/03\/Banque-images-OBS-1.zip\" target=\"_self\" itemprop=\"url\" rel=\"noopener\">\n\t\t\t\t<img loading=\"lazy\" decoding=\"async\" src=\"https:\/\/cdn.svc.asmodee.net\/production-libellud\/uploads\/2022\/03\/icone_elementsjeu-1-150x150.png\" alt=\"Banque d'images\" itemprop=\"image\" height=\"150\" width=\"150\" title=\"icone_elementsjeu\" onerror=\"this.style.display='none'\"  \/>\n\t\t\t\t<\/a>\n\t\tBanque d&#8217;images\n\t\t\t<a href=\"https:\/\/www.libellud.com\/en\/resources\/obscurio\" target=\"_self\" role=\"button\" rel=\"noopener\">\n\t\t\t\t\t\t\tAll resources\n\t\t\t\t\t<\/a>\n\tFind out more about Obscurio<br \/>\n\n<p>Feel free to check our latest articles regarding the<em> Obscurio<\/em> game! Interviews, exclusive news and contests regularly appear in our <a href=\"https:\/\/www.libellud.com\/en\/our-news\/\">News section<\/a>!<\/p>\n<p>&nbsp;<\/p>\n\n","protected":false},"excerpt":{"rendered":"<p>You have recovered your magic Grimoire and must now escape this magical library before the sorcerer manages to trap you in there forever. The 6 rooms of this maze-like library are absolutely identical. Only the illusions appearing on the doors can tell them apart. Helped by your Grimoire, will you manage to find the right [&hellip;]<\/p>\n","protected":false},"author":3,"featured_media":0,"parent":9610,"menu_order":0,"comment_status":"closed","ping_status":"closed","template":"","meta":{"_acf_changed":false,"footnotes":""},"class_list":["post-9469","page","type-page","status-publish","hentry"],"acf":[],"yoast_head":"<!-- This site is optimized with the Yoast SEO plugin v26.9 - https:\/\/yoast.com\/product\/yoast-seo-wordpress\/ -->\n<title>Obscurio - Libellud<\/title>\n<meta name=\"robots\" content=\"index, follow, max-snippet:-1, max-image-preview:large, max-video-preview:-1\" \/>\n<link rel=\"canonical\" href=\"https:\/\/www.libellud.com\/en\/our-games\/obscurio\/\" \/>\n<meta property=\"og:locale\" content=\"en_US\" \/>\n<meta property=\"og:type\" content=\"article\" \/>\n<meta property=\"og:title\" content=\"Obscurio - Libellud\" \/>\n<meta property=\"og:description\" content=\"You have recovered your magic Grimoire and must now escape this magical library before the sorcerer manages to trap you in there forever. The 6 rooms of this maze-like library are absolutely identical. Only the illusions appearing on the doors can tell them apart. Helped by your Grimoire, will you manage to find the right [&hellip;]\" \/>\n<meta property=\"og:url\" content=\"https:\/\/www.libellud.com\/en\/our-games\/obscurio\/\" \/>\n<meta property=\"og:site_name\" content=\"Libellud\" \/>\n<meta property=\"article:modified_time\" content=\"2022-04-04T19:50:43+00:00\" \/>\n<meta property=\"og:image\" content=\"https:\/\/cdn.svc.asmodee.net\/production-libellud\/uploads\/2022\/03\/OBS_INFOS_TECH_HORIZONTALES.png\" \/>\n<meta name=\"twitter:card\" content=\"summary_large_image\" \/>\n<meta name=\"twitter:label1\" content=\"Est. reading time\" \/>\n\t<meta name=\"twitter:data1\" content=\"2 minutes\" \/>\n<script type=\"application\/ld+json\" class=\"yoast-schema-graph\">{\"@context\":\"https:\/\/schema.org\",\"@graph\":[{\"@type\":\"WebPage\",\"@id\":\"https:\/\/www.libellud.com\/en\/our-games\/obscurio\/\",\"url\":\"https:\/\/www.libellud.com\/en\/our-games\/obscurio\/\",\"name\":\"Obscurio - Libellud\",\"isPartOf\":{\"@id\":\"https:\/\/www.libellud.com\/#website\"},\"primaryImageOfPage\":{\"@id\":\"https:\/\/www.libellud.com\/en\/our-games\/obscurio\/#primaryimage\"},\"image\":{\"@id\":\"https:\/\/www.libellud.com\/en\/our-games\/obscurio\/#primaryimage\"},\"thumbnailUrl\":\"https:\/\/cdn.svc.asmodee.net\/production-libellud\/uploads\/2022\/03\/OBS_INFOS_TECH_HORIZONTALES.png\",\"datePublished\":\"2022-03-31T14:49:15+00:00\",\"dateModified\":\"2022-04-04T19:50:43+00:00\",\"breadcrumb\":{\"@id\":\"https:\/\/www.libellud.com\/en\/our-games\/obscurio\/#breadcrumb\"},\"inLanguage\":\"en-US\",\"potentialAction\":[{\"@type\":\"ReadAction\",\"target\":[\"https:\/\/www.libellud.com\/en\/our-games\/obscurio\/\"]}]},{\"@type\":\"ImageObject\",\"inLanguage\":\"en-US\",\"@id\":\"https:\/\/www.libellud.com\/en\/our-games\/obscurio\/#primaryimage\",\"url\":\"https:\/\/cdn.svc.asmodee.net\/production-libellud\/uploads\/2022\/03\/OBS_INFOS_TECH_HORIZONTALES.png\",\"contentUrl\":\"https:\/\/cdn.svc.asmodee.net\/production-libellud\/uploads\/2022\/03\/OBS_INFOS_TECH_HORIZONTALES.png\"},{\"@type\":\"BreadcrumbList\",\"@id\":\"https:\/\/www.libellud.com\/en\/our-games\/obscurio\/#breadcrumb\",\"itemListElement\":[{\"@type\":\"ListItem\",\"position\":1,\"name\":\"Home\",\"item\":\"https:\/\/www.libellud.com\/en\/\"},{\"@type\":\"ListItem\",\"position\":2,\"name\":\"Our Games\",\"item\":\"https:\/\/www.libellud.com\/en\/our-games\/\"},{\"@type\":\"ListItem\",\"position\":3,\"name\":\"Obscurio\"}]},{\"@type\":\"WebSite\",\"@id\":\"https:\/\/www.libellud.com\/#website\",\"url\":\"https:\/\/www.libellud.com\/\",\"name\":\"Libellud\",\"description\":\"\u00c9diteur de jeux de soci\u00e9t\u00e9 depuis 2008\",\"potentialAction\":[{\"@type\":\"SearchAction\",\"target\":{\"@type\":\"EntryPoint\",\"urlTemplate\":\"https:\/\/www.libellud.com\/?s={search_term_string}\"},\"query-input\":{\"@type\":\"PropertyValueSpecification\",\"valueRequired\":true,\"valueName\":\"search_term_string\"}}],\"inLanguage\":\"en-US\"}]}<\/script>\n<!-- \/ Yoast SEO plugin. -->","yoast_head_json":{"title":"Obscurio - Libellud","robots":{"index":"index","follow":"follow","max-snippet":"max-snippet:-1","max-image-preview":"max-image-preview:large","max-video-preview":"max-video-preview:-1"},"canonical":"https:\/\/www.libellud.com\/en\/our-games\/obscurio\/","og_locale":"en_US","og_type":"article","og_title":"Obscurio - Libellud","og_description":"You have recovered your magic Grimoire and must now escape this magical library before the sorcerer manages to trap you in there forever. The 6 rooms of this maze-like library are absolutely identical. Only the illusions appearing on the doors can tell them apart. Helped by your Grimoire, will you manage to find the right [&hellip;]","og_url":"https:\/\/www.libellud.com\/en\/our-games\/obscurio\/","og_site_name":"Libellud","article_modified_time":"2022-04-04T19:50:43+00:00","og_image":[{"url":"https:\/\/cdn.svc.asmodee.net\/production-libellud\/uploads\/2022\/03\/OBS_INFOS_TECH_HORIZONTALES.png","type":"","width":"","height":""}],"twitter_card":"summary_large_image","twitter_misc":{"Est. reading time":"2 minutes"},"schema":{"@context":"https:\/\/schema.org","@graph":[{"@type":"WebPage","@id":"https:\/\/www.libellud.com\/en\/our-games\/obscurio\/","url":"https:\/\/www.libellud.com\/en\/our-games\/obscurio\/","name":"Obscurio - Libellud","isPartOf":{"@id":"https:\/\/www.libellud.com\/#website"},"primaryImageOfPage":{"@id":"https:\/\/www.libellud.com\/en\/our-games\/obscurio\/#primaryimage"},"image":{"@id":"https:\/\/www.libellud.com\/en\/our-games\/obscurio\/#primaryimage"},"thumbnailUrl":"https:\/\/cdn.svc.asmodee.net\/production-libellud\/uploads\/2022\/03\/OBS_INFOS_TECH_HORIZONTALES.png","datePublished":"2022-03-31T14:49:15+00:00","dateModified":"2022-04-04T19:50:43+00:00","breadcrumb":{"@id":"https:\/\/www.libellud.com\/en\/our-games\/obscurio\/#breadcrumb"},"inLanguage":"en-US","potentialAction":[{"@type":"ReadAction","target":["https:\/\/www.libellud.com\/en\/our-games\/obscurio\/"]}]},{"@type":"ImageObject","inLanguage":"en-US","@id":"https:\/\/www.libellud.com\/en\/our-games\/obscurio\/#primaryimage","url":"https:\/\/cdn.svc.asmodee.net\/production-libellud\/uploads\/2022\/03\/OBS_INFOS_TECH_HORIZONTALES.png","contentUrl":"https:\/\/cdn.svc.asmodee.net\/production-libellud\/uploads\/2022\/03\/OBS_INFOS_TECH_HORIZONTALES.png"},{"@type":"BreadcrumbList","@id":"https:\/\/www.libellud.com\/en\/our-games\/obscurio\/#breadcrumb","itemListElement":[{"@type":"ListItem","position":1,"name":"Home","item":"https:\/\/www.libellud.com\/en\/"},{"@type":"ListItem","position":2,"name":"Our Games","item":"https:\/\/www.libellud.com\/en\/our-games\/"},{"@type":"ListItem","position":3,"name":"Obscurio"}]},{"@type":"WebSite","@id":"https:\/\/www.libellud.com\/#website","url":"https:\/\/www.libellud.com\/","name":"Libellud","description":"\u00c9diteur de jeux de soci\u00e9t\u00e9 depuis 2008","potentialAction":[{"@type":"SearchAction","target":{"@type":"EntryPoint","urlTemplate":"https:\/\/www.libellud.com\/?s={search_term_string}"},"query-input":{"@type":"PropertyValueSpecification","valueRequired":true,"valueName":"search_term_string"}}],"inLanguage":"en-US"}]}},"_links":{"self":[{"href":"https:\/\/www.libellud.com\/en\/wp-json\/wp\/v2\/pages\/9469","targetHints":{"allow":["GET"]}}],"collection":[{"href":"https:\/\/www.libellud.com\/en\/wp-json\/wp\/v2\/pages"}],"about":[{"href":"https:\/\/www.libellud.com\/en\/wp-json\/wp\/v2\/types\/page"}],"author":[{"embeddable":true,"href":"https:\/\/www.libellud.com\/en\/wp-json\/wp\/v2\/users\/3"}],"replies":[{"embeddable":true,"href":"https:\/\/www.libellud.com\/en\/wp-json\/wp\/v2\/comments?post=9469"}],"version-history":[{"count":4,"href":"https:\/\/www.libellud.com\/en\/wp-json\/wp\/v2\/pages\/9469\/revisions"}],"predecessor-version":[{"id":9696,"href":"https:\/\/www.libellud.com\/en\/wp-json\/wp\/v2\/pages\/9469\/revisions\/9696"}],"up":[{"embeddable":true,"href":"https:\/\/www.libellud.com\/en\/wp-json\/wp\/v2\/pages\/9610"}],"wp:attachment":[{"href":"https:\/\/www.libellud.com\/en\/wp-json\/wp\/v2\/media?parent=9469"}],"curies":[{"name":"wp","href":"https:\/\/api.w.org\/{rel}","templated":true}]}}