{"id":9486,"date":"2022-03-31T20:29:25","date_gmt":"2022-03-31T18:29:25","guid":{"rendered":"https:\/\/www.libellud.com\/?page_id=9486"},"modified":"2022-03-31T20:44:28","modified_gmt":"2022-03-31T18:44:28","slug":"seasons","status":"publish","type":"page","link":"https:\/\/www.libellud.com\/en\/our-games\/seasons\/","title":{"rendered":"Seasons"},"content":{"rendered":"\r\n\r\n\t<p>The most eminent sorcerers of the Kingdom are meeting in the heart of the Argos forest where the legendary Tournament of the 12 seasons takes place. At the end of this 3 year competition, the new archmage of the Kingdom of Xidit will be appointed among the numerous competitors.<\/p>\r\n<p>By playing Seasons, you&#8217;ll discover a game based on drafting and combo. This tactical game is also accessible and will suit players of all levels: dive into a magical world, sharpen your tactics and anticipate your actions with the different levels of difficulty offered by the game. Build your hand of cards at the beginning of the game and try to get the best out of it: Play your cards at the right time so as to win the Crystals and Prestige points essential to your victory.<\/p>\r\n<p>&nbsp;<\/p>\r\n<p>&nbsp;<\/p>\r\n<p><strong>Designer :<\/strong> R\u00e9gis Bonness\u00e9e<\/p>\r\n<p><strong>Artist :<\/strong> Na\u00efade<\/p>\r\n<p><strong>Release :<\/strong> August 2012<\/p>\r\n\t\t\t\t<img loading=\"lazy\" decoding=\"async\" src=\"https:\/\/cdn.svc.asmodee.net\/production-libellud\/uploads\/2022\/03\/SEASONS_INFOS_TECH_HORIZONTALES_WEBSITE.png\" alt=\"SEASONS_INFOS_TECH_HORIZONTALES_WEBSITE\" itemprop=\"image\" height=\"122\" width=\"824\" title=\"SEASONS_INFOS_TECH_HORIZONTALES_WEBSITE\" onerror=\"this.style.display='none'\"  \/>\r\n\t\t\t\t<img loading=\"lazy\" decoding=\"async\" src=\"https:\/\/cdn.svc.asmodee.net\/production-libellud\/uploads\/2022\/03\/SEASONS_BOX_GAUCHE_72dpi.png\" alt=\"SEASONS_BOX_GAUCHE_72dpi\" itemprop=\"image\" height=\"692\" width=\"621\" title=\"SEASONS_BOX_GAUCHE_72dpi\" onerror=\"this.style.display='none'\"  \/>\r\n\t<strong>The Seasons game rules<br \/>\r\nin few steps<br \/>\r\n<\/strong>\r\n\t\t\t\t<img loading=\"lazy\" decoding=\"async\" src=\"https:\/\/cdn.svc.asmodee.net\/production-libellud\/uploads\/2022\/03\/Lewis_grisemine_FR-213x300.png\" alt=\"Lewis_grisemine_FR\" itemprop=\"image\" height=\"300\" width=\"213\" title=\"Lewis_grisemine_FR\" onerror=\"this.style.display='none'\"  \/>\r\n\t<p>Build your hand of 9 cards at the beginning of the game, and assemble 3 sets of 3 cards each, for each round of the game<\/p>\r\n\t\t\t\t<img loading=\"lazy\" decoding=\"async\" src=\"https:\/\/cdn.svc.asmodee.net\/production-libellud\/uploads\/2022\/03\/Weekend_1111_SEA_printemps-300x300.jpg\" alt=\"Weekend_1111_SEA_printemps\" itemprop=\"image\" height=\"300\" width=\"300\" height=\"300\" width=\"300\" title=\"Weekend_1111_SEA_printemps\" onerror=\"this.style.display='none'\"  \/>\r\n\t<p>Choose a die among the seasons&#8217; dice rolled during this round and perform the actions indicated: pick a card, win crystals, gain energy&#8230; Make the right choices and anticipate your next actions.<\/p>\r\n\t\t\t\t<img loading=\"lazy\" decoding=\"async\" src=\"https:\/\/cdn.svc.asmodee.net\/production-libellud\/uploads\/2022\/03\/individual_board_2.png\" alt=\"individual_board_2\" itemprop=\"image\" height=\"933\" width=\"2132\" title=\"individual_board_2\" onerror=\"this.style.display='none'\"  \/>\r\n\t<p>&nbsp;<\/p>\r\n<p>&nbsp;<\/p>\r\n<p>&nbsp;<\/p>\r\n<p>If you have enough energy, summon and apply the effects of your cards to win Crystals and Prestige points. Be careful: each card that hasn&#8217;t been summoned by the end of the round will have you lose points.<\/p>\r\n\t\t\t<a href=\"https:\/\/cdn.svc.asmodee.net\/production-libellud\/uploads\/2022\/03\/SEASONS_RULES_EN.pdf\" target=\"_self\" role=\"button\" rel=\"noopener\">\r\n\t\t\t\t\t\t\tDownload rules\r\n\t\t\t\t\t<\/a>\r\n\t<p><strong>Expansions<\/strong><\/p>\r\n<p>Develop your wizard&#8217;s skills in the Kingdom of Azrgos with the Seasons Path of Destiny and Seasons Enchanted Kingdom expansion packs. Use each expansion individually or playthem together to ensure varied and ever-surprising game experiences. The expansions can&#8217;t be played without the base game Seasons.<\/p>\r\n\t\t\t<a href=\"https:\/\/www.libellud.com\/our-games\/seasons-expansions\" target=\"_self\" role=\"button\" rel=\"noopener\">\r\n\t\t\t\t\t\t\tDiscover\r\n\t\t\t\t\t<\/a>\r\n\t<p>Resources<\/p>\r\n<p>Continue the Seasons adventure with our downloadable contents including game rules, image banks, wallpapers, exclusive files and more, by clicking below:<\/p>\r\n\t\t\t\t<a href=\"https:\/\/cdn.svc.asmodee.net\/production-libellud\/uploads\/2022\/03\/SEASONS_RULES_EN.pdf\" target=\"_self\" itemprop=\"url\" rel=\"noopener\">\r\n\t\t\t\t<img loading=\"lazy\" decoding=\"async\" src=\"https:\/\/cdn.svc.asmodee.net\/production-libellud\/uploads\/2022\/03\/icones_regles-1-150x150.png\" alt=\"R\u00e8gles du jeu\" itemprop=\"image\" height=\"150\" width=\"150\" title=\"icones_regles\" onerror=\"this.style.display='none'\"  \/>\r\n\t\t\t\t<\/a>\r\n\t\tR\u00e8gles du jeu\r\n\t\t\t\t<a href=\"https:\/\/cdn.svc.asmodee.net\/production-libellud\/uploads\/2022\/03\/Banque-images-Seasons-1.zip\" target=\"_self\" itemprop=\"url\" rel=\"noopener\">\r\n\t\t\t\t<img loading=\"lazy\" decoding=\"async\" src=\"https:\/\/cdn.svc.asmodee.net\/production-libellud\/uploads\/2022\/03\/icone_elementsjeu-1-150x150.png\" alt=\"Banque d'images\" itemprop=\"image\" height=\"150\" width=\"150\" title=\"icone_elementsjeu\" onerror=\"this.style.display='none'\"  \/>\r\n\t\t\t\t<\/a>\r\n\t\tBanque d&#8217;images\r\n\t\t\t<a href=\"https:\/\/www.libellud.com\/en\/resources\/seasons\/\" target=\"_self\" role=\"button\" rel=\"noopener\">\r\n\t\t\t\t\t\t\tAll resources\r\n\t\t\t\t\t<\/a>\r\n\t<p>Find out more about Seasons<\/p>\r\n<p>Feel free to check our latest articles about Seasons! Interviews, exclusive news and contests regularly appear in our <a href=\"https:\/\/www.libellud.com\/en\/our-news\/\">News section<\/a>!<\/p>\r\n<p>&nbsp;<\/p>\r\n\r\n","protected":false},"excerpt":{"rendered":"<p>The most eminent sorcerers of the Kingdom are meeting in the heart of the Argos forest where the legendary Tournament of the 12 seasons takes place. At the end of this 3 year competition, the new archmage of the Kingdom of Xidit will be appointed among the numerous competitors. By playing Seasons, you&#8217;ll discover a [&hellip;]<\/p>\n","protected":false},"author":3,"featured_media":0,"parent":9610,"menu_order":0,"comment_status":"closed","ping_status":"closed","template":"","meta":{"_acf_changed":false,"footnotes":""},"class_list":["post-9486","page","type-page","status-publish","hentry"],"acf":[],"yoast_head":"<!-- This site is optimized with the Yoast SEO plugin v26.9 - https:\/\/yoast.com\/product\/yoast-seo-wordpress\/ -->\n<title>Seasons - Libellud<\/title>\n<meta name=\"robots\" content=\"index, follow, max-snippet:-1, max-image-preview:large, max-video-preview:-1\" \/>\n<link rel=\"canonical\" href=\"https:\/\/www.libellud.com\/nos-jeux\/seasons\/\" \/>\n<meta property=\"og:locale\" content=\"en_US\" \/>\n<meta property=\"og:type\" content=\"article\" \/>\n<meta property=\"og:title\" content=\"Seasons - Libellud\" \/>\n<meta property=\"og:description\" content=\"The most eminent sorcerers of the Kingdom are meeting in the heart of the Argos forest where the legendary Tournament of the 12 seasons takes place. At the end of this 3 year competition, the new archmage of the Kingdom of Xidit will be appointed among the numerous competitors. By playing Seasons, you&#8217;ll discover a [&hellip;]\" \/>\n<meta property=\"og:url\" content=\"https:\/\/www.libellud.com\/nos-jeux\/seasons\/\" \/>\n<meta property=\"og:site_name\" content=\"Libellud\" \/>\n<meta property=\"article:modified_time\" content=\"2022-03-31T18:44:28+00:00\" \/>\n<meta property=\"og:image\" content=\"https:\/\/cdn.svc.asmodee.net\/production-libellud\/uploads\/2022\/03\/SEASONS_INFOS_TECH_HORIZONTALES_WEBSITE.png\" \/>\n<meta name=\"twitter:card\" content=\"summary_large_image\" \/>\n<meta name=\"twitter:label1\" content=\"Est. reading time\" \/>\n\t<meta name=\"twitter:data1\" content=\"2 minutes\" \/>\n<script type=\"application\/ld+json\" class=\"yoast-schema-graph\">{\"@context\":\"https:\/\/schema.org\",\"@graph\":[{\"@type\":\"WebPage\",\"@id\":\"https:\/\/www.libellud.com\/nos-jeux\/seasons\/\",\"url\":\"https:\/\/www.libellud.com\/nos-jeux\/seasons\/\",\"name\":\"Seasons - Libellud\",\"isPartOf\":{\"@id\":\"https:\/\/www.libellud.com\/#website\"},\"primaryImageOfPage\":{\"@id\":\"https:\/\/www.libellud.com\/nos-jeux\/seasons\/#primaryimage\"},\"image\":{\"@id\":\"https:\/\/www.libellud.com\/nos-jeux\/seasons\/#primaryimage\"},\"thumbnailUrl\":\"https:\/\/cdn.svc.asmodee.net\/production-libellud\/uploads\/2022\/03\/SEASONS_INFOS_TECH_HORIZONTALES_WEBSITE.png\",\"datePublished\":\"2022-03-31T18:29:25+00:00\",\"dateModified\":\"2022-03-31T18:44:28+00:00\",\"breadcrumb\":{\"@id\":\"https:\/\/www.libellud.com\/nos-jeux\/seasons\/#breadcrumb\"},\"inLanguage\":\"en-US\",\"potentialAction\":[{\"@type\":\"ReadAction\",\"target\":[\"https:\/\/www.libellud.com\/nos-jeux\/seasons\/\"]}]},{\"@type\":\"ImageObject\",\"inLanguage\":\"en-US\",\"@id\":\"https:\/\/www.libellud.com\/nos-jeux\/seasons\/#primaryimage\",\"url\":\"https:\/\/cdn.svc.asmodee.net\/production-libellud\/uploads\/2022\/03\/SEASONS_INFOS_TECH_HORIZONTALES_WEBSITE.png\",\"contentUrl\":\"https:\/\/cdn.svc.asmodee.net\/production-libellud\/uploads\/2022\/03\/SEASONS_INFOS_TECH_HORIZONTALES_WEBSITE.png\"},{\"@type\":\"BreadcrumbList\",\"@id\":\"https:\/\/www.libellud.com\/nos-jeux\/seasons\/#breadcrumb\",\"itemListElement\":[{\"@type\":\"ListItem\",\"position\":1,\"name\":\"Home\",\"item\":\"https:\/\/www.libellud.com\/en\/\"},{\"@type\":\"ListItem\",\"position\":2,\"name\":\"Our Games\",\"item\":\"https:\/\/www.libellud.com\/en\/our-games\/\"},{\"@type\":\"ListItem\",\"position\":3,\"name\":\"Seasons\"}]},{\"@type\":\"WebSite\",\"@id\":\"https:\/\/www.libellud.com\/#website\",\"url\":\"https:\/\/www.libellud.com\/\",\"name\":\"Libellud\",\"description\":\"\u00c9diteur de jeux de soci\u00e9t\u00e9 depuis 2008\",\"potentialAction\":[{\"@type\":\"SearchAction\",\"target\":{\"@type\":\"EntryPoint\",\"urlTemplate\":\"https:\/\/www.libellud.com\/?s={search_term_string}\"},\"query-input\":{\"@type\":\"PropertyValueSpecification\",\"valueRequired\":true,\"valueName\":\"search_term_string\"}}],\"inLanguage\":\"en-US\"}]}<\/script>\n<!-- \/ Yoast SEO plugin. -->","yoast_head_json":{"title":"Seasons - Libellud","robots":{"index":"index","follow":"follow","max-snippet":"max-snippet:-1","max-image-preview":"max-image-preview:large","max-video-preview":"max-video-preview:-1"},"canonical":"https:\/\/www.libellud.com\/nos-jeux\/seasons\/","og_locale":"en_US","og_type":"article","og_title":"Seasons - Libellud","og_description":"The most eminent sorcerers of the Kingdom are meeting in the heart of the Argos forest where the legendary Tournament of the 12 seasons takes place. At the end of this 3 year competition, the new archmage of the Kingdom of Xidit will be appointed among the numerous competitors. By playing Seasons, you&#8217;ll discover a [&hellip;]","og_url":"https:\/\/www.libellud.com\/nos-jeux\/seasons\/","og_site_name":"Libellud","article_modified_time":"2022-03-31T18:44:28+00:00","og_image":[{"url":"https:\/\/cdn.svc.asmodee.net\/production-libellud\/uploads\/2022\/03\/SEASONS_INFOS_TECH_HORIZONTALES_WEBSITE.png","type":"","width":"","height":""}],"twitter_card":"summary_large_image","twitter_misc":{"Est. reading time":"2 minutes"},"schema":{"@context":"https:\/\/schema.org","@graph":[{"@type":"WebPage","@id":"https:\/\/www.libellud.com\/nos-jeux\/seasons\/","url":"https:\/\/www.libellud.com\/nos-jeux\/seasons\/","name":"Seasons - Libellud","isPartOf":{"@id":"https:\/\/www.libellud.com\/#website"},"primaryImageOfPage":{"@id":"https:\/\/www.libellud.com\/nos-jeux\/seasons\/#primaryimage"},"image":{"@id":"https:\/\/www.libellud.com\/nos-jeux\/seasons\/#primaryimage"},"thumbnailUrl":"https:\/\/cdn.svc.asmodee.net\/production-libellud\/uploads\/2022\/03\/SEASONS_INFOS_TECH_HORIZONTALES_WEBSITE.png","datePublished":"2022-03-31T18:29:25+00:00","dateModified":"2022-03-31T18:44:28+00:00","breadcrumb":{"@id":"https:\/\/www.libellud.com\/nos-jeux\/seasons\/#breadcrumb"},"inLanguage":"en-US","potentialAction":[{"@type":"ReadAction","target":["https:\/\/www.libellud.com\/nos-jeux\/seasons\/"]}]},{"@type":"ImageObject","inLanguage":"en-US","@id":"https:\/\/www.libellud.com\/nos-jeux\/seasons\/#primaryimage","url":"https:\/\/cdn.svc.asmodee.net\/production-libellud\/uploads\/2022\/03\/SEASONS_INFOS_TECH_HORIZONTALES_WEBSITE.png","contentUrl":"https:\/\/cdn.svc.asmodee.net\/production-libellud\/uploads\/2022\/03\/SEASONS_INFOS_TECH_HORIZONTALES_WEBSITE.png"},{"@type":"BreadcrumbList","@id":"https:\/\/www.libellud.com\/nos-jeux\/seasons\/#breadcrumb","itemListElement":[{"@type":"ListItem","position":1,"name":"Home","item":"https:\/\/www.libellud.com\/en\/"},{"@type":"ListItem","position":2,"name":"Our Games","item":"https:\/\/www.libellud.com\/en\/our-games\/"},{"@type":"ListItem","position":3,"name":"Seasons"}]},{"@type":"WebSite","@id":"https:\/\/www.libellud.com\/#website","url":"https:\/\/www.libellud.com\/","name":"Libellud","description":"\u00c9diteur de jeux de soci\u00e9t\u00e9 depuis 2008","potentialAction":[{"@type":"SearchAction","target":{"@type":"EntryPoint","urlTemplate":"https:\/\/www.libellud.com\/?s={search_term_string}"},"query-input":{"@type":"PropertyValueSpecification","valueRequired":true,"valueName":"search_term_string"}}],"inLanguage":"en-US"}]}},"_links":{"self":[{"href":"https:\/\/www.libellud.com\/en\/wp-json\/wp\/v2\/pages\/9486","targetHints":{"allow":["GET"]}}],"collection":[{"href":"https:\/\/www.libellud.com\/en\/wp-json\/wp\/v2\/pages"}],"about":[{"href":"https:\/\/www.libellud.com\/en\/wp-json\/wp\/v2\/types\/page"}],"author":[{"embeddable":true,"href":"https:\/\/www.libellud.com\/en\/wp-json\/wp\/v2\/users\/3"}],"replies":[{"embeddable":true,"href":"https:\/\/www.libellud.com\/en\/wp-json\/wp\/v2\/comments?post=9486"}],"version-history":[{"count":3,"href":"https:\/\/www.libellud.com\/en\/wp-json\/wp\/v2\/pages\/9486\/revisions"}],"predecessor-version":[{"id":9489,"href":"https:\/\/www.libellud.com\/en\/wp-json\/wp\/v2\/pages\/9486\/revisions\/9489"}],"up":[{"embeddable":true,"href":"https:\/\/www.libellud.com\/en\/wp-json\/wp\/v2\/pages\/9610"}],"wp:attachment":[{"href":"https:\/\/www.libellud.com\/en\/wp-json\/wp\/v2\/media?parent=9486"}],"curies":[{"name":"wp","href":"https:\/\/api.w.org\/{rel}","templated":true}]}}