{"id":9492,"date":"2022-03-31T20:48:14","date_gmt":"2022-03-31T18:48:14","guid":{"rendered":"https:\/\/www.libellud.com\/?page_id=9492"},"modified":"2022-03-31T20:52:51","modified_gmt":"2022-03-31T18:52:51","slug":"seasons-expansions","status":"publish","type":"page","link":"https:\/\/www.libellud.com\/en\/our-games\/seasons-expansions\/","title":{"rendered":"Seasons Expansions"},"content":{"rendered":"\n\n\t<p>Develop your wizard&#8217;s skills in the Kingdom of Azrgos with the Seasons Path of Destiny and Seasons Enchanted Kingdom expansion packs.<\/p>\n<p>Use each expansion individually or playthem together to ensure varied and ever-surprising game experiences.<\/p>\n<p>The expansions can&#8217;t be played without the base game Seasons.<\/p>\n<p>&nbsp;<\/p>\n<p><strong>Designer :<\/strong> R\u00e9gis Bonness\u00e9e<\/p>\n<p><strong>Artists <\/strong>: Na\u00efade, Xavier Colette, Vincent Joubert, Paul Mafayon, Matthieu Leyssenne, Paul Droin et Joris Rivi\u00e8re<\/p>\n<p><strong>Release :<\/strong> June 2013 &amp; March 2014<\/p>\n\t\t\t\t<img loading=\"lazy\" decoding=\"async\" src=\"https:\/\/cdn.svc.asmodee.net\/production-libellud\/uploads\/2022\/03\/SEASONS_INFOS_TECH_HORIZONTALES_WEBSITE-300x44.png\" alt=\"SEASONS_INFOS_TECH_HORIZONTALES_WEBSITE\" itemprop=\"image\" height=\"44\" width=\"300\" title=\"SEASONS_INFOS_TECH_HORIZONTALES_WEBSITE\" onerror=\"this.style.display='none'\"  \/>\n\t\t\t\t<img loading=\"lazy\" decoding=\"async\" src=\"https:\/\/cdn.svc.asmodee.net\/production-libellud\/uploads\/2022\/03\/SEASONS_GAMME_EXT_BOX_R_V4_1024x653px-191x300.png\" alt=\"SEASONS_GAMME_EXT_BOX_R_V4_1024x653px\" itemprop=\"image\" height=\"300\" width=\"191\" title=\"SEASONS_GAMME_EXT_BOX_R_V4_1024x653px\" onerror=\"this.style.display='none'\"  \/>\n\tSeasons Enchanted Kingdom<br \/>\n\n\t\t\t\t<img loading=\"lazy\" decoding=\"async\" src=\"https:\/\/cdn.svc.asmodee.net\/production-libellud\/uploads\/2022\/03\/SEASONS_EXT1_BOX_LEFT_72dpi-1-152x300.png\" alt=\"SEASONS_EXT1_BOX_LEFT_72dpi\" itemprop=\"image\" height=\"300\" width=\"152\" title=\"SEASONS_EXT1_BOX_LEFT_72dpi\" onerror=\"this.style.display='none'\"  \/>\n\t<p>Seasons Enchanted Kingdom includes 20 new Power cards. Each sorcerer now has a special ability that can be used once in the game only; pick the right time to do so! Moreover, enchantments now affect the rules of the Tournament, casting doubts on everything; you&#8217;ll have to adapt your strategy.<\/p>\n<p><strong>Designer :<\/strong> R\u00e9gis Bonness\u00e9e<\/p>\n<p><strong>Artists :<\/strong> Na\u00efade, Xavier Collette et Vincent Joubert<\/p>\n<p><strong>Release :<\/strong> June 2013<\/p>\n\t\t\t<a href=\"https:\/\/www.libellud.com\/en\/resources\/seasons\/\" target=\"_self\" role=\"button\" rel=\"noopener\">\n\t\t\t\t\t\t\tResources\n\t\t\t\t\t<\/a>\n\tSeasons Path of Destiny<br \/>\n\n\t\t\t\t<img loading=\"lazy\" decoding=\"async\" src=\"https:\/\/cdn.svc.asmodee.net\/production-libellud\/uploads\/2022\/03\/SEASONS_EXT2_BOX_LEFT-1-152x300.png\" alt=\"SEASONS_EXT2_BOX_LEFT\" itemprop=\"image\" height=\"300\" width=\"152\" title=\"SEASONS_EXT2_BOX_LEFT\" onerror=\"this.style.display='none'\"  \/>\n\t<p>In the Seasons Path of Destiny expansion, discover 21 new Power cards, 6 new special abilities and 10 new enchantments. Some of you may even call upon the die of destiny, another new component of this expansion. Path of Destiny opens the way to new combinations and strategies!<\/p>\n<p><strong>Designer :<\/strong> R\u00e9gis Bonness\u00e9e<\/p>\n<p><strong>Artists :<\/strong> Na\u00efade, Paul Mafayon, Matthieu Leyssenne, Paul Droin et Joris Rivi\u00e8re<\/p>\n<p><strong>Release :<\/strong> March 2014<\/p>\n\t\t\t<a href=\"https:\/\/www.libellud.com\/en\/resources\/seasons\/\" target=\"_self\" role=\"button\" rel=\"noopener\">\n\t\t\t\t\t\t\tResources\n\t\t\t\t\t<\/a>\n\t<p>Find out more about Seasons<\/p>\n<p>Feel free to check our latest articles about Seasons!<\/p>\n<p>Interviews, exclusive news and contests regularly appear in our <a href=\"https:\/\/www.libellud.com\/en\/our-news\/\">News section<\/a>!<\/p>\n<p>&nbsp;<\/p>\n\n","protected":false},"excerpt":{"rendered":"<p>Develop your wizard&#8217;s skills in the Kingdom of Azrgos with the Seasons Path of Destiny and Seasons Enchanted Kingdom expansion packs. Use each expansion individually or playthem together to ensure varied and ever-surprising game experiences. The expansions can&#8217;t be played without the base game Seasons. &nbsp; Designer : R\u00e9gis Bonness\u00e9e Artists : Na\u00efade, Xavier Colette, [&hellip;]<\/p>\n","protected":false},"author":3,"featured_media":0,"parent":9610,"menu_order":0,"comment_status":"closed","ping_status":"closed","template":"","meta":{"_acf_changed":false,"footnotes":""},"class_list":["post-9492","page","type-page","status-publish","hentry"],"acf":[],"yoast_head":"<!-- This site is optimized with the Yoast SEO plugin v26.9 - https:\/\/yoast.com\/product\/yoast-seo-wordpress\/ -->\n<title>Seasons Expansions - Libellud<\/title>\n<meta name=\"robots\" content=\"index, follow, max-snippet:-1, max-image-preview:large, max-video-preview:-1\" \/>\n<link rel=\"canonical\" href=\"https:\/\/www.libellud.com\/nos-jeux\/seasons-extensions\/\" \/>\n<meta property=\"og:locale\" content=\"en_US\" \/>\n<meta property=\"og:type\" content=\"article\" \/>\n<meta property=\"og:title\" content=\"Seasons Expansions - Libellud\" \/>\n<meta property=\"og:description\" content=\"Develop your wizard&#8217;s skills in the Kingdom of Azrgos with the Seasons Path of Destiny and Seasons Enchanted Kingdom expansion packs. Use each expansion individually or playthem together to ensure varied and ever-surprising game experiences. The expansions can&#8217;t be played without the base game Seasons. &nbsp; Designer : R\u00e9gis Bonness\u00e9e Artists : Na\u00efade, Xavier Colette, [&hellip;]\" \/>\n<meta property=\"og:url\" content=\"https:\/\/www.libellud.com\/nos-jeux\/seasons-extensions\/\" \/>\n<meta property=\"og:site_name\" content=\"Libellud\" \/>\n<meta property=\"article:modified_time\" content=\"2022-03-31T18:52:51+00:00\" \/>\n<meta property=\"og:image\" content=\"https:\/\/cdn.svc.asmodee.net\/production-libellud\/uploads\/2022\/03\/SEASONS_INFOS_TECH_HORIZONTALES_WEBSITE-300x44.png\" \/>\n<meta name=\"twitter:card\" content=\"summary_large_image\" \/>\n<meta name=\"twitter:label1\" content=\"Est. reading time\" \/>\n\t<meta name=\"twitter:data1\" content=\"1 minute\" \/>\n<script type=\"application\/ld+json\" class=\"yoast-schema-graph\">{\"@context\":\"https:\/\/schema.org\",\"@graph\":[{\"@type\":\"WebPage\",\"@id\":\"https:\/\/www.libellud.com\/nos-jeux\/seasons-extensions\/\",\"url\":\"https:\/\/www.libellud.com\/nos-jeux\/seasons-extensions\/\",\"name\":\"Seasons Expansions - Libellud\",\"isPartOf\":{\"@id\":\"https:\/\/www.libellud.com\/#website\"},\"primaryImageOfPage\":{\"@id\":\"https:\/\/www.libellud.com\/nos-jeux\/seasons-extensions\/#primaryimage\"},\"image\":{\"@id\":\"https:\/\/www.libellud.com\/nos-jeux\/seasons-extensions\/#primaryimage\"},\"thumbnailUrl\":\"https:\/\/cdn.svc.asmodee.net\/production-libellud\/uploads\/2022\/03\/SEASONS_INFOS_TECH_HORIZONTALES_WEBSITE-300x44.png\",\"datePublished\":\"2022-03-31T18:48:14+00:00\",\"dateModified\":\"2022-03-31T18:52:51+00:00\",\"breadcrumb\":{\"@id\":\"https:\/\/www.libellud.com\/nos-jeux\/seasons-extensions\/#breadcrumb\"},\"inLanguage\":\"en-US\",\"potentialAction\":[{\"@type\":\"ReadAction\",\"target\":[\"https:\/\/www.libellud.com\/nos-jeux\/seasons-extensions\/\"]}]},{\"@type\":\"ImageObject\",\"inLanguage\":\"en-US\",\"@id\":\"https:\/\/www.libellud.com\/nos-jeux\/seasons-extensions\/#primaryimage\",\"url\":\"https:\/\/cdn.svc.asmodee.net\/production-libellud\/uploads\/2022\/03\/SEASONS_INFOS_TECH_HORIZONTALES_WEBSITE-300x44.png\",\"contentUrl\":\"https:\/\/cdn.svc.asmodee.net\/production-libellud\/uploads\/2022\/03\/SEASONS_INFOS_TECH_HORIZONTALES_WEBSITE-300x44.png\"},{\"@type\":\"BreadcrumbList\",\"@id\":\"https:\/\/www.libellud.com\/nos-jeux\/seasons-extensions\/#breadcrumb\",\"itemListElement\":[{\"@type\":\"ListItem\",\"position\":1,\"name\":\"Home\",\"item\":\"https:\/\/www.libellud.com\/en\/\"},{\"@type\":\"ListItem\",\"position\":2,\"name\":\"Our Games\",\"item\":\"https:\/\/www.libellud.com\/en\/our-games\/\"},{\"@type\":\"ListItem\",\"position\":3,\"name\":\"Seasons Expansions\"}]},{\"@type\":\"WebSite\",\"@id\":\"https:\/\/www.libellud.com\/#website\",\"url\":\"https:\/\/www.libellud.com\/\",\"name\":\"Libellud\",\"description\":\"\u00c9diteur de jeux de soci\u00e9t\u00e9 depuis 2008\",\"potentialAction\":[{\"@type\":\"SearchAction\",\"target\":{\"@type\":\"EntryPoint\",\"urlTemplate\":\"https:\/\/www.libellud.com\/?s={search_term_string}\"},\"query-input\":{\"@type\":\"PropertyValueSpecification\",\"valueRequired\":true,\"valueName\":\"search_term_string\"}}],\"inLanguage\":\"en-US\"}]}<\/script>\n<!-- \/ Yoast SEO plugin. -->","yoast_head_json":{"title":"Seasons Expansions - Libellud","robots":{"index":"index","follow":"follow","max-snippet":"max-snippet:-1","max-image-preview":"max-image-preview:large","max-video-preview":"max-video-preview:-1"},"canonical":"https:\/\/www.libellud.com\/nos-jeux\/seasons-extensions\/","og_locale":"en_US","og_type":"article","og_title":"Seasons Expansions - Libellud","og_description":"Develop your wizard&#8217;s skills in the Kingdom of Azrgos with the Seasons Path of Destiny and Seasons Enchanted Kingdom expansion packs. Use each expansion individually or playthem together to ensure varied and ever-surprising game experiences. The expansions can&#8217;t be played without the base game Seasons. &nbsp; Designer : R\u00e9gis Bonness\u00e9e Artists : Na\u00efade, Xavier Colette, [&hellip;]","og_url":"https:\/\/www.libellud.com\/nos-jeux\/seasons-extensions\/","og_site_name":"Libellud","article_modified_time":"2022-03-31T18:52:51+00:00","og_image":[{"url":"https:\/\/cdn.svc.asmodee.net\/production-libellud\/uploads\/2022\/03\/SEASONS_INFOS_TECH_HORIZONTALES_WEBSITE-300x44.png","type":"","width":"","height":""}],"twitter_card":"summary_large_image","twitter_misc":{"Est. reading time":"1 minute"},"schema":{"@context":"https:\/\/schema.org","@graph":[{"@type":"WebPage","@id":"https:\/\/www.libellud.com\/nos-jeux\/seasons-extensions\/","url":"https:\/\/www.libellud.com\/nos-jeux\/seasons-extensions\/","name":"Seasons Expansions - Libellud","isPartOf":{"@id":"https:\/\/www.libellud.com\/#website"},"primaryImageOfPage":{"@id":"https:\/\/www.libellud.com\/nos-jeux\/seasons-extensions\/#primaryimage"},"image":{"@id":"https:\/\/www.libellud.com\/nos-jeux\/seasons-extensions\/#primaryimage"},"thumbnailUrl":"https:\/\/cdn.svc.asmodee.net\/production-libellud\/uploads\/2022\/03\/SEASONS_INFOS_TECH_HORIZONTALES_WEBSITE-300x44.png","datePublished":"2022-03-31T18:48:14+00:00","dateModified":"2022-03-31T18:52:51+00:00","breadcrumb":{"@id":"https:\/\/www.libellud.com\/nos-jeux\/seasons-extensions\/#breadcrumb"},"inLanguage":"en-US","potentialAction":[{"@type":"ReadAction","target":["https:\/\/www.libellud.com\/nos-jeux\/seasons-extensions\/"]}]},{"@type":"ImageObject","inLanguage":"en-US","@id":"https:\/\/www.libellud.com\/nos-jeux\/seasons-extensions\/#primaryimage","url":"https:\/\/cdn.svc.asmodee.net\/production-libellud\/uploads\/2022\/03\/SEASONS_INFOS_TECH_HORIZONTALES_WEBSITE-300x44.png","contentUrl":"https:\/\/cdn.svc.asmodee.net\/production-libellud\/uploads\/2022\/03\/SEASONS_INFOS_TECH_HORIZONTALES_WEBSITE-300x44.png"},{"@type":"BreadcrumbList","@id":"https:\/\/www.libellud.com\/nos-jeux\/seasons-extensions\/#breadcrumb","itemListElement":[{"@type":"ListItem","position":1,"name":"Home","item":"https:\/\/www.libellud.com\/en\/"},{"@type":"ListItem","position":2,"name":"Our Games","item":"https:\/\/www.libellud.com\/en\/our-games\/"},{"@type":"ListItem","position":3,"name":"Seasons Expansions"}]},{"@type":"WebSite","@id":"https:\/\/www.libellud.com\/#website","url":"https:\/\/www.libellud.com\/","name":"Libellud","description":"\u00c9diteur de jeux de soci\u00e9t\u00e9 depuis 2008","potentialAction":[{"@type":"SearchAction","target":{"@type":"EntryPoint","urlTemplate":"https:\/\/www.libellud.com\/?s={search_term_string}"},"query-input":{"@type":"PropertyValueSpecification","valueRequired":true,"valueName":"search_term_string"}}],"inLanguage":"en-US"}]}},"_links":{"self":[{"href":"https:\/\/www.libellud.com\/en\/wp-json\/wp\/v2\/pages\/9492","targetHints":{"allow":["GET"]}}],"collection":[{"href":"https:\/\/www.libellud.com\/en\/wp-json\/wp\/v2\/pages"}],"about":[{"href":"https:\/\/www.libellud.com\/en\/wp-json\/wp\/v2\/types\/page"}],"author":[{"embeddable":true,"href":"https:\/\/www.libellud.com\/en\/wp-json\/wp\/v2\/users\/3"}],"replies":[{"embeddable":true,"href":"https:\/\/www.libellud.com\/en\/wp-json\/wp\/v2\/comments?post=9492"}],"version-history":[{"count":3,"href":"https:\/\/www.libellud.com\/en\/wp-json\/wp\/v2\/pages\/9492\/revisions"}],"predecessor-version":[{"id":9495,"href":"https:\/\/www.libellud.com\/en\/wp-json\/wp\/v2\/pages\/9492\/revisions\/9495"}],"up":[{"embeddable":true,"href":"https:\/\/www.libellud.com\/en\/wp-json\/wp\/v2\/pages\/9610"}],"wp:attachment":[{"href":"https:\/\/www.libellud.com\/en\/wp-json\/wp\/v2\/media?parent=9492"}],"curies":[{"name":"wp","href":"https:\/\/api.w.org\/{rel}","templated":true}]}}