{"id":9501,"date":"2022-03-31T21:00:09","date_gmt":"2022-03-31T19:00:09","guid":{"rendered":"https:\/\/www.libellud.com\/?page_id=9501"},"modified":"2022-04-04T14:22:26","modified_gmt":"2022-04-04T12:22:26","slug":"shadows-amsterdam","status":"publish","type":"page","link":"https:\/\/www.libellud.com\/en\/our-games\/shadows-amsterdam\/","title":{"rendered":"Shadows Amsterdam"},"content":{"rendered":"\n\n\t<p>The race for evidence is on.<\/p>\n\nIn <em>Shadows &#8211; Amsterdam<\/em>, each team of detectives travels through the city of Amsterdam to find 3 pieces of evidence and bring them back to their client before the rival team. Within each team, an Intelligence Officer sends visual indications to his or her detectives in order to guide them, as fast as possible.\n<p><em>Shadows &#8211; Amsterdam<\/em> is a <strong>fast-paced image interpretation game<\/strong> for all kinds of <strong>players<\/strong>. With <strong>short rules<\/strong> and simple game mechanics, experience the stress of a real-time competition.<\/p>\n\t<p><strong>Designer :<\/strong> Mathieu Aubert<\/p>\n<p><strong>Artists :<\/strong> Studio M81 et Libellud<\/p>\n<p><strong>Release : <\/strong>October 2018<\/p>\n\t\t\t\t<img loading=\"lazy\" decoding=\"async\" src=\"https:\/\/cdn.svc.asmodee.net\/production-libellud\/uploads\/2022\/03\/SHADOWS_INFOS_TECH_HORIZONTALES_WEBSITE.png\" alt=\"SHADOWS_INFOS_TECH_HORIZONTALES_WEBSITE\" itemprop=\"image\" height=\"122\" width=\"824\" title=\"SHADOWS_INFOS_TECH_HORIZONTALES_WEBSITE\" onerror=\"this.style.display='none'\"  \/>\n\t\t\t\t<img loading=\"lazy\" decoding=\"async\" src=\"https:\/\/cdn.svc.asmodee.net\/production-libellud\/uploads\/2022\/03\/SHADOWS_box-R_72-dpi-Copie-1-189x300.png\" alt=\"SHADOWS_box R_72 dpi - Copie\" itemprop=\"image\" height=\"300\" width=\"189\" title=\"SHADOWS_box R_72 dpi - Copie\" onerror=\"this.style.display='none'\"  \/>\n\t<iframe loading=\"lazy\" title=\"English overview of Shadows - Amsterdam\" width=\"768\" height=\"432\" src=\"https:\/\/www.youtube.com\/embed\/XNOEaVTsXk8?feature=oembed\" frameborder=\"0\" allow=\"accelerometer; autoplay; clipboard-write; encrypted-media; gyroscope; picture-in-picture\" allowfullscreen><\/iframe>\n\t<p>Resources<\/p>\n<p>Continue the Shadow Amsterdam adventure with our downloadable contents including game rules, image banks, wallpapers, exclusive files and more, by clicking below:<\/p>\n\t\t\t\t<a href=\"https:\/\/cdn.svc.asmodee.net\/production-libellud\/uploads\/2022\/03\/SHADOWS_RULES_EN.pdf\" target=\"_self\" itemprop=\"url\" rel=\"noopener\">\n\t\t\t\t<img loading=\"lazy\" decoding=\"async\" src=\"https:\/\/cdn.svc.asmodee.net\/production-libellud\/uploads\/2022\/03\/icones_regles-2-150x150.png\" alt=\"R\u00e8gles du jeu\" itemprop=\"image\" height=\"150\" width=\"150\" title=\"icones_regles\" onerror=\"this.style.display='none'\"  \/>\n\t\t\t\t<\/a>\n\t\tR\u00e8gles du jeu\n\t\t\t\t<a href=\"https:\/\/cdn.svc.asmodee.net\/production-libellud\/uploads\/2022\/03\/Banque-images-SHA-1.zip\" target=\"_self\" itemprop=\"url\" rel=\"noopener\">\n\t\t\t\t<img loading=\"lazy\" decoding=\"async\" src=\"https:\/\/cdn.svc.asmodee.net\/production-libellud\/uploads\/2022\/03\/icone_elementsjeu-2-150x150.png\" alt=\"Banque d'images\" itemprop=\"image\" height=\"150\" width=\"150\" title=\"icone_elementsjeu\" onerror=\"this.style.display='none'\"  \/>\n\t\t\t\t<\/a>\n\t\tBanque d&#8217;images\n\t\t\t<a href=\"https:\/\/www.libellud.com\/en\/resources\/shadows-amsterdam\" target=\"_self\" role=\"button\" rel=\"noopener\">\n\t\t\t\t\t\t\tAll Resources\n\t\t\t\t\t<\/a>\n\n","protected":false},"excerpt":{"rendered":"<p>The race for evidence is on. In Shadows &#8211; Amsterdam, each team of detectives travels through the city of Amsterdam to find 3 pieces of evidence and bring them back to their client before the rival team. Within each team, an Intelligence Officer sends visual indications to his or her detectives in order to guide [&hellip;]<\/p>\n","protected":false},"author":3,"featured_media":0,"parent":9610,"menu_order":0,"comment_status":"closed","ping_status":"closed","template":"","meta":{"_acf_changed":false,"footnotes":""},"class_list":["post-9501","page","type-page","status-publish","hentry"],"acf":[],"yoast_head":"<!-- This site is optimized with the Yoast SEO plugin v26.9 - https:\/\/yoast.com\/product\/yoast-seo-wordpress\/ -->\n<title>Shadows Amsterdam - Libellud<\/title>\n<meta name=\"robots\" content=\"index, follow, max-snippet:-1, max-image-preview:large, max-video-preview:-1\" \/>\n<link rel=\"canonical\" href=\"https:\/\/www.libellud.com\/en\/our-games\/shadows-amsterdam\/\" \/>\n<meta property=\"og:locale\" content=\"en_US\" \/>\n<meta property=\"og:type\" content=\"article\" \/>\n<meta property=\"og:title\" content=\"Shadows Amsterdam - Libellud\" \/>\n<meta property=\"og:description\" content=\"The race for evidence is on. In Shadows &#8211; Amsterdam, each team of detectives travels through the city of Amsterdam to find 3 pieces of evidence and bring them back to their client before the rival team. Within each team, an Intelligence Officer sends visual indications to his or her detectives in order to guide [&hellip;]\" \/>\n<meta property=\"og:url\" content=\"https:\/\/www.libellud.com\/en\/our-games\/shadows-amsterdam\/\" \/>\n<meta property=\"og:site_name\" content=\"Libellud\" \/>\n<meta property=\"article:modified_time\" content=\"2022-04-04T12:22:26+00:00\" \/>\n<meta property=\"og:image\" content=\"https:\/\/cdn.svc.asmodee.net\/production-libellud\/uploads\/2022\/03\/SHADOWS_INFOS_TECH_HORIZONTALES_WEBSITE.png\" \/>\n<meta name=\"twitter:card\" content=\"summary_large_image\" \/>\n<meta name=\"twitter:label1\" content=\"Est. reading time\" \/>\n\t<meta name=\"twitter:data1\" content=\"1 minute\" \/>\n<script type=\"application\/ld+json\" class=\"yoast-schema-graph\">{\"@context\":\"https:\/\/schema.org\",\"@graph\":[{\"@type\":\"WebPage\",\"@id\":\"https:\/\/www.libellud.com\/en\/our-games\/shadows-amsterdam\/\",\"url\":\"https:\/\/www.libellud.com\/en\/our-games\/shadows-amsterdam\/\",\"name\":\"Shadows Amsterdam - Libellud\",\"isPartOf\":{\"@id\":\"https:\/\/www.libellud.com\/#website\"},\"primaryImageOfPage\":{\"@id\":\"https:\/\/www.libellud.com\/en\/our-games\/shadows-amsterdam\/#primaryimage\"},\"image\":{\"@id\":\"https:\/\/www.libellud.com\/en\/our-games\/shadows-amsterdam\/#primaryimage\"},\"thumbnailUrl\":\"https:\/\/cdn.svc.asmodee.net\/production-libellud\/uploads\/2022\/03\/SHADOWS_INFOS_TECH_HORIZONTALES_WEBSITE.png\",\"datePublished\":\"2022-03-31T19:00:09+00:00\",\"dateModified\":\"2022-04-04T12:22:26+00:00\",\"breadcrumb\":{\"@id\":\"https:\/\/www.libellud.com\/en\/our-games\/shadows-amsterdam\/#breadcrumb\"},\"inLanguage\":\"en-US\",\"potentialAction\":[{\"@type\":\"ReadAction\",\"target\":[\"https:\/\/www.libellud.com\/en\/our-games\/shadows-amsterdam\/\"]}]},{\"@type\":\"ImageObject\",\"inLanguage\":\"en-US\",\"@id\":\"https:\/\/www.libellud.com\/en\/our-games\/shadows-amsterdam\/#primaryimage\",\"url\":\"https:\/\/cdn.svc.asmodee.net\/production-libellud\/uploads\/2022\/03\/SHADOWS_INFOS_TECH_HORIZONTALES_WEBSITE.png\",\"contentUrl\":\"https:\/\/cdn.svc.asmodee.net\/production-libellud\/uploads\/2022\/03\/SHADOWS_INFOS_TECH_HORIZONTALES_WEBSITE.png\"},{\"@type\":\"BreadcrumbList\",\"@id\":\"https:\/\/www.libellud.com\/en\/our-games\/shadows-amsterdam\/#breadcrumb\",\"itemListElement\":[{\"@type\":\"ListItem\",\"position\":1,\"name\":\"Home\",\"item\":\"https:\/\/www.libellud.com\/en\/\"},{\"@type\":\"ListItem\",\"position\":2,\"name\":\"Our Games\",\"item\":\"https:\/\/www.libellud.com\/en\/our-games\/\"},{\"@type\":\"ListItem\",\"position\":3,\"name\":\"Shadows Amsterdam\"}]},{\"@type\":\"WebSite\",\"@id\":\"https:\/\/www.libellud.com\/#website\",\"url\":\"https:\/\/www.libellud.com\/\",\"name\":\"Libellud\",\"description\":\"\u00c9diteur de jeux de soci\u00e9t\u00e9 depuis 2008\",\"potentialAction\":[{\"@type\":\"SearchAction\",\"target\":{\"@type\":\"EntryPoint\",\"urlTemplate\":\"https:\/\/www.libellud.com\/?s={search_term_string}\"},\"query-input\":{\"@type\":\"PropertyValueSpecification\",\"valueRequired\":true,\"valueName\":\"search_term_string\"}}],\"inLanguage\":\"en-US\"}]}<\/script>\n<!-- \/ Yoast SEO plugin. -->","yoast_head_json":{"title":"Shadows Amsterdam - Libellud","robots":{"index":"index","follow":"follow","max-snippet":"max-snippet:-1","max-image-preview":"max-image-preview:large","max-video-preview":"max-video-preview:-1"},"canonical":"https:\/\/www.libellud.com\/en\/our-games\/shadows-amsterdam\/","og_locale":"en_US","og_type":"article","og_title":"Shadows Amsterdam - Libellud","og_description":"The race for evidence is on. In Shadows &#8211; Amsterdam, each team of detectives travels through the city of Amsterdam to find 3 pieces of evidence and bring them back to their client before the rival team. Within each team, an Intelligence Officer sends visual indications to his or her detectives in order to guide [&hellip;]","og_url":"https:\/\/www.libellud.com\/en\/our-games\/shadows-amsterdam\/","og_site_name":"Libellud","article_modified_time":"2022-04-04T12:22:26+00:00","og_image":[{"url":"https:\/\/cdn.svc.asmodee.net\/production-libellud\/uploads\/2022\/03\/SHADOWS_INFOS_TECH_HORIZONTALES_WEBSITE.png","type":"","width":"","height":""}],"twitter_card":"summary_large_image","twitter_misc":{"Est. reading time":"1 minute"},"schema":{"@context":"https:\/\/schema.org","@graph":[{"@type":"WebPage","@id":"https:\/\/www.libellud.com\/en\/our-games\/shadows-amsterdam\/","url":"https:\/\/www.libellud.com\/en\/our-games\/shadows-amsterdam\/","name":"Shadows Amsterdam - Libellud","isPartOf":{"@id":"https:\/\/www.libellud.com\/#website"},"primaryImageOfPage":{"@id":"https:\/\/www.libellud.com\/en\/our-games\/shadows-amsterdam\/#primaryimage"},"image":{"@id":"https:\/\/www.libellud.com\/en\/our-games\/shadows-amsterdam\/#primaryimage"},"thumbnailUrl":"https:\/\/cdn.svc.asmodee.net\/production-libellud\/uploads\/2022\/03\/SHADOWS_INFOS_TECH_HORIZONTALES_WEBSITE.png","datePublished":"2022-03-31T19:00:09+00:00","dateModified":"2022-04-04T12:22:26+00:00","breadcrumb":{"@id":"https:\/\/www.libellud.com\/en\/our-games\/shadows-amsterdam\/#breadcrumb"},"inLanguage":"en-US","potentialAction":[{"@type":"ReadAction","target":["https:\/\/www.libellud.com\/en\/our-games\/shadows-amsterdam\/"]}]},{"@type":"ImageObject","inLanguage":"en-US","@id":"https:\/\/www.libellud.com\/en\/our-games\/shadows-amsterdam\/#primaryimage","url":"https:\/\/cdn.svc.asmodee.net\/production-libellud\/uploads\/2022\/03\/SHADOWS_INFOS_TECH_HORIZONTALES_WEBSITE.png","contentUrl":"https:\/\/cdn.svc.asmodee.net\/production-libellud\/uploads\/2022\/03\/SHADOWS_INFOS_TECH_HORIZONTALES_WEBSITE.png"},{"@type":"BreadcrumbList","@id":"https:\/\/www.libellud.com\/en\/our-games\/shadows-amsterdam\/#breadcrumb","itemListElement":[{"@type":"ListItem","position":1,"name":"Home","item":"https:\/\/www.libellud.com\/en\/"},{"@type":"ListItem","position":2,"name":"Our Games","item":"https:\/\/www.libellud.com\/en\/our-games\/"},{"@type":"ListItem","position":3,"name":"Shadows Amsterdam"}]},{"@type":"WebSite","@id":"https:\/\/www.libellud.com\/#website","url":"https:\/\/www.libellud.com\/","name":"Libellud","description":"\u00c9diteur de jeux de soci\u00e9t\u00e9 depuis 2008","potentialAction":[{"@type":"SearchAction","target":{"@type":"EntryPoint","urlTemplate":"https:\/\/www.libellud.com\/?s={search_term_string}"},"query-input":{"@type":"PropertyValueSpecification","valueRequired":true,"valueName":"search_term_string"}}],"inLanguage":"en-US"}]}},"_links":{"self":[{"href":"https:\/\/www.libellud.com\/en\/wp-json\/wp\/v2\/pages\/9501","targetHints":{"allow":["GET"]}}],"collection":[{"href":"https:\/\/www.libellud.com\/en\/wp-json\/wp\/v2\/pages"}],"about":[{"href":"https:\/\/www.libellud.com\/en\/wp-json\/wp\/v2\/types\/page"}],"author":[{"embeddable":true,"href":"https:\/\/www.libellud.com\/en\/wp-json\/wp\/v2\/users\/3"}],"replies":[{"embeddable":true,"href":"https:\/\/www.libellud.com\/en\/wp-json\/wp\/v2\/comments?post=9501"}],"version-history":[{"count":4,"href":"https:\/\/www.libellud.com\/en\/wp-json\/wp\/v2\/pages\/9501\/revisions"}],"predecessor-version":[{"id":9652,"href":"https:\/\/www.libellud.com\/en\/wp-json\/wp\/v2\/pages\/9501\/revisions\/9652"}],"up":[{"embeddable":true,"href":"https:\/\/www.libellud.com\/en\/wp-json\/wp\/v2\/pages\/9610"}],"wp:attachment":[{"href":"https:\/\/www.libellud.com\/en\/wp-json\/wp\/v2\/media?parent=9501"}],"curies":[{"name":"wp","href":"https:\/\/api.w.org\/{rel}","templated":true}]}}