{"id":9507,"date":"2022-03-31T21:05:20","date_gmt":"2022-03-31T19:05:20","guid":{"rendered":"https:\/\/www.libellud.com\/?page_id=9507"},"modified":"2022-04-04T22:10:04","modified_gmt":"2022-04-04T20:10:04","slug":"dixit-expansions","status":"publish","type":"page","link":"https:\/\/www.libellud.com\/en\/our-games\/dixit-expansions\/","title":{"rendered":"Dixit Expansions"},"content":{"rendered":"\n\n\t<p>Each <em>Dixit<\/em> expansion pack offers 84 new <strong>large size illustrated cards<\/strong> in a world of their own. Click on <strong>the expansions<\/strong> to discover the range of cards they include and to learn more about their illustrators. Use each expansion pack individually, or combine them for a different game experience each time. <em>Dixit<\/em> cards can be played with all of the games of the <em>Dixit Universe.<\/em><\/p>\n\t\t\t\t<img loading=\"lazy\" decoding=\"async\" src=\"https:\/\/cdn.svc.asmodee.net\/production-libellud\/uploads\/2022\/03\/DIXIT-REFRESH_extensions-281x300.png\" alt=\"DIXIT-REFRESH_extensions\" itemprop=\"image\" height=\"300\" width=\"281\" title=\"DIXIT-REFRESH_extensions\" onerror=\"this.style.display='none'\"  \/>\n\t\t\t\t<img loading=\"lazy\" decoding=\"async\" src=\"https:\/\/cdn.svc.asmodee.net\/production-libellud\/uploads\/2022\/03\/DIXIT-REFRESH_QUEST_box_R_FR_72dpi.png\" alt=\"DIXIT-REFRESH_QUEST_box_R_FR_72dpi\" itemprop=\"image\" height=\"850\" width=\"1275\" title=\"DIXIT-REFRESH_QUEST_box_R_FR_72dpi\" onerror=\"this.style.display='none'\"  \/>\n\t\t\t<a href=\"https:\/\/cdn.svc.asmodee.net\/production-libellud\/uploads\/2022\/03\/DIXIT_2_OVERVIEW.pdf\" target=\"_self\" role=\"button\" rel=\"noopener\">\n\t\t\t\t\t\t\tCards Overview\n\t\t\t\t\t<\/a>\n\tDixit Quest<br \/>\n\n<p>Discover a dream quest for innocence.<\/p>\n<p>Artist: Marie Cardouat<\/p>\n\t\t\t\t<img loading=\"lazy\" decoding=\"async\" src=\"https:\/\/cdn.svc.asmodee.net\/production-libellud\/uploads\/2022\/03\/DIXIT-REFRESH_JOURNEY_box_R_FR_72dpi.png\" alt=\"DIXIT-REFRESH_JOURNEY_box_R_FR_72dpi\" itemprop=\"image\" height=\"850\" width=\"1275\" title=\"DIXIT-REFRESH_JOURNEY_box_R_FR_72dpi\" onerror=\"this.style.display='none'\"  \/>\n\t\t\t<a href=\"https:\/\/cdn.svc.asmodee.net\/production-libellud\/uploads\/2022\/03\/DIXIT_3_OVERVIEW.pdf\" target=\"_self\" role=\"button\" rel=\"noopener\">\n\t\t\t\t\t\t\tCards Overview\n\t\t\t\t\t<\/a>\n\tDixit Journey<br \/>\n\n<p>Immerse yourself in a mysterious and enchanting journey.<\/p>\n<p>Artist: Xavier Collette<\/p>\n\t\t\t\t<img loading=\"lazy\" decoding=\"async\" src=\"https:\/\/cdn.svc.asmodee.net\/production-libellud\/uploads\/2022\/03\/DIXIT-REFRESH_ORIGINS_box_R_FR_72dpi.png\" alt=\"DIXIT-REFRESH_ORIGINS_box_R_FR_72dpi\" itemprop=\"image\" height=\"850\" width=\"1275\" title=\"DIXIT-REFRESH_ORIGINS_box_R_FR_72dpi\" onerror=\"this.style.display='none'\"  \/>\n\t\t\t<a href=\"https:\/\/cdn.svc.asmodee.net\/production-libellud\/uploads\/2022\/03\/DIXIT_4_OVERVIEW.pdf\" target=\"_self\" role=\"button\" rel=\"noopener\">\n\t\t\t\t\t\t\tCards Overview\n\t\t\t\t\t<\/a>\n\tDixit Origins<br \/>\n\n<p>Go back to the origin of the fantastic worlds.<\/p>\n<p>Artist: Cl\u00e9ment Lef\u00e8vre<\/p>\n\t\t\t\t<img loading=\"lazy\" decoding=\"async\" src=\"https:\/\/cdn.svc.asmodee.net\/production-libellud\/uploads\/2022\/03\/DIXIT-REFRESH_DAYDREAMS_box_R_FR_72dpi.png\" alt=\"DIXIT-REFRESH_DAYDREAMS_box_R_FR_72dpi\" itemprop=\"image\" height=\"850\" width=\"1276\" title=\"DIXIT-REFRESH_DAYDREAMS_box_R_FR_72dpi\" onerror=\"this.style.display='none'\"  \/>\n\t\t\t<a href=\"https:\/\/cdn.svc.asmodee.net\/production-libellud\/uploads\/2022\/03\/DIXIT_5_OVERVIEW.pdf\" target=\"_blank\" role=\"button\" rel=\"noopener\">\n\t\t\t\t\t\t\tCards Overview\n\t\t\t\t\t<\/a>\n\tDixit Daydreams<br \/>\n\n<p>Immerse yourself in the emotion of waking dreams.<\/p>\n<p>Artist: Franck Dion<\/p>\n\t\t\t\t<img loading=\"lazy\" decoding=\"async\" src=\"https:\/\/cdn.svc.asmodee.net\/production-libellud\/uploads\/2022\/03\/DIXIT-REFRESH_MEMORIES_box_R_FR_72dpi.png\" alt=\"DIXIT-REFRESH_MEMORIES_box_R_FR_72dpi\" itemprop=\"image\" height=\"850\" width=\"1275\" title=\"DIXIT-REFRESH_MEMORIES_box_R_FR_72dpi\" onerror=\"this.style.display='none'\"  \/>\n\t\t\t<a href=\"https:\/\/cdn.svc.asmodee.net\/production-libellud\/uploads\/2022\/03\/DIXIT_6_OVERVIEW.pdf\" target=\"_blank\" role=\"button\" rel=\"noopener\">\n\t\t\t\t\t\t\tCards Overview\n\t\t\t\t\t<\/a>\n\tDixit Memories<br \/>\n\n<p>Find vivid memories of childhoods.<\/p>\n<p>Artist: Carine Hinder et J\u00e9r\u00f4me P\u00e9lissier<\/p>\n\t\t\t\t<img loading=\"lazy\" decoding=\"async\" src=\"https:\/\/cdn.svc.asmodee.net\/production-libellud\/uploads\/2022\/03\/DIXIT-REFRESH_REVELATIONS_box_R_FR_72dpi-1.png\" alt=\"DIXIT-REFRESH_REVELATIONS_box_R_FR_72dpi\" itemprop=\"image\" height=\"850\" width=\"1275\" title=\"DIXIT-REFRESH_REVELATIONS_box_R_FR_72dpi\" onerror=\"this.style.display='none'\"  \/>\n\t\t\t<a href=\"https:\/\/cdn.svc.asmodee.net\/production-libellud\/uploads\/2022\/03\/DIXIT_7_OVERVIEW.pdf\" target=\"_blank\" role=\"button\" rel=\"noopener\">\n\t\t\t\t\t\t\tCards Overview\n\t\t\t\t\t<\/a>\n\tDixit Revelations<br \/>\n\n<p>Delight yourself thanks to the magical and refined illuminations.<\/p>\n<p>Artist: Marina Coudray<\/p>\n\t\t\t\t<img loading=\"lazy\" decoding=\"async\" src=\"https:\/\/cdn.svc.asmodee.net\/production-libellud\/uploads\/2022\/03\/DIXIT-REFRESH_HARMONIES_box_R_FR_72dpi.png\" alt=\"DIXIT-REFRESH_HARMONIES_box_R_FR_72dpi\" itemprop=\"image\" height=\"850\" width=\"1275\" title=\"DIXIT-REFRESH_HARMONIES_box_R_FR_72dpi\" onerror=\"this.style.display='none'\"  \/>\n\t\t\t<a href=\"https:\/\/cdn.svc.asmodee.net\/production-libellud\/uploads\/2022\/03\/DIXIT_8_OVERVIEW.pdf\" target=\"_blank\" role=\"button\" rel=\"noopener\">\n\t\t\t\t\t\t\tCards Overview\n\t\t\t\t\t<\/a>\n\tDixit Harmonies<br \/>\n\n<p>Discover how contrast is a source of harmony.<\/p>\n<p>Artist: Paul Echegoyen<\/p>\n\t\t\t\t<img loading=\"lazy\" decoding=\"async\" src=\"https:\/\/cdn.svc.asmodee.net\/production-libellud\/uploads\/2022\/03\/DIXIT-REFRESH_ANNIVERSARY_box_R_FR_72dpi.png\" alt=\"DIXIT-REFRESH_ANNIVERSARY_box_R_FR_72dpi\" itemprop=\"image\" height=\"850\" width=\"1275\" title=\"DIXIT-REFRESH_ANNIVERSARY_box_R_FR_72dpi\" onerror=\"this.style.display='none'\"  \/>\n\t\t\t<a href=\"https:\/\/cdn.svc.asmodee.net\/production-libellud\/uploads\/2022\/03\/DIXIT_9_OVERVIEW.pdf\" target=\"_blank\" role=\"button\" rel=\"noopener\">\n\t\t\t\t\t\t\tCards Overview\n\t\t\t\t\t<\/a>\n\tDixit Anniversary<br \/>\n\n<p>Let&#8217;s celebrate Dixit&#8217;s 10th birthday around tales from around the world.<\/p>\n<p>Artist: Illustrateurs et illustratrices Dixit<\/p>\n\t\t\t\t<img loading=\"lazy\" decoding=\"async\" src=\"https:\/\/cdn.svc.asmodee.net\/production-libellud\/uploads\/2022\/03\/DIXIT-REFRESH_MIRRORS_box_R_FR_72dpi.png\" alt=\"DIXIT-REFRESH_MIRRORS_box_R_FR_72dpi\" itemprop=\"image\" height=\"850\" width=\"1275\" title=\"DIXIT-REFRESH_MIRRORS_box_R_FR_72dpi\" onerror=\"this.style.display='none'\"  \/>\n\t\t\t<a href=\"https:\/\/cdn.svc.asmodee.net\/production-libellud\/uploads\/2022\/03\/DIXIT_10_OVERVIEW.pdf\" target=\"_blank\" role=\"button\" rel=\"noopener\">\n\t\t\t\t\t\t\tCards Overview\n\t\t\t\t\t<\/a>\n\tDixit Mirrors<br \/>\n\n<p>Let yourself be surprised by the dreamlike reflections of our daily life.<\/p>\n<p>Artist: S\u00e9bastien Telleschi<\/p>\n\t<p>Resources<\/p>\nContinue the <em>Dixit<\/em> adventure with our <strong>downloadable contents<\/strong> including <strong>game rules<\/strong>, <strong>image<\/strong><br \/>\n<strong>banks<\/strong>, wallpapers, exclusive files and more, by clicking below:\n\t\t\t<a href=\"https:\/\/www.libellud.com\/en\/resources\/dixit\/\" target=\"_self\" role=\"button\" rel=\"noopener\">\n\t\t\t\t\t\t\tDiscover\n\t\t\t\t\t<\/a>\n\t<p>Find out more about <em>Dixit<\/em><\/p>\n<p>Feel free to check our latest articles about the Dixit game! Interviews, exclusive news and contests regularly appear in the <a href=\"https:\/\/www.libellud.com\/en\/our-news\/\">News section<\/a>!<\/p>\n\n","protected":false},"excerpt":{"rendered":"<p>Each Dixit expansion pack offers 84 new large size illustrated cards in a world of their own. Click on the expansions to discover the range of cards they include and to learn more about their illustrators. Use each expansion pack individually, or combine them for a different game experience each time. Dixit cards can be [&hellip;]<\/p>\n","protected":false},"author":3,"featured_media":0,"parent":9610,"menu_order":0,"comment_status":"closed","ping_status":"closed","template":"","meta":{"_acf_changed":false,"footnotes":""},"class_list":["post-9507","page","type-page","status-publish","hentry"],"acf":[],"yoast_head":"<!-- This site is optimized with the Yoast SEO plugin v26.9 - https:\/\/yoast.com\/product\/yoast-seo-wordpress\/ -->\n<title>Dixit Expansions - Libellud<\/title>\n<meta name=\"robots\" content=\"index, follow, max-snippet:-1, max-image-preview:large, max-video-preview:-1\" \/>\n<link rel=\"canonical\" href=\"https:\/\/www.libellud.com\/en\/our-games\/dixit-expansions\/\" \/>\n<meta property=\"og:locale\" content=\"en_US\" \/>\n<meta property=\"og:type\" content=\"article\" \/>\n<meta property=\"og:title\" content=\"Dixit Expansions - Libellud\" \/>\n<meta property=\"og:description\" content=\"Each Dixit expansion pack offers 84 new large size illustrated cards in a world of their own. Click on the expansions to discover the range of cards they include and to learn more about their illustrators. Use each expansion pack individually, or combine them for a different game experience each time. Dixit cards can be [&hellip;]\" \/>\n<meta property=\"og:url\" content=\"https:\/\/www.libellud.com\/en\/our-games\/dixit-expansions\/\" \/>\n<meta property=\"og:site_name\" content=\"Libellud\" \/>\n<meta property=\"article:modified_time\" content=\"2022-04-04T20:10:04+00:00\" \/>\n<meta property=\"og:image\" content=\"https:\/\/cdn.svc.asmodee.net\/production-libellud\/uploads\/2022\/03\/DIXIT-REFRESH_extensions-281x300.png\" \/>\n<meta name=\"twitter:card\" content=\"summary_large_image\" \/>\n<meta name=\"twitter:label1\" content=\"Est. reading time\" \/>\n\t<meta name=\"twitter:data1\" content=\"1 minute\" \/>\n<script type=\"application\/ld+json\" class=\"yoast-schema-graph\">{\"@context\":\"https:\/\/schema.org\",\"@graph\":[{\"@type\":\"WebPage\",\"@id\":\"https:\/\/www.libellud.com\/en\/our-games\/dixit-expansions\/\",\"url\":\"https:\/\/www.libellud.com\/en\/our-games\/dixit-expansions\/\",\"name\":\"Dixit Expansions - Libellud\",\"isPartOf\":{\"@id\":\"https:\/\/www.libellud.com\/#website\"},\"primaryImageOfPage\":{\"@id\":\"https:\/\/www.libellud.com\/en\/our-games\/dixit-expansions\/#primaryimage\"},\"image\":{\"@id\":\"https:\/\/www.libellud.com\/en\/our-games\/dixit-expansions\/#primaryimage\"},\"thumbnailUrl\":\"https:\/\/cdn.svc.asmodee.net\/production-libellud\/uploads\/2022\/03\/DIXIT-REFRESH_extensions-281x300.png\",\"datePublished\":\"2022-03-31T19:05:20+00:00\",\"dateModified\":\"2022-04-04T20:10:04+00:00\",\"breadcrumb\":{\"@id\":\"https:\/\/www.libellud.com\/en\/our-games\/dixit-expansions\/#breadcrumb\"},\"inLanguage\":\"en-US\",\"potentialAction\":[{\"@type\":\"ReadAction\",\"target\":[\"https:\/\/www.libellud.com\/en\/our-games\/dixit-expansions\/\"]}]},{\"@type\":\"ImageObject\",\"inLanguage\":\"en-US\",\"@id\":\"https:\/\/www.libellud.com\/en\/our-games\/dixit-expansions\/#primaryimage\",\"url\":\"https:\/\/cdn.svc.asmodee.net\/production-libellud\/uploads\/2022\/03\/DIXIT-REFRESH_extensions-281x300.png\",\"contentUrl\":\"https:\/\/cdn.svc.asmodee.net\/production-libellud\/uploads\/2022\/03\/DIXIT-REFRESH_extensions-281x300.png\"},{\"@type\":\"BreadcrumbList\",\"@id\":\"https:\/\/www.libellud.com\/en\/our-games\/dixit-expansions\/#breadcrumb\",\"itemListElement\":[{\"@type\":\"ListItem\",\"position\":1,\"name\":\"Home\",\"item\":\"https:\/\/www.libellud.com\/en\/\"},{\"@type\":\"ListItem\",\"position\":2,\"name\":\"Our Games\",\"item\":\"https:\/\/www.libellud.com\/en\/our-games\/\"},{\"@type\":\"ListItem\",\"position\":3,\"name\":\"Dixit Expansions\"}]},{\"@type\":\"WebSite\",\"@id\":\"https:\/\/www.libellud.com\/#website\",\"url\":\"https:\/\/www.libellud.com\/\",\"name\":\"Libellud\",\"description\":\"\u00c9diteur de jeux de soci\u00e9t\u00e9 depuis 2008\",\"potentialAction\":[{\"@type\":\"SearchAction\",\"target\":{\"@type\":\"EntryPoint\",\"urlTemplate\":\"https:\/\/www.libellud.com\/?s={search_term_string}\"},\"query-input\":{\"@type\":\"PropertyValueSpecification\",\"valueRequired\":true,\"valueName\":\"search_term_string\"}}],\"inLanguage\":\"en-US\"}]}<\/script>\n<!-- \/ Yoast SEO plugin. -->","yoast_head_json":{"title":"Dixit Expansions - Libellud","robots":{"index":"index","follow":"follow","max-snippet":"max-snippet:-1","max-image-preview":"max-image-preview:large","max-video-preview":"max-video-preview:-1"},"canonical":"https:\/\/www.libellud.com\/en\/our-games\/dixit-expansions\/","og_locale":"en_US","og_type":"article","og_title":"Dixit Expansions - Libellud","og_description":"Each Dixit expansion pack offers 84 new large size illustrated cards in a world of their own. Click on the expansions to discover the range of cards they include and to learn more about their illustrators. Use each expansion pack individually, or combine them for a different game experience each time. Dixit cards can be [&hellip;]","og_url":"https:\/\/www.libellud.com\/en\/our-games\/dixit-expansions\/","og_site_name":"Libellud","article_modified_time":"2022-04-04T20:10:04+00:00","og_image":[{"url":"https:\/\/cdn.svc.asmodee.net\/production-libellud\/uploads\/2022\/03\/DIXIT-REFRESH_extensions-281x300.png","type":"","width":"","height":""}],"twitter_card":"summary_large_image","twitter_misc":{"Est. reading time":"1 minute"},"schema":{"@context":"https:\/\/schema.org","@graph":[{"@type":"WebPage","@id":"https:\/\/www.libellud.com\/en\/our-games\/dixit-expansions\/","url":"https:\/\/www.libellud.com\/en\/our-games\/dixit-expansions\/","name":"Dixit Expansions - Libellud","isPartOf":{"@id":"https:\/\/www.libellud.com\/#website"},"primaryImageOfPage":{"@id":"https:\/\/www.libellud.com\/en\/our-games\/dixit-expansions\/#primaryimage"},"image":{"@id":"https:\/\/www.libellud.com\/en\/our-games\/dixit-expansions\/#primaryimage"},"thumbnailUrl":"https:\/\/cdn.svc.asmodee.net\/production-libellud\/uploads\/2022\/03\/DIXIT-REFRESH_extensions-281x300.png","datePublished":"2022-03-31T19:05:20+00:00","dateModified":"2022-04-04T20:10:04+00:00","breadcrumb":{"@id":"https:\/\/www.libellud.com\/en\/our-games\/dixit-expansions\/#breadcrumb"},"inLanguage":"en-US","potentialAction":[{"@type":"ReadAction","target":["https:\/\/www.libellud.com\/en\/our-games\/dixit-expansions\/"]}]},{"@type":"ImageObject","inLanguage":"en-US","@id":"https:\/\/www.libellud.com\/en\/our-games\/dixit-expansions\/#primaryimage","url":"https:\/\/cdn.svc.asmodee.net\/production-libellud\/uploads\/2022\/03\/DIXIT-REFRESH_extensions-281x300.png","contentUrl":"https:\/\/cdn.svc.asmodee.net\/production-libellud\/uploads\/2022\/03\/DIXIT-REFRESH_extensions-281x300.png"},{"@type":"BreadcrumbList","@id":"https:\/\/www.libellud.com\/en\/our-games\/dixit-expansions\/#breadcrumb","itemListElement":[{"@type":"ListItem","position":1,"name":"Home","item":"https:\/\/www.libellud.com\/en\/"},{"@type":"ListItem","position":2,"name":"Our Games","item":"https:\/\/www.libellud.com\/en\/our-games\/"},{"@type":"ListItem","position":3,"name":"Dixit Expansions"}]},{"@type":"WebSite","@id":"https:\/\/www.libellud.com\/#website","url":"https:\/\/www.libellud.com\/","name":"Libellud","description":"\u00c9diteur de jeux de soci\u00e9t\u00e9 depuis 2008","potentialAction":[{"@type":"SearchAction","target":{"@type":"EntryPoint","urlTemplate":"https:\/\/www.libellud.com\/?s={search_term_string}"},"query-input":{"@type":"PropertyValueSpecification","valueRequired":true,"valueName":"search_term_string"}}],"inLanguage":"en-US"}]}},"_links":{"self":[{"href":"https:\/\/www.libellud.com\/en\/wp-json\/wp\/v2\/pages\/9507","targetHints":{"allow":["GET"]}}],"collection":[{"href":"https:\/\/www.libellud.com\/en\/wp-json\/wp\/v2\/pages"}],"about":[{"href":"https:\/\/www.libellud.com\/en\/wp-json\/wp\/v2\/types\/page"}],"author":[{"embeddable":true,"href":"https:\/\/www.libellud.com\/en\/wp-json\/wp\/v2\/users\/3"}],"replies":[{"embeddable":true,"href":"https:\/\/www.libellud.com\/en\/wp-json\/wp\/v2\/comments?post=9507"}],"version-history":[{"count":4,"href":"https:\/\/www.libellud.com\/en\/wp-json\/wp\/v2\/pages\/9507\/revisions"}],"predecessor-version":[{"id":9699,"href":"https:\/\/www.libellud.com\/en\/wp-json\/wp\/v2\/pages\/9507\/revisions\/9699"}],"up":[{"embeddable":true,"href":"https:\/\/www.libellud.com\/en\/wp-json\/wp\/v2\/pages\/9610"}],"wp:attachment":[{"href":"https:\/\/www.libellud.com\/en\/wp-json\/wp\/v2\/media?parent=9507"}],"curies":[{"name":"wp","href":"https:\/\/api.w.org\/{rel}","templated":true}]}}