{"id":9513,"date":"2022-03-31T21:27:11","date_gmt":"2022-03-31T19:27:11","guid":{"rendered":"https:\/\/www.libellud.com\/?page_id=9513"},"modified":"2022-03-31T22:18:58","modified_gmt":"2022-03-31T20:18:58","slug":"mysterium-park","status":"publish","type":"page","link":"https:\/\/www.libellud.com\/en\/our-games\/mysterium-park\/","title":{"rendered":"Mysterium Park"},"content":{"rendered":"\r\n\r\n\tWelcome to Mysterium Park, the most spectacular mobile funfair in the United States!<br \/>\r\nEnjoy fantastic attractions and breathtaking shows. Mysterium Park conceals many secrets&#8230; and what secrets! The director of the park is missing. It is said that strange events have been occuring ever since he disappeared. Drawn by these rumors, you and your team of Psychics decide to visit the site to shed light on this affair. Once on the spot, you find out that the former director&#8217;s ghost is trying to communicate with you. With his help, will you manage to prove the right people innocent and to finally unmask the murderer and find the crime scene?\r\n<p>Mysterium Park is a cooperative game where players embody asymmetrical roles for ever-surprising game experiences. The ghost sends Visions to the Psychics through illustrated cards. The latter must interpret those cards in order to rule out the wrong suspects, and to conduct their investigation in different places so as to finally identify the murderer and the location where the crime occured. Be aware that you only have 6 nights before the funfair breaks camp. Mysterium Park is the ideal game: quick to set up and to play.<\/p>\r\n<p><strong>Designers :<\/strong> Oleksander Nevskiy &amp; Oleg Sidorenko<\/p>\r\n<p><strong>Artists :<\/strong> Xavier Collette &amp; Studio M81<\/p>\r\n<p><strong>Release :<\/strong> October 2020<\/p>\r\n\t\t\t\t<img loading=\"lazy\" decoding=\"async\" src=\"https:\/\/cdn.svc.asmodee.net\/production-libellud\/uploads\/2022\/03\/MYST_PARK_INFOS_JEU_HORIZONTALES_72dpi-300x149.png\" alt=\"MYST_PARK_INFOS_JEU_HORIZONTALES_72dpi\" itemprop=\"image\" height=\"149\" width=\"300\" title=\"MYST_PARK_INFOS_JEU_HORIZONTALES_72dpi\" onerror=\"this.style.display='none'\"  \/>\r\n\t\t\t\t<img loading=\"lazy\" decoding=\"async\" src=\"https:\/\/cdn.svc.asmodee.net\/production-libellud\/uploads\/2022\/03\/MYST_PARK_TOP_BOX_LEFT_72dpi-200x300.png\" alt=\"MYST_PARK_TOP_BOX_LEFT_72dpi\" itemprop=\"image\" height=\"300\" width=\"200\" title=\"MYST_PARK_TOP_BOX_LEFT_72dpi\" onerror=\"this.style.display='none'\"  \/>\r\n\t<iframe loading=\"lazy\" title=\"Mysterium Park : Overview [ENG]\" width=\"768\" height=\"432\" src=\"https:\/\/www.youtube.com\/embed\/ritqHhCxh1Y?feature=oembed\" frameborder=\"0\" allow=\"accelerometer; autoplay; clipboard-write; encrypted-media; gyroscope; picture-in-picture\" allowfullscreen><\/iframe>\r\n\t<strong>The Mysterium Park rules<br \/>\r\nin few steps<\/strong>\r\n\t\t\t\t<img loading=\"lazy\" decoding=\"async\" src=\"https:\/\/cdn.svc.asmodee.net\/production-libellud\/uploads\/2022\/03\/MYST_PARK_CHARACTER_DETOURE_1-225x300.png\" alt=\"MYST_PARK_CHARACTER_DETOURE_1\" itemprop=\"image\" height=\"300\" width=\"225\" title=\"MYST_PARK_CHARACTER_DETOURE_1\" onerror=\"this.style.display='none'\"  \/>\r\n\t<p>As a ghost, select the Vision Cards you will relay to the Psychics in order to provide them with clues related to their investigations.<\/p>\r\n\t\t\t\t<img loading=\"lazy\" decoding=\"async\" src=\"https:\/\/cdn.svc.asmodee.net\/production-libellud\/uploads\/2022\/03\/MP_PICTURE_3-300x300.jpg\" alt=\"MP_PICTURE_3\" itemprop=\"image\" height=\"300\" width=\"300\" height=\"300\" width=\"300\" title=\"MP_PICTURE_3\" onerror=\"this.style.display='none'\"  \/>\r\n\t<p>As a Psychic, interpret the Vision Cards you receive. You are allowed to talk with other players, yet each Psychic is responsible for his own specific investigation. You have 6 rounds to prove some suspects innocent and to rule out potential crime scenes.<\/p>\r\n\t\t\t\t<img loading=\"lazy\" decoding=\"async\" src=\"https:\/\/cdn.svc.asmodee.net\/production-libellud\/uploads\/2022\/03\/MP_Character_1_square-300x300.jpg\" alt=\"MP_Character_1_square\" itemprop=\"image\" height=\"300\" width=\"300\" height=\"300\" width=\"300\" title=\"MP_Character_1_square\" onerror=\"this.style.display='none'\"  \/>\r\n\t<p>Among the different leads standing out at the end of the game, find the right circumstances of the ghost&#8217;s death. Use your gift of clairvoyance to solve the investigation!<\/p>\r\n\t\t\t<a href=\"https:\/\/cdn.svc.asmodee.net\/production-libellud\/uploads\/2022\/03\/MYST_PARK_RULES_EN_BD.pdf\" target=\"_self\" role=\"button\" rel=\"noopener\">\r\n\t\t\t\t\t\t\tDowsload Rules\r\n\t\t\t\t\t<\/a>\r\n\t<p>Resources<\/p>\r\n<p>Continue the Mysterium Park adventure with our downloadable contents including game rules, image banks, wallpapers, exclusive files and more, by clicking below:<\/p>\r\n\t\t\t\t<a href=\"https:\/\/cdn.svc.asmodee.net\/production-libellud\/uploads\/2022\/03\/MYST_PARK_RULES_EN_BD.pdf\" target=\"_self\" itemprop=\"url\" rel=\"noopener\">\r\n\t\t\t\t<img loading=\"lazy\" decoding=\"async\" src=\"https:\/\/cdn.svc.asmodee.net\/production-libellud\/uploads\/2022\/03\/icones_regles-150x150.png\" alt=\"R\u00e8gles du Jeu\" itemprop=\"image\" height=\"150\" width=\"150\" title=\"icones_regles\" onerror=\"this.style.display='none'\"  \/>\r\n\t\t\t\t<\/a>\r\n\t\tR\u00e8gles du Jeu\r\n\t\t\t\t<a href=\"https:\/\/cdn.svc.asmodee.net\/production-libellud\/uploads\/2022\/03\/Mysterium-park-banque-dimages-1.zip\" target=\"_self\" itemprop=\"url\" rel=\"noopener\">\r\n\t\t\t\t<img loading=\"lazy\" decoding=\"async\" src=\"https:\/\/cdn.svc.asmodee.net\/production-libellud\/uploads\/2022\/03\/icone_elementsjeu-150x150.png\" alt=\"Banque d'images\" itemprop=\"image\" height=\"150\" width=\"150\" title=\"icone_elementsjeu\" onerror=\"this.style.display='none'\"  \/>\r\n\t\t\t\t<\/a>\r\n\t\tBanque d&#8217;images\r\n\t\t\t<a href=\"https:\/\/www.libellud.com\/en\/resources\/mysterium-park\" target=\"_self\" role=\"button\" rel=\"noopener\">\r\n\t\t\t\t\t\t\tAll Resources\r\n\t\t\t\t\t<\/a>\r\n\t<p>Find out more about Mysterium Park.<\/p>\r\n\r\nFeel free to check our latest articles about the Mysterium Park game! Interviews, exclusive news and contests regularly appear in our <a href=\"https:\/\/www.libellud.com\/en\/our-news\/\">News Section<\/a>.\r\n<p>&nbsp;<\/p>\r\n<p>&nbsp;<\/p>\r\n\r\n","protected":false},"excerpt":{"rendered":"<p>Welcome to Mysterium Park, the most spectacular mobile funfair in the United States! Enjoy fantastic attractions and breathtaking shows. Mysterium Park conceals many secrets&#8230; and what secrets! The director of the park is missing. It is said that strange events have been occuring ever since he disappeared. Drawn by these rumors, you and your team [&hellip;]<\/p>\n","protected":false},"author":3,"featured_media":0,"parent":9610,"menu_order":0,"comment_status":"closed","ping_status":"closed","template":"","meta":{"_acf_changed":false,"footnotes":""},"class_list":["post-9513","page","type-page","status-publish","hentry"],"acf":[],"yoast_head":"<!-- This site is optimized with the Yoast SEO plugin v26.9 - https:\/\/yoast.com\/product\/yoast-seo-wordpress\/ -->\n<title>Mysterium Park - Libellud<\/title>\n<meta name=\"robots\" content=\"index, follow, max-snippet:-1, max-image-preview:large, max-video-preview:-1\" \/>\n<link rel=\"canonical\" href=\"https:\/\/www.libellud.com\/en\/our-games\/mysterium-park\/\" \/>\n<meta property=\"og:locale\" content=\"en_US\" \/>\n<meta property=\"og:type\" content=\"article\" \/>\n<meta property=\"og:title\" content=\"Mysterium Park - Libellud\" \/>\n<meta property=\"og:description\" content=\"Welcome to Mysterium Park, the most spectacular mobile funfair in the United States! Enjoy fantastic attractions and breathtaking shows. Mysterium Park conceals many secrets&#8230; and what secrets! The director of the park is missing. It is said that strange events have been occuring ever since he disappeared. Drawn by these rumors, you and your team [&hellip;]\" \/>\n<meta property=\"og:url\" content=\"https:\/\/www.libellud.com\/en\/our-games\/mysterium-park\/\" \/>\n<meta property=\"og:site_name\" content=\"Libellud\" \/>\n<meta property=\"article:modified_time\" content=\"2022-03-31T20:18:58+00:00\" \/>\n<meta property=\"og:image\" content=\"https:\/\/cdn.svc.asmodee.net\/production-libellud\/uploads\/2022\/03\/MYST_PARK_INFOS_JEU_HORIZONTALES_72dpi-300x149.png\" \/>\n<meta name=\"twitter:card\" content=\"summary_large_image\" \/>\n<meta name=\"twitter:label1\" content=\"Est. reading time\" \/>\n\t<meta name=\"twitter:data1\" content=\"2 minutes\" \/>\n<script type=\"application\/ld+json\" class=\"yoast-schema-graph\">{\"@context\":\"https:\/\/schema.org\",\"@graph\":[{\"@type\":\"WebPage\",\"@id\":\"https:\/\/www.libellud.com\/en\/our-games\/mysterium-park\/\",\"url\":\"https:\/\/www.libellud.com\/en\/our-games\/mysterium-park\/\",\"name\":\"Mysterium Park - Libellud\",\"isPartOf\":{\"@id\":\"https:\/\/www.libellud.com\/#website\"},\"primaryImageOfPage\":{\"@id\":\"https:\/\/www.libellud.com\/en\/our-games\/mysterium-park\/#primaryimage\"},\"image\":{\"@id\":\"https:\/\/www.libellud.com\/en\/our-games\/mysterium-park\/#primaryimage\"},\"thumbnailUrl\":\"https:\/\/cdn.svc.asmodee.net\/production-libellud\/uploads\/2022\/03\/MYST_PARK_INFOS_JEU_HORIZONTALES_72dpi-300x149.png\",\"datePublished\":\"2022-03-31T19:27:11+00:00\",\"dateModified\":\"2022-03-31T20:18:58+00:00\",\"breadcrumb\":{\"@id\":\"https:\/\/www.libellud.com\/en\/our-games\/mysterium-park\/#breadcrumb\"},\"inLanguage\":\"en-US\",\"potentialAction\":[{\"@type\":\"ReadAction\",\"target\":[\"https:\/\/www.libellud.com\/en\/our-games\/mysterium-park\/\"]}]},{\"@type\":\"ImageObject\",\"inLanguage\":\"en-US\",\"@id\":\"https:\/\/www.libellud.com\/en\/our-games\/mysterium-park\/#primaryimage\",\"url\":\"https:\/\/cdn.svc.asmodee.net\/production-libellud\/uploads\/2022\/03\/MYST_PARK_INFOS_JEU_HORIZONTALES_72dpi-300x149.png\",\"contentUrl\":\"https:\/\/cdn.svc.asmodee.net\/production-libellud\/uploads\/2022\/03\/MYST_PARK_INFOS_JEU_HORIZONTALES_72dpi-300x149.png\"},{\"@type\":\"BreadcrumbList\",\"@id\":\"https:\/\/www.libellud.com\/en\/our-games\/mysterium-park\/#breadcrumb\",\"itemListElement\":[{\"@type\":\"ListItem\",\"position\":1,\"name\":\"Home\",\"item\":\"https:\/\/www.libellud.com\/en\/\"},{\"@type\":\"ListItem\",\"position\":2,\"name\":\"Our Games\",\"item\":\"https:\/\/www.libellud.com\/en\/our-games\/\"},{\"@type\":\"ListItem\",\"position\":3,\"name\":\"Mysterium Park\"}]},{\"@type\":\"WebSite\",\"@id\":\"https:\/\/www.libellud.com\/#website\",\"url\":\"https:\/\/www.libellud.com\/\",\"name\":\"Libellud\",\"description\":\"\u00c9diteur de jeux de soci\u00e9t\u00e9 depuis 2008\",\"potentialAction\":[{\"@type\":\"SearchAction\",\"target\":{\"@type\":\"EntryPoint\",\"urlTemplate\":\"https:\/\/www.libellud.com\/?s={search_term_string}\"},\"query-input\":{\"@type\":\"PropertyValueSpecification\",\"valueRequired\":true,\"valueName\":\"search_term_string\"}}],\"inLanguage\":\"en-US\"}]}<\/script>\n<!-- \/ Yoast SEO plugin. -->","yoast_head_json":{"title":"Mysterium Park - Libellud","robots":{"index":"index","follow":"follow","max-snippet":"max-snippet:-1","max-image-preview":"max-image-preview:large","max-video-preview":"max-video-preview:-1"},"canonical":"https:\/\/www.libellud.com\/en\/our-games\/mysterium-park\/","og_locale":"en_US","og_type":"article","og_title":"Mysterium Park - Libellud","og_description":"Welcome to Mysterium Park, the most spectacular mobile funfair in the United States! Enjoy fantastic attractions and breathtaking shows. Mysterium Park conceals many secrets&#8230; and what secrets! The director of the park is missing. It is said that strange events have been occuring ever since he disappeared. Drawn by these rumors, you and your team [&hellip;]","og_url":"https:\/\/www.libellud.com\/en\/our-games\/mysterium-park\/","og_site_name":"Libellud","article_modified_time":"2022-03-31T20:18:58+00:00","og_image":[{"url":"https:\/\/cdn.svc.asmodee.net\/production-libellud\/uploads\/2022\/03\/MYST_PARK_INFOS_JEU_HORIZONTALES_72dpi-300x149.png","type":"","width":"","height":""}],"twitter_card":"summary_large_image","twitter_misc":{"Est. reading time":"2 minutes"},"schema":{"@context":"https:\/\/schema.org","@graph":[{"@type":"WebPage","@id":"https:\/\/www.libellud.com\/en\/our-games\/mysterium-park\/","url":"https:\/\/www.libellud.com\/en\/our-games\/mysterium-park\/","name":"Mysterium Park - Libellud","isPartOf":{"@id":"https:\/\/www.libellud.com\/#website"},"primaryImageOfPage":{"@id":"https:\/\/www.libellud.com\/en\/our-games\/mysterium-park\/#primaryimage"},"image":{"@id":"https:\/\/www.libellud.com\/en\/our-games\/mysterium-park\/#primaryimage"},"thumbnailUrl":"https:\/\/cdn.svc.asmodee.net\/production-libellud\/uploads\/2022\/03\/MYST_PARK_INFOS_JEU_HORIZONTALES_72dpi-300x149.png","datePublished":"2022-03-31T19:27:11+00:00","dateModified":"2022-03-31T20:18:58+00:00","breadcrumb":{"@id":"https:\/\/www.libellud.com\/en\/our-games\/mysterium-park\/#breadcrumb"},"inLanguage":"en-US","potentialAction":[{"@type":"ReadAction","target":["https:\/\/www.libellud.com\/en\/our-games\/mysterium-park\/"]}]},{"@type":"ImageObject","inLanguage":"en-US","@id":"https:\/\/www.libellud.com\/en\/our-games\/mysterium-park\/#primaryimage","url":"https:\/\/cdn.svc.asmodee.net\/production-libellud\/uploads\/2022\/03\/MYST_PARK_INFOS_JEU_HORIZONTALES_72dpi-300x149.png","contentUrl":"https:\/\/cdn.svc.asmodee.net\/production-libellud\/uploads\/2022\/03\/MYST_PARK_INFOS_JEU_HORIZONTALES_72dpi-300x149.png"},{"@type":"BreadcrumbList","@id":"https:\/\/www.libellud.com\/en\/our-games\/mysterium-park\/#breadcrumb","itemListElement":[{"@type":"ListItem","position":1,"name":"Home","item":"https:\/\/www.libellud.com\/en\/"},{"@type":"ListItem","position":2,"name":"Our Games","item":"https:\/\/www.libellud.com\/en\/our-games\/"},{"@type":"ListItem","position":3,"name":"Mysterium Park"}]},{"@type":"WebSite","@id":"https:\/\/www.libellud.com\/#website","url":"https:\/\/www.libellud.com\/","name":"Libellud","description":"\u00c9diteur de jeux de soci\u00e9t\u00e9 depuis 2008","potentialAction":[{"@type":"SearchAction","target":{"@type":"EntryPoint","urlTemplate":"https:\/\/www.libellud.com\/?s={search_term_string}"},"query-input":{"@type":"PropertyValueSpecification","valueRequired":true,"valueName":"search_term_string"}}],"inLanguage":"en-US"}]}},"_links":{"self":[{"href":"https:\/\/www.libellud.com\/en\/wp-json\/wp\/v2\/pages\/9513","targetHints":{"allow":["GET"]}}],"collection":[{"href":"https:\/\/www.libellud.com\/en\/wp-json\/wp\/v2\/pages"}],"about":[{"href":"https:\/\/www.libellud.com\/en\/wp-json\/wp\/v2\/types\/page"}],"author":[{"embeddable":true,"href":"https:\/\/www.libellud.com\/en\/wp-json\/wp\/v2\/users\/3"}],"replies":[{"embeddable":true,"href":"https:\/\/www.libellud.com\/en\/wp-json\/wp\/v2\/comments?post=9513"}],"version-history":[{"count":3,"href":"https:\/\/www.libellud.com\/en\/wp-json\/wp\/v2\/pages\/9513\/revisions"}],"predecessor-version":[{"id":9522,"href":"https:\/\/www.libellud.com\/en\/wp-json\/wp\/v2\/pages\/9513\/revisions\/9522"}],"up":[{"embeddable":true,"href":"https:\/\/www.libellud.com\/en\/wp-json\/wp\/v2\/pages\/9610"}],"wp:attachment":[{"href":"https:\/\/www.libellud.com\/en\/wp-json\/wp\/v2\/media?parent=9513"}],"curies":[{"name":"wp","href":"https:\/\/api.w.org\/{rel}","templated":true}]}}