{"id":9530,"date":"2022-03-31T22:45:52","date_gmt":"2022-03-31T20:45:52","guid":{"rendered":"https:\/\/www.libellud.com\/?page_id=9530"},"modified":"2022-03-31T22:55:41","modified_gmt":"2022-03-31T20:55:41","slug":"stella-dixit-universe","status":"publish","type":"page","link":"https:\/\/www.libellud.com\/en\/our-games\/stella-dixit-universe\/","title":{"rendered":"Stella &#8211; Dixit Universe"},"content":{"rendered":"\n\n\t<p>Starseekers, the competition is about to begin!<\/p>\n<p>Travel the skies and produce sparks with the other players to gather the most light. Fame will come to the best ones only; will you dare to move away from the group and attempt to reach the brightest stars at the risk of getting lost in the darkness?<\/p>\n\t<p>Stella &#8211; Dixit Universe is a family game combining image interpretation and risk-taking within the fantastic universe of Dixit. Play with family or friends and try to collude with other players to win the game!<\/p>\n\t<strong>Designers : <\/strong>G\u00e9rald CATTIAUX &amp; Jean-Louis ROUBIRA<strong><br \/>\n<\/strong>\n<p><strong>Artists :<\/strong> J\u00e9r\u00f4me PELISSIER<\/p>\n<p><strong>Release : <\/strong>October 2021<\/p>\n\t\t\t\t<img loading=\"lazy\" decoding=\"async\" src=\"https:\/\/cdn.svc.asmodee.net\/production-libellud\/uploads\/2022\/02\/image2-300x44.png\" alt=\"image2\" itemprop=\"image\" height=\"44\" width=\"300\" title=\"image2\" onerror=\"this.style.display='none'\"  \/>\n\t\t\t\t<img loading=\"lazy\" decoding=\"async\" src=\"https:\/\/cdn.svc.asmodee.net\/production-libellud\/uploads\/2022\/03\/STELLA_box_R_FR_72dpi.png\" alt=\"STELLA_box_R_FR_72dpi\" itemprop=\"image\" height=\"1134\" width=\"1701\" title=\"STELLA_box_R_FR_72dpi\" onerror=\"this.style.display='none'\"  \/>\n\t<iframe loading=\"lazy\" title=\"STELLA - DIXIT UNIVERSE : Overview [EN]\" width=\"768\" height=\"432\" src=\"https:\/\/www.youtube.com\/embed\/UukVms2ksVI?feature=oembed\" frameborder=\"0\" allow=\"accelerometer; autoplay; clipboard-write; encrypted-media; gyroscope; picture-in-picture\" allowfullscreen><\/iframe>\n\t<strong>The game rules of STELLA &#8211; DIXIT UNIVERSE<br \/>\nin few steps<\/strong>\n\t\t\t<a href=\"https:\/\/cdn.svc.asmodee.net\/production-libellud\/uploads\/2022\/03\/STELLA_RULES_EN_LD.pdf\" target=\"_self\" role=\"button\" rel=\"noopener\">\n\t\t\t\t\t\t\tDownload Rules\n\t\t\t\t\t<\/a>\n\t\t\t\t<img loading=\"lazy\" decoding=\"async\" src=\"https:\/\/cdn.svc.asmodee.net\/production-libellud\/uploads\/2022\/03\/STELLA_step1_FR.png\" alt=\"STELLA_step1_FR\" itemprop=\"image\" height=\"2362\" width=\"3543\" title=\"STELLA_step1_FR\" onerror=\"this.style.display='none'\"  \/>\n\t<p>Each round, a word is given away. Among the unveiled pictures, secretly pick those which, to you, best match with this word.<\/p>\n<p>&nbsp;<\/p>\n\t\t\t\t<img loading=\"lazy\" decoding=\"async\" src=\"https:\/\/cdn.svc.asmodee.net\/production-libellud\/uploads\/2022\/03\/STELLA_step2_FR.png\" alt=\"STELLA_step2_FR\" itemprop=\"image\" height=\"2362\" width=\"3543\" title=\"STELLA_step2_FR\" onerror=\"this.style.display='none'\"  \/>\n\t<p>Dare multiplying associations! Be careful though: if you are alone in the lead, the risk of falling will increase&#8230;<\/p>\n\t\t\t\t<img loading=\"lazy\" decoding=\"async\" src=\"https:\/\/cdn.svc.asmodee.net\/production-libellud\/uploads\/2022\/03\/STELLA_step3.png\" alt=\"STELLA_step3\" itemprop=\"image\" height=\"1879\" width=\"2841\" title=\"STELLA_step3\" onerror=\"this.style.display='none'\"  \/>\n\t<p>Unveil your selection of cards in a strategic order: at least one other player must have picked the same card as yours to allow you to stay in the game and score points!<\/p>\n\t\t\t\t<img loading=\"lazy\" decoding=\"async\" src=\"https:\/\/cdn.svc.asmodee.net\/production-libellud\/uploads\/2022\/03\/STELLA_TOP_BOX_FR_72dpi.jpg\" alt=\"STELLA_TOP_BOX_FINAL.indd\" itemprop=\"image\" height=\"785\" width=\"785\" title=\"STELLA_TOP_BOX_FINAL.indd\" onerror=\"this.style.display='none'\"  \/>\n\t<p><strong>Expansions<\/strong><\/p>\n<p>Each Dixit expansion pack offers 84 new large size illustrated cards in a world of their own. Click on the expansions to discover the range of cards they include and to learn more about their illustrators. Use each expansion pack individually, or combine them for a different game experience each time. Dixit cards can be played with all of the games of the Dixit universe<\/p>\n\t\t\t<a href=\"https:\/\/www.libellud.com\/en\/our-games\/dixit-expansions\/\" target=\"_self\" role=\"button\" rel=\"noopener\">\n\t\t\t\t\t\t\tDiscover\n\t\t\t\t\t<\/a>\n\t<p>Resources<\/p>\n<p>Continue the Stella &#8211; Dixit Universe adventure with our downloadable contents including game rules, image banks, wallpapers, exclusive files and more, by clicking below:<\/p>\n<p>&nbsp;<\/p>\n\t\t\t\t<a href=\"https:\/\/cdn.svc.asmodee.net\/production-libellud\/uploads\/2022\/03\/STELLA_RULES_EN_LD.pdf\" target=\"_self\" itemprop=\"url\" rel=\"noopener\">\n\t\t\t\t<img loading=\"lazy\" decoding=\"async\" src=\"https:\/\/cdn.svc.asmodee.net\/production-libellud\/uploads\/2022\/03\/icones_regles-1-150x150.png\" alt=\"R\u00e8gles du jeu\" itemprop=\"image\" height=\"150\" width=\"150\" title=\"icones_regles\" onerror=\"this.style.display='none'\"  \/>\n\t\t\t\t<\/a>\n\t\tR\u00e8gles du jeu\n\t\t\t\t<a href=\"https:\/\/cdn.svc.asmodee.net\/production-libellud\/uploads\/2022\/03\/Banque-images-FR-STELLA-DIXIT-UNIVERSE.zip\" target=\"_self\" itemprop=\"url\" rel=\"noopener\">\n\t\t\t\t<img loading=\"lazy\" decoding=\"async\" src=\"https:\/\/cdn.svc.asmodee.net\/production-libellud\/uploads\/2022\/03\/icone_elementsjeu-1-150x150.png\" alt=\"Banque d'images\" itemprop=\"image\" height=\"150\" width=\"150\" title=\"icone_elementsjeu\" onerror=\"this.style.display='none'\"  \/>\n\t\t\t\t<\/a>\n\t\tBanque d&#8217;images\n\t\t\t<a href=\"https:\/\/www.libellud.com\/en\/resources\/stella-dixit-universe\/\" target=\"_self\" role=\"button\" rel=\"noopener\">\n\t\t\t\t\t\t\tAll Resources\n\t\t\t\t\t<\/a>\n\t<p>Find out more about Stella-Dixit Universe<\/p>\n<p>Feel free to check our latest articles about the Stella &#8211; Dixit Universe game!<\/p>\n<p>Interviews, exclusive news and contests regularly appear in our <a href=\"https:\/\/www.libellud.com\/en\/our-news\/\">News section!<\/a><\/p>\n<p>&nbsp;<\/p>\n\n","protected":false},"excerpt":{"rendered":"<p>Starseekers, the competition is about to begin! Travel the skies and produce sparks with the other players to gather the most light. Fame will come to the best ones only; will you dare to move away from the group and attempt to reach the brightest stars at the risk of getting lost in the darkness? [&hellip;]<\/p>\n","protected":false},"author":3,"featured_media":0,"parent":9610,"menu_order":0,"comment_status":"closed","ping_status":"closed","template":"","meta":{"_acf_changed":false,"footnotes":""},"class_list":["post-9530","page","type-page","status-publish","hentry"],"acf":[],"yoast_head":"<!-- This site is optimized with the Yoast SEO plugin v26.9 - https:\/\/yoast.com\/product\/yoast-seo-wordpress\/ -->\n<title>Stella - Dixit Universe - Libellud<\/title>\n<meta name=\"robots\" content=\"index, follow, max-snippet:-1, max-image-preview:large, max-video-preview:-1\" \/>\n<link rel=\"canonical\" href=\"https:\/\/www.libellud.com\/nos-jeux\/stella-dixit-universe\/\" \/>\n<meta property=\"og:locale\" content=\"en_US\" \/>\n<meta property=\"og:type\" content=\"article\" \/>\n<meta property=\"og:title\" content=\"Stella - Dixit Universe - Libellud\" \/>\n<meta property=\"og:description\" content=\"Starseekers, the competition is about to begin! Travel the skies and produce sparks with the other players to gather the most light. Fame will come to the best ones only; will you dare to move away from the group and attempt to reach the brightest stars at the risk of getting lost in the darkness? [&hellip;]\" \/>\n<meta property=\"og:url\" content=\"https:\/\/www.libellud.com\/nos-jeux\/stella-dixit-universe\/\" \/>\n<meta property=\"og:site_name\" content=\"Libellud\" \/>\n<meta property=\"article:modified_time\" content=\"2022-03-31T20:55:41+00:00\" \/>\n<meta property=\"og:image\" content=\"https:\/\/cdn.svc.asmodee.net\/production-libellud\/uploads\/2022\/02\/image2-300x44.png\" \/>\n<meta name=\"twitter:card\" content=\"summary_large_image\" \/>\n<meta name=\"twitter:label1\" content=\"Est. reading time\" \/>\n\t<meta name=\"twitter:data1\" content=\"2 minutes\" \/>\n<script type=\"application\/ld+json\" class=\"yoast-schema-graph\">{\"@context\":\"https:\/\/schema.org\",\"@graph\":[{\"@type\":\"WebPage\",\"@id\":\"https:\/\/www.libellud.com\/nos-jeux\/stella-dixit-universe\/\",\"url\":\"https:\/\/www.libellud.com\/nos-jeux\/stella-dixit-universe\/\",\"name\":\"Stella - Dixit Universe - Libellud\",\"isPartOf\":{\"@id\":\"https:\/\/www.libellud.com\/#website\"},\"primaryImageOfPage\":{\"@id\":\"https:\/\/www.libellud.com\/nos-jeux\/stella-dixit-universe\/#primaryimage\"},\"image\":{\"@id\":\"https:\/\/www.libellud.com\/nos-jeux\/stella-dixit-universe\/#primaryimage\"},\"thumbnailUrl\":\"https:\/\/cdn.svc.asmodee.net\/production-libellud\/uploads\/2022\/02\/image2-300x44.png\",\"datePublished\":\"2022-03-31T20:45:52+00:00\",\"dateModified\":\"2022-03-31T20:55:41+00:00\",\"breadcrumb\":{\"@id\":\"https:\/\/www.libellud.com\/nos-jeux\/stella-dixit-universe\/#breadcrumb\"},\"inLanguage\":\"en-US\",\"potentialAction\":[{\"@type\":\"ReadAction\",\"target\":[\"https:\/\/www.libellud.com\/nos-jeux\/stella-dixit-universe\/\"]}]},{\"@type\":\"ImageObject\",\"inLanguage\":\"en-US\",\"@id\":\"https:\/\/www.libellud.com\/nos-jeux\/stella-dixit-universe\/#primaryimage\",\"url\":\"https:\/\/cdn.svc.asmodee.net\/production-libellud\/uploads\/2022\/02\/image2-300x44.png\",\"contentUrl\":\"https:\/\/cdn.svc.asmodee.net\/production-libellud\/uploads\/2022\/02\/image2-300x44.png\"},{\"@type\":\"BreadcrumbList\",\"@id\":\"https:\/\/www.libellud.com\/nos-jeux\/stella-dixit-universe\/#breadcrumb\",\"itemListElement\":[{\"@type\":\"ListItem\",\"position\":1,\"name\":\"Home\",\"item\":\"https:\/\/www.libellud.com\/en\/\"},{\"@type\":\"ListItem\",\"position\":2,\"name\":\"Our Games\",\"item\":\"https:\/\/www.libellud.com\/en\/our-games\/\"},{\"@type\":\"ListItem\",\"position\":3,\"name\":\"Stella &#8211; Dixit Universe\"}]},{\"@type\":\"WebSite\",\"@id\":\"https:\/\/www.libellud.com\/#website\",\"url\":\"https:\/\/www.libellud.com\/\",\"name\":\"Libellud\",\"description\":\"\u00c9diteur de jeux de soci\u00e9t\u00e9 depuis 2008\",\"potentialAction\":[{\"@type\":\"SearchAction\",\"target\":{\"@type\":\"EntryPoint\",\"urlTemplate\":\"https:\/\/www.libellud.com\/?s={search_term_string}\"},\"query-input\":{\"@type\":\"PropertyValueSpecification\",\"valueRequired\":true,\"valueName\":\"search_term_string\"}}],\"inLanguage\":\"en-US\"}]}<\/script>\n<!-- \/ Yoast SEO plugin. -->","yoast_head_json":{"title":"Stella - Dixit Universe - Libellud","robots":{"index":"index","follow":"follow","max-snippet":"max-snippet:-1","max-image-preview":"max-image-preview:large","max-video-preview":"max-video-preview:-1"},"canonical":"https:\/\/www.libellud.com\/nos-jeux\/stella-dixit-universe\/","og_locale":"en_US","og_type":"article","og_title":"Stella - Dixit Universe - Libellud","og_description":"Starseekers, the competition is about to begin! Travel the skies and produce sparks with the other players to gather the most light. Fame will come to the best ones only; will you dare to move away from the group and attempt to reach the brightest stars at the risk of getting lost in the darkness? [&hellip;]","og_url":"https:\/\/www.libellud.com\/nos-jeux\/stella-dixit-universe\/","og_site_name":"Libellud","article_modified_time":"2022-03-31T20:55:41+00:00","og_image":[{"url":"https:\/\/cdn.svc.asmodee.net\/production-libellud\/uploads\/2022\/02\/image2-300x44.png","type":"","width":"","height":""}],"twitter_card":"summary_large_image","twitter_misc":{"Est. reading time":"2 minutes"},"schema":{"@context":"https:\/\/schema.org","@graph":[{"@type":"WebPage","@id":"https:\/\/www.libellud.com\/nos-jeux\/stella-dixit-universe\/","url":"https:\/\/www.libellud.com\/nos-jeux\/stella-dixit-universe\/","name":"Stella - Dixit Universe - Libellud","isPartOf":{"@id":"https:\/\/www.libellud.com\/#website"},"primaryImageOfPage":{"@id":"https:\/\/www.libellud.com\/nos-jeux\/stella-dixit-universe\/#primaryimage"},"image":{"@id":"https:\/\/www.libellud.com\/nos-jeux\/stella-dixit-universe\/#primaryimage"},"thumbnailUrl":"https:\/\/cdn.svc.asmodee.net\/production-libellud\/uploads\/2022\/02\/image2-300x44.png","datePublished":"2022-03-31T20:45:52+00:00","dateModified":"2022-03-31T20:55:41+00:00","breadcrumb":{"@id":"https:\/\/www.libellud.com\/nos-jeux\/stella-dixit-universe\/#breadcrumb"},"inLanguage":"en-US","potentialAction":[{"@type":"ReadAction","target":["https:\/\/www.libellud.com\/nos-jeux\/stella-dixit-universe\/"]}]},{"@type":"ImageObject","inLanguage":"en-US","@id":"https:\/\/www.libellud.com\/nos-jeux\/stella-dixit-universe\/#primaryimage","url":"https:\/\/cdn.svc.asmodee.net\/production-libellud\/uploads\/2022\/02\/image2-300x44.png","contentUrl":"https:\/\/cdn.svc.asmodee.net\/production-libellud\/uploads\/2022\/02\/image2-300x44.png"},{"@type":"BreadcrumbList","@id":"https:\/\/www.libellud.com\/nos-jeux\/stella-dixit-universe\/#breadcrumb","itemListElement":[{"@type":"ListItem","position":1,"name":"Home","item":"https:\/\/www.libellud.com\/en\/"},{"@type":"ListItem","position":2,"name":"Our Games","item":"https:\/\/www.libellud.com\/en\/our-games\/"},{"@type":"ListItem","position":3,"name":"Stella &#8211; Dixit Universe"}]},{"@type":"WebSite","@id":"https:\/\/www.libellud.com\/#website","url":"https:\/\/www.libellud.com\/","name":"Libellud","description":"\u00c9diteur de jeux de soci\u00e9t\u00e9 depuis 2008","potentialAction":[{"@type":"SearchAction","target":{"@type":"EntryPoint","urlTemplate":"https:\/\/www.libellud.com\/?s={search_term_string}"},"query-input":{"@type":"PropertyValueSpecification","valueRequired":true,"valueName":"search_term_string"}}],"inLanguage":"en-US"}]}},"_links":{"self":[{"href":"https:\/\/www.libellud.com\/en\/wp-json\/wp\/v2\/pages\/9530","targetHints":{"allow":["GET"]}}],"collection":[{"href":"https:\/\/www.libellud.com\/en\/wp-json\/wp\/v2\/pages"}],"about":[{"href":"https:\/\/www.libellud.com\/en\/wp-json\/wp\/v2\/types\/page"}],"author":[{"embeddable":true,"href":"https:\/\/www.libellud.com\/en\/wp-json\/wp\/v2\/users\/3"}],"replies":[{"embeddable":true,"href":"https:\/\/www.libellud.com\/en\/wp-json\/wp\/v2\/comments?post=9530"}],"version-history":[{"count":3,"href":"https:\/\/www.libellud.com\/en\/wp-json\/wp\/v2\/pages\/9530\/revisions"}],"predecessor-version":[{"id":9533,"href":"https:\/\/www.libellud.com\/en\/wp-json\/wp\/v2\/pages\/9530\/revisions\/9533"}],"up":[{"embeddable":true,"href":"https:\/\/www.libellud.com\/en\/wp-json\/wp\/v2\/pages\/9610"}],"wp:attachment":[{"href":"https:\/\/www.libellud.com\/en\/wp-json\/wp\/v2\/media?parent=9530"}],"curies":[{"name":"wp","href":"https:\/\/api.w.org\/{rel}","templated":true}]}}