{"id":9543,"date":"2022-03-31T23:06:05","date_gmt":"2022-03-31T21:06:05","guid":{"rendered":"https:\/\/www.libellud.com\/?page_id=9543"},"modified":"2022-04-04T21:54:14","modified_gmt":"2022-04-04T19:54:14","slug":"one-key","status":"publish","type":"page","link":"https:\/\/www.libellud.com\/en\/our-games\/one-key\/","title":{"rendered":"One Key"},"content":{"rendered":"\n\n\t<p>Find the key to solve the riddle!<\/p>\n<p><em>One key<\/em> is a<strong> light and smart game<\/strong> offering a <strong>gaming experience<\/strong> based on <strong>ideas association and deduction<\/strong>, with <strong>innovative material<\/strong> and <strong>splendid illustrations<\/strong>. A leader gives his teammates some clues to help them remove cards without getting rid of the key. This game will suit the whole<strong> family!<\/strong><\/p>\n<p>Will you manage to get back the key?<\/p>\n\t<p><strong>Designer:<\/strong> L&#8217;Atelier<\/p>\n<p><strong>Artists:<\/strong> Na\u00efade<\/p>\n<p><strong>Release: <\/strong>April 2019<\/p>\n\t\t\t\t<img loading=\"lazy\" decoding=\"async\" src=\"https:\/\/cdn.svc.asmodee.net\/production-libellud\/uploads\/2022\/03\/ONEKEY_INFOS_TECH_HORIZONTALES_WEBSITE.png\" alt=\"ONEKEY_INFOS_TECH_HORIZONTALES_WEBSITE\" itemprop=\"image\" height=\"122\" width=\"824\" title=\"ONEKEY_INFOS_TECH_HORIZONTALES_WEBSITE\" onerror=\"this.style.display='none'\"  \/>\n\t\t\t\t<img loading=\"lazy\" decoding=\"async\" src=\"https:\/\/cdn.svc.asmodee.net\/production-libellud\/uploads\/2022\/03\/A_ONE-KEY_box-R-2.png\" alt=\"A_ONE KEY_box R\" itemprop=\"image\" height=\"457\" width=\"425\" title=\"A_ONE KEY_box R\" onerror=\"this.style.display='none'\"  \/>\n\t<iframe loading=\"lazy\" title=\"One Key : l&#039;avis des joueurs !\" width=\"768\" height=\"432\" src=\"https:\/\/www.youtube.com\/embed\/090poFXisdg?feature=oembed\" frameborder=\"0\" allow=\"accelerometer; autoplay; clipboard-write; encrypted-media; gyroscope; picture-in-picture\" allowfullscreen><\/iframe>\n\t<p>Resources<\/p>\n<p>Continue the <em>One Key<\/em> adventure with our <strong>downloadable contents<\/strong> including <strong>game rules<\/strong>, <strong>image banks<\/strong>, wallpapers, exclusive files and more, by clicking below:<\/p>\n\t\t\t\t<a href=\"https:\/\/cdn.svc.asmodee.net\/production-libellud\/uploads\/2022\/03\/OK_RULES_EN_BD.pdf\" target=\"_self\" itemprop=\"url\" rel=\"noopener\">\n\t\t\t\t<img loading=\"lazy\" decoding=\"async\" src=\"https:\/\/cdn.svc.asmodee.net\/production-libellud\/uploads\/2022\/03\/icones_regles-2-150x150.png\" alt=\"R\u00e8gles du jeu\" itemprop=\"image\" height=\"150\" width=\"150\" title=\"icones_regles\" onerror=\"this.style.display='none'\"  \/>\n\t\t\t\t<\/a>\n\t\tR\u00e8gles du jeu\n\t\t\t\t<a href=\"https:\/\/cdn.svc.asmodee.net\/production-libellud\/uploads\/2022\/03\/Banque-images-OK-FR.zip\" target=\"_self\" itemprop=\"url\" rel=\"noopener\">\n\t\t\t\t<img loading=\"lazy\" decoding=\"async\" src=\"https:\/\/cdn.svc.asmodee.net\/production-libellud\/uploads\/2022\/03\/icone_elementsjeu-2-150x150.png\" alt=\"Banque d'images\" itemprop=\"image\" height=\"150\" width=\"150\" title=\"icone_elementsjeu\" onerror=\"this.style.display='none'\"  \/>\n\t\t\t\t<\/a>\n\t\tBanque d&#8217;images\n\t\t\t<a href=\"https:\/\/www.libellud.com\/en\/resources\/one-key\" target=\"_self\" role=\"button\" rel=\"noopener\">\n\t\t\t\t\t\t\tAll Resources\n\t\t\t\t\t<\/a>\n\n","protected":false},"excerpt":{"rendered":"<p>Find the key to solve the riddle! One key is a light and smart game offering a gaming experience based on ideas association and deduction, with innovative material and splendid illustrations. A leader gives his teammates some clues to help them remove cards without getting rid of the key. This game will suit the whole [&hellip;]<\/p>\n","protected":false},"author":3,"featured_media":0,"parent":9610,"menu_order":0,"comment_status":"closed","ping_status":"closed","template":"","meta":{"_acf_changed":false,"footnotes":""},"class_list":["post-9543","page","type-page","status-publish","hentry"],"acf":[],"yoast_head":"<!-- This site is optimized with the Yoast SEO plugin v26.9 - https:\/\/yoast.com\/product\/yoast-seo-wordpress\/ -->\n<title>One Key - Libellud<\/title>\n<meta name=\"robots\" content=\"index, follow, max-snippet:-1, max-image-preview:large, max-video-preview:-1\" \/>\n<link rel=\"canonical\" href=\"https:\/\/www.libellud.com\/nos-jeux\/one-key\/\" \/>\n<meta property=\"og:locale\" content=\"en_US\" \/>\n<meta property=\"og:type\" content=\"article\" \/>\n<meta property=\"og:title\" content=\"One Key - Libellud\" \/>\n<meta property=\"og:description\" content=\"Find the key to solve the riddle! One key is a light and smart game offering a gaming experience based on ideas association and deduction, with innovative material and splendid illustrations. A leader gives his teammates some clues to help them remove cards without getting rid of the key. This game will suit the whole [&hellip;]\" \/>\n<meta property=\"og:url\" content=\"https:\/\/www.libellud.com\/nos-jeux\/one-key\/\" \/>\n<meta property=\"og:site_name\" content=\"Libellud\" \/>\n<meta property=\"article:modified_time\" content=\"2022-04-04T19:54:14+00:00\" \/>\n<meta property=\"og:image\" content=\"https:\/\/cdn.svc.asmodee.net\/production-libellud\/uploads\/2022\/03\/ONEKEY_INFOS_TECH_HORIZONTALES_WEBSITE.png\" \/>\n<meta name=\"twitter:card\" content=\"summary_large_image\" \/>\n<meta name=\"twitter:label1\" content=\"Est. reading time\" \/>\n\t<meta name=\"twitter:data1\" content=\"1 minute\" \/>\n<script type=\"application\/ld+json\" class=\"yoast-schema-graph\">{\"@context\":\"https:\/\/schema.org\",\"@graph\":[{\"@type\":\"WebPage\",\"@id\":\"https:\/\/www.libellud.com\/nos-jeux\/one-key\/\",\"url\":\"https:\/\/www.libellud.com\/nos-jeux\/one-key\/\",\"name\":\"One Key - Libellud\",\"isPartOf\":{\"@id\":\"https:\/\/www.libellud.com\/#website\"},\"primaryImageOfPage\":{\"@id\":\"https:\/\/www.libellud.com\/nos-jeux\/one-key\/#primaryimage\"},\"image\":{\"@id\":\"https:\/\/www.libellud.com\/nos-jeux\/one-key\/#primaryimage\"},\"thumbnailUrl\":\"https:\/\/cdn.svc.asmodee.net\/production-libellud\/uploads\/2022\/03\/ONEKEY_INFOS_TECH_HORIZONTALES_WEBSITE.png\",\"datePublished\":\"2022-03-31T21:06:05+00:00\",\"dateModified\":\"2022-04-04T19:54:14+00:00\",\"breadcrumb\":{\"@id\":\"https:\/\/www.libellud.com\/nos-jeux\/one-key\/#breadcrumb\"},\"inLanguage\":\"en-US\",\"potentialAction\":[{\"@type\":\"ReadAction\",\"target\":[\"https:\/\/www.libellud.com\/nos-jeux\/one-key\/\"]}]},{\"@type\":\"ImageObject\",\"inLanguage\":\"en-US\",\"@id\":\"https:\/\/www.libellud.com\/nos-jeux\/one-key\/#primaryimage\",\"url\":\"https:\/\/cdn.svc.asmodee.net\/production-libellud\/uploads\/2022\/03\/ONEKEY_INFOS_TECH_HORIZONTALES_WEBSITE.png\",\"contentUrl\":\"https:\/\/cdn.svc.asmodee.net\/production-libellud\/uploads\/2022\/03\/ONEKEY_INFOS_TECH_HORIZONTALES_WEBSITE.png\"},{\"@type\":\"BreadcrumbList\",\"@id\":\"https:\/\/www.libellud.com\/nos-jeux\/one-key\/#breadcrumb\",\"itemListElement\":[{\"@type\":\"ListItem\",\"position\":1,\"name\":\"Home\",\"item\":\"https:\/\/www.libellud.com\/en\/\"},{\"@type\":\"ListItem\",\"position\":2,\"name\":\"Our Games\",\"item\":\"https:\/\/www.libellud.com\/en\/our-games\/\"},{\"@type\":\"ListItem\",\"position\":3,\"name\":\"One Key\"}]},{\"@type\":\"WebSite\",\"@id\":\"https:\/\/www.libellud.com\/#website\",\"url\":\"https:\/\/www.libellud.com\/\",\"name\":\"Libellud\",\"description\":\"\u00c9diteur de jeux de soci\u00e9t\u00e9 depuis 2008\",\"potentialAction\":[{\"@type\":\"SearchAction\",\"target\":{\"@type\":\"EntryPoint\",\"urlTemplate\":\"https:\/\/www.libellud.com\/?s={search_term_string}\"},\"query-input\":{\"@type\":\"PropertyValueSpecification\",\"valueRequired\":true,\"valueName\":\"search_term_string\"}}],\"inLanguage\":\"en-US\"}]}<\/script>\n<!-- \/ Yoast SEO plugin. -->","yoast_head_json":{"title":"One Key - Libellud","robots":{"index":"index","follow":"follow","max-snippet":"max-snippet:-1","max-image-preview":"max-image-preview:large","max-video-preview":"max-video-preview:-1"},"canonical":"https:\/\/www.libellud.com\/nos-jeux\/one-key\/","og_locale":"en_US","og_type":"article","og_title":"One Key - Libellud","og_description":"Find the key to solve the riddle! One key is a light and smart game offering a gaming experience based on ideas association and deduction, with innovative material and splendid illustrations. A leader gives his teammates some clues to help them remove cards without getting rid of the key. This game will suit the whole [&hellip;]","og_url":"https:\/\/www.libellud.com\/nos-jeux\/one-key\/","og_site_name":"Libellud","article_modified_time":"2022-04-04T19:54:14+00:00","og_image":[{"url":"https:\/\/cdn.svc.asmodee.net\/production-libellud\/uploads\/2022\/03\/ONEKEY_INFOS_TECH_HORIZONTALES_WEBSITE.png","type":"","width":"","height":""}],"twitter_card":"summary_large_image","twitter_misc":{"Est. reading time":"1 minute"},"schema":{"@context":"https:\/\/schema.org","@graph":[{"@type":"WebPage","@id":"https:\/\/www.libellud.com\/nos-jeux\/one-key\/","url":"https:\/\/www.libellud.com\/nos-jeux\/one-key\/","name":"One Key - Libellud","isPartOf":{"@id":"https:\/\/www.libellud.com\/#website"},"primaryImageOfPage":{"@id":"https:\/\/www.libellud.com\/nos-jeux\/one-key\/#primaryimage"},"image":{"@id":"https:\/\/www.libellud.com\/nos-jeux\/one-key\/#primaryimage"},"thumbnailUrl":"https:\/\/cdn.svc.asmodee.net\/production-libellud\/uploads\/2022\/03\/ONEKEY_INFOS_TECH_HORIZONTALES_WEBSITE.png","datePublished":"2022-03-31T21:06:05+00:00","dateModified":"2022-04-04T19:54:14+00:00","breadcrumb":{"@id":"https:\/\/www.libellud.com\/nos-jeux\/one-key\/#breadcrumb"},"inLanguage":"en-US","potentialAction":[{"@type":"ReadAction","target":["https:\/\/www.libellud.com\/nos-jeux\/one-key\/"]}]},{"@type":"ImageObject","inLanguage":"en-US","@id":"https:\/\/www.libellud.com\/nos-jeux\/one-key\/#primaryimage","url":"https:\/\/cdn.svc.asmodee.net\/production-libellud\/uploads\/2022\/03\/ONEKEY_INFOS_TECH_HORIZONTALES_WEBSITE.png","contentUrl":"https:\/\/cdn.svc.asmodee.net\/production-libellud\/uploads\/2022\/03\/ONEKEY_INFOS_TECH_HORIZONTALES_WEBSITE.png"},{"@type":"BreadcrumbList","@id":"https:\/\/www.libellud.com\/nos-jeux\/one-key\/#breadcrumb","itemListElement":[{"@type":"ListItem","position":1,"name":"Home","item":"https:\/\/www.libellud.com\/en\/"},{"@type":"ListItem","position":2,"name":"Our Games","item":"https:\/\/www.libellud.com\/en\/our-games\/"},{"@type":"ListItem","position":3,"name":"One Key"}]},{"@type":"WebSite","@id":"https:\/\/www.libellud.com\/#website","url":"https:\/\/www.libellud.com\/","name":"Libellud","description":"\u00c9diteur de jeux de soci\u00e9t\u00e9 depuis 2008","potentialAction":[{"@type":"SearchAction","target":{"@type":"EntryPoint","urlTemplate":"https:\/\/www.libellud.com\/?s={search_term_string}"},"query-input":{"@type":"PropertyValueSpecification","valueRequired":true,"valueName":"search_term_string"}}],"inLanguage":"en-US"}]}},"_links":{"self":[{"href":"https:\/\/www.libellud.com\/en\/wp-json\/wp\/v2\/pages\/9543","targetHints":{"allow":["GET"]}}],"collection":[{"href":"https:\/\/www.libellud.com\/en\/wp-json\/wp\/v2\/pages"}],"about":[{"href":"https:\/\/www.libellud.com\/en\/wp-json\/wp\/v2\/types\/page"}],"author":[{"embeddable":true,"href":"https:\/\/www.libellud.com\/en\/wp-json\/wp\/v2\/users\/3"}],"replies":[{"embeddable":true,"href":"https:\/\/www.libellud.com\/en\/wp-json\/wp\/v2\/comments?post=9543"}],"version-history":[{"count":4,"href":"https:\/\/www.libellud.com\/en\/wp-json\/wp\/v2\/pages\/9543\/revisions"}],"predecessor-version":[{"id":9697,"href":"https:\/\/www.libellud.com\/en\/wp-json\/wp\/v2\/pages\/9543\/revisions\/9697"}],"up":[{"embeddable":true,"href":"https:\/\/www.libellud.com\/en\/wp-json\/wp\/v2\/pages\/9610"}],"wp:attachment":[{"href":"https:\/\/www.libellud.com\/en\/wp-json\/wp\/v2\/media?parent=9543"}],"curies":[{"name":"wp","href":"https:\/\/api.w.org\/{rel}","templated":true}]}}