{"id":9547,"date":"2022-03-31T23:11:32","date_gmt":"2022-03-31T21:11:32","guid":{"rendered":"https:\/\/www.libellud.com\/?page_id=9547"},"modified":"2025-05-14T14:58:30","modified_gmt":"2025-05-14T12:58:30","slug":"dixit","status":"publish","type":"page","link":"https:\/\/www.libellud.com\/en\/resources\/dixit\/","title":{"rendered":"Dixit Resources"},"content":{"rendered":"\n\n\tImage Bank<br \/>\n\n<p>Download the game&#8217;s visuals such as the box, cover, logo, back of boxes as well as various pre-selected elements to illustrate your items.<\/p>\n\t\t\t<a href=\"https:\/\/cdn.svc.asmodee.net\/production-libellud\/uploads\/2022\/03\/Banque-dimages-DIXIT-FR.zip\" download target=\"_self\" rel=\"noopener\">\n\t\t\t\t\t\t\tDownload\n\t\t\t\t\t<\/a>\n\t<p>English Rules<\/p>\n<p>Download the Rules of the Game booklet in PDF format.<\/p>\n\t\t\t<a href=\"https:\/\/cdn.svc.asmodee.net\/production-libellud\/uploads\/2022\/03\/DIXIT_REFRESH_RULES_US-UK-AU_BD.pdf\" target=\"_blank\" rel=\"noopener\">\n\t\t\t\t\t\t\tDownload rules\n\t\t\t\t\t<\/a>\n\t\t\t\t\t<a href=\"#\" id=\"fl-accordion--label-0\" tabindex=\"0\" aria-controls=\"fl-accordion--panel-0\">Rules <\/a>\n\t\t\t\t\t\t\t\t\t\t\t<a href=\"#\" id=\"fl-accordion--icon-0\" tabindex=\"-1\"><i>Expand<\/i><\/a>\n\t\t\t\t\t<a href=\"#\" id=\"fl-accordion--label-0\" tabindex=\"0\" aria-controls=\"fl-accordion--panel-0\">Image bank &#8211; Expansions<\/a>\n\t\t\t\t\t\t\t\t\t\t\t<a href=\"#\" id=\"fl-accordion--icon-0\" tabindex=\"-1\"><i>Expand<\/i><\/a>\n\t\t\t\t\t<p><a href=\"https:\/\/cdn.svc.asmodee.net\/production-libellud\/uploads\/2022\/03\/Banque-images-Odyssey.zip\">Odyssey<\/a><\/p>\n<p><a href=\"https:\/\/cdn.svc.asmodee.net\/production-libellud\/uploads\/2022\/03\/Banque-images-Dixit-Quest.zip\">Quest<\/a><\/p>\n<p><a href=\"https:\/\/cdn.svc.asmodee.net\/production-libellud\/uploads\/2022\/03\/Banque-images-journey.zip\">Journey<\/a><\/p>\n<p><a href=\"https:\/\/cdn.svc.asmodee.net\/production-libellud\/uploads\/2022\/03\/Banque-images-origins.zip\">Origins<\/a><\/p>\n<p><a href=\"https:\/\/cdn.svc.asmodee.net\/production-libellud\/uploads\/2022\/03\/Banque-images-daydreams.zip\">Daydreams<\/a><\/p>\n<p><a href=\"https:\/\/cdn.svc.asmodee.net\/production-libellud\/uploads\/2022\/03\/Banque-images-memories.zip\">Memories<\/a><\/p>\n<p><a href=\"https:\/\/cdn.svc.asmodee.net\/production-libellud\/uploads\/2022\/03\/Banque-images-revelations.zip\">Revelations<\/a><\/p>\n<p><a href=\"https:\/\/cdn.svc.asmodee.net\/production-libellud\/uploads\/2022\/03\/Banque-images-Harmonies.zip\">Harmonies<\/a><\/p>\n<p><a href=\"https:\/\/cdn.svc.asmodee.net\/production-libellud\/uploads\/2022\/03\/Banque-images-Anniversary.zip\">Anniversary<\/a><\/p>\n<p><a href=\"https:\/\/cdn.svc.asmodee.net\/production-libellud\/uploads\/2022\/03\/banque-images-dixit-mirrors.zip\">Mirrors<\/a><\/p>\n\t\t\t\t\t<a href=\"#\" id=\"fl-accordion--label-0\" tabindex=\"0\" aria-controls=\"fl-accordion--panel-0\">Cards overviews<\/a>\n\t\t\t\t\t\t\t\t\t\t\t<a href=\"#\" id=\"fl-accordion--icon-0\" tabindex=\"-1\"><i>Expand<\/i><\/a>\n\t\t\t\t\t<p><a href=\"https:\/\/cdn.svc.asmodee.net\/production-libellud\/uploads\/2022\/03\/DIXIT_OVERVIEW.pdf\">Dixit<\/a><\/p>\n<p><a href=\"https:\/\/cdn.svc.asmodee.net\/production-libellud\/uploads\/2022\/03\/OVERVIEW_DIXIT_ODYSSEY.pdf\">Odyssey<\/a><\/p>\n<p><a href=\"https:\/\/cdn.svc.asmodee.net\/production-libellud\/uploads\/2022\/03\/DIXIT_2_OVERVIEW.pdf\">Quest<\/a><\/p>\n<p><a href=\"https:\/\/cdn.svc.asmodee.net\/production-libellud\/uploads\/2022\/03\/DIXIT_3_OVERVIEW.pdf\">Journey<\/a><\/p>\n<p><a href=\"https:\/\/cdn.svc.asmodee.net\/production-libellud\/uploads\/2022\/03\/DIXIT_4_OVERVIEW.pdf\">Origins<\/a><\/p>\n<p><a href=\"https:\/\/cdn.svc.asmodee.net\/production-libellud\/uploads\/2022\/03\/DIXIT_5_OVERVIEW.pdf\">Daydreams<\/a><\/p>\n<p><a href=\"https:\/\/cdn.svc.asmodee.net\/production-libellud\/uploads\/2022\/03\/DIXIT_6_OVERVIEW.pdf\">Memories<\/a><\/p>\n<p><a href=\"https:\/\/cdn.svc.asmodee.net\/production-libellud\/uploads\/2022\/03\/DIXIT_7_OVERVIEW.pdf\">Revelations<\/a><\/p>\n<p><a href=\"https:\/\/cdn.svc.asmodee.net\/production-libellud\/uploads\/2022\/03\/DIXIT_8_OVERVIEW.pdf\">Harmonies<\/a><\/p>\n<p><a href=\"https:\/\/cdn.svc.asmodee.net\/production-libellud\/uploads\/2022\/03\/DIXIT_9_OVERVIEW.pdf\">Anniversary<\/a><\/p>\n<p><a href=\"https:\/\/cdn.svc.asmodee.net\/production-libellud\/uploads\/2022\/03\/DIXIT_10_OVERVIEW.pdf\">Mirrors<\/a><\/p>\n<p>&nbsp;<\/p>\n<p>&nbsp;<\/p>\n<p>&nbsp;<\/p>\n\t\t\t\t\t<a href=\"#\" id=\"fl-accordion--label-0\" tabindex=\"0\" aria-controls=\"fl-accordion--panel-0\">Other Resources<\/a>\n\t\t\t\t\t\t\t\t\t\t\t<a href=\"#\" id=\"fl-accordion--icon-0\" tabindex=\"-1\"><i>Expand<\/i><\/a>\n\t\t\t\t\t<p><a href=\"https:\/\/cdn.svc.asmodee.net\/production-libellud\/uploads\/2022\/03\/Livret-des-recits_V3_BD.pdf\">Stories Dixit Anniversary<\/a><\/p>\n<p><a href=\"https:\/\/cdn.svc.asmodee.net\/production-libellud\/uploads\/2022\/03\/Dixit_Anniversary_wallpaper_smartphone.zip\">Wallpaper Smartphone Anniversary<\/a><\/p>\n<p><a href=\"https:\/\/cdn.svc.asmodee.net\/production-libellud\/uploads\/2022\/03\/DIXIT-MIRRORS_wallpaper_DESKTOP_1920X1080.jpg\">Wallpaper Computer Mirrors <\/a><\/p>\n<p><a href=\"https:\/\/cdn.svc.asmodee.net\/production-libellud\/uploads\/2022\/03\/DIXIT-MIRRORS_wallpaper_DESKTOP_2_1920X1080.jpg\">Wallpaper Computer Mirrors (logo center)<\/a><\/p>\n<p><a href=\"#\">Wallpaper Smartphone Mirrors<\/a><\/p>\n\n","protected":false},"excerpt":{"rendered":"<p>Image Bank Download the game&#8217;s visuals such as the box, cover, logo, back of boxes as well as various pre-selected elements to illustrate your items. Download English Rules Download the Rules of the Game booklet in PDF format. Download rules Rules Expand Image bank &#8211; Expansions Expand Odyssey Quest Journey Origins Daydreams Memories Revelations Harmonies [&hellip;]<\/p>\n","protected":false},"author":3,"featured_media":0,"parent":9615,"menu_order":0,"comment_status":"closed","ping_status":"closed","template":"","meta":{"_acf_changed":false,"footnotes":""},"class_list":["post-9547","page","type-page","status-publish","hentry"],"acf":[],"yoast_head":"<!-- This site is optimized with the Yoast SEO plugin v26.9 - https:\/\/yoast.com\/product\/yoast-seo-wordpress\/ -->\n<title>Dixit Resources - Libellud<\/title>\n<meta name=\"robots\" content=\"index, follow, max-snippet:-1, max-image-preview:large, max-video-preview:-1\" \/>\n<link rel=\"canonical\" href=\"https:\/\/www.libellud.com\/en\/resources\/dixit\/\" \/>\n<meta property=\"og:locale\" content=\"en_US\" \/>\n<meta property=\"og:type\" content=\"article\" \/>\n<meta property=\"og:title\" content=\"Dixit Resources - Libellud\" \/>\n<meta property=\"og:description\" content=\"Image Bank Download the game&#8217;s visuals such as the box, cover, logo, back of boxes as well as various pre-selected elements to illustrate your items. Download English Rules Download the Rules of the Game booklet in PDF format. Download rules Rules Expand Image bank &#8211; Expansions Expand Odyssey Quest Journey Origins Daydreams Memories Revelations Harmonies [&hellip;]\" \/>\n<meta property=\"og:url\" content=\"https:\/\/www.libellud.com\/en\/resources\/dixit\/\" \/>\n<meta property=\"og:site_name\" content=\"Libellud\" \/>\n<meta property=\"article:modified_time\" content=\"2025-05-14T12:58:30+00:00\" \/>\n<meta name=\"twitter:card\" content=\"summary_large_image\" \/>\n<script type=\"application\/ld+json\" class=\"yoast-schema-graph\">{\"@context\":\"https:\/\/schema.org\",\"@graph\":[{\"@type\":\"WebPage\",\"@id\":\"https:\/\/www.libellud.com\/en\/resources\/dixit\/\",\"url\":\"https:\/\/www.libellud.com\/en\/resources\/dixit\/\",\"name\":\"Dixit Resources - Libellud\",\"isPartOf\":{\"@id\":\"https:\/\/www.libellud.com\/#website\"},\"datePublished\":\"2022-03-31T21:11:32+00:00\",\"dateModified\":\"2025-05-14T12:58:30+00:00\",\"breadcrumb\":{\"@id\":\"https:\/\/www.libellud.com\/en\/resources\/dixit\/#breadcrumb\"},\"inLanguage\":\"en-US\",\"potentialAction\":[{\"@type\":\"ReadAction\",\"target\":[\"https:\/\/www.libellud.com\/en\/resources\/dixit\/\"]}]},{\"@type\":\"BreadcrumbList\",\"@id\":\"https:\/\/www.libellud.com\/en\/resources\/dixit\/#breadcrumb\",\"itemListElement\":[{\"@type\":\"ListItem\",\"position\":1,\"name\":\"Home\",\"item\":\"https:\/\/www.libellud.com\/en\/\"},{\"@type\":\"ListItem\",\"position\":2,\"name\":\"Resources\",\"item\":\"https:\/\/www.libellud.com\/en\/resources\/\"},{\"@type\":\"ListItem\",\"position\":3,\"name\":\"Dixit Resources\"}]},{\"@type\":\"WebSite\",\"@id\":\"https:\/\/www.libellud.com\/#website\",\"url\":\"https:\/\/www.libellud.com\/\",\"name\":\"Libellud\",\"description\":\"\u00c9diteur de jeux de soci\u00e9t\u00e9 depuis 2008\",\"potentialAction\":[{\"@type\":\"SearchAction\",\"target\":{\"@type\":\"EntryPoint\",\"urlTemplate\":\"https:\/\/www.libellud.com\/?s={search_term_string}\"},\"query-input\":{\"@type\":\"PropertyValueSpecification\",\"valueRequired\":true,\"valueName\":\"search_term_string\"}}],\"inLanguage\":\"en-US\"}]}<\/script>\n<!-- \/ Yoast SEO plugin. -->","yoast_head_json":{"title":"Dixit Resources - Libellud","robots":{"index":"index","follow":"follow","max-snippet":"max-snippet:-1","max-image-preview":"max-image-preview:large","max-video-preview":"max-video-preview:-1"},"canonical":"https:\/\/www.libellud.com\/en\/resources\/dixit\/","og_locale":"en_US","og_type":"article","og_title":"Dixit Resources - Libellud","og_description":"Image Bank Download the game&#8217;s visuals such as the box, cover, logo, back of boxes as well as various pre-selected elements to illustrate your items. Download English Rules Download the Rules of the Game booklet in PDF format. Download rules Rules Expand Image bank &#8211; Expansions Expand Odyssey Quest Journey Origins Daydreams Memories Revelations Harmonies [&hellip;]","og_url":"https:\/\/www.libellud.com\/en\/resources\/dixit\/","og_site_name":"Libellud","article_modified_time":"2025-05-14T12:58:30+00:00","twitter_card":"summary_large_image","schema":{"@context":"https:\/\/schema.org","@graph":[{"@type":"WebPage","@id":"https:\/\/www.libellud.com\/en\/resources\/dixit\/","url":"https:\/\/www.libellud.com\/en\/resources\/dixit\/","name":"Dixit Resources - Libellud","isPartOf":{"@id":"https:\/\/www.libellud.com\/#website"},"datePublished":"2022-03-31T21:11:32+00:00","dateModified":"2025-05-14T12:58:30+00:00","breadcrumb":{"@id":"https:\/\/www.libellud.com\/en\/resources\/dixit\/#breadcrumb"},"inLanguage":"en-US","potentialAction":[{"@type":"ReadAction","target":["https:\/\/www.libellud.com\/en\/resources\/dixit\/"]}]},{"@type":"BreadcrumbList","@id":"https:\/\/www.libellud.com\/en\/resources\/dixit\/#breadcrumb","itemListElement":[{"@type":"ListItem","position":1,"name":"Home","item":"https:\/\/www.libellud.com\/en\/"},{"@type":"ListItem","position":2,"name":"Resources","item":"https:\/\/www.libellud.com\/en\/resources\/"},{"@type":"ListItem","position":3,"name":"Dixit Resources"}]},{"@type":"WebSite","@id":"https:\/\/www.libellud.com\/#website","url":"https:\/\/www.libellud.com\/","name":"Libellud","description":"\u00c9diteur de jeux de soci\u00e9t\u00e9 depuis 2008","potentialAction":[{"@type":"SearchAction","target":{"@type":"EntryPoint","urlTemplate":"https:\/\/www.libellud.com\/?s={search_term_string}"},"query-input":{"@type":"PropertyValueSpecification","valueRequired":true,"valueName":"search_term_string"}}],"inLanguage":"en-US"}]}},"_links":{"self":[{"href":"https:\/\/www.libellud.com\/en\/wp-json\/wp\/v2\/pages\/9547","targetHints":{"allow":["GET"]}}],"collection":[{"href":"https:\/\/www.libellud.com\/en\/wp-json\/wp\/v2\/pages"}],"about":[{"href":"https:\/\/www.libellud.com\/en\/wp-json\/wp\/v2\/types\/page"}],"author":[{"embeddable":true,"href":"https:\/\/www.libellud.com\/en\/wp-json\/wp\/v2\/users\/3"}],"replies":[{"embeddable":true,"href":"https:\/\/www.libellud.com\/en\/wp-json\/wp\/v2\/comments?post=9547"}],"version-history":[{"count":6,"href":"https:\/\/www.libellud.com\/en\/wp-json\/wp\/v2\/pages\/9547\/revisions"}],"predecessor-version":[{"id":12874,"href":"https:\/\/www.libellud.com\/en\/wp-json\/wp\/v2\/pages\/9547\/revisions\/12874"}],"up":[{"embeddable":true,"href":"https:\/\/www.libellud.com\/en\/wp-json\/wp\/v2\/pages\/9615"}],"wp:attachment":[{"href":"https:\/\/www.libellud.com\/en\/wp-json\/wp\/v2\/media?parent=9547"}],"curies":[{"name":"wp","href":"https:\/\/api.w.org\/{rel}","templated":true}]}}