{"id":9555,"date":"2022-03-31T23:22:59","date_gmt":"2022-03-31T21:22:59","guid":{"rendered":"https:\/\/www.libellud.com\/?page_id=9555"},"modified":"2022-06-02T16:22:43","modified_gmt":"2022-06-02T14:22:43","slug":"mysterium-park","status":"publish","type":"page","link":"https:\/\/www.libellud.com\/en\/resources\/mysterium-park\/","title":{"rendered":"Mysterium Park Resources"},"content":{"rendered":"\n\n\tImages Bank<br \/>\n\n<p>Download the game&#8217;s visuals such as the box, cover, logo, back of boxes as well as various pre-selected elements to illustrate your items.<\/p>\n\t\t\t<a href=\"https:\/\/cdn.svc.asmodee.net\/production-libellud\/uploads\/2022\/03\/Mysterium-park-banque-dimages-1.zip\" download target=\"_self\" role=\"button\" rel=\"noopener\">\n\t\t\t\t\t\t\tDownload\n\t\t\t\t\t<\/a>\n\t<p>R\u00e8gles du jeu<\/p>\n<p>T\u00e9l\u00e9chargez le livret des r\u00e8gles du jeu au format PDF.<\/p>\n\t\t\t<a href=\"https:\/\/cdn.svc.asmodee.net\/production-libellud\/uploads\/2022\/03\/MYST_RULES_EN_BD.pdf\" target=\"_blank\" role=\"button\" rel=\"noopener\">\n\t\t\t\t\t\t\tT\u00e9l\u00e9charger\n\t\t\t\t\t<\/a>\n\t\t\t<a href=\"#\" id=\"fl-accordion--label-0\" tabindex=\"0\" aria-controls=\"fl-accordion--panel-0\">Cards overview<\/a>\n\t\t\t\t\t\t\t<a href=\"#\" id=\"fl-accordion--icon-0\" tabindex=\"0\" aria-controls=\"fl-accordion--panel-0\"><i>Expand<\/i><\/a>\n\t\t<p><a href=\"https:\/\/cdn.svc.asmodee.net\/production-libellud\/uploads\/2022\/03\/MYSTPARK_OVERVIEW.pdf\">Mysterium Park<\/a><\/p>\n<p>&nbsp;<\/p>\n<p>&nbsp;<\/p>\n<p>&nbsp;<\/p>\n\t\t\t<a href=\"#\" id=\"fl-accordion--label-0\" tabindex=\"0\" aria-controls=\"fl-accordion--panel-0\">Smartphone Wallpapers<\/a>\n\t\t\t\t\t\t\t<a href=\"#\" id=\"fl-accordion--icon-0\" tabindex=\"0\" aria-controls=\"fl-accordion--panel-0\"><i>Expand<\/i><\/a>\n\t\t<p><a href=\"https:\/\/cdn.svc.asmodee.net\/production-libellud\/uploads\/2022\/03\/WALLPAPER-MYSTERIUM-PARK-PHONE.zip\">Smartphone wallpaper 1<\/a><\/p>\n<p>&nbsp;<\/p>\n\t\t\t<a href=\"#\" id=\"fl-accordion--label-0\" tabindex=\"0\" aria-controls=\"fl-accordion--panel-0\">Other<\/a>\n\t\t\t\t\t\t\t<a href=\"#\" id=\"fl-accordion--icon-0\" tabindex=\"0\" aria-controls=\"fl-accordion--panel-0\"><i>Expand<\/i><\/a>\n\t\t<p><a href=\"https:\/\/cdn.svc.asmodee.net\/production-libellud\/uploads\/2022\/06\/MYSTERIUM-PARK_TABLECLOATH_2021_1600x1100.pdf\">Tablecloth 1600\/1100mm<\/a><\/p>\n<p><a href=\"https:\/\/cdn.svc.asmodee.net\/production-libellud\/uploads\/2022\/06\/MYSTERIUM-PARK_TABLECLOATH_2021_2200x1100.pdf\">Tablecloth 2200\/1100mm<\/a><\/p>\n<p>&nbsp;<\/p>\n\t\t\t<a href=\"#\" id=\"fl-accordion--label-0\" tabindex=\"0\" aria-controls=\"fl-accordion--panel-0\">Computer Wallpaper<\/a>\n\t\t\t\t\t\t\t<a href=\"#\" id=\"fl-accordion--icon-0\" tabindex=\"0\" aria-controls=\"fl-accordion--panel-0\"><i>Expand<\/i><\/a>\n\t\t<p><a href=\"https:\/\/cdn.svc.asmodee.net\/production-libellud\/uploads\/2022\/03\/MYST-PARK_wallpaper_DESKTOP_centre_1920X1080.png\">Big Wheel Logo Center<\/a><\/p>\n<p><a href=\"https:\/\/cdn.svc.asmodee.net\/production-libellud\/uploads\/2022\/03\/MYST-PARK_wallpaper_DESKTOP_droit_1920X1080.jpg\">Big Wheel Logo Right<\/a><\/p>\n\n","protected":false},"excerpt":{"rendered":"<p>Images Bank Download the game&#8217;s visuals such as the box, cover, logo, back of boxes as well as various pre-selected elements to illustrate your items. Download R\u00e8gles du jeu T\u00e9l\u00e9chargez le livret des r\u00e8gles du jeu au format PDF. T\u00e9l\u00e9charger Cards overview Expand Mysterium Park &nbsp; &nbsp; &nbsp; Smartphone Wallpapers Expand Smartphone wallpaper 1 &nbsp; [&hellip;]<\/p>\n","protected":false},"author":3,"featured_media":0,"parent":9615,"menu_order":0,"comment_status":"closed","ping_status":"closed","template":"","meta":{"_acf_changed":false,"footnotes":""},"class_list":["post-9555","page","type-page","status-publish","hentry"],"acf":[],"yoast_head":"<!-- This site is optimized with the Yoast SEO plugin v26.9 - https:\/\/yoast.com\/product\/yoast-seo-wordpress\/ -->\n<title>Mysterium Park Resources - Libellud<\/title>\n<meta name=\"robots\" content=\"index, follow, max-snippet:-1, max-image-preview:large, max-video-preview:-1\" \/>\n<link rel=\"canonical\" href=\"https:\/\/www.libellud.com\/ressources\/mysteriumpark\/\" \/>\n<meta property=\"og:locale\" content=\"en_US\" \/>\n<meta property=\"og:type\" content=\"article\" \/>\n<meta property=\"og:title\" content=\"Mysterium Park Resources - Libellud\" \/>\n<meta property=\"og:description\" content=\"Images Bank Download the game&#8217;s visuals such as the box, cover, logo, back of boxes as well as various pre-selected elements to illustrate your items. Download R\u00e8gles du jeu T\u00e9l\u00e9chargez le livret des r\u00e8gles du jeu au format PDF. T\u00e9l\u00e9charger Cards overview Expand Mysterium Park &nbsp; &nbsp; &nbsp; Smartphone Wallpapers Expand Smartphone wallpaper 1 &nbsp; [&hellip;]\" \/>\n<meta property=\"og:url\" content=\"https:\/\/www.libellud.com\/ressources\/mysteriumpark\/\" \/>\n<meta property=\"og:site_name\" content=\"Libellud\" \/>\n<meta property=\"article:modified_time\" content=\"2022-06-02T14:22:43+00:00\" \/>\n<meta name=\"twitter:card\" content=\"summary_large_image\" \/>\n<script type=\"application\/ld+json\" class=\"yoast-schema-graph\">{\"@context\":\"https:\/\/schema.org\",\"@graph\":[{\"@type\":\"WebPage\",\"@id\":\"https:\/\/www.libellud.com\/ressources\/mysteriumpark\/\",\"url\":\"https:\/\/www.libellud.com\/ressources\/mysteriumpark\/\",\"name\":\"Mysterium Park Resources - Libellud\",\"isPartOf\":{\"@id\":\"https:\/\/www.libellud.com\/#website\"},\"datePublished\":\"2022-03-31T21:22:59+00:00\",\"dateModified\":\"2022-06-02T14:22:43+00:00\",\"breadcrumb\":{\"@id\":\"https:\/\/www.libellud.com\/ressources\/mysteriumpark\/#breadcrumb\"},\"inLanguage\":\"en-US\",\"potentialAction\":[{\"@type\":\"ReadAction\",\"target\":[\"https:\/\/www.libellud.com\/ressources\/mysteriumpark\/\"]}]},{\"@type\":\"BreadcrumbList\",\"@id\":\"https:\/\/www.libellud.com\/ressources\/mysteriumpark\/#breadcrumb\",\"itemListElement\":[{\"@type\":\"ListItem\",\"position\":1,\"name\":\"Home\",\"item\":\"https:\/\/www.libellud.com\/en\/\"},{\"@type\":\"ListItem\",\"position\":2,\"name\":\"Resources\",\"item\":\"https:\/\/www.libellud.com\/en\/resources\/\"},{\"@type\":\"ListItem\",\"position\":3,\"name\":\"Mysterium Park Resources\"}]},{\"@type\":\"WebSite\",\"@id\":\"https:\/\/www.libellud.com\/#website\",\"url\":\"https:\/\/www.libellud.com\/\",\"name\":\"Libellud\",\"description\":\"\u00c9diteur de jeux de soci\u00e9t\u00e9 depuis 2008\",\"potentialAction\":[{\"@type\":\"SearchAction\",\"target\":{\"@type\":\"EntryPoint\",\"urlTemplate\":\"https:\/\/www.libellud.com\/?s={search_term_string}\"},\"query-input\":{\"@type\":\"PropertyValueSpecification\",\"valueRequired\":true,\"valueName\":\"search_term_string\"}}],\"inLanguage\":\"en-US\"}]}<\/script>\n<!-- \/ Yoast SEO plugin. -->","yoast_head_json":{"title":"Mysterium Park Resources - Libellud","robots":{"index":"index","follow":"follow","max-snippet":"max-snippet:-1","max-image-preview":"max-image-preview:large","max-video-preview":"max-video-preview:-1"},"canonical":"https:\/\/www.libellud.com\/ressources\/mysteriumpark\/","og_locale":"en_US","og_type":"article","og_title":"Mysterium Park Resources - Libellud","og_description":"Images Bank Download the game&#8217;s visuals such as the box, cover, logo, back of boxes as well as various pre-selected elements to illustrate your items. Download R\u00e8gles du jeu T\u00e9l\u00e9chargez le livret des r\u00e8gles du jeu au format PDF. T\u00e9l\u00e9charger Cards overview Expand Mysterium Park &nbsp; &nbsp; &nbsp; Smartphone Wallpapers Expand Smartphone wallpaper 1 &nbsp; [&hellip;]","og_url":"https:\/\/www.libellud.com\/ressources\/mysteriumpark\/","og_site_name":"Libellud","article_modified_time":"2022-06-02T14:22:43+00:00","twitter_card":"summary_large_image","schema":{"@context":"https:\/\/schema.org","@graph":[{"@type":"WebPage","@id":"https:\/\/www.libellud.com\/ressources\/mysteriumpark\/","url":"https:\/\/www.libellud.com\/ressources\/mysteriumpark\/","name":"Mysterium Park Resources - Libellud","isPartOf":{"@id":"https:\/\/www.libellud.com\/#website"},"datePublished":"2022-03-31T21:22:59+00:00","dateModified":"2022-06-02T14:22:43+00:00","breadcrumb":{"@id":"https:\/\/www.libellud.com\/ressources\/mysteriumpark\/#breadcrumb"},"inLanguage":"en-US","potentialAction":[{"@type":"ReadAction","target":["https:\/\/www.libellud.com\/ressources\/mysteriumpark\/"]}]},{"@type":"BreadcrumbList","@id":"https:\/\/www.libellud.com\/ressources\/mysteriumpark\/#breadcrumb","itemListElement":[{"@type":"ListItem","position":1,"name":"Home","item":"https:\/\/www.libellud.com\/en\/"},{"@type":"ListItem","position":2,"name":"Resources","item":"https:\/\/www.libellud.com\/en\/resources\/"},{"@type":"ListItem","position":3,"name":"Mysterium Park Resources"}]},{"@type":"WebSite","@id":"https:\/\/www.libellud.com\/#website","url":"https:\/\/www.libellud.com\/","name":"Libellud","description":"\u00c9diteur de jeux de soci\u00e9t\u00e9 depuis 2008","potentialAction":[{"@type":"SearchAction","target":{"@type":"EntryPoint","urlTemplate":"https:\/\/www.libellud.com\/?s={search_term_string}"},"query-input":{"@type":"PropertyValueSpecification","valueRequired":true,"valueName":"search_term_string"}}],"inLanguage":"en-US"}]}},"_links":{"self":[{"href":"https:\/\/www.libellud.com\/en\/wp-json\/wp\/v2\/pages\/9555","targetHints":{"allow":["GET"]}}],"collection":[{"href":"https:\/\/www.libellud.com\/en\/wp-json\/wp\/v2\/pages"}],"about":[{"href":"https:\/\/www.libellud.com\/en\/wp-json\/wp\/v2\/types\/page"}],"author":[{"embeddable":true,"href":"https:\/\/www.libellud.com\/en\/wp-json\/wp\/v2\/users\/3"}],"replies":[{"embeddable":true,"href":"https:\/\/www.libellud.com\/en\/wp-json\/wp\/v2\/comments?post=9555"}],"version-history":[{"count":5,"href":"https:\/\/www.libellud.com\/en\/wp-json\/wp\/v2\/pages\/9555\/revisions"}],"predecessor-version":[{"id":10180,"href":"https:\/\/www.libellud.com\/en\/wp-json\/wp\/v2\/pages\/9555\/revisions\/10180"}],"up":[{"embeddable":true,"href":"https:\/\/www.libellud.com\/en\/wp-json\/wp\/v2\/pages\/9615"}],"wp:attachment":[{"href":"https:\/\/www.libellud.com\/en\/wp-json\/wp\/v2\/media?parent=9555"}],"curies":[{"name":"wp","href":"https:\/\/api.w.org\/{rel}","templated":true}]}}