{"id":9574,"date":"2022-04-01T00:45:08","date_gmt":"2022-03-31T22:45:08","guid":{"rendered":"https:\/\/www.libellud.com\/?page_id=9574"},"modified":"2022-04-01T00:48:48","modified_gmt":"2022-03-31T22:48:48","slug":"loony-quest","status":"publish","type":"page","link":"https:\/\/www.libellud.com\/en\/resources\/loony-quest\/","title":{"rendered":"Loony Quest Resources"},"content":{"rendered":"\n\n\tImages Bank<br \/>\n\n<p>Download the game&#8217;s visuals such as the box, cover, logo, back of boxes as well as various pre-selected elements to illustrate your items.<\/p>\n\t\t\t<a href=\"https:\/\/cdn.svc.asmodee.net\/production-libellud\/uploads\/2022\/03\/Banque-images-LQ.zip\" download target=\"_self\" role=\"button\" rel=\"noopener\">\n\t\t\t\t\t\t\tDownload\n\t\t\t\t\t<\/a>\n\t<p>Rules<\/p>\n<p>Download the Rules of the Game in PDF format.<\/p>\n\t\t\t<a href=\"https:\/\/cdn.svc.asmodee.net\/production-libellud\/uploads\/2022\/03\/LQ_RULES_FR.pdf\" target=\"_blank\" role=\"button\" rel=\"noopener\">\n\t\t\t\t\t\t\tDownload rules\n\t\t\t\t\t<\/a>\n\t\t\t<a href=\"#\" id=\"fl-accordion--label-0\" tabindex=\"0\" aria-controls=\"fl-accordion--panel-0\">LOONY QUEST THE LOST CITY<\/a>\n\t\t\t\t\t\t\t<a href=\"#\" id=\"fl-accordion--icon-0\" tabindex=\"0\" aria-controls=\"fl-accordion--panel-0\"><i>Expand<\/i><\/a>\n\t\t<p><a href=\"https:\/\/cdn.svc.asmodee.net\/production-libellud\/uploads\/2022\/03\/Banque-images-LQ1.zip\">Images Bank<\/a><\/p>\n<p><a href=\"https:\/\/cdn.svc.asmodee.net\/production-libellud\/uploads\/2022\/03\/LQ_EXT1_RULES_FR.pdf\">Rules PDF<\/a><\/p>\n\t\t\t<a href=\"#\" id=\"fl-accordion--label-0\" tabindex=\"0\" aria-controls=\"fl-accordion--panel-0\">Autres Ressources<\/a>\n\t\t\t\t\t\t\t<a href=\"#\" id=\"fl-accordion--icon-0\" tabindex=\"0\" aria-controls=\"fl-accordion--panel-0\"><i>Expand<\/i><\/a>\n\t\t<p><a href=\"https:\/\/cdn.svc.asmodee.net\/production-libellud\/uploads\/2022\/03\/LQ_Bonus_Levels.zip\">Other levels<\/a><\/p>\n<p><a href=\"https:\/\/cdn.svc.asmodee.net\/production-libellud\/uploads\/2022\/03\/LQ-papertoy.pdf\">Paper Toy<\/a><\/p>\n<p><a href=\"https:\/\/cdn.svc.asmodee.net\/production-libellud\/uploads\/2022\/03\/LQ_WEB_promo-item-FR.pdf\">Bonus Luge<\/a><\/p>\n\n","protected":false},"excerpt":{"rendered":"<p>Images Bank Download the game&#8217;s visuals such as the box, cover, logo, back of boxes as well as various pre-selected elements to illustrate your items. Download Rules Download the Rules of the Game in PDF format. Download rules LOONY QUEST THE LOST CITY Expand Images Bank Rules PDF Autres Ressources Expand Other levels Paper Toy [&hellip;]<\/p>\n","protected":false},"author":3,"featured_media":0,"parent":9615,"menu_order":0,"comment_status":"closed","ping_status":"closed","template":"","meta":{"_acf_changed":false,"footnotes":""},"class_list":["post-9574","page","type-page","status-publish","hentry"],"acf":[],"yoast_head":"<!-- This site is optimized with the Yoast SEO plugin v26.9 - https:\/\/yoast.com\/product\/yoast-seo-wordpress\/ -->\n<title>Loony Quest Resources - Libellud<\/title>\n<meta name=\"robots\" content=\"index, follow, max-snippet:-1, max-image-preview:large, max-video-preview:-1\" \/>\n<link rel=\"canonical\" href=\"https:\/\/www.libellud.com\/ressources\/loony-quest\/\" \/>\n<meta property=\"og:locale\" content=\"en_US\" \/>\n<meta property=\"og:type\" content=\"article\" \/>\n<meta property=\"og:title\" content=\"Loony Quest Resources - Libellud\" \/>\n<meta property=\"og:description\" content=\"Images Bank Download the game&#8217;s visuals such as the box, cover, logo, back of boxes as well as various pre-selected elements to illustrate your items. Download Rules Download the Rules of the Game in PDF format. Download rules LOONY QUEST THE LOST CITY Expand Images Bank Rules PDF Autres Ressources Expand Other levels Paper Toy [&hellip;]\" \/>\n<meta property=\"og:url\" content=\"https:\/\/www.libellud.com\/ressources\/loony-quest\/\" \/>\n<meta property=\"og:site_name\" content=\"Libellud\" \/>\n<meta property=\"article:modified_time\" content=\"2022-03-31T22:48:48+00:00\" \/>\n<meta name=\"twitter:card\" content=\"summary_large_image\" \/>\n<script type=\"application\/ld+json\" class=\"yoast-schema-graph\">{\"@context\":\"https:\/\/schema.org\",\"@graph\":[{\"@type\":\"WebPage\",\"@id\":\"https:\/\/www.libellud.com\/ressources\/loony-quest\/\",\"url\":\"https:\/\/www.libellud.com\/ressources\/loony-quest\/\",\"name\":\"Loony Quest Resources - Libellud\",\"isPartOf\":{\"@id\":\"https:\/\/www.libellud.com\/#website\"},\"datePublished\":\"2022-03-31T22:45:08+00:00\",\"dateModified\":\"2022-03-31T22:48:48+00:00\",\"breadcrumb\":{\"@id\":\"https:\/\/www.libellud.com\/ressources\/loony-quest\/#breadcrumb\"},\"inLanguage\":\"en-US\",\"potentialAction\":[{\"@type\":\"ReadAction\",\"target\":[\"https:\/\/www.libellud.com\/ressources\/loony-quest\/\"]}]},{\"@type\":\"BreadcrumbList\",\"@id\":\"https:\/\/www.libellud.com\/ressources\/loony-quest\/#breadcrumb\",\"itemListElement\":[{\"@type\":\"ListItem\",\"position\":1,\"name\":\"Home\",\"item\":\"https:\/\/www.libellud.com\/en\/\"},{\"@type\":\"ListItem\",\"position\":2,\"name\":\"Resources\",\"item\":\"https:\/\/www.libellud.com\/en\/resources\/\"},{\"@type\":\"ListItem\",\"position\":3,\"name\":\"Loony Quest Resources\"}]},{\"@type\":\"WebSite\",\"@id\":\"https:\/\/www.libellud.com\/#website\",\"url\":\"https:\/\/www.libellud.com\/\",\"name\":\"Libellud\",\"description\":\"\u00c9diteur de jeux de soci\u00e9t\u00e9 depuis 2008\",\"potentialAction\":[{\"@type\":\"SearchAction\",\"target\":{\"@type\":\"EntryPoint\",\"urlTemplate\":\"https:\/\/www.libellud.com\/?s={search_term_string}\"},\"query-input\":{\"@type\":\"PropertyValueSpecification\",\"valueRequired\":true,\"valueName\":\"search_term_string\"}}],\"inLanguage\":\"en-US\"}]}<\/script>\n<!-- \/ Yoast SEO plugin. -->","yoast_head_json":{"title":"Loony Quest Resources - Libellud","robots":{"index":"index","follow":"follow","max-snippet":"max-snippet:-1","max-image-preview":"max-image-preview:large","max-video-preview":"max-video-preview:-1"},"canonical":"https:\/\/www.libellud.com\/ressources\/loony-quest\/","og_locale":"en_US","og_type":"article","og_title":"Loony Quest Resources - Libellud","og_description":"Images Bank Download the game&#8217;s visuals such as the box, cover, logo, back of boxes as well as various pre-selected elements to illustrate your items. Download Rules Download the Rules of the Game in PDF format. Download rules LOONY QUEST THE LOST CITY Expand Images Bank Rules PDF Autres Ressources Expand Other levels Paper Toy [&hellip;]","og_url":"https:\/\/www.libellud.com\/ressources\/loony-quest\/","og_site_name":"Libellud","article_modified_time":"2022-03-31T22:48:48+00:00","twitter_card":"summary_large_image","schema":{"@context":"https:\/\/schema.org","@graph":[{"@type":"WebPage","@id":"https:\/\/www.libellud.com\/ressources\/loony-quest\/","url":"https:\/\/www.libellud.com\/ressources\/loony-quest\/","name":"Loony Quest Resources - Libellud","isPartOf":{"@id":"https:\/\/www.libellud.com\/#website"},"datePublished":"2022-03-31T22:45:08+00:00","dateModified":"2022-03-31T22:48:48+00:00","breadcrumb":{"@id":"https:\/\/www.libellud.com\/ressources\/loony-quest\/#breadcrumb"},"inLanguage":"en-US","potentialAction":[{"@type":"ReadAction","target":["https:\/\/www.libellud.com\/ressources\/loony-quest\/"]}]},{"@type":"BreadcrumbList","@id":"https:\/\/www.libellud.com\/ressources\/loony-quest\/#breadcrumb","itemListElement":[{"@type":"ListItem","position":1,"name":"Home","item":"https:\/\/www.libellud.com\/en\/"},{"@type":"ListItem","position":2,"name":"Resources","item":"https:\/\/www.libellud.com\/en\/resources\/"},{"@type":"ListItem","position":3,"name":"Loony Quest Resources"}]},{"@type":"WebSite","@id":"https:\/\/www.libellud.com\/#website","url":"https:\/\/www.libellud.com\/","name":"Libellud","description":"\u00c9diteur de jeux de soci\u00e9t\u00e9 depuis 2008","potentialAction":[{"@type":"SearchAction","target":{"@type":"EntryPoint","urlTemplate":"https:\/\/www.libellud.com\/?s={search_term_string}"},"query-input":{"@type":"PropertyValueSpecification","valueRequired":true,"valueName":"search_term_string"}}],"inLanguage":"en-US"}]}},"_links":{"self":[{"href":"https:\/\/www.libellud.com\/en\/wp-json\/wp\/v2\/pages\/9574","targetHints":{"allow":["GET"]}}],"collection":[{"href":"https:\/\/www.libellud.com\/en\/wp-json\/wp\/v2\/pages"}],"about":[{"href":"https:\/\/www.libellud.com\/en\/wp-json\/wp\/v2\/types\/page"}],"author":[{"embeddable":true,"href":"https:\/\/www.libellud.com\/en\/wp-json\/wp\/v2\/users\/3"}],"replies":[{"embeddable":true,"href":"https:\/\/www.libellud.com\/en\/wp-json\/wp\/v2\/comments?post=9574"}],"version-history":[{"count":4,"href":"https:\/\/www.libellud.com\/en\/wp-json\/wp\/v2\/pages\/9574\/revisions"}],"predecessor-version":[{"id":9578,"href":"https:\/\/www.libellud.com\/en\/wp-json\/wp\/v2\/pages\/9574\/revisions\/9578"}],"up":[{"embeddable":true,"href":"https:\/\/www.libellud.com\/en\/wp-json\/wp\/v2\/pages\/9615"}],"wp:attachment":[{"href":"https:\/\/www.libellud.com\/en\/wp-json\/wp\/v2\/media?parent=9574"}],"curies":[{"name":"wp","href":"https:\/\/api.w.org\/{rel}","templated":true}]}}