{"id":9579,"date":"2022-04-01T00:49:37","date_gmt":"2022-03-31T22:49:37","guid":{"rendered":"https:\/\/www.libellud.com\/?page_id=9579"},"modified":"2022-04-01T00:53:18","modified_gmt":"2022-03-31T22:53:18","slug":"shadows-amsterdam","status":"publish","type":"page","link":"https:\/\/www.libellud.com\/en\/resources\/shadows-amsterdam\/","title":{"rendered":"Shadows Amsterdam Resources"},"content":{"rendered":"\n\n\tImage Bank<br \/>\n\n<p>Download the game&#8217;s visuals such as the box, cover, logo, back of boxes as well as various pre-selected elements to illustrate your items.<\/p>\n\t\t\t<a href=\"https:\/\/cdn.svc.asmodee.net\/production-libellud\/uploads\/2022\/03\/Banque-images-SHA.zip\" download target=\"_self\" role=\"button\" rel=\"noopener\">\n\t\t\t\t\t\t\tT\u00e9l\u00e9chImage Bank\n\t\t\t\t\t<\/a>\n\t<p>Rules<\/p>\n<p>Download the Rules of the Game in PDF format.<\/p>\n\t\t\t<a href=\"https:\/\/cdn.svc.asmodee.net\/production-libellud\/uploads\/2022\/03\/SHADOWS_RULES_EN.pdf\" target=\"_blank\" role=\"button\" rel=\"noopener\">\n\t\t\t\t\t\t\tDownload rules\n\t\t\t\t\t<\/a>\n\t\t\t<a href=\"#\" id=\"fl-accordion--label-0\" tabindex=\"0\" aria-controls=\"fl-accordion--panel-0\">Wallpaper for Computer<\/a>\n\t\t\t\t\t\t\t<a href=\"#\" id=\"fl-accordion--icon-0\" tabindex=\"0\" aria-controls=\"fl-accordion--panel-0\"><i>Expand<\/i><\/a>\n\t\t<p><a href=\"https:\/\/cdn.svc.asmodee.net\/production-libellud\/uploads\/2022\/04\/SH_COMPUTER_SCREEN.jpg\">Cover<\/a><\/p>\n<p>&nbsp;<\/p>\n\t\t\t<a href=\"#\" id=\"fl-accordion--label-0\" tabindex=\"0\" aria-controls=\"fl-accordion--panel-0\">Wallpapers for Smartphones<\/a>\n\t\t\t\t\t\t\t<a href=\"#\" id=\"fl-accordion--icon-0\" tabindex=\"0\" aria-controls=\"fl-accordion--panel-0\"><i>Expand<\/i><\/a>\n\t\t<p><a href=\"https:\/\/cdn.svc.asmodee.net\/production-libellud\/uploads\/2022\/03\/SH_SMARTPHONE_Fireman.jpg\">Fireman<\/a><\/p>\n<p><a href=\"https:\/\/cdn.svc.asmodee.net\/production-libellud\/uploads\/2022\/03\/SH_SMARTPHONE_Flowers.jpg\">Flowers<\/a><\/p>\n<p><a href=\"https:\/\/cdn.svc.asmodee.net\/production-libellud\/uploads\/2022\/03\/SH_SMARTPHONE_quarantine.jpg\">Quarantine<\/a><\/p>\n\n","protected":false},"excerpt":{"rendered":"<p>Image Bank Download the game&#8217;s visuals such as the box, cover, logo, back of boxes as well as various pre-selected elements to illustrate your items. T\u00e9l\u00e9chImage Bank Rules Download the Rules of the Game in PDF format. Download rules Wallpaper for Computer Expand Cover &nbsp; Wallpapers for Smartphones Expand Fireman Flowers Quarantine<\/p>\n","protected":false},"author":3,"featured_media":0,"parent":9615,"menu_order":0,"comment_status":"closed","ping_status":"closed","template":"","meta":{"_acf_changed":false,"footnotes":""},"class_list":["post-9579","page","type-page","status-publish","hentry"],"acf":[],"yoast_head":"<!-- This site is optimized with the Yoast SEO plugin v26.9 - https:\/\/yoast.com\/product\/yoast-seo-wordpress\/ -->\n<title>Shadows Amsterdam Resources - Libellud<\/title>\n<meta name=\"robots\" content=\"index, follow, max-snippet:-1, max-image-preview:large, max-video-preview:-1\" \/>\n<link rel=\"canonical\" href=\"https:\/\/www.libellud.com\/ressources\/shadowsamsterdam\/\" \/>\n<meta property=\"og:locale\" content=\"en_US\" \/>\n<meta property=\"og:type\" content=\"article\" \/>\n<meta property=\"og:title\" content=\"Shadows Amsterdam Resources - Libellud\" \/>\n<meta property=\"og:description\" content=\"Image Bank Download the game&#8217;s visuals such as the box, cover, logo, back of boxes as well as various pre-selected elements to illustrate your items. T\u00e9l\u00e9chImage Bank Rules Download the Rules of the Game in PDF format. Download rules Wallpaper for Computer Expand Cover &nbsp; Wallpapers for Smartphones Expand Fireman Flowers Quarantine\" \/>\n<meta property=\"og:url\" content=\"https:\/\/www.libellud.com\/ressources\/shadowsamsterdam\/\" \/>\n<meta property=\"og:site_name\" content=\"Libellud\" \/>\n<meta property=\"article:modified_time\" content=\"2022-03-31T22:53:18+00:00\" \/>\n<meta name=\"twitter:card\" content=\"summary_large_image\" \/>\n<script type=\"application\/ld+json\" class=\"yoast-schema-graph\">{\"@context\":\"https:\/\/schema.org\",\"@graph\":[{\"@type\":\"WebPage\",\"@id\":\"https:\/\/www.libellud.com\/ressources\/shadowsamsterdam\/\",\"url\":\"https:\/\/www.libellud.com\/ressources\/shadowsamsterdam\/\",\"name\":\"Shadows Amsterdam Resources - Libellud\",\"isPartOf\":{\"@id\":\"https:\/\/www.libellud.com\/#website\"},\"datePublished\":\"2022-03-31T22:49:37+00:00\",\"dateModified\":\"2022-03-31T22:53:18+00:00\",\"breadcrumb\":{\"@id\":\"https:\/\/www.libellud.com\/ressources\/shadowsamsterdam\/#breadcrumb\"},\"inLanguage\":\"en-US\",\"potentialAction\":[{\"@type\":\"ReadAction\",\"target\":[\"https:\/\/www.libellud.com\/ressources\/shadowsamsterdam\/\"]}]},{\"@type\":\"BreadcrumbList\",\"@id\":\"https:\/\/www.libellud.com\/ressources\/shadowsamsterdam\/#breadcrumb\",\"itemListElement\":[{\"@type\":\"ListItem\",\"position\":1,\"name\":\"Home\",\"item\":\"https:\/\/www.libellud.com\/en\/\"},{\"@type\":\"ListItem\",\"position\":2,\"name\":\"Resources\",\"item\":\"https:\/\/www.libellud.com\/en\/resources\/\"},{\"@type\":\"ListItem\",\"position\":3,\"name\":\"Shadows Amsterdam Resources\"}]},{\"@type\":\"WebSite\",\"@id\":\"https:\/\/www.libellud.com\/#website\",\"url\":\"https:\/\/www.libellud.com\/\",\"name\":\"Libellud\",\"description\":\"\u00c9diteur de jeux de soci\u00e9t\u00e9 depuis 2008\",\"potentialAction\":[{\"@type\":\"SearchAction\",\"target\":{\"@type\":\"EntryPoint\",\"urlTemplate\":\"https:\/\/www.libellud.com\/?s={search_term_string}\"},\"query-input\":{\"@type\":\"PropertyValueSpecification\",\"valueRequired\":true,\"valueName\":\"search_term_string\"}}],\"inLanguage\":\"en-US\"}]}<\/script>\n<!-- \/ Yoast SEO plugin. -->","yoast_head_json":{"title":"Shadows Amsterdam Resources - Libellud","robots":{"index":"index","follow":"follow","max-snippet":"max-snippet:-1","max-image-preview":"max-image-preview:large","max-video-preview":"max-video-preview:-1"},"canonical":"https:\/\/www.libellud.com\/ressources\/shadowsamsterdam\/","og_locale":"en_US","og_type":"article","og_title":"Shadows Amsterdam Resources - Libellud","og_description":"Image Bank Download the game&#8217;s visuals such as the box, cover, logo, back of boxes as well as various pre-selected elements to illustrate your items. T\u00e9l\u00e9chImage Bank Rules Download the Rules of the Game in PDF format. Download rules Wallpaper for Computer Expand Cover &nbsp; Wallpapers for Smartphones Expand Fireman Flowers Quarantine","og_url":"https:\/\/www.libellud.com\/ressources\/shadowsamsterdam\/","og_site_name":"Libellud","article_modified_time":"2022-03-31T22:53:18+00:00","twitter_card":"summary_large_image","schema":{"@context":"https:\/\/schema.org","@graph":[{"@type":"WebPage","@id":"https:\/\/www.libellud.com\/ressources\/shadowsamsterdam\/","url":"https:\/\/www.libellud.com\/ressources\/shadowsamsterdam\/","name":"Shadows Amsterdam Resources - Libellud","isPartOf":{"@id":"https:\/\/www.libellud.com\/#website"},"datePublished":"2022-03-31T22:49:37+00:00","dateModified":"2022-03-31T22:53:18+00:00","breadcrumb":{"@id":"https:\/\/www.libellud.com\/ressources\/shadowsamsterdam\/#breadcrumb"},"inLanguage":"en-US","potentialAction":[{"@type":"ReadAction","target":["https:\/\/www.libellud.com\/ressources\/shadowsamsterdam\/"]}]},{"@type":"BreadcrumbList","@id":"https:\/\/www.libellud.com\/ressources\/shadowsamsterdam\/#breadcrumb","itemListElement":[{"@type":"ListItem","position":1,"name":"Home","item":"https:\/\/www.libellud.com\/en\/"},{"@type":"ListItem","position":2,"name":"Resources","item":"https:\/\/www.libellud.com\/en\/resources\/"},{"@type":"ListItem","position":3,"name":"Shadows Amsterdam Resources"}]},{"@type":"WebSite","@id":"https:\/\/www.libellud.com\/#website","url":"https:\/\/www.libellud.com\/","name":"Libellud","description":"\u00c9diteur de jeux de soci\u00e9t\u00e9 depuis 2008","potentialAction":[{"@type":"SearchAction","target":{"@type":"EntryPoint","urlTemplate":"https:\/\/www.libellud.com\/?s={search_term_string}"},"query-input":{"@type":"PropertyValueSpecification","valueRequired":true,"valueName":"search_term_string"}}],"inLanguage":"en-US"}]}},"_links":{"self":[{"href":"https:\/\/www.libellud.com\/en\/wp-json\/wp\/v2\/pages\/9579","targetHints":{"allow":["GET"]}}],"collection":[{"href":"https:\/\/www.libellud.com\/en\/wp-json\/wp\/v2\/pages"}],"about":[{"href":"https:\/\/www.libellud.com\/en\/wp-json\/wp\/v2\/types\/page"}],"author":[{"embeddable":true,"href":"https:\/\/www.libellud.com\/en\/wp-json\/wp\/v2\/users\/3"}],"replies":[{"embeddable":true,"href":"https:\/\/www.libellud.com\/en\/wp-json\/wp\/v2\/comments?post=9579"}],"version-history":[{"count":3,"href":"https:\/\/www.libellud.com\/en\/wp-json\/wp\/v2\/pages\/9579\/revisions"}],"predecessor-version":[{"id":9584,"href":"https:\/\/www.libellud.com\/en\/wp-json\/wp\/v2\/pages\/9579\/revisions\/9584"}],"up":[{"embeddable":true,"href":"https:\/\/www.libellud.com\/en\/wp-json\/wp\/v2\/pages\/9615"}],"wp:attachment":[{"href":"https:\/\/www.libellud.com\/en\/wp-json\/wp\/v2\/media?parent=9579"}],"curies":[{"name":"wp","href":"https:\/\/api.w.org\/{rel}","templated":true}]}}