{"id":9610,"date":"2022-04-01T01:24:13","date_gmt":"2022-03-31T23:24:13","guid":{"rendered":"https:\/\/www.libellud.com\/?page_id=9610"},"modified":"2025-09-15T10:49:06","modified_gmt":"2025-09-15T08:49:06","slug":"our-games","status":"publish","type":"page","link":"https:\/\/www.libellud.com\/en\/our-games\/","title":{"rendered":"Our Games"},"content":{"rendered":"\n\n\t\t\t\t<a href=\"https:\/\/www.libellud.com\/en\/our-games\/take-time\/\" target=\"_self\" itemprop=\"url\" rel=\"noopener\">\n\t\t\t\t<img decoding=\"async\" src=\"https:\/\/www.libellud.com\/image-converter?url=https%3A%2F%2Fcdn.svc.asmodee.net%2Fproduction-libellud%2Fuploads%2F2025%2F09%2FTT_COVER_ROUNDED.png&#038;attachment_id=13220\" alt=\"TT_COVER_ROUNDED\" itemprop=\"image\" title=\"TT_COVER_ROUNDED\" onerror=\"this.style.display='none'\"  \/>\n\t\t\t\t<\/a>\n\t\t\t\t<a href=\"https:\/\/www.libellud.com\/en\/our-games\/harmonies\/\" target=\"_self\" itemprop=\"url\" rel=\"noopener\">\n\t\t\t\t<img decoding=\"async\" src=\"https:\/\/cdn.svc.asmodee.net\/production-libellud\/uploads\/2024\/03\/HARMONIES_300x300.png\" alt=\"HARMONIES_300x300\" itemprop=\"image\" title=\"HARMONIES_300x300\" onerror=\"this.style.display='none'\"  \/>\n\t\t\t\t<\/a>\n\t\t\t\t<a href=\"https:\/\/www.libellud.com\/en\/our-games\/dixit\/\" target=\"_self\" itemprop=\"url\" rel=\"noopener\">\n\t\t\t\t<img decoding=\"async\" src=\"https:\/\/cdn.svc.asmodee.net\/production-libellud\/uploads\/2022\/03\/DIXIT-REFRESH_TOP_BOX_FR_72dpi-1-300x300.jpg\" alt=\"DIXIT-REFRESH_TOP_BOX_FR_72dpi\" itemprop=\"image\" title=\"DIXIT-REFRESH_TOP_BOX_FR_72dpi\" onerror=\"this.style.display='none'\"  \/>\n\t\t\t\t<\/a>\n\t\t\t\t<a href=\"https:\/\/www.libellud.com\/en\/our-games\/dixit-odyssey\/\" target=\"_self\" itemprop=\"url\" rel=\"noopener\">\n\t\t\t\t<img decoding=\"async\" src=\"https:\/\/cdn.svc.asmodee.net\/production-libellud\/uploads\/2024\/06\/ODYSSEY_REFRESH_TOP_EN__800X800.jpg\" alt=\"ODYSSEY_REFRESH_TOP_EN__800X800\" itemprop=\"image\" title=\"ODYSSEY_REFRESH_TOP_EN__800X800\" onerror=\"this.style.display='none'\"  \/>\n\t\t\t\t<\/a>\n\t\t\t\t<a href=\"https:\/\/www.libellud.com\/en\/our-games\/stella-dixit-universe\/\" target=\"_self\" itemprop=\"url\" rel=\"noopener\">\n\t\t\t\t<img decoding=\"async\" src=\"https:\/\/cdn.svc.asmodee.net\/production-libellud\/uploads\/2022\/03\/STELLA_TOP_BOX_FR_72dpi-1.jpg\" alt=\"STELLA_TOP_BOX_FINAL.indd\" itemprop=\"image\" title=\"STELLA_TOP_BOX_FINAL.indd\" onerror=\"this.style.display='none'\"  \/>\n\t\t\t\t<\/a>\n\t\t\t\t<a href=\"https:\/\/www.libellud.com\/en\/our-games\/dixit-expansions\/\" target=\"_self\" itemprop=\"url\" rel=\"noopener\">\n\t\t\t\t<img decoding=\"async\" src=\"https:\/\/cdn.svc.asmodee.net\/production-libellud\/uploads\/2022\/03\/DIXIT-REFRESH_extensions.png\" alt=\"DIXIT-REFRESH_extensions\" itemprop=\"image\" title=\"DIXIT-REFRESH_extensions\" onerror=\"this.style.display='none'\"  \/>\n\t\t\t\t<\/a>\n\t\t\t\t<a href=\"https:\/\/www.libellud.com\/en\/our-games\/mysterium\/\" target=\"_self\" itemprop=\"url\" rel=\"noopener\">\n\t\t\t\t<img decoding=\"async\" src=\"https:\/\/www.libellud.com\/image-converter?url=https%3A%2F%2Fcdn.svc.asmodee.net%2Fproduction-libellud%2Fuploads%2F2025%2F06%2FMYSTERIUM_REFRESH_ROUNDED-CORNERS.png&#038;attachment_id=12945\" alt=\"MYSTERIUM_REFRESH_ROUNDED CORNERS\" itemprop=\"image\" title=\"MYSTERIUM_REFRESH_ROUNDED CORNERS\" onerror=\"this.style.display='none'\"  \/>\n\t\t\t\t<\/a>\n\t\t\t\t<a href=\"https:\/\/www.libellud.com\/en\/our-games\/mysterium-expansions\/\" target=\"_self\" itemprop=\"url\" rel=\"noopener\">\n\t\t\t\t<img decoding=\"async\" src=\"https:\/\/cdn.svc.asmodee.net\/production-libellud\/uploads\/2022\/03\/MYST_GAMME_EXT_BOX_R_1782x1137px-191x300.png\" alt=\"MYST_GAMME_EXT_BOX_R_1782x1137px\" itemprop=\"image\" title=\"MYST_GAMME_EXT_BOX_R_1782x1137px\" onerror=\"this.style.display='none'\"  \/>\n\t\t\t\t<\/a>\n\t\t\t\t<a href=\"https:\/\/www.libellud.com\/en\/our-games\/mysterium-park\" target=\"_self\" itemprop=\"url\" rel=\"noopener\">\n\t\t\t\t<img decoding=\"async\" src=\"https:\/\/cdn.svc.asmodee.net\/production-libellud\/uploads\/2022\/03\/Facing_Myst_Park.jpg\" alt=\"Facing_Myst_Park\" itemprop=\"image\" title=\"Facing_Myst_Park\" onerror=\"this.style.display='none'\"  \/>\n\t\t\t\t<\/a>\n\t\t\t\t<a href=\"https:\/\/www.libellud.com\/en\/our-games\/mysterium-kids\" target=\"_self\" itemprop=\"url\" rel=\"noopener\">\n\t\t\t\t<img decoding=\"async\" src=\"https:\/\/cdn.svc.asmodee.net\/production-libellud\/uploads\/2022\/08\/MYSTKIDS_TOP_BOX_EN_LD.jpg\" alt=\"MYSTKIDS_TOP_BOX_EN_LD\" itemprop=\"image\" title=\"MYSTKIDS_TOP_BOX_EN_LD\" onerror=\"this.style.display='none'\"  \/>\n\t\t\t\t<\/a>\n\t\t\t\t<a href=\"https:\/\/www.libellud.com\/en\/our-games\/dice-forge\/\" target=\"_self\" itemprop=\"url\" rel=\"noopener\">\n\t\t\t\t<img decoding=\"async\" src=\"https:\/\/cdn.svc.asmodee.net\/production-libellud\/uploads\/2022\/03\/Facing_DF-300x300.jpg\" alt=\"Facing_DF\" itemprop=\"image\" title=\"Facing_DF\" onerror=\"this.style.display='none'\"  \/>\n\t\t\t\t<\/a>\n\t\t\t\t<a href=\"https:\/\/www.libellud.com\/en\/our-games\/dice-forge-rebellion\/\" target=\"_self\" itemprop=\"url\" rel=\"noopener\">\n\t\t\t\t<img decoding=\"async\" src=\"https:\/\/cdn.svc.asmodee.net\/production-libellud\/uploads\/2022\/03\/DF_EXT1_BOX_RIGHT-158x300.png\" alt=\"DF_EXT1_BOX_RIGHT\" itemprop=\"image\" title=\"DF_EXT1_BOX_RIGHT\" onerror=\"this.style.display='none'\"  \/>\n\t\t\t\t<\/a>\n\t\t\t\t<a href=\"https:\/\/www.libellud.com\/nos-jeux\/seasons\/\" target=\"_self\" itemprop=\"url\" rel=\"noopener\">\n\t\t\t\t<img decoding=\"async\" src=\"https:\/\/cdn.svc.asmodee.net\/production-libellud\/uploads\/2022\/03\/Facing_Seasons-300x300.jpg\" alt=\"Facing_Seasons\" itemprop=\"image\" title=\"Facing_Seasons\" onerror=\"this.style.display='none'\"  \/>\n\t\t\t\t<\/a>\n\t\t\t\t<a href=\"https:\/\/www.libellud.com\/en\/our-games\/seasons-expansions\/\" target=\"_self\" itemprop=\"url\" rel=\"noopener\">\n\t\t\t\t<img decoding=\"async\" src=\"https:\/\/cdn.svc.asmodee.net\/production-libellud\/uploads\/2022\/03\/SEASONS_GAMME_EXT_BOX_R_V3_1782x1137px-191x300.png\" alt=\"SEASONS_GAMME_EXT_BOX_R_V3_1782x1137px\" itemprop=\"image\" title=\"SEASONS_GAMME_EXT_BOX_R_V3_1782x1137px\" onerror=\"this.style.display='none'\"  \/>\n\t\t\t\t<\/a>\n\t\t\t\t<a href=\"https:\/\/www.libellud.com\/en\/our-games\/obscurio\/\" target=\"_self\" itemprop=\"url\" rel=\"noopener\">\n\t\t\t\t<img decoding=\"async\" src=\"https:\/\/cdn.svc.asmodee.net\/production-libellud\/uploads\/2022\/03\/Facing_OBS-300x300.jpg\" alt=\"Facing_OBS\" itemprop=\"image\" title=\"Facing_OBS\" onerror=\"this.style.display='none'\"  \/>\n\t\t\t\t<\/a>\n\t\t\t\t<a href=\"https:\/\/www.libellud.com\/en\/our-games\/shadows-amsterdam\/\" target=\"_self\" itemprop=\"url\" rel=\"noopener\">\n\t\t\t\t<img decoding=\"async\" src=\"https:\/\/cdn.svc.asmodee.net\/production-libellud\/uploads\/2022\/03\/SH-TOPBOX-SQUARE.png\" alt=\"SH TOPBOX SQUARE\" itemprop=\"image\" title=\"SH TOPBOX SQUARE\" onerror=\"this.style.display='none'\"  \/>\n\t\t\t\t<\/a>\n\t\t\t\t<a href=\"https:\/\/www.libellud.com\/en\/our-games\/one-key\/\" target=\"_self\" itemprop=\"url\" rel=\"noopener\">\n\t\t\t\t<img decoding=\"async\" src=\"https:\/\/cdn.svc.asmodee.net\/production-libellud\/uploads\/2022\/03\/Facing_OK.jpg\" alt=\"Facing_OK\" itemprop=\"image\" title=\"Facing_OK\" onerror=\"this.style.display='none'\"  \/>\n\t\t\t\t<\/a>\n\t\t\t\t<a href=\"https:\/\/www.libellud.com\/en\/our-games\/loony-quest\" target=\"_self\" itemprop=\"url\" rel=\"noopener\">\n\t\t\t\t<img decoding=\"async\" src=\"https:\/\/cdn.svc.asmodee.net\/production-libellud\/uploads\/2022\/03\/LQ_FACING_72dpi-1.jpg\" alt=\"LQ_FACING_72dpi\" itemprop=\"image\" title=\"LQ_FACING_72dpi\" onerror=\"this.style.display='none'\"  \/>\n\t\t\t\t<\/a>\n\n","protected":false},"excerpt":{"rendered":"","protected":false},"author":3,"featured_media":0,"parent":0,"menu_order":0,"comment_status":"closed","ping_status":"closed","template":"","meta":{"_acf_changed":false,"footnotes":""},"class_list":["post-9610","page","type-page","status-publish","hentry"],"acf":[],"yoast_head":"<!-- This site is optimized with the Yoast SEO plugin v27.4 - https:\/\/yoast.com\/product\/yoast-seo-wordpress\/ -->\n<title>Our Games - Libellud<\/title>\n<meta name=\"robots\" content=\"index, follow, max-snippet:-1, max-image-preview:large, max-video-preview:-1\" \/>\n<link rel=\"canonical\" href=\"https:\/\/www.libellud.com\/en\/our-games\/\" \/>\n<meta property=\"og:locale\" content=\"en_US\" \/>\n<meta property=\"og:type\" content=\"article\" \/>\n<meta property=\"og:title\" content=\"Our Games - Libellud\" \/>\n<meta property=\"og:url\" content=\"https:\/\/www.libellud.com\/en\/our-games\/\" \/>\n<meta property=\"og:site_name\" content=\"Libellud\" \/>\n<meta property=\"article:modified_time\" content=\"2025-09-15T08:49:06+00:00\" \/>\n<meta property=\"og:image\" content=\"https:\/\/www.libellud.com\/image-converter?url=https%3A%2F%2Fcdn.svc.asmodee.net%2Fproduction-libellud%2Fuploads%2F2025%2F09%2FTT_COVER_ROUNDED.png&#038;attachment_id=13220\" \/>\n<meta name=\"twitter:card\" content=\"summary_large_image\" \/>\n<meta name=\"twitter:label1\" content=\"Est. reading time\" \/>\n\t<meta name=\"twitter:data1\" content=\"4 minutes\" \/>\n<script type=\"application\/ld+json\" class=\"yoast-schema-graph\">{\"@context\":\"https:\\\/\\\/schema.org\",\"@graph\":[{\"@type\":\"WebPage\",\"@id\":\"https:\\\/\\\/www.libellud.com\\\/en\\\/our-games\\\/\",\"url\":\"https:\\\/\\\/www.libellud.com\\\/en\\\/our-games\\\/\",\"name\":\"Our Games - Libellud\",\"isPartOf\":{\"@id\":\"https:\\\/\\\/www.libellud.com\\\/#website\"},\"primaryImageOfPage\":{\"@id\":\"https:\\\/\\\/www.libellud.com\\\/en\\\/our-games\\\/#primaryimage\"},\"image\":{\"@id\":\"https:\\\/\\\/www.libellud.com\\\/en\\\/our-games\\\/#primaryimage\"},\"thumbnailUrl\":\"https:\\\/\\\/www.libellud.com\\\/image-converter?url=https%3A%2F%2Fcdn.svc.asmodee.net%2Fproduction-libellud%2Fuploads%2F2025%2F09%2FTT_COVER_ROUNDED.png&#038;attachment_id=13220\",\"datePublished\":\"2022-03-31T23:24:13+00:00\",\"dateModified\":\"2025-09-15T08:49:06+00:00\",\"breadcrumb\":{\"@id\":\"https:\\\/\\\/www.libellud.com\\\/en\\\/our-games\\\/#breadcrumb\"},\"inLanguage\":\"en-US\",\"potentialAction\":[{\"@type\":\"ReadAction\",\"target\":[\"https:\\\/\\\/www.libellud.com\\\/en\\\/our-games\\\/\"]}]},{\"@type\":\"ImageObject\",\"inLanguage\":\"en-US\",\"@id\":\"https:\\\/\\\/www.libellud.com\\\/en\\\/our-games\\\/#primaryimage\",\"url\":\"https:\\\/\\\/www.libellud.com\\\/image-converter?url=https%3A%2F%2Fcdn.svc.asmodee.net%2Fproduction-libellud%2Fuploads%2F2025%2F09%2FTT_COVER_ROUNDED.png&#038;attachment_id=13220\",\"contentUrl\":\"https:\\\/\\\/www.libellud.com\\\/image-converter?url=https%3A%2F%2Fcdn.svc.asmodee.net%2Fproduction-libellud%2Fuploads%2F2025%2F09%2FTT_COVER_ROUNDED.png&#038;attachment_id=13220\"},{\"@type\":\"BreadcrumbList\",\"@id\":\"https:\\\/\\\/www.libellud.com\\\/en\\\/our-games\\\/#breadcrumb\",\"itemListElement\":[{\"@type\":\"ListItem\",\"position\":1,\"name\":\"Home\",\"item\":\"https:\\\/\\\/www.libellud.com\\\/en\\\/\"},{\"@type\":\"ListItem\",\"position\":2,\"name\":\"Our Games\"}]},{\"@type\":\"WebSite\",\"@id\":\"https:\\\/\\\/www.libellud.com\\\/#website\",\"url\":\"https:\\\/\\\/www.libellud.com\\\/\",\"name\":\"Libellud\",\"description\":\"\u00c9diteur de jeux de soci\u00e9t\u00e9 depuis 2008\",\"potentialAction\":[{\"@type\":\"SearchAction\",\"target\":{\"@type\":\"EntryPoint\",\"urlTemplate\":\"https:\\\/\\\/www.libellud.com\\\/?s={search_term_string}\"},\"query-input\":{\"@type\":\"PropertyValueSpecification\",\"valueRequired\":true,\"valueName\":\"search_term_string\"}}],\"inLanguage\":\"en-US\"}]}<\/script>\n<!-- \/ Yoast SEO plugin. -->","yoast_head_json":{"title":"Our Games - Libellud","robots":{"index":"index","follow":"follow","max-snippet":"max-snippet:-1","max-image-preview":"max-image-preview:large","max-video-preview":"max-video-preview:-1"},"canonical":"https:\/\/www.libellud.com\/en\/our-games\/","og_locale":"en_US","og_type":"article","og_title":"Our Games - Libellud","og_url":"https:\/\/www.libellud.com\/en\/our-games\/","og_site_name":"Libellud","article_modified_time":"2025-09-15T08:49:06+00:00","og_image":[{"url":"https:\/\/www.libellud.com\/image-converter?url=https%3A%2F%2Fcdn.svc.asmodee.net%2Fproduction-libellud%2Fuploads%2F2025%2F09%2FTT_COVER_ROUNDED.png&#038;attachment_id=13220","type":"","width":"","height":""}],"twitter_card":"summary_large_image","twitter_misc":{"Est. reading time":"4 minutes"},"schema":{"@context":"https:\/\/schema.org","@graph":[{"@type":"WebPage","@id":"https:\/\/www.libellud.com\/en\/our-games\/","url":"https:\/\/www.libellud.com\/en\/our-games\/","name":"Our Games - Libellud","isPartOf":{"@id":"https:\/\/www.libellud.com\/#website"},"primaryImageOfPage":{"@id":"https:\/\/www.libellud.com\/en\/our-games\/#primaryimage"},"image":{"@id":"https:\/\/www.libellud.com\/en\/our-games\/#primaryimage"},"thumbnailUrl":"https:\/\/www.libellud.com\/image-converter?url=https%3A%2F%2Fcdn.svc.asmodee.net%2Fproduction-libellud%2Fuploads%2F2025%2F09%2FTT_COVER_ROUNDED.png&#038;attachment_id=13220","datePublished":"2022-03-31T23:24:13+00:00","dateModified":"2025-09-15T08:49:06+00:00","breadcrumb":{"@id":"https:\/\/www.libellud.com\/en\/our-games\/#breadcrumb"},"inLanguage":"en-US","potentialAction":[{"@type":"ReadAction","target":["https:\/\/www.libellud.com\/en\/our-games\/"]}]},{"@type":"ImageObject","inLanguage":"en-US","@id":"https:\/\/www.libellud.com\/en\/our-games\/#primaryimage","url":"https:\/\/www.libellud.com\/image-converter?url=https%3A%2F%2Fcdn.svc.asmodee.net%2Fproduction-libellud%2Fuploads%2F2025%2F09%2FTT_COVER_ROUNDED.png&#038;attachment_id=13220","contentUrl":"https:\/\/www.libellud.com\/image-converter?url=https%3A%2F%2Fcdn.svc.asmodee.net%2Fproduction-libellud%2Fuploads%2F2025%2F09%2FTT_COVER_ROUNDED.png&#038;attachment_id=13220"},{"@type":"BreadcrumbList","@id":"https:\/\/www.libellud.com\/en\/our-games\/#breadcrumb","itemListElement":[{"@type":"ListItem","position":1,"name":"Home","item":"https:\/\/www.libellud.com\/en\/"},{"@type":"ListItem","position":2,"name":"Our Games"}]},{"@type":"WebSite","@id":"https:\/\/www.libellud.com\/#website","url":"https:\/\/www.libellud.com\/","name":"Libellud","description":"\u00c9diteur de jeux de soci\u00e9t\u00e9 depuis 2008","potentialAction":[{"@type":"SearchAction","target":{"@type":"EntryPoint","urlTemplate":"https:\/\/www.libellud.com\/?s={search_term_string}"},"query-input":{"@type":"PropertyValueSpecification","valueRequired":true,"valueName":"search_term_string"}}],"inLanguage":"en-US"}]}},"_links":{"self":[{"href":"https:\/\/www.libellud.com\/en\/wp-json\/wp\/v2\/pages\/9610","targetHints":{"allow":["GET"]}}],"collection":[{"href":"https:\/\/www.libellud.com\/en\/wp-json\/wp\/v2\/pages"}],"about":[{"href":"https:\/\/www.libellud.com\/en\/wp-json\/wp\/v2\/types\/page"}],"author":[{"embeddable":true,"href":"https:\/\/www.libellud.com\/en\/wp-json\/wp\/v2\/users\/3"}],"replies":[{"embeddable":true,"href":"https:\/\/www.libellud.com\/en\/wp-json\/wp\/v2\/comments?post=9610"}],"version-history":[{"count":10,"href":"https:\/\/www.libellud.com\/en\/wp-json\/wp\/v2\/pages\/9610\/revisions"}],"predecessor-version":[{"id":13224,"href":"https:\/\/www.libellud.com\/en\/wp-json\/wp\/v2\/pages\/9610\/revisions\/13224"}],"wp:attachment":[{"href":"https:\/\/www.libellud.com\/en\/wp-json\/wp\/v2\/media?parent=9610"}],"curies":[{"name":"wp","href":"https:\/\/api.w.org\/{rel}","templated":true}]}}