{"id":9615,"date":"2022-04-01T01:29:48","date_gmt":"2022-03-31T23:29:48","guid":{"rendered":"https:\/\/www.libellud.com\/?page_id=9615"},"modified":"2022-08-08T12:08:30","modified_gmt":"2022-08-08T10:08:30","slug":"resources","status":"publish","type":"page","link":"https:\/\/www.libellud.com\/en\/resources\/","title":{"rendered":"Resources"},"content":{"rendered":"\n\n\t\t\t\t<a href=\"https:\/\/www.libellud.com\/en\/resources\/dixit\/\" target=\"_self\" itemprop=\"url\" rel=\"noopener\">\n\t\t\t\t<img loading=\"lazy\" decoding=\"async\" src=\"https:\/\/cdn.svc.asmodee.net\/production-libellud\/uploads\/2022\/03\/DIXIT-REFRESH_TOP_BOX_FR_72dpi-1-300x300.jpg\" alt=\"DIXIT-REFRESH_TOP_BOX_FR_72dpi\" itemprop=\"image\" height=\"300\" width=\"300\" height=\"300\" width=\"300\" title=\"DIXIT-REFRESH_TOP_BOX_FR_72dpi\" onerror=\"this.style.display='none'\"  \/>\n\t\t\t\t<\/a>\n\t\t\t\t<a href=\"https:\/\/www.libellud.com\/en\/resources\/dixit-odyssey\/\" target=\"_self\" itemprop=\"url\" rel=\"noopener\">\n\t\t\t\t<img loading=\"lazy\" decoding=\"async\" src=\"https:\/\/cdn.svc.asmodee.net\/production-libellud\/uploads\/2022\/03\/Facing_Dixit_Odyssey.jpg\" alt=\"Facing_Dixit_Odyssey\" itemprop=\"image\" height=\"800\" width=\"800\" title=\"Facing_Dixit_Odyssey\" onerror=\"this.style.display='none'\"  \/>\n\t\t\t\t<\/a>\n\t\t\t\t<a href=\"https:\/\/www.libellud.com\/en\/resources\/stella-dixit-universe\/\" target=\"_self\" itemprop=\"url\" rel=\"noopener\">\n\t\t\t\t<img loading=\"lazy\" decoding=\"async\" src=\"https:\/\/cdn.svc.asmodee.net\/production-libellud\/uploads\/2022\/03\/STELLA_TOP_BOX_FR_72dpi-1.jpg\" alt=\"STELLA_TOP_BOX_FINAL.indd\" itemprop=\"image\" height=\"785\" width=\"785\" title=\"STELLA_TOP_BOX_FINAL.indd\" onerror=\"this.style.display='none'\"  \/>\n\t\t\t\t<\/a>\n\t\t\t\t<a href=\"https:\/\/www.libellud.com\/en\/resources\/dixit\/\" target=\"_self\" itemprop=\"url\" rel=\"noopener\">\n\t\t\t\t<img loading=\"lazy\" decoding=\"async\" src=\"https:\/\/cdn.svc.asmodee.net\/production-libellud\/uploads\/2022\/03\/DIXIT-REFRESH_extensions.png\" alt=\"DIXIT-REFRESH_extensions\" itemprop=\"image\" height=\"1096\" width=\"1026\" title=\"DIXIT-REFRESH_extensions\" onerror=\"this.style.display='none'\"  \/>\n\t\t\t\t<\/a>\n\t\t\t\t<a href=\"https:\/\/www.libellud.com\/en\/resources\/mysterium\/\" target=\"_self\" itemprop=\"url\" rel=\"noopener\">\n\t\t\t\t<img loading=\"lazy\" decoding=\"async\" src=\"https:\/\/cdn.svc.asmodee.net\/production-libellud\/uploads\/2022\/03\/Facing_Myst.jpg\" alt=\"Facing_Myst\" itemprop=\"image\" height=\"800\" width=\"800\" title=\"Facing_Myst\" onerror=\"this.style.display='none'\"  \/>\n\t\t\t\t<\/a>\n\t\t\t\t<a href=\"https:\/\/www.libellud.com\/en\/resources\/mysterium\/\" target=\"_self\" itemprop=\"url\" rel=\"noopener\">\n\t\t\t\t<img loading=\"lazy\" decoding=\"async\" src=\"https:\/\/cdn.svc.asmodee.net\/production-libellud\/uploads\/2022\/03\/MYST_GAMME_EXT_BOX_R_1782x1137px-191x300.png\" alt=\"MYST_GAMME_EXT_BOX_R_1782x1137px\" itemprop=\"image\" height=\"300\" width=\"191\" title=\"MYST_GAMME_EXT_BOX_R_1782x1137px\" onerror=\"this.style.display='none'\"  \/>\n\t\t\t\t<\/a>\n\t\t\t\t<a href=\"https:\/\/www.libellud.com\/en\/resources\/mysterium-park\/\" target=\"_self\" itemprop=\"url\" rel=\"noopener\">\n\t\t\t\t<img loading=\"lazy\" decoding=\"async\" src=\"https:\/\/cdn.svc.asmodee.net\/production-libellud\/uploads\/2022\/03\/Facing_Myst_Park.jpg\" alt=\"Facing_Myst_Park\" itemprop=\"image\" height=\"779\" width=\"800\" title=\"Facing_Myst_Park\" onerror=\"this.style.display='none'\"  \/>\n\t\t\t\t<\/a>\n\t\t\t\t<a href=\"https:\/\/www.libellud.com\/en\/resources\/mysterium-kids\/\" target=\"_self\" itemprop=\"url\" rel=\"noopener\">\n\t\t\t\t<img loading=\"lazy\" decoding=\"async\" src=\"https:\/\/cdn.svc.asmodee.net\/production-libellud\/uploads\/2022\/08\/MYSTKIDS_TOP_BOX_EN_LD.jpg\" alt=\"MYSTKIDS_TOP_BOX_EN_LD\" itemprop=\"image\" height=\"815\" width=\"808\" title=\"MYSTKIDS_TOP_BOX_EN_LD\" onerror=\"this.style.display='none'\"  \/>\n\t\t\t\t<\/a>\n\t\t\t\t<a href=\"https:\/\/www.libellud.com\/en\/resources\/dice-forge\/\" target=\"_self\" itemprop=\"url\" rel=\"noopener\">\n\t\t\t\t<img loading=\"lazy\" decoding=\"async\" src=\"https:\/\/cdn.svc.asmodee.net\/production-libellud\/uploads\/2022\/03\/Facing_DF-300x300.jpg\" alt=\"Facing_DF\" itemprop=\"image\" height=\"300\" width=\"300\" height=\"300\" width=\"300\" title=\"Facing_DF\" onerror=\"this.style.display='none'\"  \/>\n\t\t\t\t<\/a>\n\t\t\t\t<a href=\"https:\/\/www.libellud.com\/en\/resources\/dice-forge\/\" target=\"_self\" itemprop=\"url\" rel=\"noopener\">\n\t\t\t\t<img loading=\"lazy\" decoding=\"async\" src=\"https:\/\/cdn.svc.asmodee.net\/production-libellud\/uploads\/2022\/03\/DF_EXT1_BOX_RIGHT-158x300.png\" alt=\"DF_EXT1_BOX_RIGHT\" itemprop=\"image\" height=\"300\" width=\"158\" title=\"DF_EXT1_BOX_RIGHT\" onerror=\"this.style.display='none'\"  \/>\n\t\t\t\t<\/a>\n\t\t\t\t<a href=\"https:\/\/www.libellud.com\/en\/resources\/seasons\/\" target=\"_self\" itemprop=\"url\" rel=\"noopener\">\n\t\t\t\t<img loading=\"lazy\" decoding=\"async\" src=\"https:\/\/cdn.svc.asmodee.net\/production-libellud\/uploads\/2022\/03\/Facing_Seasons-300x300.jpg\" alt=\"Facing_Seasons\" itemprop=\"image\" height=\"300\" width=\"300\" height=\"300\" width=\"300\" title=\"Facing_Seasons\" onerror=\"this.style.display='none'\"  \/>\n\t\t\t\t<\/a>\n\t\t\t\t<a href=\"https:\/\/www.libellud.com\/en\/resources\/seasons\/\" target=\"_self\" itemprop=\"url\" rel=\"noopener\">\n\t\t\t\t<img loading=\"lazy\" decoding=\"async\" src=\"https:\/\/cdn.svc.asmodee.net\/production-libellud\/uploads\/2022\/03\/SEASONS_GAMME_EXT_BOX_R_V4_1024x653px-191x300.png\" alt=\"SEASONS_GAMME_EXT_BOX_R_V4_1024x653px\" itemprop=\"image\" height=\"300\" width=\"191\" title=\"SEASONS_GAMME_EXT_BOX_R_V4_1024x653px\" onerror=\"this.style.display='none'\"  \/>\n\t\t\t\t<\/a>\n\t\t\t\t<a href=\"https:\/\/www.libellud.com\/en\/resources\/obscurio\/\" target=\"_self\" itemprop=\"url\" rel=\"noopener\">\n\t\t\t\t<img loading=\"lazy\" decoding=\"async\" src=\"https:\/\/cdn.svc.asmodee.net\/production-libellud\/uploads\/2022\/03\/Facing_OBS-300x300.jpg\" alt=\"Facing_OBS\" itemprop=\"image\" height=\"300\" width=\"300\" height=\"300\" width=\"300\" title=\"Facing_OBS\" onerror=\"this.style.display='none'\"  \/>\n\t\t\t\t<\/a>\n\t\t\t\t<a href=\"https:\/\/www.libellud.com\/en\/resources\/shadows-amsterdam\/\" target=\"_self\" itemprop=\"url\" rel=\"noopener\">\n\t\t\t\t<img loading=\"lazy\" decoding=\"async\" src=\"https:\/\/cdn.svc.asmodee.net\/production-libellud\/uploads\/2022\/03\/Facing_SH.jpg\" alt=\"Facing_SH\" itemprop=\"image\" height=\"800\" width=\"558\" title=\"Facing_SH\" onerror=\"this.style.display='none'\"  \/>\n\t\t\t\t<\/a>\n\t\t\t\t<a href=\"https:\/\/www.libellud.com\/en\/resources\/one-key\/\" target=\"_self\" itemprop=\"url\" rel=\"noopener\">\n\t\t\t\t<img loading=\"lazy\" decoding=\"async\" src=\"https:\/\/cdn.svc.asmodee.net\/production-libellud\/uploads\/2022\/03\/Facing_OK.jpg\" alt=\"Facing_OK\" itemprop=\"image\" height=\"800\" width=\"800\" title=\"Facing_OK\" onerror=\"this.style.display='none'\"  \/>\n\t\t\t\t<\/a>\n\t\t\t\t<a href=\"https:\/\/www.libellud.com\/en\/resources\/loony-quest\/\" target=\"_self\" itemprop=\"url\" rel=\"noopener\">\n\t\t\t\t<img loading=\"lazy\" decoding=\"async\" src=\"https:\/\/cdn.svc.asmodee.net\/production-libellud\/uploads\/2022\/03\/LQ_FACING_72dpi-1.jpg\" alt=\"LQ_FACING_72dpi\" itemprop=\"image\" height=\"660\" width=\"660\" title=\"LQ_FACING_72dpi\" onerror=\"this.style.display='none'\"  \/>\n\t\t\t\t<\/a>\n\n","protected":false},"excerpt":{"rendered":"","protected":false},"author":3,"featured_media":0,"parent":0,"menu_order":0,"comment_status":"closed","ping_status":"closed","template":"","meta":{"_acf_changed":false,"footnotes":""},"class_list":["post-9615","page","type-page","status-publish","hentry"],"acf":[],"yoast_head":"<!-- This site is optimized with the Yoast SEO plugin v26.9 - https:\/\/yoast.com\/product\/yoast-seo-wordpress\/ -->\n<title>Resources - Libellud<\/title>\n<meta name=\"robots\" content=\"index, follow, max-snippet:-1, max-image-preview:large, max-video-preview:-1\" \/>\n<link rel=\"canonical\" href=\"https:\/\/www.libellud.com\/en\/resources\/\" \/>\n<meta property=\"og:locale\" content=\"en_US\" \/>\n<meta property=\"og:type\" content=\"article\" \/>\n<meta property=\"og:title\" content=\"Resources - Libellud\" \/>\n<meta property=\"og:url\" content=\"https:\/\/www.libellud.com\/en\/resources\/\" \/>\n<meta property=\"og:site_name\" content=\"Libellud\" \/>\n<meta property=\"article:modified_time\" content=\"2022-08-08T10:08:30+00:00\" \/>\n<meta property=\"og:image\" content=\"https:\/\/cdn.svc.asmodee.net\/production-libellud\/uploads\/2022\/03\/DIXIT-REFRESH_TOP_BOX_FR_72dpi-1-300x300.jpg\" \/>\n<meta name=\"twitter:card\" content=\"summary_large_image\" \/>\n<script type=\"application\/ld+json\" class=\"yoast-schema-graph\">{\"@context\":\"https:\/\/schema.org\",\"@graph\":[{\"@type\":\"WebPage\",\"@id\":\"https:\/\/www.libellud.com\/en\/resources\/\",\"url\":\"https:\/\/www.libellud.com\/en\/resources\/\",\"name\":\"Resources - Libellud\",\"isPartOf\":{\"@id\":\"https:\/\/www.libellud.com\/#website\"},\"primaryImageOfPage\":{\"@id\":\"https:\/\/www.libellud.com\/en\/resources\/#primaryimage\"},\"image\":{\"@id\":\"https:\/\/www.libellud.com\/en\/resources\/#primaryimage\"},\"thumbnailUrl\":\"https:\/\/cdn.svc.asmodee.net\/production-libellud\/uploads\/2022\/03\/DIXIT-REFRESH_TOP_BOX_FR_72dpi-1-300x300.jpg\",\"datePublished\":\"2022-03-31T23:29:48+00:00\",\"dateModified\":\"2022-08-08T10:08:30+00:00\",\"breadcrumb\":{\"@id\":\"https:\/\/www.libellud.com\/en\/resources\/#breadcrumb\"},\"inLanguage\":\"en-US\",\"potentialAction\":[{\"@type\":\"ReadAction\",\"target\":[\"https:\/\/www.libellud.com\/en\/resources\/\"]}]},{\"@type\":\"ImageObject\",\"inLanguage\":\"en-US\",\"@id\":\"https:\/\/www.libellud.com\/en\/resources\/#primaryimage\",\"url\":\"https:\/\/cdn.svc.asmodee.net\/production-libellud\/uploads\/2022\/03\/DIXIT-REFRESH_TOP_BOX_FR_72dpi-1-300x300.jpg\",\"contentUrl\":\"https:\/\/cdn.svc.asmodee.net\/production-libellud\/uploads\/2022\/03\/DIXIT-REFRESH_TOP_BOX_FR_72dpi-1-300x300.jpg\"},{\"@type\":\"BreadcrumbList\",\"@id\":\"https:\/\/www.libellud.com\/en\/resources\/#breadcrumb\",\"itemListElement\":[{\"@type\":\"ListItem\",\"position\":1,\"name\":\"Home\",\"item\":\"https:\/\/www.libellud.com\/en\/\"},{\"@type\":\"ListItem\",\"position\":2,\"name\":\"Resources\"}]},{\"@type\":\"WebSite\",\"@id\":\"https:\/\/www.libellud.com\/#website\",\"url\":\"https:\/\/www.libellud.com\/\",\"name\":\"Libellud\",\"description\":\"\u00c9diteur de jeux de soci\u00e9t\u00e9 depuis 2008\",\"potentialAction\":[{\"@type\":\"SearchAction\",\"target\":{\"@type\":\"EntryPoint\",\"urlTemplate\":\"https:\/\/www.libellud.com\/?s={search_term_string}\"},\"query-input\":{\"@type\":\"PropertyValueSpecification\",\"valueRequired\":true,\"valueName\":\"search_term_string\"}}],\"inLanguage\":\"en-US\"}]}<\/script>\n<!-- \/ Yoast SEO plugin. -->","yoast_head_json":{"title":"Resources - Libellud","robots":{"index":"index","follow":"follow","max-snippet":"max-snippet:-1","max-image-preview":"max-image-preview:large","max-video-preview":"max-video-preview:-1"},"canonical":"https:\/\/www.libellud.com\/en\/resources\/","og_locale":"en_US","og_type":"article","og_title":"Resources - Libellud","og_url":"https:\/\/www.libellud.com\/en\/resources\/","og_site_name":"Libellud","article_modified_time":"2022-08-08T10:08:30+00:00","og_image":[{"url":"https:\/\/cdn.svc.asmodee.net\/production-libellud\/uploads\/2022\/03\/DIXIT-REFRESH_TOP_BOX_FR_72dpi-1-300x300.jpg","type":"","width":"","height":""}],"twitter_card":"summary_large_image","schema":{"@context":"https:\/\/schema.org","@graph":[{"@type":"WebPage","@id":"https:\/\/www.libellud.com\/en\/resources\/","url":"https:\/\/www.libellud.com\/en\/resources\/","name":"Resources - Libellud","isPartOf":{"@id":"https:\/\/www.libellud.com\/#website"},"primaryImageOfPage":{"@id":"https:\/\/www.libellud.com\/en\/resources\/#primaryimage"},"image":{"@id":"https:\/\/www.libellud.com\/en\/resources\/#primaryimage"},"thumbnailUrl":"https:\/\/cdn.svc.asmodee.net\/production-libellud\/uploads\/2022\/03\/DIXIT-REFRESH_TOP_BOX_FR_72dpi-1-300x300.jpg","datePublished":"2022-03-31T23:29:48+00:00","dateModified":"2022-08-08T10:08:30+00:00","breadcrumb":{"@id":"https:\/\/www.libellud.com\/en\/resources\/#breadcrumb"},"inLanguage":"en-US","potentialAction":[{"@type":"ReadAction","target":["https:\/\/www.libellud.com\/en\/resources\/"]}]},{"@type":"ImageObject","inLanguage":"en-US","@id":"https:\/\/www.libellud.com\/en\/resources\/#primaryimage","url":"https:\/\/cdn.svc.asmodee.net\/production-libellud\/uploads\/2022\/03\/DIXIT-REFRESH_TOP_BOX_FR_72dpi-1-300x300.jpg","contentUrl":"https:\/\/cdn.svc.asmodee.net\/production-libellud\/uploads\/2022\/03\/DIXIT-REFRESH_TOP_BOX_FR_72dpi-1-300x300.jpg"},{"@type":"BreadcrumbList","@id":"https:\/\/www.libellud.com\/en\/resources\/#breadcrumb","itemListElement":[{"@type":"ListItem","position":1,"name":"Home","item":"https:\/\/www.libellud.com\/en\/"},{"@type":"ListItem","position":2,"name":"Resources"}]},{"@type":"WebSite","@id":"https:\/\/www.libellud.com\/#website","url":"https:\/\/www.libellud.com\/","name":"Libellud","description":"\u00c9diteur de jeux de soci\u00e9t\u00e9 depuis 2008","potentialAction":[{"@type":"SearchAction","target":{"@type":"EntryPoint","urlTemplate":"https:\/\/www.libellud.com\/?s={search_term_string}"},"query-input":{"@type":"PropertyValueSpecification","valueRequired":true,"valueName":"search_term_string"}}],"inLanguage":"en-US"}]}},"_links":{"self":[{"href":"https:\/\/www.libellud.com\/en\/wp-json\/wp\/v2\/pages\/9615","targetHints":{"allow":["GET"]}}],"collection":[{"href":"https:\/\/www.libellud.com\/en\/wp-json\/wp\/v2\/pages"}],"about":[{"href":"https:\/\/www.libellud.com\/en\/wp-json\/wp\/v2\/types\/page"}],"author":[{"embeddable":true,"href":"https:\/\/www.libellud.com\/en\/wp-json\/wp\/v2\/users\/3"}],"replies":[{"embeddable":true,"href":"https:\/\/www.libellud.com\/en\/wp-json\/wp\/v2\/comments?post=9615"}],"version-history":[{"count":9,"href":"https:\/\/www.libellud.com\/en\/wp-json\/wp\/v2\/pages\/9615\/revisions"}],"predecessor-version":[{"id":10648,"href":"https:\/\/www.libellud.com\/en\/wp-json\/wp\/v2\/pages\/9615\/revisions\/10648"}],"wp:attachment":[{"href":"https:\/\/www.libellud.com\/en\/wp-json\/wp\/v2\/media?parent=9615"}],"curies":[{"name":"wp","href":"https:\/\/api.w.org\/{rel}","templated":true}]}}